{"id":8196,"date":"2018-08-21T22:35:36","date_gmt":"2018-08-21T20:35:36","guid":{"rendered":"https:\/\/yks.brb.re\/?page_id=8196"},"modified":"2018-08-21T22:38:21","modified_gmt":"2018-08-21T20:38:21","slug":"goshogun-toki-no-etranger-und-recap-movie","status":"publish","type":"page","link":"https:\/\/yamayurikai-subs.eu\/?page_id=8196","title":{"rendered":"Goshogun: Toki no Etranger und Recap Movie"},"content":{"rendered":"<span class=\"su-frame su-frame-align-left su-frame-style-default\"><span class=\"su-frame-inner\"><img loading=\"lazy\" decoding=\"async\" class=\"aligncenter size-full wp-image-8197\" src=\"https:\/\/yks.brb.re\/wp-content\/uploads\/2018\/08\/GoshogunRecap_Projekt.png\" alt=\"\" width=\"252\" height=\"375\"><\/span><\/span>\n<h4>Goshogun<\/h4>\n<span class=\"su-label su-label-type-warning\">Drama<\/span><span class=\"su-label su-label-type-warning\">Sci-Fi<\/span><span class=\"su-label su-label-type-warning\">Action<\/span>\n<p><b>Originaltitel:<\/b> \u6226\u56fd\u9b54\u4eba\u30b4\u30fc\u30b7\u30e7\u30fc\u30b0\u30f3 \u6642\u306e\u7570\u90a6\u4eba<br \/>\n<b>Episoden:<\/b> 2<br \/>\n<b>Erscheinungsjahr:<\/b> 1985<\/p>\n<h5>Releaseinfos<\/h5>\n<p><strong>Video:<\/strong> mkv<br \/>\n<strong>Container:<\/strong> x264, Hi10P<br \/>\n<strong>Aufl\u00f6sung:<\/strong> 960*720<br \/>\n<strong>Audio:<\/strong> AAC<\/p>\n<h5>Download<\/h5>\n<a href=\"http:\/\/ani-tsuzuki.net:6969\/index.html?search=Andromeda\" class=\"su-button su-button-style-soft\" style=\"color:#FFFFFF;background-color:#59C16E;border-color:#489b58;border-radius:5px\" target=\"_blank\" rel=\"noopener noreferrer\"><span style=\"color:#FFFFFF;padding:6px 16px;font-size:13px;line-height:20px;border-color:#8bd49a;border-radius:5px;text-shadow:none\"><img decoding=\"async\" src=\"https:\/\/yks.brb.re\/wp-content\/uploads\/2015\/06\/download21.png\" alt=\"&lt;b&gt;Torrent&lt;\/b&gt;\" style=\"width:20px;height:20px\" \/> <b>Torrent<\/b><\/span><\/a> <a href=\"https:\/\/yks.brb.re\/ddl\/\" class=\"su-button su-button-style-soft\" style=\"color:#FFFFFF;background-color:#EE484D;border-color:#bf3a3e;border-radius:5px\" target=\"_blank\" rel=\"noopener noreferrer\"><span style=\"color:#FFFFFF;padding:6px 16px;font-size:13px;line-height:20px;border-color:#f47f83;border-radius:5px;text-shadow:none\"><img decoding=\"async\" src=\"https:\/\/yks.brb.re\/wp-content\/uploads\/2015\/06\/download11.png\" alt=\"&lt;b&gt;DDL&lt;\/b&gt;\" style=\"width:20px;height:20px\" \/> <b>DDL<\/b><\/span><\/a> <a href=\"https:\/\/yks.brb.re\/xdcc\/\" class=\"su-button su-button-style-soft\" style=\"color:#FFFFFF;background-color:#5B79C1;border-color:#49619b;border-radius:5px\" target=\"_blank\" rel=\"noopener noreferrer\"><span style=\"color:#FFFFFF;padding:6px 16px;font-size:13px;line-height:20px;border-color:#8da2d4;border-radius:5px;text-shadow:none\"><img decoding=\"async\" src=\"https:\/\/yks.brb.re\/wp-content\/uploads\/2015\/06\/download31.png\" alt=\"&lt;b&gt;XDCC&lt;\/b&gt;\" style=\"width:20px;height:20px\" \/> <b>XDCC<\/b><\/span><\/a>\n<div class=\"su-divider su-divider-style-dashed\" style=\"margin:15px 0;border-width:1px;border-color:#999999\"><\/div>\n<h5>Beschreibung<\/h5>\n<blockquote><p><span id=\"desc-de\" class=\"desc-zz textblock\" lang=\"de\"><strong>Recap Film:<\/strong> Im Jahr 2001 k\u00e4mpft die Mannschaft der Good Thunder, einer gro\u00dfen Teleportationsfestung, mit einem Kampfroboter namens GoShogun gegen das b\u00f6se Dokouga Syndikat unter F\u00fchrung von Lord Neo Neros, der es auf die Technologie, die von Prof. Sanada aus der Energie eines in Sibirien gefunden Meteors entwickelt wurde, abgesehen hat.<\/p>\n<p><strong>Toki no Etranger:<\/strong> Remy Shimoda hat es eilig. Sie ist auf dem Weg zu einer Wiedervereinigen mit den anderen Mitgliedern des Go Shogun Teams und ist dabei zu sp\u00e4t dran. Eine Polizeiaktion mit R\u00e4ubern kommt ihr dann auch noch in die Quere und die fl\u00fcchtenden R\u00e4uber verfolgt sie dann bis zur Stra\u00dfe. Kurzzeitig ist ihr Sehverm\u00f6gen getr\u00fcbt, weswegen sie dann in einen Unfall verwickelt wird. Ab hier teilt sich der Plot, die eine Geschichte erz\u00e4hlt von ihr, w\u00e4hrend sie im Krankenhaus liegt. Der andere Teil zeigt sie und ihre Freunde in einer fremdartigen Stadt, wo allen der Tod prophezeit wurde. Remy wird von Visionen an ihren Tod geplagt und von einem M\u00e4dchen und ihrer Panther-\u00e4hnlichen Katze heimgesucht. Der Schl\u00fcssel zu allem ist ein Tempel, der sich im Zentrum der Stadt befindet, so macht sich das Team auf den Weg, um zu diesem Tempel zu gelangen. Basierend auf der Roboter-Serie &#8222;Go-Shogun&#8220; fokussiert sich die Geschichte auf Remy, dem weiblichen Mitglied des Teams.<br \/>\nQuelle: <a href=\"https:\/\/www.anisearch.de\/anime\/2734,goshogun-time-etranger\">aniSearch.de<\/a><\/span><\/p><\/blockquote>\n<p>Quelle: anisearch<\/p>\n<div class=\"su-divider su-divider-style-dashed\" style=\"margin:15px 0;border-width:1px;border-color:#999999\"><\/div>\n<h5>Screenshots<\/h5>\n<div class=\"su-custom-gallery su-custom-gallery-align-left su-custom-gallery-title-never su-lightbox-gallery\"><div class=\"su-custom-gallery-slide\" style=\"width:135px;height:135px\"><a href=\"https:\/\/yamayurikai-subs.eu\/wp-content\/uploads\/2018\/08\/YKSSengoku_Majin_Goshogun_-_Recap_MovieHi10P2BA0B211.mkv_snapshot_00.59.45_2018.08.21_22.31.27.png\" title=\"[YKS]Sengoku_Majin_Goshogun_-_Recap_Movie[Hi10P][2BA0B211].mkv_snapshot_00.59.45_[2018.08.21_22.31.27]\"><img loading=\"lazy\" decoding=\"async\" src=\"https:\/\/yamayurikai-subs.eu\/wp-content\/uploads\/2018\/08\/YKSSengoku_Majin_Goshogun_-_Recap_MovieHi10P2BA0B211.mkv_snapshot_00.59.45_2018.08.21_22.31.27-135x135.png\" alt=\"[YKS]Sengoku_Majin_Goshogun_-_Recap_Movie[Hi10P][2BA0B211].mkv_snapshot_00.59.45_[2018.08.21_22.31.27]\" width=\"135\" height=\"135\" \/><span class=\"su-custom-gallery-title\">[YKS]Sengoku_Majin_Goshogun_-_Recap_Movie[Hi10P][2BA0B211].mkv_snapshot_00.59.45_[2018.08.21_22.31.27]<\/span><\/a><\/div><div class=\"su-custom-gallery-slide\" style=\"width:135px;height:135px\"><a href=\"https:\/\/yamayurikai-subs.eu\/wp-content\/uploads\/2018\/08\/YKSSengoku_Majin_Goshogun_-_Recap_MovieHi10P2BA0B211.mkv_snapshot_00.36.37_2018.08.21_22.32.13.png\" title=\"[YKS]Sengoku_Majin_Goshogun_-_Recap_Movie[Hi10P][2BA0B211].mkv_snapshot_00.36.37_[2018.08.21_22.32.13]\"><img loading=\"lazy\" decoding=\"async\" src=\"https:\/\/yamayurikai-subs.eu\/wp-content\/uploads\/2018\/08\/YKSSengoku_Majin_Goshogun_-_Recap_MovieHi10P2BA0B211.mkv_snapshot_00.36.37_2018.08.21_22.32.13-135x135.png\" alt=\"[YKS]Sengoku_Majin_Goshogun_-_Recap_Movie[Hi10P][2BA0B211].mkv_snapshot_00.36.37_[2018.08.21_22.32.13]\" width=\"135\" height=\"135\" \/><span class=\"su-custom-gallery-title\">[YKS]Sengoku_Majin_Goshogun_-_Recap_Movie[Hi10P][2BA0B211].mkv_snapshot_00.36.37_[2018.08.21_22.32.13]<\/span><\/a><\/div><div class=\"su-custom-gallery-slide\" style=\"width:135px;height:135px\"><a href=\"https:\/\/yamayurikai-subs.eu\/wp-content\/uploads\/2018\/08\/YKSSengoku_Majin_Goshogun_-_Recap_MovieHi10P2BA0B211.mkv_snapshot_00.36.45_2018.08.21_22.32.23.png\" title=\"[YKS]Sengoku_Majin_Goshogun_-_Recap_Movie[Hi10P][2BA0B211].mkv_snapshot_00.36.45_[2018.08.21_22.32.23]\"><img loading=\"lazy\" decoding=\"async\" src=\"https:\/\/yamayurikai-subs.eu\/wp-content\/uploads\/2018\/08\/YKSSengoku_Majin_Goshogun_-_Recap_MovieHi10P2BA0B211.mkv_snapshot_00.36.45_2018.08.21_22.32.23-135x135.png\" alt=\"[YKS]Sengoku_Majin_Goshogun_-_Recap_Movie[Hi10P][2BA0B211].mkv_snapshot_00.36.45_[2018.08.21_22.32.23]\" width=\"135\" height=\"135\" \/><span class=\"su-custom-gallery-title\">[YKS]Sengoku_Majin_Goshogun_-_Recap_Movie[Hi10P][2BA0B211].mkv_snapshot_00.36.45_[2018.08.21_22.32.23]<\/span><\/a><\/div><div class=\"su-custom-gallery-slide\" style=\"width:135px;height:135px\"><a href=\"https:\/\/yamayurikai-subs.eu\/wp-content\/uploads\/2018\/08\/YKSSengoku_Majin_Goshogun_-_Recap_MovieHi10P2BA0B211.mkv_snapshot_00.43.30_2018.08.21_22.32.28.png\" title=\"[YKS]Sengoku_Majin_Goshogun_-_Recap_Movie[Hi10P][2BA0B211].mkv_snapshot_00.43.30_[2018.08.21_22.32.28]\"><img loading=\"lazy\" decoding=\"async\" src=\"https:\/\/yamayurikai-subs.eu\/wp-content\/uploads\/2018\/08\/YKSSengoku_Majin_Goshogun_-_Recap_MovieHi10P2BA0B211.mkv_snapshot_00.43.30_2018.08.21_22.32.28-135x135.png\" alt=\"[YKS]Sengoku_Majin_Goshogun_-_Recap_Movie[Hi10P][2BA0B211].mkv_snapshot_00.43.30_[2018.08.21_22.32.28]\" width=\"135\" height=\"135\" \/><span class=\"su-custom-gallery-title\">[YKS]Sengoku_Majin_Goshogun_-_Recap_Movie[Hi10P][2BA0B211].mkv_snapshot_00.43.30_[2018.08.21_22.32.28]<\/span><\/a><\/div><div class=\"su-custom-gallery-slide\" style=\"width:135px;height:135px\"><a href=\"https:\/\/yamayurikai-subs.eu\/wp-content\/uploads\/2018\/08\/YKSSengoku_Majin_Goshogun_-_Recap_MovieHi10P2BA0B211.mkv_snapshot_00.07.23_2018.08.21_22.30.47.png\" title=\"[YKS]Sengoku_Majin_Goshogun_-_Recap_Movie[Hi10P][2BA0B211].mkv_snapshot_00.07.23_[2018.08.21_22.30.47]\"><img loading=\"lazy\" decoding=\"async\" src=\"https:\/\/yamayurikai-subs.eu\/wp-content\/uploads\/2018\/08\/YKSSengoku_Majin_Goshogun_-_Recap_MovieHi10P2BA0B211.mkv_snapshot_00.07.23_2018.08.21_22.30.47-135x135.png\" alt=\"[YKS]Sengoku_Majin_Goshogun_-_Recap_Movie[Hi10P][2BA0B211].mkv_snapshot_00.07.23_[2018.08.21_22.30.47]\" width=\"135\" height=\"135\" \/><span class=\"su-custom-gallery-title\">[YKS]Sengoku_Majin_Goshogun_-_Recap_Movie[Hi10P][2BA0B211].mkv_snapshot_00.07.23_[2018.08.21_22.30.47]<\/span><\/a><\/div><div class=\"su-custom-gallery-slide\" style=\"width:135px;height:135px\"><a href=\"https:\/\/yamayurikai-subs.eu\/wp-content\/uploads\/2018\/08\/YKSSengoku_Majin_Goshogun_-_Recap_MovieHi10P2BA0B211.mkv_snapshot_00.06.58_2018.08.21_22.30.34.png\" title=\"[YKS]Sengoku_Majin_Goshogun_-_Recap_Movie[Hi10P][2BA0B211].mkv_snapshot_00.06.58_[2018.08.21_22.30.34]\"><img loading=\"lazy\" decoding=\"async\" src=\"https:\/\/yamayurikai-subs.eu\/wp-content\/uploads\/2018\/08\/YKSSengoku_Majin_Goshogun_-_Recap_MovieHi10P2BA0B211.mkv_snapshot_00.06.58_2018.08.21_22.30.34-135x135.png\" alt=\"[YKS]Sengoku_Majin_Goshogun_-_Recap_Movie[Hi10P][2BA0B211].mkv_snapshot_00.06.58_[2018.08.21_22.30.34]\" width=\"135\" height=\"135\" \/><span class=\"su-custom-gallery-title\">[YKS]Sengoku_Majin_Goshogun_-_Recap_Movie[Hi10P][2BA0B211].mkv_snapshot_00.06.58_[2018.08.21_22.30.34]<\/span><\/a><\/div><div class=\"su-custom-gallery-slide\" style=\"width:135px;height:135px\"><a href=\"https:\/\/yamayurikai-subs.eu\/wp-content\/uploads\/2018\/08\/YKSSengoku_Majin_Goshogun_-_Recap_MovieHi10P.mkv_snapshot_00.59.36_2018.07.17_22.01.59-Kopie.png\" title=\"[YKS]Sengoku_Majin_Goshogun_-_Recap_Movie[Hi10P].mkv_snapshot_00.59.36_[2018.07.17_22.01.59] &#8211; Kopie\"><img loading=\"lazy\" decoding=\"async\" src=\"https:\/\/yamayurikai-subs.eu\/wp-content\/uploads\/2018\/08\/YKSSengoku_Majin_Goshogun_-_Recap_MovieHi10P.mkv_snapshot_00.59.36_2018.07.17_22.01.59-Kopie-135x135.png\" alt=\"[YKS]Sengoku_Majin_Goshogun_-_Recap_Movie[Hi10P].mkv_snapshot_00.59.36_[2018.07.17_22.01.59] &#8211; Kopie\" width=\"135\" height=\"135\" \/><span class=\"su-custom-gallery-title\">[YKS]Sengoku_Majin_Goshogun_-_Recap_Movie[Hi10P].mkv_snapshot_00.59.36_[2018.07.17_22.01.59] &#8211; Kopie<\/span><\/a><\/div><div class=\"su-custom-gallery-slide\" style=\"width:135px;height:135px\"><a href=\"https:\/\/yamayurikai-subs.eu\/wp-content\/uploads\/2018\/08\/YKSSengoku_Majin_Goshogun_-_Recap_MovieHi10P2BA0B211.mkv_snapshot_00.10.37_2018.08.21_22.32.51.png\" title=\"[YKS]Sengoku_Majin_Goshogun_-_Recap_Movie[Hi10P][2BA0B211].mkv_snapshot_00.10.37_[2018.08.21_22.32.51]\"><img loading=\"lazy\" decoding=\"async\" src=\"https:\/\/yamayurikai-subs.eu\/wp-content\/uploads\/2018\/08\/YKSSengoku_Majin_Goshogun_-_Recap_MovieHi10P2BA0B211.mkv_snapshot_00.10.37_2018.08.21_22.32.51-135x135.png\" alt=\"[YKS]Sengoku_Majin_Goshogun_-_Recap_Movie[Hi10P][2BA0B211].mkv_snapshot_00.10.37_[2018.08.21_22.32.51]\" width=\"135\" height=\"135\" \/><span class=\"su-custom-gallery-title\">[YKS]Sengoku_Majin_Goshogun_-_Recap_Movie[Hi10P][2BA0B211].mkv_snapshot_00.10.37_[2018.08.21_22.32.51]<\/span><\/a><\/div><div class=\"su-clear\"><\/div><\/div>\n","protected":false},"excerpt":{"rendered":"<p>Goshogun Originaltitel: \u6226\u56fd\u9b54\u4eba\u30b4\u30fc\u30b7\u30e7\u30fc\u30b0\u30f3 \u6642\u306e\u7570\u90a6\u4eba Episoden: 2 Erscheinungsjahr: 1985 Releaseinfos Video: mkv Container: x264, Hi10P Aufl\u00f6sung: 960*720 Audio: AAC Download Beschreibung<\/p>\n","protected":false},"author":11,"featured_media":0,"parent":0,"menu_order":0,"comment_status":"closed","ping_status":"closed","template":"","meta":{"colormag_page_container_layout":"default_layout","colormag_page_sidebar_layout":"default_layout","ngg_post_thumbnail":0,"footnotes":""},"class_list":["post-8196","page","type-page","status-publish","hentry"],"_links":{"self":[{"href":"https:\/\/yamayurikai-subs.eu\/index.php?rest_route=\/wp\/v2\/pages\/8196","targetHints":{"allow":["GET"]}}],"collection":[{"href":"https:\/\/yamayurikai-subs.eu\/index.php?rest_route=\/wp\/v2\/pages"}],"about":[{"href":"https:\/\/yamayurikai-subs.eu\/index.php?rest_route=\/wp\/v2\/types\/page"}],"author":[{"embeddable":true,"href":"https:\/\/yamayurikai-subs.eu\/index.php?rest_route=\/wp\/v2\/users\/11"}],"replies":[{"embeddable":true,"href":"https:\/\/yamayurikai-subs.eu\/index.php?rest_route=%2Fwp%2Fv2%2Fcomments&post=8196"}],"version-history":[{"count":4,"href":"https:\/\/yamayurikai-subs.eu\/index.php?rest_route=\/wp\/v2\/pages\/8196\/revisions"}],"predecessor-version":[{"id":8210,"href":"https:\/\/yamayurikai-subs.eu\/index.php?rest_route=\/wp\/v2\/pages\/8196\/revisions\/8210"}],"wp:attachment":[{"href":"https:\/\/yamayurikai-subs.eu\/index.php?rest_route=%2Fwp%2Fv2%2Fmedia&parent=8196"}],"curies":[{"name":"wp","href":"https:\/\/api.w.org\/{rel}","templated":true}]}}