{"id":6819,"date":"2018-02-01T21:22:30","date_gmt":"2018-02-01T19:22:30","guid":{"rendered":"https:\/\/yks.brb.re\/?page_id=6819"},"modified":"2019-12-24T00:23:40","modified_gmt":"2019-12-23T23:23:40","slug":"dirty-pair-ova","status":"publish","type":"page","link":"https:\/\/yamayurikai-subs.eu\/?page_id=6819","title":{"rendered":"Dirty Pair OVA"},"content":{"rendered":"<span class=\"su-frame su-frame-align-left su-frame-style-default\"><span class=\"su-frame-inner\"><img loading=\"lazy\" decoding=\"async\" class=\"aligncenter size-full wp-image-6802\" src=\"https:\/\/yks.brb.re\/wp-content\/uploads\/2018\/02\/DirtyPairOVA_Projekt.png\" alt=\"\" width=\"252\" height=\"375\"><\/span><\/span>\n<h4>Dirty Pair OVA<\/h4>\n<span class=\"su-label su-label-type-warning\">Kom\u00f6die<\/span><span class=\"su-label su-label-type-warning\">Sci-Fi<\/span><span class=\"su-label su-label-type-warning\">Action<\/span>\n<p><b>Originaltitel:<\/b> \u30c0\u30fc\u30c6\u30a3\u30da\u30a2<br \/>\n<b>Episoden:<\/b> 10<br \/>\n<b>Erscheinungsjahr:<\/b> 1987-1988<\/p>\n<h5>Releaseinfos<\/h5>\n<p><strong>Video:<\/strong> mkv<br \/>\n<strong>Container:<\/strong> x264, Hi10P<br \/>\n<strong>Aufl\u00f6sung:<\/strong> 640*480<br \/>\n<strong>Audio:<\/strong> AAC<\/p>\n<h5>Download<\/h5>\n<a href=\"https:\/\/nyaa.si\/view\/1206480\" class=\"su-button su-button-style-soft\" style=\"color:#FFFFFF;background-color:#59C16E;border-color:#489b58;border-radius:5px\" target=\"_blank\" rel=\"noopener noreferrer\"><span style=\"color:#FFFFFF;padding:6px 16px;font-size:13px;line-height:20px;border-color:#8bd49a;border-radius:5px;text-shadow:none\"><img decoding=\"async\" src=\"https:\/\/yks.brb.re\/wp-content\/uploads\/2015\/06\/download21.png\" alt=\"&lt;b&gt;Torrent&lt;\/b&gt;\" style=\"width:20px;height:20px\" \/> <b>Torrent<\/b><\/span><\/a> <a href=\"https:\/\/yks.brb.re\/ddl\/\" class=\"su-button su-button-style-soft\" style=\"color:#FFFFFF;background-color:#EE484D;border-color:#bf3a3e;border-radius:5px\" target=\"_blank\" rel=\"noopener noreferrer\"><span style=\"color:#FFFFFF;padding:6px 16px;font-size:13px;line-height:20px;border-color:#f47f83;border-radius:5px;text-shadow:none\"><img decoding=\"async\" src=\"https:\/\/yks.brb.re\/wp-content\/uploads\/2015\/06\/download11.png\" alt=\"&lt;b&gt;DDL&lt;\/b&gt;\" style=\"width:20px;height:20px\" \/> <b>DDL<\/b><\/span><\/a>\n<div class=\"su-divider su-divider-style-dashed\" style=\"margin:15px 0;border-width:1px;border-color:#999999\"><\/div>\n<h5>Beschreibung<\/h5>\n<blockquote><p><span id=\"desc-de\" class=\"desc-zz textblock\" lang=\"de\">Kei und Yuki arbeiten als Trouble Consultants f\u00fcr die WWWA, die World Welfare Work Association. Ihr Codename ist Lovely Angels, aber sie sind im ganzen Universum als das Dirty Pair bekannt. Denn auch wenn ihre Methoden ziemlich effizient sind, hinterlassen sie \u00fcberall Verw\u00fcstung, was ihrem Chef und auch ihren Klienten die Tr\u00e4nen in die Augen treibt.<\/span><\/p><\/blockquote>\n<div class=\"su-divider su-divider-style-dashed\" style=\"margin:15px 0;border-width:1px;border-color:#999999\"><\/div>\n<h5>Screenshots<\/h5>\n<div class=\"su-custom-gallery su-custom-gallery-align-left su-custom-gallery-title-never su-lightbox-gallery\"><div class=\"su-custom-gallery-slide\" style=\"width:135px;height:135px\"><a href=\"https:\/\/yamayurikai-subs.eu\/wp-content\/uploads\/2019\/11\/dp_ova_01.png\" title=\"dp_ova_01\"><img loading=\"lazy\" decoding=\"async\" src=\"https:\/\/yamayurikai-subs.eu\/wp-content\/uploads\/2019\/11\/dp_ova_01-135x135.png\" alt=\"dp_ova_01\" width=\"135\" height=\"135\" \/><span class=\"su-custom-gallery-title\">dp_ova_01<\/span><\/a><\/div><div class=\"su-custom-gallery-slide\" style=\"width:135px;height:135px\"><a href=\"https:\/\/yamayurikai-subs.eu\/wp-content\/uploads\/2019\/11\/dp_ova_02.png\" title=\"dp_ova_02\"><img loading=\"lazy\" decoding=\"async\" src=\"https:\/\/yamayurikai-subs.eu\/wp-content\/uploads\/2019\/11\/dp_ova_02-135x135.png\" alt=\"dp_ova_02\" width=\"135\" height=\"135\" \/><span class=\"su-custom-gallery-title\">dp_ova_02<\/span><\/a><\/div><div class=\"su-custom-gallery-slide\" style=\"width:135px;height:135px\"><a href=\"https:\/\/yamayurikai-subs.eu\/wp-content\/uploads\/2019\/11\/dp_ova_03.png\" title=\"dp_ova_03\"><img loading=\"lazy\" decoding=\"async\" src=\"https:\/\/yamayurikai-subs.eu\/wp-content\/uploads\/2019\/11\/dp_ova_03-135x135.png\" alt=\"dp_ova_03\" width=\"135\" height=\"135\" \/><span class=\"su-custom-gallery-title\">dp_ova_03<\/span><\/a><\/div><div class=\"su-custom-gallery-slide\" style=\"width:135px;height:135px\"><a href=\"https:\/\/yamayurikai-subs.eu\/wp-content\/uploads\/2019\/11\/dp_ova_04.png\" title=\"dp_ova_04\"><img loading=\"lazy\" decoding=\"async\" src=\"https:\/\/yamayurikai-subs.eu\/wp-content\/uploads\/2019\/11\/dp_ova_04-135x135.png\" alt=\"dp_ova_04\" width=\"135\" height=\"135\" \/><span class=\"su-custom-gallery-title\">dp_ova_04<\/span><\/a><\/div><div class=\"su-custom-gallery-slide\" style=\"width:135px;height:135px\"><a href=\"https:\/\/yamayurikai-subs.eu\/wp-content\/uploads\/2019\/11\/dp_ova_05.png\" title=\"dp_ova_05\"><img loading=\"lazy\" decoding=\"async\" src=\"https:\/\/yamayurikai-subs.eu\/wp-content\/uploads\/2019\/11\/dp_ova_05-135x135.png\" alt=\"dp_ova_05\" width=\"135\" height=\"135\" \/><span class=\"su-custom-gallery-title\">dp_ova_05<\/span><\/a><\/div><div class=\"su-custom-gallery-slide\" style=\"width:135px;height:135px\"><a href=\"https:\/\/yamayurikai-subs.eu\/wp-content\/uploads\/2019\/11\/dp_ova_06.png\" title=\"dp_ova_06\"><img loading=\"lazy\" decoding=\"async\" src=\"https:\/\/yamayurikai-subs.eu\/wp-content\/uploads\/2019\/11\/dp_ova_06-135x135.png\" alt=\"dp_ova_06\" width=\"135\" height=\"135\" \/><span class=\"su-custom-gallery-title\">dp_ova_06<\/span><\/a><\/div><div class=\"su-custom-gallery-slide\" style=\"width:135px;height:135px\"><a href=\"https:\/\/yamayurikai-subs.eu\/wp-content\/uploads\/2019\/11\/dp_ova_07.png\" title=\"dp_ova_07\"><img loading=\"lazy\" decoding=\"async\" src=\"https:\/\/yamayurikai-subs.eu\/wp-content\/uploads\/2019\/11\/dp_ova_07-135x135.png\" alt=\"dp_ova_07\" width=\"135\" height=\"135\" \/><span class=\"su-custom-gallery-title\">dp_ova_07<\/span><\/a><\/div><div class=\"su-custom-gallery-slide\" style=\"width:135px;height:135px\"><a href=\"https:\/\/yamayurikai-subs.eu\/wp-content\/uploads\/2019\/11\/dp_ova_08.png\" title=\"dp_ova_08\"><img loading=\"lazy\" decoding=\"async\" src=\"https:\/\/yamayurikai-subs.eu\/wp-content\/uploads\/2019\/11\/dp_ova_08-135x135.png\" alt=\"dp_ova_08\" width=\"135\" height=\"135\" \/><span class=\"su-custom-gallery-title\">dp_ova_08<\/span><\/a><\/div><div class=\"su-clear\"><\/div><\/div>\n","protected":false},"excerpt":{"rendered":"<p>Dirty Pair OVA Originaltitel: \u30c0\u30fc\u30c6\u30a3\u30da\u30a2 Episoden: 10 Erscheinungsjahr: 1987-1988 Releaseinfos Video: mkv Container: x264, Hi10P Aufl\u00f6sung: 640*480 Audio: AAC Download<\/p>\n","protected":false},"author":11,"featured_media":0,"parent":0,"menu_order":0,"comment_status":"closed","ping_status":"closed","template":"","meta":{"colormag_page_container_layout":"default_layout","colormag_page_sidebar_layout":"default_layout","ngg_post_thumbnail":0,"footnotes":""},"class_list":["post-6819","page","type-page","status-publish","hentry"],"_links":{"self":[{"href":"https:\/\/yamayurikai-subs.eu\/index.php?rest_route=\/wp\/v2\/pages\/6819","targetHints":{"allow":["GET"]}}],"collection":[{"href":"https:\/\/yamayurikai-subs.eu\/index.php?rest_route=\/wp\/v2\/pages"}],"about":[{"href":"https:\/\/yamayurikai-subs.eu\/index.php?rest_route=\/wp\/v2\/types\/page"}],"author":[{"embeddable":true,"href":"https:\/\/yamayurikai-subs.eu\/index.php?rest_route=\/wp\/v2\/users\/11"}],"replies":[{"embeddable":true,"href":"https:\/\/yamayurikai-subs.eu\/index.php?rest_route=%2Fwp%2Fv2%2Fcomments&post=6819"}],"version-history":[{"count":6,"href":"https:\/\/yamayurikai-subs.eu\/index.php?rest_route=\/wp\/v2\/pages\/6819\/revisions"}],"predecessor-version":[{"id":13065,"href":"https:\/\/yamayurikai-subs.eu\/index.php?rest_route=\/wp\/v2\/pages\/6819\/revisions\/13065"}],"wp:attachment":[{"href":"https:\/\/yamayurikai-subs.eu\/index.php?rest_route=%2Fwp%2Fv2%2Fmedia&parent=6819"}],"curies":[{"name":"wp","href":"https:\/\/api.w.org\/{rel}","templated":true}]}}