{"id":670,"date":"2010-10-13T21:59:19","date_gmt":"2010-10-13T21:59:19","guid":{"rendered":"https:\/\/yks.brb.re\/?page_id=670"},"modified":"2020-06-10T18:51:35","modified_gmt":"2020-06-10T17:51:35","slug":"team","status":"publish","type":"page","link":"https:\/\/yamayurikai-subs.eu\/?page_id=670","title":{"rendered":"Team"},"content":{"rendered":"<p>Yamayurikai Subs &#8211; kurz YKS &#8211; wurde am 01.02.2008 gegr\u00fcndet.<\/p>\n<h3>Zu unserem aktuellen Team geh\u00f6ren:<\/h3>\n<span class=\"su-frame su-frame-align-left su-frame-style-default\"><span class=\"su-frame-inner\"><img decoding=\"async\" class=\"wp-image-12616 alignnone\" src=\"https:\/\/yks.brb.re\/wp-content\/uploads\/2019\/08\/aikaalice.jpg\" alt=\"\" width=\"200\" srcset=\"https:\/\/yamayurikai-subs.eu\/wp-content\/uploads\/2019\/08\/aikaalice.jpg 673w, https:\/\/yamayurikai-subs.eu\/wp-content\/uploads\/2019\/08\/aikaalice-498x483.jpg 498w\" sizes=\"(max-width: 673px) 100vw, 673px\" \/><\/span><\/span>\n<h4>KamiKarin<\/h4>\n<p>Aufgabe: \u00dcbersetzung, Edit, QC<br \/>\nLieblingsanime: Aria<br \/>\nGeschlecht: \u2640<br \/>\nMotto: Iss niemals gelben Schnee!<br \/>\n<div class=\"su-spacer\" style=\"height:10px\"><\/div>\n<span class=\"su-frame su-frame-align-left su-frame-style-default\"><span class=\"su-frame-inner\"><img decoding=\"async\" class=\"alignleft wp-image-12616\" src=\"https:\/\/yks.brb.re\/wp-content\/uploads\/2013\/07\/127993a233fac70d96e918024b0d75851.png\" alt=\"\" width=\"200\"><\/span><\/span>\n<h4>Kasseopaya<\/h4>\n<p>Aufgabe: Leader, M\u00e4dchen f\u00fcr alles<br \/>\nLieblingsanime: Lady Oscar, Marimite, Noir, BGC<br \/>\nGeschlecht: \u2640<br \/>\nMotto: Sicher ist, dass nichts sicher ist.<\/p>\n<div class=\"su-spacer\" style=\"height:10px\"><\/div>\n<span class=\"su-frame su-frame-align-left su-frame-style-default\"><span class=\"su-frame-inner\"><img decoding=\"async\" class=\"alignleft wp-image-12616\" src=\"https:\/\/yks.brb.re\/wp-content\/uploads\/2015\/06\/198341b35c86a7a28f0d451be85cd4d7.png\" alt=\"\" width=\"200\"><\/span><\/span>\n<h4>mia<\/h4>\n<p>Aufgabe: Co-Leader, Mal dies, mal das :&lt;<br \/>\nLieblingsanime: Ein paar.<br \/>\nGeschlecht: \u2640<br \/>\nMotto: Nein.<br \/>\n<div class=\"su-spacer\" style=\"height:10px\"><\/div>\n<span class=\"su-frame su-frame-align-left su-frame-style-default\"><span class=\"su-frame-inner\"><img decoding=\"async\" class=\"alignleft wp-image-12616\" src=\"https:\/\/yks.brb.re\/wp-content\/uploads\/2020\/06\/racoon.jpg\" alt=\"\" width=\"200\"><\/span><\/span>\n<h4>Scelus<\/h4>\n<p>Aufgabe: \u00dcbersetzung, Hahn im Korb<br \/>\nLieblingsanime: Monster, Clannad<br \/>\nGeschlecht: \u2642<br \/>\nMotto: Man sollte nicht immer die gleichen Fehler machen, die Auswahl ist doch gro\u00df genug.<br \/>\n<div class=\"su-spacer\" style=\"height:10px\"><\/div>\n","protected":false},"excerpt":{"rendered":"<p>Yamayurikai Subs &#8211; kurz YKS &#8211; wurde am 01.02.2008 gegr\u00fcndet. Zu unserem aktuellen Team geh\u00f6ren: KamiKarin Aufgabe: \u00dcbersetzung, Edit, QC<\/p>\n","protected":false},"author":11,"featured_media":0,"parent":0,"menu_order":0,"comment_status":"open","ping_status":"open","template":"","meta":{"colormag_page_container_layout":"default_layout","colormag_page_sidebar_layout":"default_layout","ngg_post_thumbnail":0,"footnotes":""},"class_list":["post-670","page","type-page","status-publish","hentry"],"_links":{"self":[{"href":"https:\/\/yamayurikai-subs.eu\/index.php?rest_route=\/wp\/v2\/pages\/670","targetHints":{"allow":["GET"]}}],"collection":[{"href":"https:\/\/yamayurikai-subs.eu\/index.php?rest_route=\/wp\/v2\/pages"}],"about":[{"href":"https:\/\/yamayurikai-subs.eu\/index.php?rest_route=\/wp\/v2\/types\/page"}],"author":[{"embeddable":true,"href":"https:\/\/yamayurikai-subs.eu\/index.php?rest_route=\/wp\/v2\/users\/11"}],"replies":[{"embeddable":true,"href":"https:\/\/yamayurikai-subs.eu\/index.php?rest_route=%2Fwp%2Fv2%2Fcomments&post=670"}],"version-history":[{"count":50,"href":"https:\/\/yamayurikai-subs.eu\/index.php?rest_route=\/wp\/v2\/pages\/670\/revisions"}],"predecessor-version":[{"id":13159,"href":"https:\/\/yamayurikai-subs.eu\/index.php?rest_route=\/wp\/v2\/pages\/670\/revisions\/13159"}],"wp:attachment":[{"href":"https:\/\/yamayurikai-subs.eu\/index.php?rest_route=%2Fwp%2Fv2%2Fmedia&parent=670"}],"curies":[{"name":"wp","href":"https:\/\/api.w.org\/{rel}","templated":true}]}}