{"id":5475,"date":"2016-10-19T20:57:38","date_gmt":"2016-10-19T18:57:38","guid":{"rendered":"https:\/\/yks.brb.re\/?page_id=5475"},"modified":"2019-08-06T21:23:32","modified_gmt":"2019-08-06T20:23:32","slug":"the-big-o-2","status":"publish","type":"page","link":"https:\/\/yamayurikai-subs.eu\/?page_id=5475","title":{"rendered":"The Big O 2"},"content":{"rendered":"<span class=\"su-frame su-frame-align-left su-frame-style-default\"><span class=\"su-frame-inner\"><img loading=\"lazy\" decoding=\"async\" class=\"aligncenter wp-image-5187 size-full\" src=\"https:\/\/yks.brb.re\/wp-content\/uploads\/2016\/10\/51ex5dEq9uL.jpg\" alt=\"\" width=\"252\" height=\"375\"><\/span><\/span>\n<h4>The Big O 2<\/h4>\n<span class=\"su-label su-label-type-warning\">Mystery<\/span><span class=\"su-label su-label-type-warning\">Mecha<\/span><span class=\"su-label su-label-type-warning\">Action<\/span>\n<p><b>Originaltitel:<\/b> THE\u30d3\u30c3\u30b0\u30aa\u30fc (2003)<br \/>\n<b>Episoden:<\/b> 13<br \/>\n<b>Erscheinungsjahr:<\/b> 2003<\/p>\n<h5>Releaseinfos<\/h5>\n<p><strong>Video:<\/strong> mkv<br \/>\n<strong>Container:<\/strong> x264, Hi10P<br \/>\n<strong>Aufl\u00f6sung:<\/strong> 768&#215;576<br \/>\n<strong>Audio:<\/strong> AAC<\/p>\n<p><strong>In Kooperation mit <a href=\"http:\/\/nanaone.net\/\" target=\"_blank\">NanaOne<\/a>!<\/strong><\/p>\n<h5>Download<\/h5>\n<a href=\"https:\/\/nyaa.si\/view\/982674\" class=\"su-button su-button-style-soft\" style=\"color:#FFFFFF;background-color:#59C16E;border-color:#489b58;border-radius:5px\" target=\"_blank\" rel=\"noopener noreferrer\"><span style=\"color:#FFFFFF;padding:6px 16px;font-size:13px;line-height:20px;border-color:#8bd49a;border-radius:5px;text-shadow:none\"><img decoding=\"async\" src=\"https:\/\/yks.brb.re\/wp-content\/uploads\/2015\/06\/download21.png\" alt=\"&lt;b&gt;Torrent&lt;\/b&gt;\" style=\"width:20px;height:20px\" \/> <b>Torrent<\/b><\/span><\/a> <a href=\"https:\/\/yks.brb.re\/ddl\/\" class=\"su-button su-button-style-soft\" style=\"color:#FFFFFF;background-color:#EE484D;border-color:#bf3a3e;border-radius:5px\" target=\"_blank\" rel=\"noopener noreferrer\"><span style=\"color:#FFFFFF;padding:6px 16px;font-size:13px;line-height:20px;border-color:#f47f83;border-radius:5px;text-shadow:none\"><img decoding=\"async\" src=\"https:\/\/yks.brb.re\/wp-content\/uploads\/2015\/06\/download11.png\" alt=\"&lt;b&gt;DDL&lt;\/b&gt;\" style=\"width:20px;height:20px\" \/> <b>DDL<\/b><\/span><\/a>\n<div class=\"su-divider su-divider-style-dashed\" style=\"margin:15px 0;border-width:1px;border-color:#999999\"><\/div>\n<h5>Beschreibung<\/h5>\n<blockquote><p>40 Jahre sind vergangen, nachdem das &#8222;Ereignis&#8220; stattfand, das Paradigm City zerst\u00f6rte und die Erinnerungen dessen Bewohner l\u00f6schte. Zwar konnten sie alle ihre Leben wie gewohnt fortf\u00fchren und sich auch an den Einsatz von Technologien wie Elektrizit\u00e4t oder Fahrzeuge erinnern, doch sind sie trotzdem geplagt von dem Unwissen, was damals geschah. Roger Smith ist als Negotiator \/ Vermittler bekannt und sieht es als seine Aufgabe an, die Menschen zu besch\u00fctzen, w\u00e4hrend er mit seiner eigenen mysteri\u00f6sen Vergangenheit zu k\u00e4mpfen hat. Zu seinen Gef\u00e4hrten z\u00e4hlen: Die Androide Dorothy, sein Butler Norman und ein riesiger Roboter namens Big O.<\/p><\/blockquote>\n<div class=\"su-divider su-divider-style-dashed\" style=\"margin:15px 0;border-width:1px;border-color:#999999\"><\/div>\n<h5>Screenshots<\/h5>\n<div class=\"su-custom-gallery su-custom-gallery-align-left su-custom-gallery-title-never su-lightbox-gallery\"><div class=\"su-custom-gallery-slide\" style=\"width:135px;height:135px\"><a href=\"https:\/\/yamayurikai-subs.eu\/wp-content\/uploads\/2016\/10\/YKSNo-The-Big-O-01-Hi10P-BD-576p23F12C12.mkv_snapshot_00.02_2016.10.19_20.44.52.png\" title=\"yksno-the-big-o-01-hi10p-bd-576p23f12c12-mkv_snapshot_00-02_2016-10-19_20-44-52\"><img loading=\"lazy\" decoding=\"async\" src=\"https:\/\/yamayurikai-subs.eu\/wp-content\/uploads\/2016\/10\/YKSNo-The-Big-O-01-Hi10P-BD-576p23F12C12.mkv_snapshot_00.02_2016.10.19_20.44.52-135x135.png\" alt=\"yksno-the-big-o-01-hi10p-bd-576p23f12c12-mkv_snapshot_00-02_2016-10-19_20-44-52\" width=\"135\" height=\"135\" \/><span class=\"su-custom-gallery-title\">yksno-the-big-o-01-hi10p-bd-576p23f12c12-mkv_snapshot_00-02_2016-10-19_20-44-52<\/span><\/a><\/div><div class=\"su-custom-gallery-slide\" style=\"width:135px;height:135px\"><a href=\"https:\/\/yamayurikai-subs.eu\/wp-content\/uploads\/2016\/10\/YKSNo-The-Big-O-01-Hi10P-BD-576p23F12C12.mkv_snapshot_00.20_2016.10.19_20.45.03.png\" title=\"yksno-the-big-o-01-hi10p-bd-576p23f12c12-mkv_snapshot_00-20_2016-10-19_20-45-03\"><img loading=\"lazy\" decoding=\"async\" src=\"https:\/\/yamayurikai-subs.eu\/wp-content\/uploads\/2016\/10\/YKSNo-The-Big-O-01-Hi10P-BD-576p23F12C12.mkv_snapshot_00.20_2016.10.19_20.45.03-135x135.png\" alt=\"yksno-the-big-o-01-hi10p-bd-576p23f12c12-mkv_snapshot_00-20_2016-10-19_20-45-03\" width=\"135\" height=\"135\" \/><span class=\"su-custom-gallery-title\">yksno-the-big-o-01-hi10p-bd-576p23f12c12-mkv_snapshot_00-20_2016-10-19_20-45-03<\/span><\/a><\/div><div class=\"su-custom-gallery-slide\" style=\"width:135px;height:135px\"><a href=\"https:\/\/yamayurikai-subs.eu\/wp-content\/uploads\/2016\/10\/YKSNo-The-Big-O-01-Hi10P-BD-576p23F12C12.mkv_snapshot_00.14_2016.10.19_20.45.11.png\" title=\"yksno-the-big-o-01-hi10p-bd-576p23f12c12-mkv_snapshot_00-14_2016-10-19_20-45-11\"><img loading=\"lazy\" decoding=\"async\" src=\"https:\/\/yamayurikai-subs.eu\/wp-content\/uploads\/2016\/10\/YKSNo-The-Big-O-01-Hi10P-BD-576p23F12C12.mkv_snapshot_00.14_2016.10.19_20.45.11-135x135.png\" alt=\"yksno-the-big-o-01-hi10p-bd-576p23f12c12-mkv_snapshot_00-14_2016-10-19_20-45-11\" width=\"135\" height=\"135\" \/><span class=\"su-custom-gallery-title\">yksno-the-big-o-01-hi10p-bd-576p23f12c12-mkv_snapshot_00-14_2016-10-19_20-45-11<\/span><\/a><\/div><div class=\"su-custom-gallery-slide\" style=\"width:135px;height:135px\"><a href=\"https:\/\/yamayurikai-subs.eu\/wp-content\/uploads\/2016\/10\/YKSNo-The-Big-O-01-Hi10P-BD-576p23F12C12.mkv_snapshot_01.42_2016.10.19_20.45.14.png\" title=\"yksno-the-big-o-01-hi10p-bd-576p23f12c12-mkv_snapshot_01-42_2016-10-19_20-45-14\"><img loading=\"lazy\" decoding=\"async\" src=\"https:\/\/yamayurikai-subs.eu\/wp-content\/uploads\/2016\/10\/YKSNo-The-Big-O-01-Hi10P-BD-576p23F12C12.mkv_snapshot_01.42_2016.10.19_20.45.14-135x135.png\" alt=\"yksno-the-big-o-01-hi10p-bd-576p23f12c12-mkv_snapshot_01-42_2016-10-19_20-45-14\" width=\"135\" height=\"135\" \/><span class=\"su-custom-gallery-title\">yksno-the-big-o-01-hi10p-bd-576p23f12c12-mkv_snapshot_01-42_2016-10-19_20-45-14<\/span><\/a><\/div><div class=\"su-custom-gallery-slide\" style=\"width:135px;height:135px\"><a href=\"https:\/\/yamayurikai-subs.eu\/wp-content\/uploads\/2016\/10\/YKSNo-The-Big-O-01-Hi10P-BD-576p23F12C12.mkv_snapshot_23.01_2016.10.19_20.45.25.png\" title=\"yksno-the-big-o-01-hi10p-bd-576p23f12c12-mkv_snapshot_23-01_2016-10-19_20-45-25\"><img loading=\"lazy\" decoding=\"async\" src=\"https:\/\/yamayurikai-subs.eu\/wp-content\/uploads\/2016\/10\/YKSNo-The-Big-O-01-Hi10P-BD-576p23F12C12.mkv_snapshot_23.01_2016.10.19_20.45.25-135x135.png\" alt=\"yksno-the-big-o-01-hi10p-bd-576p23f12c12-mkv_snapshot_23-01_2016-10-19_20-45-25\" width=\"135\" height=\"135\" \/><span class=\"su-custom-gallery-title\">yksno-the-big-o-01-hi10p-bd-576p23f12c12-mkv_snapshot_23-01_2016-10-19_20-45-25<\/span><\/a><\/div><div class=\"su-custom-gallery-slide\" style=\"width:135px;height:135px\"><a href=\"https:\/\/yamayurikai-subs.eu\/wp-content\/uploads\/2016\/10\/YKSNo-The-Big-O-01-Hi10P-BD-576p23F12C12.mkv_snapshot_21.10_2016.10.19_20.45.28.png\" title=\"yksno-the-big-o-01-hi10p-bd-576p23f12c12-mkv_snapshot_21-10_2016-10-19_20-45-28\"><img loading=\"lazy\" decoding=\"async\" src=\"https:\/\/yamayurikai-subs.eu\/wp-content\/uploads\/2016\/10\/YKSNo-The-Big-O-01-Hi10P-BD-576p23F12C12.mkv_snapshot_21.10_2016.10.19_20.45.28-135x135.png\" alt=\"yksno-the-big-o-01-hi10p-bd-576p23f12c12-mkv_snapshot_21-10_2016-10-19_20-45-28\" width=\"135\" height=\"135\" \/><span class=\"su-custom-gallery-title\">yksno-the-big-o-01-hi10p-bd-576p23f12c12-mkv_snapshot_21-10_2016-10-19_20-45-28<\/span><\/a><\/div><div class=\"su-custom-gallery-slide\" style=\"width:135px;height:135px\"><a href=\"https:\/\/yamayurikai-subs.eu\/wp-content\/uploads\/2016\/10\/YKSNo-The-Big-O-01-Hi10P-BD-576p23F12C12.mkv_snapshot_12.31_2016.10.19_20.45.38.png\" title=\"yksno-the-big-o-01-hi10p-bd-576p23f12c12-mkv_snapshot_12-31_2016-10-19_20-45-38\"><img loading=\"lazy\" decoding=\"async\" src=\"https:\/\/yamayurikai-subs.eu\/wp-content\/uploads\/2016\/10\/YKSNo-The-Big-O-01-Hi10P-BD-576p23F12C12.mkv_snapshot_12.31_2016.10.19_20.45.38-135x135.png\" alt=\"yksno-the-big-o-01-hi10p-bd-576p23f12c12-mkv_snapshot_12-31_2016-10-19_20-45-38\" width=\"135\" height=\"135\" \/><span class=\"su-custom-gallery-title\">yksno-the-big-o-01-hi10p-bd-576p23f12c12-mkv_snapshot_12-31_2016-10-19_20-45-38<\/span><\/a><\/div><div class=\"su-custom-gallery-slide\" style=\"width:135px;height:135px\"><a href=\"https:\/\/yamayurikai-subs.eu\/wp-content\/uploads\/2016\/10\/YKSNo-The-Big-O-01-Hi10P-BD-576p23F12C12.mkv_snapshot_19.30_2016.10.19_20.46.10.png\" title=\"yksno-the-big-o-01-hi10p-bd-576p23f12c12-mkv_snapshot_19-30_2016-10-19_20-46-10\"><img loading=\"lazy\" decoding=\"async\" src=\"https:\/\/yamayurikai-subs.eu\/wp-content\/uploads\/2016\/10\/YKSNo-The-Big-O-01-Hi10P-BD-576p23F12C12.mkv_snapshot_19.30_2016.10.19_20.46.10-135x135.png\" alt=\"yksno-the-big-o-01-hi10p-bd-576p23f12c12-mkv_snapshot_19-30_2016-10-19_20-46-10\" width=\"135\" height=\"135\" \/><span class=\"su-custom-gallery-title\">yksno-the-big-o-01-hi10p-bd-576p23f12c12-mkv_snapshot_19-30_2016-10-19_20-46-10<\/span><\/a><\/div><div class=\"su-clear\"><\/div><\/div>\n","protected":false},"excerpt":{"rendered":"<p>The Big O 2 Originaltitel: THE\u30d3\u30c3\u30b0\u30aa\u30fc (2003) Episoden: 13 Erscheinungsjahr: 2003 Releaseinfos Video: mkv Container: x264, Hi10P Aufl\u00f6sung: 768&#215;576 Audio:<\/p>\n","protected":false},"author":11,"featured_media":0,"parent":0,"menu_order":0,"comment_status":"closed","ping_status":"closed","template":"","meta":{"colormag_page_container_layout":"default_layout","colormag_page_sidebar_layout":"default_layout","ngg_post_thumbnail":0,"footnotes":""},"class_list":["post-5475","page","type-page","status-publish","hentry"],"_links":{"self":[{"href":"https:\/\/yamayurikai-subs.eu\/index.php?rest_route=\/wp\/v2\/pages\/5475","targetHints":{"allow":["GET"]}}],"collection":[{"href":"https:\/\/yamayurikai-subs.eu\/index.php?rest_route=\/wp\/v2\/pages"}],"about":[{"href":"https:\/\/yamayurikai-subs.eu\/index.php?rest_route=\/wp\/v2\/types\/page"}],"author":[{"embeddable":true,"href":"https:\/\/yamayurikai-subs.eu\/index.php?rest_route=\/wp\/v2\/users\/11"}],"replies":[{"embeddable":true,"href":"https:\/\/yamayurikai-subs.eu\/index.php?rest_route=%2Fwp%2Fv2%2Fcomments&post=5475"}],"version-history":[{"count":3,"href":"https:\/\/yamayurikai-subs.eu\/index.php?rest_route=\/wp\/v2\/pages\/5475\/revisions"}],"predecessor-version":[{"id":12610,"href":"https:\/\/yamayurikai-subs.eu\/index.php?rest_route=\/wp\/v2\/pages\/5475\/revisions\/12610"}],"wp:attachment":[{"href":"https:\/\/yamayurikai-subs.eu\/index.php?rest_route=%2Fwp%2Fv2%2Fmedia&parent=5475"}],"curies":[{"name":"wp","href":"https:\/\/api.w.org\/{rel}","templated":true}]}}