{"id":5417,"date":"2016-10-16T19:47:46","date_gmt":"2016-10-16T17:47:46","guid":{"rendered":"https:\/\/yks.brb.re\/?page_id=5417"},"modified":"2016-10-16T20:04:11","modified_gmt":"2016-10-16T18:04:11","slug":"dna-sights-999-9","status":"publish","type":"page","link":"https:\/\/yamayurikai-subs.eu\/?page_id=5417","title":{"rendered":"DNA Sights 999.9"},"content":{"rendered":"<span class=\"su-frame su-frame-align-left su-frame-style-default\"><span class=\"su-frame-inner\"><img loading=\"lazy\" decoding=\"async\" class=\" size-full wp-image-3758 alignleft\" src=\"https:\/\/yks.brb.re\/wp-content\/uploads\/2016\/10\/DNA999.jpg\" alt=\"DNA999\" width=\"252\" height=\"375\" \/><\/span><\/span>\n<h4>SDF Macross<\/h4>\n<span class=\"su-label su-label-type-warning\">Drama<\/span><span class=\"su-label su-label-type-warning\">Mecha<\/span><span class=\"su-label su-label-type-warning\">Action<\/span><span class=\"su-label su-label-type-warning\">Harlock<\/span><span class=\"su-label su-label-type-warning\">Sci-Fi<\/span><span class=\"su-label su-label-type-warning\">Abenteuer<\/span>\n<p><b>Originaltitel:<\/b> \u706b\u8056\u65c5\u56e3 \u30c0\u30ca\u30b5\u30a4\u30c8 999.9<br \/>\n<b>Episoden:<\/b> 1<br \/>\n<b>Erscheinungsjahr:<\/b> 1998<\/p>\n<h5>Releaseinfos<\/h5>\n<p><strong>Video:<\/strong> mkv<br \/>\n<strong>Container:<\/strong> x264, Hi10P<br \/>\n<strong>Aufl\u00f6sung:<\/strong> 640,480<br \/>\n<strong>Audio:<\/strong> AAC<\/p>\n<h5>Download<\/h5>\n<a href=\"http:\/\/ani-tsuzuki.net:6969\/index.html?search=999\" class=\"su-button su-button-style-soft\" style=\"color:#FFFFFF;background-color:#59C16E;border-color:#489b58;border-radius:5px\" target=\"_blank\" rel=\"noopener noreferrer\"><span style=\"color:#FFFFFF;padding:6px 16px;font-size:13px;line-height:20px;border-color:#8bd49a;border-radius:5px;text-shadow:none\"><img decoding=\"async\" src=\"https:\/\/yks.brb.re\/wp-content\/uploads\/2015\/06\/download21.png\" alt=\"&lt;b&gt;Torrent&lt;\/b&gt;\" style=\"width:20px;height:20px\" \/> <b>Torrent<\/b><\/span><\/a> <a href=\"https:\/\/yks.brb.re\/ddl\/\" class=\"su-button su-button-style-soft\" style=\"color:#FFFFFF;background-color:#EE484D;border-color:#bf3a3e;border-radius:5px\" target=\"_blank\" rel=\"noopener noreferrer\"><span style=\"color:#FFFFFF;padding:6px 16px;font-size:13px;line-height:20px;border-color:#f47f83;border-radius:5px;text-shadow:none\"><img decoding=\"async\" src=\"https:\/\/yks.brb.re\/wp-content\/uploads\/2015\/06\/download11.png\" alt=\"&lt;b&gt;DDL&lt;\/b&gt;\" style=\"width:20px;height:20px\" \/> <b>DDL<\/b><\/span><\/a> <a href=\"https:\/\/yks.brb.re\/xdcc\/\" class=\"su-button su-button-style-soft\" style=\"color:#FFFFFF;background-color:#5B79C1;border-color:#49619b;border-radius:5px\" target=\"_blank\" rel=\"noopener noreferrer\"><span style=\"color:#FFFFFF;padding:6px 16px;font-size:13px;line-height:20px;border-color:#8da2d4;border-radius:5px;text-shadow:none\"><img decoding=\"async\" src=\"https:\/\/yks.brb.re\/wp-content\/uploads\/2015\/06\/download31.png\" alt=\"&lt;b&gt;XDCC&lt;\/b&gt;\" style=\"width:20px;height:20px\" \/> <b>XDCC<\/b><\/span><\/a>\n<div class=\"su-divider su-divider-style-dashed\" style=\"margin:15px 0;border-width:1px;border-color:#999999\"><\/div>\n<h5>Beschreibung<\/h5>\n<blockquote><p>Nachdem ein Meteor auf die Erde schl\u00e4gt, \u00fcbernimmt das &#8218;Verr\u00e4ter-Regime&#8216; die F\u00fchrung und die Menschheit leidet. In den Wirren erscheint Tetsuro Daiba, der seine Eltern beim Meteoreinschlag verloren hat, eine mysteri\u00f6sen Frau mit dem Namen Mello. Als Daiba wieder zu sich kommt, befindet er sich in einem Raumschiff-Krankenhaus unter Beobachtung, von wo aus er schlie\u00dflich fliehen kann. Sein Freund, von Beruf Arzt, bringt ihn in ein unterirdisches Geheimlaboratorium, in dem er daran arbeitet, das Verr\u00e4ter-Regime zu stoppen. Als die Streitkr\u00e4fte eindringen, um ihn zur\u00fcckzuholen, hilft das M\u00e4dchen Rei Yuuki ihnen dabei, zu entkommen. Anscheinend besitzen sie beide mysteri\u00f6se M\u00e4chte, die die Feinde wollen. Als sie nach einem dritten \u00dcberlebenden suchen, werden die drei gewaltsam zur Leiterin des Verr\u00e4ter-Regimes gebracht&#8230;<\/p><\/blockquote>\n<p>Quelle: anisearch.de<br \/>\n<strong>In Kooperation mit <a href=\"http:\/\/nanaone.net\/\" target=\"_blank\">NanaOne<\/a>.<\/strong><br \/>\n<div class=\"su-divider su-divider-style-dashed\" style=\"margin:15px 0;border-width:1px;border-color:#999999\"><\/div>\n<h5>Screenshots<\/h5>\n<div class=\"su-custom-gallery su-custom-gallery-align-left su-custom-gallery-title-never su-lightbox-gallery\"><div class=\"su-custom-gallery-slide\" style=\"width:135px;height:135px\"><a href=\"https:\/\/yamayurikai-subs.eu\/wp-content\/uploads\/2016\/10\/YKSNoDNA-Sights-999.9Hi10P111BD01C.mkv_snapshot_22.15_2016.10.16_19.32.37.png\" title=\"yksnodna-sights-999-9hi10p111bd01c-mkv_snapshot_22-15_2016-10-16_19-32-37\"><img loading=\"lazy\" decoding=\"async\" src=\"https:\/\/yamayurikai-subs.eu\/wp-content\/uploads\/2016\/10\/YKSNoDNA-Sights-999.9Hi10P111BD01C.mkv_snapshot_22.15_2016.10.16_19.32.37-135x135.png\" alt=\"yksnodna-sights-999-9hi10p111bd01c-mkv_snapshot_22-15_2016-10-16_19-32-37\" width=\"135\" height=\"135\" \/><span class=\"su-custom-gallery-title\">yksnodna-sights-999-9hi10p111bd01c-mkv_snapshot_22-15_2016-10-16_19-32-37<\/span><\/a><\/div><div class=\"su-custom-gallery-slide\" style=\"width:135px;height:135px\"><a href=\"https:\/\/yamayurikai-subs.eu\/wp-content\/uploads\/2016\/10\/YKSNoDNA-Sights-999.9Hi10P111BD01C.mkv_snapshot_47.22_2016.10.16_19.32.43.png\" title=\"yksnodna-sights-999-9hi10p111bd01c-mkv_snapshot_47-22_2016-10-16_19-32-43\"><img loading=\"lazy\" decoding=\"async\" src=\"https:\/\/yamayurikai-subs.eu\/wp-content\/uploads\/2016\/10\/YKSNoDNA-Sights-999.9Hi10P111BD01C.mkv_snapshot_47.22_2016.10.16_19.32.43-135x135.png\" alt=\"yksnodna-sights-999-9hi10p111bd01c-mkv_snapshot_47-22_2016-10-16_19-32-43\" width=\"135\" height=\"135\" \/><span class=\"su-custom-gallery-title\">yksnodna-sights-999-9hi10p111bd01c-mkv_snapshot_47-22_2016-10-16_19-32-43<\/span><\/a><\/div><div class=\"su-custom-gallery-slide\" style=\"width:135px;height:135px\"><a href=\"https:\/\/yamayurikai-subs.eu\/wp-content\/uploads\/2016\/10\/YKSNoDNA-Sights-999.9Hi10P111BD01C.mkv_snapshot_06.28_2016.10.16_19.31.55.png\" title=\"yksnodna-sights-999-9hi10p111bd01c-mkv_snapshot_06-28_2016-10-16_19-31-55\"><img loading=\"lazy\" decoding=\"async\" src=\"https:\/\/yamayurikai-subs.eu\/wp-content\/uploads\/2016\/10\/YKSNoDNA-Sights-999.9Hi10P111BD01C.mkv_snapshot_06.28_2016.10.16_19.31.55-135x135.png\" alt=\"yksnodna-sights-999-9hi10p111bd01c-mkv_snapshot_06-28_2016-10-16_19-31-55\" width=\"135\" height=\"135\" \/><span class=\"su-custom-gallery-title\">yksnodna-sights-999-9hi10p111bd01c-mkv_snapshot_06-28_2016-10-16_19-31-55<\/span><\/a><\/div><div class=\"su-custom-gallery-slide\" style=\"width:135px;height:135px\"><a href=\"https:\/\/yamayurikai-subs.eu\/wp-content\/uploads\/2016\/10\/YKSNoDNA-Sights-999.9Hi10P111BD01C.mkv_snapshot_06.14_2016.10.16_19.34.42.png\" title=\"yksnodna-sights-999-9hi10p111bd01c-mkv_snapshot_06-14_2016-10-16_19-34-42\"><img loading=\"lazy\" decoding=\"async\" src=\"https:\/\/yamayurikai-subs.eu\/wp-content\/uploads\/2016\/10\/YKSNoDNA-Sights-999.9Hi10P111BD01C.mkv_snapshot_06.14_2016.10.16_19.34.42-135x135.png\" alt=\"yksnodna-sights-999-9hi10p111bd01c-mkv_snapshot_06-14_2016-10-16_19-34-42\" width=\"135\" height=\"135\" \/><span class=\"su-custom-gallery-title\">yksnodna-sights-999-9hi10p111bd01c-mkv_snapshot_06-14_2016-10-16_19-34-42<\/span><\/a><\/div><div class=\"su-custom-gallery-slide\" style=\"width:135px;height:135px\"><a href=\"https:\/\/yamayurikai-subs.eu\/wp-content\/uploads\/2016\/10\/YKSNoDNA-Sights-999.9Hi10P111BD01C.mkv_snapshot_02.23_2016.10.16_19.35.18.png\" title=\"yksnodna-sights-999-9hi10p111bd01c-mkv_snapshot_02-23_2016-10-16_19-35-18\"><img loading=\"lazy\" decoding=\"async\" src=\"https:\/\/yamayurikai-subs.eu\/wp-content\/uploads\/2016\/10\/YKSNoDNA-Sights-999.9Hi10P111BD01C.mkv_snapshot_02.23_2016.10.16_19.35.18-135x135.png\" alt=\"yksnodna-sights-999-9hi10p111bd01c-mkv_snapshot_02-23_2016-10-16_19-35-18\" width=\"135\" height=\"135\" \/><span class=\"su-custom-gallery-title\">yksnodna-sights-999-9hi10p111bd01c-mkv_snapshot_02-23_2016-10-16_19-35-18<\/span><\/a><\/div><div class=\"su-custom-gallery-slide\" style=\"width:135px;height:135px\"><a href=\"https:\/\/yamayurikai-subs.eu\/wp-content\/uploads\/2016\/10\/YKSNoDNA-Sights-999.9Hi10P111BD01C.mkv_snapshot_02.15_2016.10.16_19.36.48.png\" title=\"yksnodna-sights-999-9hi10p111bd01c-mkv_snapshot_02-15_2016-10-16_19-36-48\"><img loading=\"lazy\" decoding=\"async\" src=\"https:\/\/yamayurikai-subs.eu\/wp-content\/uploads\/2016\/10\/YKSNoDNA-Sights-999.9Hi10P111BD01C.mkv_snapshot_02.15_2016.10.16_19.36.48-135x135.png\" alt=\"yksnodna-sights-999-9hi10p111bd01c-mkv_snapshot_02-15_2016-10-16_19-36-48\" width=\"135\" height=\"135\" \/><span class=\"su-custom-gallery-title\">yksnodna-sights-999-9hi10p111bd01c-mkv_snapshot_02-15_2016-10-16_19-36-48<\/span><\/a><\/div><div class=\"su-custom-gallery-slide\" style=\"width:135px;height:135px\"><a href=\"https:\/\/yamayurikai-subs.eu\/wp-content\/uploads\/2016\/10\/YKSNoDNA-Sights-999.9Hi10P111BD01C.mkv_snapshot_12.31_2016.10.16_19.32.30.png\" title=\"yksnodna-sights-999-9hi10p111bd01c-mkv_snapshot_12-31_2016-10-16_19-32-30\"><img loading=\"lazy\" decoding=\"async\" src=\"https:\/\/yamayurikai-subs.eu\/wp-content\/uploads\/2016\/10\/YKSNoDNA-Sights-999.9Hi10P111BD01C.mkv_snapshot_12.31_2016.10.16_19.32.30-135x135.png\" alt=\"yksnodna-sights-999-9hi10p111bd01c-mkv_snapshot_12-31_2016-10-16_19-32-30\" width=\"135\" height=\"135\" \/><span class=\"su-custom-gallery-title\">yksnodna-sights-999-9hi10p111bd01c-mkv_snapshot_12-31_2016-10-16_19-32-30<\/span><\/a><\/div><div class=\"su-custom-gallery-slide\" style=\"width:135px;height:135px\"><a href=\"https:\/\/yamayurikai-subs.eu\/wp-content\/uploads\/2016\/10\/YKSNoDNA-Sights-999.9Hi10P111BD01C.mkv_snapshot_18.46_2016.10.16_19.32.35.png\" title=\"yksnodna-sights-999-9hi10p111bd01c-mkv_snapshot_18-46_2016-10-16_19-32-35\"><img loading=\"lazy\" decoding=\"async\" src=\"https:\/\/yamayurikai-subs.eu\/wp-content\/uploads\/2016\/10\/YKSNoDNA-Sights-999.9Hi10P111BD01C.mkv_snapshot_18.46_2016.10.16_19.32.35-135x135.png\" alt=\"yksnodna-sights-999-9hi10p111bd01c-mkv_snapshot_18-46_2016-10-16_19-32-35\" width=\"135\" height=\"135\" \/><span class=\"su-custom-gallery-title\">yksnodna-sights-999-9hi10p111bd01c-mkv_snapshot_18-46_2016-10-16_19-32-35<\/span><\/a><\/div><div class=\"su-clear\"><\/div><\/div>\n","protected":false},"excerpt":{"rendered":"<p>SDF Macross Originaltitel: \u706b\u8056\u65c5\u56e3 \u30c0\u30ca\u30b5\u30a4\u30c8 999.9 Episoden: 1 Erscheinungsjahr: 1998 Releaseinfos Video: mkv Container: x264, Hi10P Aufl\u00f6sung: 640,480 Audio: AAC<\/p>\n","protected":false},"author":11,"featured_media":0,"parent":0,"menu_order":0,"comment_status":"closed","ping_status":"closed","template":"","meta":{"colormag_page_container_layout":"default_layout","colormag_page_sidebar_layout":"default_layout","ngg_post_thumbnail":0,"footnotes":""},"class_list":["post-5417","page","type-page","status-publish","hentry"],"_links":{"self":[{"href":"https:\/\/yamayurikai-subs.eu\/index.php?rest_route=\/wp\/v2\/pages\/5417","targetHints":{"allow":["GET"]}}],"collection":[{"href":"https:\/\/yamayurikai-subs.eu\/index.php?rest_route=\/wp\/v2\/pages"}],"about":[{"href":"https:\/\/yamayurikai-subs.eu\/index.php?rest_route=\/wp\/v2\/types\/page"}],"author":[{"embeddable":true,"href":"https:\/\/yamayurikai-subs.eu\/index.php?rest_route=\/wp\/v2\/users\/11"}],"replies":[{"embeddable":true,"href":"https:\/\/yamayurikai-subs.eu\/index.php?rest_route=%2Fwp%2Fv2%2Fcomments&post=5417"}],"version-history":[{"count":3,"href":"https:\/\/yamayurikai-subs.eu\/index.php?rest_route=\/wp\/v2\/pages\/5417\/revisions"}],"predecessor-version":[{"id":5430,"href":"https:\/\/yamayurikai-subs.eu\/index.php?rest_route=\/wp\/v2\/pages\/5417\/revisions\/5430"}],"wp:attachment":[{"href":"https:\/\/yamayurikai-subs.eu\/index.php?rest_route=%2Fwp%2Fv2%2Fmedia&parent=5417"}],"curies":[{"name":"wp","href":"https:\/\/api.w.org\/{rel}","templated":true}]}}