{"id":478,"date":"2010-08-09T15:59:39","date_gmt":"2010-08-09T15:59:39","guid":{"rendered":"https:\/\/yks.brb.re\/?page_id=478"},"modified":"2018-03-15T22:56:29","modified_gmt":"2018-03-15T20:56:29","slug":"kuttsukiboshi","status":"publish","type":"page","link":"https:\/\/yamayurikai-subs.eu\/?page_id=478","title":{"rendered":"Kuttsukiboshi"},"content":{"rendered":"<span class=\"su-frame su-frame-align-left su-frame-style-default\"><span class=\"su-frame-inner\"><img loading=\"lazy\" decoding=\"async\" class=\"aligncenter wp-image-5187 size-full\" src=\"https:\/\/yks.brb.re\/wp-content\/uploads\/2010\/08\/Kutsukiboshi-Projektbeschreibung.png\" alt=\"\" width=\"252\" height=\"375\"><\/span><\/span>\n<h4>Kuttsukiboshi<\/h4>\n<span class=\"su-label su-label-type-warning\">Yuri<\/span><span class=\"su-label su-label-type-warning\">Drama<\/span><span class=\"su-label su-label-type-warning\">Schule<\/span>\n<p><b>Originaltitel:<\/b> \u304f\u3063\u3064\u304d\u307c\u3057<br \/>\n<b>Episoden:<\/b> 2<br \/>\n<b>Erscheinungsjahr:<\/b> 2010-2012<\/p>\n<h5>Releaseinfos<\/h5>\n<p><strong>Video:<\/strong> mkv<br \/>\n<strong>Container:<\/strong> x264, Hi10P<br \/>\n<strong>Aufl\u00f6sung:<\/strong> 848&#215;480<br \/>\n<strong>Audio:<\/strong> AC3<\/p>\n<h5>Download<\/h5>\n<a href=\"http:\/\/ani-tsuzuki.net:6969\/index.html?search=Kuttsu\" class=\"su-button su-button-style-soft\" style=\"color:#FFFFFF;background-color:#59C16E;border-color:#489b58;border-radius:5px\" target=\"_blank\" rel=\"noopener noreferrer\"><span style=\"color:#FFFFFF;padding:6px 16px;font-size:13px;line-height:20px;border-color:#8bd49a;border-radius:5px;text-shadow:none\"><img decoding=\"async\" src=\"https:\/\/yks.brb.re\/wp-content\/uploads\/2015\/06\/download21.png\" alt=\"&lt;b&gt;Torrent&lt;\/b&gt;\" style=\"width:20px;height:20px\" \/> <b>Torrent<\/b><\/span><\/a> <a href=\"https:\/\/yks.brb.re\/ddl\/\" class=\"su-button su-button-style-soft\" style=\"color:#FFFFFF;background-color:#EE484D;border-color:#bf3a3e;border-radius:5px\" target=\"_blank\" rel=\"noopener noreferrer\"><span style=\"color:#FFFFFF;padding:6px 16px;font-size:13px;line-height:20px;border-color:#f47f83;border-radius:5px;text-shadow:none\"><img decoding=\"async\" src=\"https:\/\/yks.brb.re\/wp-content\/uploads\/2015\/06\/download11.png\" alt=\"&lt;b&gt;DDL&lt;\/b&gt;\" style=\"width:20px;height:20px\" \/> <b>DDL<\/b><\/span><\/a> <a href=\"https:\/\/yks.brb.re\/xdcc\/\" class=\"su-button su-button-style-soft\" style=\"color:#FFFFFF;background-color:#5B79C1;border-color:#49619b;border-radius:5px\" target=\"_blank\" rel=\"noopener noreferrer\"><span style=\"color:#FFFFFF;padding:6px 16px;font-size:13px;line-height:20px;border-color:#8da2d4;border-radius:5px;text-shadow:none\"><img decoding=\"async\" src=\"https:\/\/yks.brb.re\/wp-content\/uploads\/2015\/06\/download31.png\" alt=\"&lt;b&gt;XDCC&lt;\/b&gt;\" style=\"width:20px;height:20px\" \/> <b>XDCC<\/b><\/span><\/a>\n<div class=\"su-divider su-divider-style-dashed\" style=\"margin:15px 0;border-width:1px;border-color:#999999\"><\/div>\n<h5>Beschreibung<\/h5>\n<blockquote><p>Kiiko ist ein ganz normales M\u00e4dchen, nur hat sie ein Geheimnis: Sie kann Objekte nur durch ihren Willen kontrollieren. Als eine neue Sch\u00fclerin namens Aya in die Stadt zieht, entwickelt Kiiko Gef\u00fchle f\u00fcr sie. Ab hier beginnt ihre romantische Freundschaft. Obwohl alles perfekt zu sein scheint, ahnt Kiiko nicht, dass auch Aya ein Geheimnis mit sich tr\u00e4gt. Ein Geheimnis, dass Kiikos Gef\u00fchle und Treue zu Aya zerst\u00f6ren k\u00f6nnte.\n<\/p><\/blockquote>\n<p>Quelle: anisearch<\/p>\n<div class=\"su-divider su-divider-style-dashed\" style=\"margin:15px 0;border-width:1px;border-color:#999999\"><\/div>\n<h5>Screenshots<\/h5>\n<div class=\"su-custom-gallery su-custom-gallery-align-left su-custom-gallery-title-never su-lightbox-gallery\"><div class=\"su-custom-gallery-slide\" style=\"width:135px;height:135px\"><a href=\"https:\/\/yamayurikai-subs.eu\/wp-content\/uploads\/2018\/03\/ykskuttsukiboshi58bd5b35-mkv_snapshot_09-01_2010-11-08_11-39-46.png\" title=\"ykskuttsukiboshi58bd5b35-mkv_snapshot_09-01_2010-11-08_11-39-46\"><img loading=\"lazy\" decoding=\"async\" src=\"https:\/\/yamayurikai-subs.eu\/wp-content\/uploads\/2018\/03\/ykskuttsukiboshi58bd5b35-mkv_snapshot_09-01_2010-11-08_11-39-46-135x135.png\" alt=\"ykskuttsukiboshi58bd5b35-mkv_snapshot_09-01_2010-11-08_11-39-46\" width=\"135\" height=\"135\" \/><span class=\"su-custom-gallery-title\">ykskuttsukiboshi58bd5b35-mkv_snapshot_09-01_2010-11-08_11-39-46<\/span><\/a><\/div><div class=\"su-custom-gallery-slide\" style=\"width:135px;height:135px\"><a href=\"https:\/\/yamayurikai-subs.eu\/wp-content\/uploads\/2018\/03\/ykskuttsukiboshi58bd5b35-mkv_snapshot_11-16_2010-11-08_11-43-23.png\" title=\"ykskuttsukiboshi58bd5b35-mkv_snapshot_11-16_2010-11-08_11-43-23\"><img loading=\"lazy\" decoding=\"async\" src=\"https:\/\/yamayurikai-subs.eu\/wp-content\/uploads\/2018\/03\/ykskuttsukiboshi58bd5b35-mkv_snapshot_11-16_2010-11-08_11-43-23-135x135.png\" alt=\"ykskuttsukiboshi58bd5b35-mkv_snapshot_11-16_2010-11-08_11-43-23\" width=\"135\" height=\"135\" \/><span class=\"su-custom-gallery-title\">ykskuttsukiboshi58bd5b35-mkv_snapshot_11-16_2010-11-08_11-43-23<\/span><\/a><\/div><div class=\"su-custom-gallery-slide\" style=\"width:135px;height:135px\"><a href=\"https:\/\/yamayurikai-subs.eu\/wp-content\/uploads\/2018\/03\/ykskuttsukiboshi58bd5b35-mkv_snapshot_12-50_2010-11-08_11-48-30.png\" title=\"ykskuttsukiboshi58bd5b35-mkv_snapshot_12-50_2010-11-08_11-48-30\"><img loading=\"lazy\" decoding=\"async\" src=\"https:\/\/yamayurikai-subs.eu\/wp-content\/uploads\/2018\/03\/ykskuttsukiboshi58bd5b35-mkv_snapshot_12-50_2010-11-08_11-48-30-135x135.png\" alt=\"ykskuttsukiboshi58bd5b35-mkv_snapshot_12-50_2010-11-08_11-48-30\" width=\"135\" height=\"135\" \/><span class=\"su-custom-gallery-title\">ykskuttsukiboshi58bd5b35-mkv_snapshot_12-50_2010-11-08_11-48-30<\/span><\/a><\/div><div class=\"su-custom-gallery-slide\" style=\"width:135px;height:135px\"><a href=\"https:\/\/yamayurikai-subs.eu\/wp-content\/uploads\/2018\/03\/ykskuttsukiboshi58bd5b35-mkv_snapshot_19-44_2010-11-08_11-39-42.png\" title=\"ykskuttsukiboshi58bd5b35-mkv_snapshot_19-44_2010-11-08_11-39-42\"><img loading=\"lazy\" decoding=\"async\" src=\"https:\/\/yamayurikai-subs.eu\/wp-content\/uploads\/2018\/03\/ykskuttsukiboshi58bd5b35-mkv_snapshot_19-44_2010-11-08_11-39-42-135x135.png\" alt=\"ykskuttsukiboshi58bd5b35-mkv_snapshot_19-44_2010-11-08_11-39-42\" width=\"135\" height=\"135\" \/><span class=\"su-custom-gallery-title\">ykskuttsukiboshi58bd5b35-mkv_snapshot_19-44_2010-11-08_11-39-42<\/span><\/a><\/div><div class=\"su-custom-gallery-slide\" style=\"width:135px;height:135px\"><a href=\"https:\/\/yamayurikai-subs.eu\/wp-content\/uploads\/2018\/03\/ykskuttsukiboshi58bd5b35-mkv_snapshot_05-06_2010-11-08_11-40-10.png\" title=\"ykskuttsukiboshi58bd5b35-mkv_snapshot_05-06_2010-11-08_11-40-10\"><img loading=\"lazy\" decoding=\"async\" src=\"https:\/\/yamayurikai-subs.eu\/wp-content\/uploads\/2018\/03\/ykskuttsukiboshi58bd5b35-mkv_snapshot_05-06_2010-11-08_11-40-10-135x135.png\" alt=\"ykskuttsukiboshi58bd5b35-mkv_snapshot_05-06_2010-11-08_11-40-10\" width=\"135\" height=\"135\" \/><span class=\"su-custom-gallery-title\">ykskuttsukiboshi58bd5b35-mkv_snapshot_05-06_2010-11-08_11-40-10<\/span><\/a><\/div><div class=\"su-custom-gallery-slide\" style=\"width:135px;height:135px\"><a href=\"https:\/\/yamayurikai-subs.eu\/wp-content\/uploads\/2018\/03\/ykskuttsukiboshi58bd5b35-mkv_snapshot_05-14_2010-11-08_11-40-19.png\" title=\"ykskuttsukiboshi58bd5b35-mkv_snapshot_05-14_2010-11-08_11-40-19\"><img loading=\"lazy\" decoding=\"async\" src=\"https:\/\/yamayurikai-subs.eu\/wp-content\/uploads\/2018\/03\/ykskuttsukiboshi58bd5b35-mkv_snapshot_05-14_2010-11-08_11-40-19-135x135.png\" alt=\"ykskuttsukiboshi58bd5b35-mkv_snapshot_05-14_2010-11-08_11-40-19\" width=\"135\" height=\"135\" \/><span class=\"su-custom-gallery-title\">ykskuttsukiboshi58bd5b35-mkv_snapshot_05-14_2010-11-08_11-40-19<\/span><\/a><\/div><div class=\"su-custom-gallery-slide\" style=\"width:135px;height:135px\"><a href=\"https:\/\/yamayurikai-subs.eu\/wp-content\/uploads\/2018\/03\/ykskuttsukiboshi58bd5b35-mkv_snapshot_08-03_2010-11-08_11-42-37.png\" title=\"ykskuttsukiboshi58bd5b35-mkv_snapshot_08-03_2010-11-08_11-42-37\"><img loading=\"lazy\" decoding=\"async\" src=\"https:\/\/yamayurikai-subs.eu\/wp-content\/uploads\/2018\/03\/ykskuttsukiboshi58bd5b35-mkv_snapshot_08-03_2010-11-08_11-42-37-135x135.png\" alt=\"ykskuttsukiboshi58bd5b35-mkv_snapshot_08-03_2010-11-08_11-42-37\" width=\"135\" height=\"135\" \/><span class=\"su-custom-gallery-title\">ykskuttsukiboshi58bd5b35-mkv_snapshot_08-03_2010-11-08_11-42-37<\/span><\/a><\/div><div class=\"su-custom-gallery-slide\" style=\"width:135px;height:135px\"><a href=\"https:\/\/yamayurikai-subs.eu\/wp-content\/uploads\/2018\/03\/ykskuttsukiboshi58bd5b35-mkv_snapshot_01-05_2010-11-08_11-39-22.png\" title=\"ykskuttsukiboshi58bd5b35-mkv_snapshot_01-05_2010-11-08_11-39-22\"><img loading=\"lazy\" decoding=\"async\" src=\"https:\/\/yamayurikai-subs.eu\/wp-content\/uploads\/2018\/03\/ykskuttsukiboshi58bd5b35-mkv_snapshot_01-05_2010-11-08_11-39-22-135x135.png\" alt=\"ykskuttsukiboshi58bd5b35-mkv_snapshot_01-05_2010-11-08_11-39-22\" width=\"135\" height=\"135\" \/><span class=\"su-custom-gallery-title\">ykskuttsukiboshi58bd5b35-mkv_snapshot_01-05_2010-11-08_11-39-22<\/span><\/a><\/div><div class=\"su-clear\"><\/div><\/div>\n","protected":false},"excerpt":{"rendered":"<p>Kuttsukiboshi Originaltitel: \u304f\u3063\u3064\u304d\u307c\u3057 Episoden: 2 Erscheinungsjahr: 2010-2012 Releaseinfos Video: mkv Container: x264, Hi10P Aufl\u00f6sung: 848&#215;480 Audio: AC3 Download Beschreibung Kiiko<\/p>\n","protected":false},"author":11,"featured_media":0,"parent":0,"menu_order":0,"comment_status":"open","ping_status":"open","template":"","meta":{"colormag_page_container_layout":"default_layout","colormag_page_sidebar_layout":"default_layout","ngg_post_thumbnail":0,"footnotes":""},"class_list":["post-478","page","type-page","status-publish","hentry"],"_links":{"self":[{"href":"https:\/\/yamayurikai-subs.eu\/index.php?rest_route=\/wp\/v2\/pages\/478","targetHints":{"allow":["GET"]}}],"collection":[{"href":"https:\/\/yamayurikai-subs.eu\/index.php?rest_route=\/wp\/v2\/pages"}],"about":[{"href":"https:\/\/yamayurikai-subs.eu\/index.php?rest_route=\/wp\/v2\/types\/page"}],"author":[{"embeddable":true,"href":"https:\/\/yamayurikai-subs.eu\/index.php?rest_route=\/wp\/v2\/users\/11"}],"replies":[{"embeddable":true,"href":"https:\/\/yamayurikai-subs.eu\/index.php?rest_route=%2Fwp%2Fv2%2Fcomments&post=478"}],"version-history":[{"count":5,"href":"https:\/\/yamayurikai-subs.eu\/index.php?rest_route=\/wp\/v2\/pages\/478\/revisions"}],"predecessor-version":[{"id":6863,"href":"https:\/\/yamayurikai-subs.eu\/index.php?rest_route=\/wp\/v2\/pages\/478\/revisions\/6863"}],"wp:attachment":[{"href":"https:\/\/yamayurikai-subs.eu\/index.php?rest_route=%2Fwp%2Fv2%2Fmedia&parent=478"}],"curies":[{"name":"wp","href":"https:\/\/api.w.org\/{rel}","templated":true}]}}