{"id":465,"date":"2010-08-09T14:52:45","date_gmt":"2010-08-09T14:52:45","guid":{"rendered":"https:\/\/yks.brb.re\/?page_id=465"},"modified":"2010-08-09T14:52:45","modified_gmt":"2010-08-09T14:52:45","slug":"robot-carnival","status":"publish","type":"page","link":"https:\/\/yamayurikai-subs.eu\/?page_id=465","title":{"rendered":"Robot Carnival"},"content":{"rendered":"\n<table id=\"wp-table-reloaded-id-78-no-1\" class=\"wp-table-reloaded wp-table-reloaded-id-78\">\n<thead>\n\t<tr class=\"row-1 odd\">\n\t\t<th class=\"column-1\"><center><a href=\"http:\/\/yamayurikai-subs.eu\/wp-content\/uploads\/2010\/08\/Robot-Projektbeschreibung.png\"><img loading=\"lazy\" decoding=\"async\" src=\"http:\/\/yamayurikai-subs.eu\/wp-content\/uploads\/2010\/08\/Robot-Projektbeschreibung-201x300.png\" alt=\"\" title=\"Robot-Projektbeschreibung\" width=\"201\" height=\"300\" class=\"aligncenter size-medium wp-image-419\" srcset=\"https:\/\/yamayurikai-subs.eu\/wp-content\/uploads\/2010\/08\/Robot-Projektbeschreibung-201x300.png 201w, https:\/\/yamayurikai-subs.eu\/wp-content\/uploads\/2010\/08\/Robot-Projektbeschreibung.png 252w\" sizes=\"auto, (max-width: 201px) 100vw, 201px\" \/><\/a><\/th><th class=\"column-2\"><b>Originaltitel:<\/b> \u30ed\u30dc\u30c3\u30c8\u30fb\u30ab\u30fc\u30cb\u30d0\u30eb<br \/>\r\n<b>Episoden:<\/b> 1<br \/>\r\n<b>Erscheinungsjahr:<\/b> 1987<br \/>\r\n<b>Genre\t:<\/b>\tFantasy, Science Fiction<br \/><br \/>\r\n<u><b>Team:<\/u><\/b><br \/>\r\n<b>\u00dcbersetzung:<\/b> Chikane<br \/>\r\n<b>Zeitsetzung:<\/b> Kasseopaya<br \/>\r\n<b>Schriftgestaltung:<\/b> Kasseopaya<br \/>\r\n<b>Fehlerkorrektur:<\/b> mia<br \/>\r\n<b>QC:<\/b>  Methusalix, Kasseopaya, Akroplos<br \/>\r\n<b>Karaoke-FX:<\/b> -<br \/>\r\n<b>Karaoke-Zeiten:<\/b> -<br \/>\r\n<b>Medienerstellung:<\/b> mia<br><br \/>\r\n<u><b>Releaseinfos<\/u><\/b><br \/>\r\nVideo: mkv<br \/>\r\nContainer: XviD<br \/>\r\nAufl\u00f6sung: 704x396<br \/>\r\nAudio: mp3<\/th>\n\t<\/tr>\n<\/thead>\n<tbody>\n\t<tr class=\"row-2 even\">\n\t\t<td colspan=\"2\" class=\"column-1 colspan-2\">F\u00fcr die Kurzfilmsammlung Robot Carnival steuerten neun der f\u00fchrenden japanischen Animatoren eine Interpretation zum \u00fcbergreifenden Thema \"Roboter\" bei. Gemeinsames Element aller Filmsegmente ist die Interaktion zwischen Mensch und Maschine und das ethische Dilemma bei der Erschaffung k\u00fcnstlichen Lebens.<br \/>\r\nQuelle: aniSearch<\/td>\n\t<\/tr>\n<\/tbody>\n<\/table>\n\n<span style=\"font-size: large;\"><font color=\"purple\">Screenshots:<\/font><\/span><br \/>\nngg_shortcode_0_placeholder\n<span style=\"font-size: large;\"><font color=\"purple\">Releaseinfos:<\/font><\/span><br \/>\n\n<table id=\"wp-table-reloaded-id-79-no-1\" class=\"wp-table-reloaded wp-table-reloaded-id-79\">\n<thead>\n\t<tr class=\"row-1 odd\">\n\t\t<th class=\"column-1\"><font  \tcolor=\"purple\">#<\/font><\/th><th class=\"column-2\"><font  \tcolor=\"purple\">Episodentitel<\/font><\/th><th class=\"column-3\"><font  \tcolor=\"purple\">Release<\/font><\/th><th class=\"column-4\"><font  \tcolor=\"purple\">Torrent<\/font><\/th>\n\t<\/tr>\n<\/thead>\n<tbody>\n\t<tr class=\"row-2 even\">\n\t\t<td class=\"column-1\">01<\/td><td class=\"column-2\">Robot Carnival<\/td><td class=\"column-3\">29.08.2009<\/td><td class=\"column-4\"><a href=\"http:\/\/ani-tsuzuki.net:6969\/torrents\/ddf6b64c282a9f9e6250875ae6897ad3fc4f91f5.torrent\"><img loading=\"lazy\" decoding=\"async\" src=\"http:\/\/kamina.ath.cx\/yks\/wp-content\/uploads\/2010\/08\/torrent50x15.png\" alt=\"\" title=\"torrent50x15\" width=\"50\" height=\"15\" class=\"aligncenter size-full wp-image-403\" \/><\/a><\/td>\n\t<\/tr>\n<\/tbody>\n<\/table>\n\n","protected":false},"excerpt":{"rendered":"<p>Screenshots: Releaseinfos:<\/p>\n","protected":false},"author":11,"featured_media":0,"parent":0,"menu_order":0,"comment_status":"open","ping_status":"open","template":"","meta":{"colormag_page_container_layout":"default_layout","colormag_page_sidebar_layout":"default_layout","ngg_post_thumbnail":0,"footnotes":""},"class_list":["post-465","page","type-page","status-publish","hentry"],"_links":{"self":[{"href":"https:\/\/yamayurikai-subs.eu\/index.php?rest_route=\/wp\/v2\/pages\/465","targetHints":{"allow":["GET"]}}],"collection":[{"href":"https:\/\/yamayurikai-subs.eu\/index.php?rest_route=\/wp\/v2\/pages"}],"about":[{"href":"https:\/\/yamayurikai-subs.eu\/index.php?rest_route=\/wp\/v2\/types\/page"}],"author":[{"embeddable":true,"href":"https:\/\/yamayurikai-subs.eu\/index.php?rest_route=\/wp\/v2\/users\/11"}],"replies":[{"embeddable":true,"href":"https:\/\/yamayurikai-subs.eu\/index.php?rest_route=%2Fwp%2Fv2%2Fcomments&post=465"}],"version-history":[{"count":1,"href":"https:\/\/yamayurikai-subs.eu\/index.php?rest_route=\/wp\/v2\/pages\/465\/revisions"}],"predecessor-version":[{"id":466,"href":"https:\/\/yamayurikai-subs.eu\/index.php?rest_route=\/wp\/v2\/pages\/465\/revisions\/466"}],"wp:attachment":[{"href":"https:\/\/yamayurikai-subs.eu\/index.php?rest_route=%2Fwp%2Fv2%2Fmedia&parent=465"}],"curies":[{"name":"wp","href":"https:\/\/api.w.org\/{rel}","templated":true}]}}