{"id":463,"date":"2010-08-09T14:51:50","date_gmt":"2010-08-09T14:51:50","guid":{"rendered":"https:\/\/yks.brb.re\/?page_id=463"},"modified":"2010-08-09T14:51:50","modified_gmt":"2010-08-09T14:51:50","slug":"yobi-the-five-tailed-fox","status":"publish","type":"page","link":"https:\/\/yamayurikai-subs.eu\/?page_id=463","title":{"rendered":"Yobi, the five tailed fox"},"content":{"rendered":"\n<table id=\"wp-table-reloaded-id-76-no-1\" class=\"wp-table-reloaded wp-table-reloaded-id-76\">\n<thead>\n\t<tr class=\"row-1 odd\">\n\t\t<th class=\"column-1\"><center><a href=\"http:\/\/yamayurikai-subs.eu\/wp-content\/uploads\/2010\/08\/Yobi-Projektbeschreibung.png\"><img loading=\"lazy\" decoding=\"async\" src=\"http:\/\/yamayurikai-subs.eu\/wp-content\/uploads\/2010\/08\/Yobi-Projektbeschreibung-201x300.png\" alt=\"\" title=\"Yobi-Projektbeschreibung\" width=\"201\" height=\"300\" class=\"aligncenter size-medium wp-image-426\" srcset=\"https:\/\/yamayurikai-subs.eu\/wp-content\/uploads\/2010\/08\/Yobi-Projektbeschreibung-201x300.png 201w, https:\/\/yamayurikai-subs.eu\/wp-content\/uploads\/2010\/08\/Yobi-Projektbeschreibung.png 252w\" sizes=\"auto, (max-width: 201px) 100vw, 201px\" \/><\/a><\/th><th class=\"column-2\"><b>Originaltitel:<\/b> \ucc9c\ub144\uc5ec\uc6b0 \uc5ec\uc6b0\ube44<br \/>\r\n<b>Episoden:<\/b> 1<br \/>\r\n<b>Erscheinungsjahr:<\/b> 2007<br \/>\r\n<b>Genre\t:<\/b>\tDrama, Family, Fantasy<br \/><br \/>\r\n<u><b>Team:<\/u><\/b><br \/>\r\n<b>\u00dcbersetzung:<\/b> Ophelia<br \/>\r\n<b>Zeitsetzung:<\/b> Kasseopaya<br \/>\r\n<b>Schriftgestaltung:<\/b> Kasseopaya<br \/>\r\n<b>Fehlerkorrektur:<\/b> Kasseopaya<br \/>\r\n<b>QC:<\/b>  Methusalix, Glaslandschaft<br \/>\r\n<b>Karaoke-FX:<\/b> -<br \/>\r\n<b>Karaoke-Zeiten:<\/b> -<br \/>\r\n<b>Medienerstellung:<\/b> Lugia25000<br><br \/>\r\n<u><b>Releaseinfos<\/u><\/b><br \/>\r\nVideo: avi<br \/>\r\nContainer: XviD<br \/>\r\nAufl\u00f6sung: 704x396<br \/>\r\nAudio: mp3<\/th>\n\t<\/tr>\n<\/thead>\n<tbody>\n\t<tr class=\"row-2 even\">\n\t\t<td colspan=\"2\" class=\"column-1 colspan-2\">Die Kumihos sind Formwandler in der Gestalt von F\u00fcchsen mit neun Schw\u00e4nzen. Sie leben viele hundert Jahre in den W\u00e4ldern, weit weg von den Menschen, die sich vor ihnen f\u00fcrchten, weil die Kumihos ihnen die Seele stehlen k\u00f6nnen. Vor einem Kumiho mit nur f\u00fcnf Schw\u00e4nzen kracht eines Tages ein Raumschiff in den Boden. Die Aliens an Bord leben hundert Jahre bei dem Kumiho namens Yobi (Ye-jin Son). Da beginnt f\u00fcr Yobi die Pubert\u00e4t und der Drang, sich unter die Menschen zu mischen. Sie schmuggelt sich in ein Schullager ein, an dem auch Geum-ee (Deok-hwan Ryu) teilnimmt, in den sich Yobi verguckt hat. <br \/>\r\nQuelle: aniSearch<\/td>\n\t<\/tr>\n<\/tbody>\n<\/table>\n\n<span style=\"font-size: large;\"><font color=\"purple\">Screenshots:<\/font><\/span><br \/>\nngg_shortcode_0_placeholder\n<span style=\"font-size: large;\"><font color=\"purple\">Releaseinfos:<\/font><\/span><br \/>\n\n<table id=\"wp-table-reloaded-id-77-no-1\" class=\"wp-table-reloaded wp-table-reloaded-id-77\">\n<thead>\n\t<tr class=\"row-1 odd\">\n\t\t<th class=\"column-1\"><font  \tcolor=\"purple\">#<\/font><\/th><th class=\"column-2\"><font  \tcolor=\"purple\">Episodentitel<\/font><\/th><th class=\"column-3\"><font  \tcolor=\"purple\">Release<\/font><\/th><th class=\"column-4\"><font  \tcolor=\"purple\">Torrent<\/font><\/th>\n\t<\/tr>\n<\/thead>\n<tbody>\n\t<tr class=\"row-2 even\">\n\t\t<td class=\"column-1\">01<\/td><td class=\"column-2\">Yobi, The Five Tailed Fox<\/td><td class=\"column-3\">04.04.2008<\/td><td class=\"column-4\"><a href=\"http:\/\/ani-tsuzuki.net:6969\/torrents\/2cda65fe19818985dc0e400fb6d6d0f32c9fbee5.torrent\"><img loading=\"lazy\" decoding=\"async\" src=\"http:\/\/kamina.ath.cx\/yks\/wp-content\/uploads\/2010\/08\/torrent50x15.png\" alt=\"\" title=\"torrent50x15\" width=\"50\" height=\"15\" class=\"aligncenter size-full wp-image-403\" \/><\/a><\/td>\n\t<\/tr>\n<\/tbody>\n<\/table>\n\n","protected":false},"excerpt":{"rendered":"<p>Screenshots: Releaseinfos:<\/p>\n","protected":false},"author":11,"featured_media":0,"parent":0,"menu_order":0,"comment_status":"open","ping_status":"open","template":"","meta":{"colormag_page_container_layout":"default_layout","colormag_page_sidebar_layout":"default_layout","ngg_post_thumbnail":0,"footnotes":""},"class_list":["post-463","page","type-page","status-publish","hentry"],"_links":{"self":[{"href":"https:\/\/yamayurikai-subs.eu\/index.php?rest_route=\/wp\/v2\/pages\/463","targetHints":{"allow":["GET"]}}],"collection":[{"href":"https:\/\/yamayurikai-subs.eu\/index.php?rest_route=\/wp\/v2\/pages"}],"about":[{"href":"https:\/\/yamayurikai-subs.eu\/index.php?rest_route=\/wp\/v2\/types\/page"}],"author":[{"embeddable":true,"href":"https:\/\/yamayurikai-subs.eu\/index.php?rest_route=\/wp\/v2\/users\/11"}],"replies":[{"embeddable":true,"href":"https:\/\/yamayurikai-subs.eu\/index.php?rest_route=%2Fwp%2Fv2%2Fcomments&post=463"}],"version-history":[{"count":1,"href":"https:\/\/yamayurikai-subs.eu\/index.php?rest_route=\/wp\/v2\/pages\/463\/revisions"}],"predecessor-version":[{"id":464,"href":"https:\/\/yamayurikai-subs.eu\/index.php?rest_route=\/wp\/v2\/pages\/463\/revisions\/464"}],"wp:attachment":[{"href":"https:\/\/yamayurikai-subs.eu\/index.php?rest_route=%2Fwp%2Fv2%2Fmedia&parent=463"}],"curies":[{"name":"wp","href":"https:\/\/api.w.org\/{rel}","templated":true}]}}