{"id":450,"date":"2010-08-09T14:32:22","date_gmt":"2010-08-09T14:32:22","guid":{"rendered":"https:\/\/yks.brb.re\/?page_id=450"},"modified":"2010-08-09T14:32:32","modified_gmt":"2010-08-09T14:32:32","slug":"yume-dama-ya-kidan","status":"publish","type":"page","link":"https:\/\/yamayurikai-subs.eu\/?page_id=450","title":{"rendered":"Yume dama ya kidan"},"content":{"rendered":"\n<table id=\"wp-table-reloaded-id-66-no-1\" class=\"wp-table-reloaded wp-table-reloaded-id-66\">\n<thead>\n\t<tr class=\"row-1 odd\">\n\t\t<th class=\"column-1\"><center><a href=\"http:\/\/yamayurikai-subs.eu\/wp-content\/uploads\/2010\/08\/Yume-Projektbeschreibung.png\"><img loading=\"lazy\" decoding=\"async\" src=\"http:\/\/yamayurikai-subs.eu\/wp-content\/uploads\/2010\/08\/Yume-Projektbeschreibung-201x300.png\" alt=\"\" title=\"Yume-Projektbeschreibung\" width=\"201\" height=\"300\" class=\"aligncenter size-medium wp-image-427\" srcset=\"https:\/\/yamayurikai-subs.eu\/wp-content\/uploads\/2010\/08\/Yume-Projektbeschreibung-201x300.png 201w, https:\/\/yamayurikai-subs.eu\/wp-content\/uploads\/2010\/08\/Yume-Projektbeschreibung.png 252w\" sizes=\"auto, (max-width: 201px) 100vw, 201px\" \/><\/a><\/th><th class=\"column-2\"><b>Originaltitel:<\/b> \u3086\u3081\u3060\u307e\u3084\u5947\u8ac7<br \/>\r\n<b>Episoden:<\/b> 1<br \/>\r\n<b>Erscheinungsjahr:<\/b> 2007<br \/>\r\n<b>Genre\t:<\/b>\tAdventure, Family, Mystery<br \/><br \/>\r\n<u><b>Team:<\/u><\/b><br \/>\r\n<b>\u00dcbersetzung:<\/b> Kasseopaya<br \/>\r\n<b>Zeitsetzung:<\/b> Kasseopaya<br \/>\r\n<b>Schriftgestaltung:<\/b> Kasseopaya<br \/>\r\n<b>Fehlerkorrektur:<\/b> Hikari_Innei<br \/>\r\n<b>QC:<\/b>  Methusalix, Glaslandschaft<br \/>\r\n<b>Karaoke-FX:<\/b> Kasseopaya<br \/>\r\n<b>Karaoke-Zeiten:<\/b> Kasseopaya<br \/>\r\n<b>Medienerstellung:<\/b> hendi<br><br \/>\r\n<u><b>Releaseinfos<\/u><\/b><br \/>\r\nVideo: avi<br \/>\r\nContainer: XviD<br \/>\r\nAufl\u00f6sung: 704x396<br \/>\r\nAudio: mp3<\/th>\n\t<\/tr>\n<\/thead>\n<tbody>\n\t<tr class=\"row-2 even\">\n\t\t<td colspan=\"2\" class=\"column-1 colspan-2\">Die f\u00fcnftkl\u00e4sslerin Naho ist sowohl Mutter als auch Schwester f\u00fcr ihren Bruder, Jun.<br \/>\r\nAn ihrem Geburtstag verabredet sie sich mit ihren Freunden zum Geburtstag. Doch leider kommt unerwartet etwas dazwischen und sie muss auf ihren Bruder aufpassen, bis Helper-san sie abl\u00f6sen sollte.<br \/>\r\nNach einieger Zeit, taucht auch endlich Helper-san auf. Doch wie sich herausstellt, ist es gar nicht Helper-san sondern ein Traumh\u00e4ndler der ihr die M\u00f6glichkeit gibt, aus drei Tr\u00e4umen einen auszuw\u00e4hlen, der ihr Leben komplett ver\u00e4ndern w\u00fcrde... <br \/>\r\nQuelle: aniSearch<\/td>\n\t<\/tr>\n<\/tbody>\n<\/table>\n\n<span style=\"font-size: large;\"><font color=\"purple\">Screenshots:<\/font><\/span><br \/>\nngg_shortcode_0_placeholder\n<span style=\"font-size: large;\"><font color=\"purple\">Releaseinfos:<\/font><\/span><br \/>\n\n<table id=\"wp-table-reloaded-id-67-no-1\" class=\"wp-table-reloaded wp-table-reloaded-id-67\">\n<thead>\n\t<tr class=\"row-1 odd\">\n\t\t<th class=\"column-1\"><font  \tcolor=\"purple\">#<\/font><\/th><th class=\"column-2\"><font  \tcolor=\"purple\">Episodentitel<\/font><\/th><th class=\"column-3\"><font  \tcolor=\"purple\">Release<\/font><\/th><th class=\"column-4\"><font  \tcolor=\"purple\">Torrent<\/font><\/th>\n\t<\/tr>\n<\/thead>\n<tbody>\n\t<tr class=\"row-2 even\">\n\t\t<td class=\"column-1\">01<\/td><td class=\"column-2\">Yume dama ya kidan<\/td><td class=\"column-3\">25.04.2009<\/td><td class=\"column-4\"><a href=\"http:\/\/ani-tsuzuki.net:6969\/torrents\/9e871f78b9f2025ee7464a101669efbe6de90ad0.torrent\"><img loading=\"lazy\" decoding=\"async\" src=\"http:\/\/kamina.ath.cx\/yks\/wp-content\/uploads\/2010\/08\/torrent50x15.png\" alt=\"\" title=\"torrent50x15\" width=\"50\" height=\"15\" class=\"aligncenter size-full wp-image-403\" \/><\/a><\/td>\n\t<\/tr>\n<\/tbody>\n<\/table>\n\n","protected":false},"excerpt":{"rendered":"<p>Screenshots: Releaseinfos:<\/p>\n","protected":false},"author":11,"featured_media":0,"parent":0,"menu_order":0,"comment_status":"open","ping_status":"open","template":"","meta":{"colormag_page_container_layout":"default_layout","colormag_page_sidebar_layout":"default_layout","ngg_post_thumbnail":0,"footnotes":""},"class_list":["post-450","page","type-page","status-publish","hentry"],"_links":{"self":[{"href":"https:\/\/yamayurikai-subs.eu\/index.php?rest_route=\/wp\/v2\/pages\/450","targetHints":{"allow":["GET"]}}],"collection":[{"href":"https:\/\/yamayurikai-subs.eu\/index.php?rest_route=\/wp\/v2\/pages"}],"about":[{"href":"https:\/\/yamayurikai-subs.eu\/index.php?rest_route=\/wp\/v2\/types\/page"}],"author":[{"embeddable":true,"href":"https:\/\/yamayurikai-subs.eu\/index.php?rest_route=\/wp\/v2\/users\/11"}],"replies":[{"embeddable":true,"href":"https:\/\/yamayurikai-subs.eu\/index.php?rest_route=%2Fwp%2Fv2%2Fcomments&post=450"}],"version-history":[{"count":2,"href":"https:\/\/yamayurikai-subs.eu\/index.php?rest_route=\/wp\/v2\/pages\/450\/revisions"}],"predecessor-version":[{"id":452,"href":"https:\/\/yamayurikai-subs.eu\/index.php?rest_route=\/wp\/v2\/pages\/450\/revisions\/452"}],"wp:attachment":[{"href":"https:\/\/yamayurikai-subs.eu\/index.php?rest_route=%2Fwp%2Fv2%2Fmedia&parent=450"}],"curies":[{"name":"wp","href":"https:\/\/api.w.org\/{rel}","templated":true}]}}