{"id":4445,"date":"2015-09-21T22:56:22","date_gmt":"2015-09-21T20:56:22","guid":{"rendered":"https:\/\/yks.brb.re\/?page_id=4445"},"modified":"2015-09-21T22:57:03","modified_gmt":"2015-09-21T20:57:03","slug":"you-are-umasou","status":"publish","type":"page","link":"https:\/\/yamayurikai-subs.eu\/?page_id=4445","title":{"rendered":"You are Umasou"},"content":{"rendered":"<span class=\"su-frame su-frame-align-left su-frame-style-default\"><span class=\"su-frame-inner\"><a href=\"https:\/\/yks.brb.re\/?attachment_id=4493\" rel=\"attachment wp-att-4493\"><img loading=\"lazy\" decoding=\"async\" class=\"alignleft size-full wp-image-4493\" src=\"https:\/\/yks.brb.re\/wp-content\/uploads\/2015\/09\/Umasou_Projekt.png\" alt=\"Umasou_Projekt\" width=\"252\" height=\"375\" \/><\/a><\/span><\/span>\n<h4>You are Umasou<\/h4>\n<span class=\"su-label su-label-type-warning\">Drama<\/span><span class=\"su-label su-label-type-warning\">Abenteuer<\/span><span class=\"su-label su-label-type-warning\">Kinder<\/span>\n<p><b>Originaltitel:<\/b> \u304a\u307e\u3048\u3046\u307e\u305d\u3046\u3060\u306a<br \/>\n<b>Episoden:<\/b> 1<br \/>\n<b>Erscheinungsjahr:<\/b> 2010<\/p>\n<h5>Releaseinfos<\/h5>\n<p><strong>Video:<\/strong> mkv<br \/>\n<strong>Container:<\/strong> x264, Hi10P<br \/>\n<strong>Aufl\u00f6sung:<\/strong> 1280,720<br \/>\n<strong>Audio:<\/strong> AAC<\/p>\n<p><strong>900. Release!<\/strong><\/p>\n<h5>Download<\/h5>\n<a href=\"http:\/\/ani-tsuzuki.net:6969\/index.html?search=umasou\" class=\"su-button su-button-style-soft\" style=\"color:#FFFFFF;background-color:#59C16E;border-color:#489b58;border-radius:5px\" target=\"_blank\" rel=\"noopener noreferrer\"><span style=\"color:#FFFFFF;padding:6px 16px;font-size:13px;line-height:20px;border-color:#8bd49a;border-radius:5px;text-shadow:none\"><img decoding=\"async\" src=\"https:\/\/yks.brb.re\/wp-content\/uploads\/2015\/06\/download21.png\" alt=\"&lt;b&gt;Torrent&lt;\/b&gt;\" style=\"width:20px;height:20px\" \/> <b>Torrent<\/b><\/span><\/a> <a href=\"https:\/\/yks.brb.re\/ddl\/\" class=\"su-button su-button-style-soft\" style=\"color:#FFFFFF;background-color:#EE484D;border-color:#bf3a3e;border-radius:5px\" target=\"_blank\" rel=\"noopener noreferrer\"><span style=\"color:#FFFFFF;padding:6px 16px;font-size:13px;line-height:20px;border-color:#f47f83;border-radius:5px;text-shadow:none\"><img decoding=\"async\" src=\"https:\/\/yks.brb.re\/wp-content\/uploads\/2015\/06\/download11.png\" alt=\"&lt;b&gt;DDL&lt;\/b&gt;\" style=\"width:20px;height:20px\" \/> <b>DDL<\/b><\/span><\/a> <a href=\"http:\/\/ddl.brb.re\/xdcc\/\" class=\"su-button su-button-style-soft\" style=\"color:#FFFFFF;background-color:#5B79C1;border-color:#49619b;border-radius:5px\" target=\"_blank\" rel=\"noopener noreferrer\"><span style=\"color:#FFFFFF;padding:6px 16px;font-size:13px;line-height:20px;border-color:#8da2d4;border-radius:5px;text-shadow:none\"><img decoding=\"async\" src=\"https:\/\/yks.brb.re\/wp-content\/uploads\/2015\/06\/download31.png\" alt=\"&lt;b&gt;XDCC&lt;\/b&gt;\" style=\"width:20px;height:20px\" \/> <b>XDCC<\/b><\/span><\/a>\n<div class=\"su-divider su-divider-style-dashed\" style=\"margin:15px 0;border-width:1px;border-color:#999999\"><\/div>\n<h5>Beschreibung<\/h5>\n<blockquote><p>Eine Maiasaurus-Mutter findet ein verlorenes Ei und entscheidet sich, es zusammen mit ihren eigenen Eiern aufzuziehen. Zu ihrer \u00dcberraschung schl\u00fcpft ein Tyrannosaurus aus dem verwaisten Ei. Entgegen dem Willen der Herde entschlie\u00dft sie sich, das neugeborene Tyrannosaurus-Baby namens &#8222;Heart&#8220; zu behalten und zusammen mit ihrem leiblichen Kind alleine gro\u00dfzuziehen. Schon bald finden die Geschwister heraus, warum Heart anders als die Anderen ist und bemerkt den Unterschied zwischen Pflanzen- und Fleischfressern. Heart trifft daraufhin eine schwere Entscheidung und verl\u00e4sst seine Familie um herauszufinden, wer er wirklich ist&#8230;<\/p><\/blockquote>\n<p>Quelle: aniSearch<\/p>\n<div class=\"su-divider su-divider-style-dashed\" style=\"margin:15px 0;border-width:1px;border-color:#999999\"><\/div>\n<h5>Screenshots<\/h5>\n<div class=\"su-custom-gallery su-custom-gallery-align-left su-custom-gallery-title-never su-lightbox-gallery\"><div class=\"su-custom-gallery-slide\" style=\"width:135px;height:135px\"><a href=\"https:\/\/yamayurikai-subs.eu\/wp-content\/uploads\/2015\/09\/snap-2015-09-19-15h16m33s8.png\" title=\"snap-2015-09-19-15h16m33s8\"><img loading=\"lazy\" decoding=\"async\" src=\"https:\/\/yamayurikai-subs.eu\/wp-content\/uploads\/2015\/09\/snap-2015-09-19-15h16m33s8-135x135.png\" alt=\"snap-2015-09-19-15h16m33s8\" width=\"135\" height=\"135\" \/><span class=\"su-custom-gallery-title\">snap-2015-09-19-15h16m33s8<\/span><\/a><\/div><div class=\"su-custom-gallery-slide\" style=\"width:135px;height:135px\"><a href=\"https:\/\/yamayurikai-subs.eu\/wp-content\/uploads\/2015\/09\/snap-2015-09-19-15h16m49s164.png\" title=\"snap-2015-09-19-15h16m49s164\"><img loading=\"lazy\" decoding=\"async\" src=\"https:\/\/yamayurikai-subs.eu\/wp-content\/uploads\/2015\/09\/snap-2015-09-19-15h16m49s164-135x135.png\" alt=\"snap-2015-09-19-15h16m49s164\" width=\"135\" height=\"135\" \/><span class=\"su-custom-gallery-title\">snap-2015-09-19-15h16m49s164<\/span><\/a><\/div><div class=\"su-custom-gallery-slide\" style=\"width:135px;height:135px\"><a href=\"https:\/\/yamayurikai-subs.eu\/wp-content\/uploads\/2015\/09\/snap-2015-09-19-15h17m47s217.png\" title=\"snap-2015-09-19-15h17m47s217\"><img loading=\"lazy\" decoding=\"async\" src=\"https:\/\/yamayurikai-subs.eu\/wp-content\/uploads\/2015\/09\/snap-2015-09-19-15h17m47s217-135x135.png\" alt=\"snap-2015-09-19-15h17m47s217\" width=\"135\" height=\"135\" \/><span class=\"su-custom-gallery-title\">snap-2015-09-19-15h17m47s217<\/span><\/a><\/div><div class=\"su-custom-gallery-slide\" style=\"width:135px;height:135px\"><a href=\"https:\/\/yamayurikai-subs.eu\/wp-content\/uploads\/2015\/09\/snap-2015-09-19-15h18m04s144.png\" title=\"snap-2015-09-19-15h18m04s144\"><img loading=\"lazy\" decoding=\"async\" src=\"https:\/\/yamayurikai-subs.eu\/wp-content\/uploads\/2015\/09\/snap-2015-09-19-15h18m04s144-135x135.png\" alt=\"snap-2015-09-19-15h18m04s144\" width=\"135\" height=\"135\" \/><span class=\"su-custom-gallery-title\">snap-2015-09-19-15h18m04s144<\/span><\/a><\/div><div class=\"su-custom-gallery-slide\" style=\"width:135px;height:135px\"><a href=\"https:\/\/yamayurikai-subs.eu\/wp-content\/uploads\/2015\/09\/snap-2015-09-19-15h18m31s157.png\" title=\"snap-2015-09-19-15h18m31s157\"><img loading=\"lazy\" decoding=\"async\" src=\"https:\/\/yamayurikai-subs.eu\/wp-content\/uploads\/2015\/09\/snap-2015-09-19-15h18m31s157-135x135.png\" alt=\"snap-2015-09-19-15h18m31s157\" width=\"135\" height=\"135\" \/><span class=\"su-custom-gallery-title\">snap-2015-09-19-15h18m31s157<\/span><\/a><\/div><div class=\"su-custom-gallery-slide\" style=\"width:135px;height:135px\"><a href=\"https:\/\/yamayurikai-subs.eu\/wp-content\/uploads\/2015\/09\/snap-2015-09-19-15h18m45s38.png\" title=\"snap-2015-09-19-15h18m45s38\"><img loading=\"lazy\" decoding=\"async\" src=\"https:\/\/yamayurikai-subs.eu\/wp-content\/uploads\/2015\/09\/snap-2015-09-19-15h18m45s38-135x135.png\" alt=\"snap-2015-09-19-15h18m45s38\" width=\"135\" height=\"135\" \/><span class=\"su-custom-gallery-title\">snap-2015-09-19-15h18m45s38<\/span><\/a><\/div><div class=\"su-custom-gallery-slide\" style=\"width:135px;height:135px\"><a href=\"https:\/\/yamayurikai-subs.eu\/wp-content\/uploads\/2015\/09\/snap-2015-09-19-15h19m00s206.png\" title=\"snap-2015-09-19-15h19m00s206\"><img loading=\"lazy\" decoding=\"async\" src=\"https:\/\/yamayurikai-subs.eu\/wp-content\/uploads\/2015\/09\/snap-2015-09-19-15h19m00s206-135x135.png\" alt=\"snap-2015-09-19-15h19m00s206\" width=\"135\" height=\"135\" \/><span class=\"su-custom-gallery-title\">snap-2015-09-19-15h19m00s206<\/span><\/a><\/div><div class=\"su-custom-gallery-slide\" style=\"width:135px;height:135px\"><a href=\"https:\/\/yamayurikai-subs.eu\/wp-content\/uploads\/2015\/09\/YKSYou_are_UmasouHi10P1610ED73.mkv_snapshot_00.37.00_2015.09.21_22.48.02.png\" title=\"[YKS]You_are_Umasou[Hi10P][1610ED73].mkv_snapshot_00.37.00_[2015.09.21_22.48.02]\"><img loading=\"lazy\" decoding=\"async\" src=\"https:\/\/yamayurikai-subs.eu\/wp-content\/uploads\/2015\/09\/YKSYou_are_UmasouHi10P1610ED73.mkv_snapshot_00.37.00_2015.09.21_22.48.02-135x135.png\" alt=\"[YKS]You_are_Umasou[Hi10P][1610ED73].mkv_snapshot_00.37.00_[2015.09.21_22.48.02]\" width=\"135\" height=\"135\" \/><span class=\"su-custom-gallery-title\">[YKS]You_are_Umasou[Hi10P][1610ED73].mkv_snapshot_00.37.00_[2015.09.21_22.48.02]<\/span><\/a><\/div><div class=\"su-clear\"><\/div><\/div>\n","protected":false},"excerpt":{"rendered":"<p>You are Umasou Originaltitel: \u304a\u307e\u3048\u3046\u307e\u305d\u3046\u3060\u306a Episoden: 1 Erscheinungsjahr: 2010 Releaseinfos Video: mkv Container: x264, Hi10P Aufl\u00f6sung: 1280,720 Audio: AAC 900.<\/p>\n","protected":false},"author":11,"featured_media":0,"parent":0,"menu_order":0,"comment_status":"open","ping_status":"open","template":"","meta":{"colormag_page_container_layout":"default_layout","colormag_page_sidebar_layout":"default_layout","ngg_post_thumbnail":0,"footnotes":""},"class_list":["post-4445","page","type-page","status-publish","hentry"],"_links":{"self":[{"href":"https:\/\/yamayurikai-subs.eu\/index.php?rest_route=\/wp\/v2\/pages\/4445","targetHints":{"allow":["GET"]}}],"collection":[{"href":"https:\/\/yamayurikai-subs.eu\/index.php?rest_route=\/wp\/v2\/pages"}],"about":[{"href":"https:\/\/yamayurikai-subs.eu\/index.php?rest_route=\/wp\/v2\/types\/page"}],"author":[{"embeddable":true,"href":"https:\/\/yamayurikai-subs.eu\/index.php?rest_route=\/wp\/v2\/users\/11"}],"replies":[{"embeddable":true,"href":"https:\/\/yamayurikai-subs.eu\/index.php?rest_route=%2Fwp%2Fv2%2Fcomments&post=4445"}],"version-history":[{"count":7,"href":"https:\/\/yamayurikai-subs.eu\/index.php?rest_route=\/wp\/v2\/pages\/4445\/revisions"}],"predecessor-version":[{"id":4507,"href":"https:\/\/yamayurikai-subs.eu\/index.php?rest_route=\/wp\/v2\/pages\/4445\/revisions\/4507"}],"wp:attachment":[{"href":"https:\/\/yamayurikai-subs.eu\/index.php?rest_route=%2Fwp%2Fv2%2Fmedia&parent=4445"}],"curies":[{"name":"wp","href":"https:\/\/api.w.org\/{rel}","templated":true}]}}