{"id":3650,"date":"2014-05-14T21:05:30","date_gmt":"2014-05-14T19:05:30","guid":{"rendered":"https:\/\/yks.brb.re\/?page_id=3650"},"modified":"2019-12-24T00:44:53","modified_gmt":"2019-12-23T23:44:53","slug":"majin-bone","status":"publish","type":"page","link":"https:\/\/yamayurikai-subs.eu\/?page_id=3650","title":{"rendered":"Majin Bone"},"content":{"rendered":"<span class=\"su-frame su-frame-align-left su-frame-style-default\"><span class=\"su-frame-inner\"><img loading=\"lazy\" decoding=\"async\" class=\" size-full wp-image-3758 alignleft\" src=\"https:\/\/yks.brb.re\/wp-content\/uploads\/2014\/05\/Majin-Projekt.png\" alt=\"Majin-Projekt\" width=\"252\" height=\"375\"><\/span><\/span>\n<h4>Majin Bone<\/h4>\n<span class=\"su-label su-label-type-warning\">Shounen<\/span><span class=\"su-label su-label-type-warning\">Power Rangers<\/span><span class=\"su-label su-label-type-warning\">Action<\/span>\n<p><b>Originaltitel:<\/b> \u30de\u30b8\u30f3\u30dc\u30fc\u30f3<br \/>\n<b>Episoden:<\/b> 52<br \/>\n<b>Erscheinungsjahr:<\/b> 2014<\/p>\n<h5>Releaseinfos<\/h5>\n<p><strong>Video:<\/strong> mkv<br \/>\n<strong>Container:<\/strong> x264, Hi10P<br \/>\n<strong>Aufl\u00f6sung:<\/strong> 1280&#215;720<br \/>\n<strong>Audio:<\/strong> AAC<\/p>\n<h5>Download<\/h5>\n<a href=\"https:\/\/nyaa.si\/view\/1206481\" class=\"su-button su-button-style-soft\" style=\"color:#FFFFFF;background-color:#59C16E;border-color:#489b58;border-radius:5px\" target=\"_blank\" rel=\"noopener noreferrer\"><span style=\"color:#FFFFFF;padding:6px 16px;font-size:13px;line-height:20px;border-color:#8bd49a;border-radius:5px;text-shadow:none\"><img decoding=\"async\" src=\"https:\/\/yks.brb.re\/wp-content\/uploads\/2015\/06\/download21.png\" alt=\"&lt;b&gt;Torrent&lt;\/b&gt;\" style=\"width:20px;height:20px\" \/> <b>Torrent<\/b><\/span><\/a> <a href=\"https:\/\/yks.brb.re\/ddl\/\" class=\"su-button su-button-style-soft\" style=\"color:#FFFFFF;background-color:#EE484D;border-color:#bf3a3e;border-radius:5px\" target=\"_blank\" rel=\"noopener noreferrer\"><span style=\"color:#FFFFFF;padding:6px 16px;font-size:13px;line-height:20px;border-color:#f47f83;border-radius:5px;text-shadow:none\"><img decoding=\"async\" src=\"https:\/\/yks.brb.re\/wp-content\/uploads\/2015\/06\/download11.png\" alt=\"&lt;b&gt;DDL&lt;\/b&gt;\" style=\"width:20px;height:20px\" \/> <b>DDL<\/b><\/span><\/a>\n<div class=\"su-divider su-divider-style-dashed\" style=\"margin:15px 0;border-width:1px;border-color:#999999\"><\/div>\n<h5>Beschreibung<\/h5>\n<blockquote><p>In der modernen Zeit ist der Erschaffer des Universums, Majin, pl\u00f6tzlich wieder auferstanden. Zur gleichen Zeit machen sich Wesen aus der Dunkelheit auf den Weg zur Erde. W\u00e4hrend die Gefahr sich der Erde n\u00e4hert, verfolgen drei M\u00e4nner einen Jungen. Ist er ebenb\u00fcrtig? K\u00f6nnte er die letzte Hoffnung der Menschheit sein?<\/p><\/blockquote>\n<div class=\"su-divider su-divider-style-dashed\" style=\"margin:15px 0;border-width:1px;border-color:#999999\"><\/div>\n<h5>Screenshots<\/h5>\n<div class=\"su-custom-gallery su-custom-gallery-align-left su-custom-gallery-title-never su-lightbox-gallery\"><div class=\"su-custom-gallery-slide\" style=\"width:135px;height:135px\"><a href=\"https:\/\/yamayurikai-subs.eu\/wp-content\/uploads\/2015\/10\/YKSMajin_Bone_-_01Hi10P92F4B36A.mkv_snapshot_01.08_2014.05.14_20.47.04.png\" title=\"YKSMajin_Bone_-_01Hi10P92F4B36A.mkv_snapshot_01.08_2014.05.14_20.47.04\"><img loading=\"lazy\" decoding=\"async\" src=\"https:\/\/yamayurikai-subs.eu\/wp-content\/uploads\/2015\/10\/YKSMajin_Bone_-_01Hi10P92F4B36A.mkv_snapshot_01.08_2014.05.14_20.47.04-135x135.png\" alt=\"YKSMajin_Bone_-_01Hi10P92F4B36A.mkv_snapshot_01.08_2014.05.14_20.47.04\" width=\"135\" height=\"135\" \/><span class=\"su-custom-gallery-title\">YKSMajin_Bone_-_01Hi10P92F4B36A.mkv_snapshot_01.08_2014.05.14_20.47.04<\/span><\/a><\/div><div class=\"su-custom-gallery-slide\" style=\"width:135px;height:135px\"><a href=\"https:\/\/yamayurikai-subs.eu\/wp-content\/uploads\/2015\/10\/YKSMajin_Bone_-_01Hi10P92F4B36A.mkv_snapshot_01.33_2014.05.14_20.46.48.png\" title=\"YKSMajin_Bone_-_01Hi10P92F4B36A.mkv_snapshot_01.33_2014.05.14_20.46.48\"><img loading=\"lazy\" decoding=\"async\" src=\"https:\/\/yamayurikai-subs.eu\/wp-content\/uploads\/2015\/10\/YKSMajin_Bone_-_01Hi10P92F4B36A.mkv_snapshot_01.33_2014.05.14_20.46.48-135x135.png\" alt=\"YKSMajin_Bone_-_01Hi10P92F4B36A.mkv_snapshot_01.33_2014.05.14_20.46.48\" width=\"135\" height=\"135\" \/><span class=\"su-custom-gallery-title\">YKSMajin_Bone_-_01Hi10P92F4B36A.mkv_snapshot_01.33_2014.05.14_20.46.48<\/span><\/a><\/div><div class=\"su-custom-gallery-slide\" style=\"width:135px;height:135px\"><a href=\"https:\/\/yamayurikai-subs.eu\/wp-content\/uploads\/2015\/10\/YKSMajin_Bone_-_01Hi10P92F4B36A.mkv_snapshot_03.46_2014.05.14_20.47.25.png\" title=\"YKSMajin_Bone_-_01Hi10P92F4B36A.mkv_snapshot_03.46_2014.05.14_20.47.25\"><img loading=\"lazy\" decoding=\"async\" src=\"https:\/\/yamayurikai-subs.eu\/wp-content\/uploads\/2015\/10\/YKSMajin_Bone_-_01Hi10P92F4B36A.mkv_snapshot_03.46_2014.05.14_20.47.25-135x135.png\" alt=\"YKSMajin_Bone_-_01Hi10P92F4B36A.mkv_snapshot_03.46_2014.05.14_20.47.25\" width=\"135\" height=\"135\" \/><span class=\"su-custom-gallery-title\">YKSMajin_Bone_-_01Hi10P92F4B36A.mkv_snapshot_03.46_2014.05.14_20.47.25<\/span><\/a><\/div><div class=\"su-custom-gallery-slide\" style=\"width:135px;height:135px\"><a href=\"https:\/\/yamayurikai-subs.eu\/wp-content\/uploads\/2015\/10\/YKSMajin_Bone_-_01Hi10P92F4B36A.mkv_snapshot_03.59_2014.05.14_20.47.32.png\" title=\"YKSMajin_Bone_-_01Hi10P92F4B36A.mkv_snapshot_03.59_2014.05.14_20.47.32\"><img loading=\"lazy\" decoding=\"async\" src=\"https:\/\/yamayurikai-subs.eu\/wp-content\/uploads\/2015\/10\/YKSMajin_Bone_-_01Hi10P92F4B36A.mkv_snapshot_03.59_2014.05.14_20.47.32-135x135.png\" alt=\"YKSMajin_Bone_-_01Hi10P92F4B36A.mkv_snapshot_03.59_2014.05.14_20.47.32\" width=\"135\" height=\"135\" \/><span class=\"su-custom-gallery-title\">YKSMajin_Bone_-_01Hi10P92F4B36A.mkv_snapshot_03.59_2014.05.14_20.47.32<\/span><\/a><\/div><div class=\"su-custom-gallery-slide\" style=\"width:135px;height:135px\"><a href=\"https:\/\/yamayurikai-subs.eu\/wp-content\/uploads\/2015\/10\/YKSMajin_Bone_-_01Hi10P92F4B36A.mkv_snapshot_10.31_2014.05.14_21.00.28.png\" title=\"YKSMajin_Bone_-_01Hi10P92F4B36A.mkv_snapshot_10.31_2014.05.14_21.00.28\"><img loading=\"lazy\" decoding=\"async\" src=\"https:\/\/yamayurikai-subs.eu\/wp-content\/uploads\/2015\/10\/YKSMajin_Bone_-_01Hi10P92F4B36A.mkv_snapshot_10.31_2014.05.14_21.00.28-135x135.png\" alt=\"YKSMajin_Bone_-_01Hi10P92F4B36A.mkv_snapshot_10.31_2014.05.14_21.00.28\" width=\"135\" height=\"135\" \/><span class=\"su-custom-gallery-title\">YKSMajin_Bone_-_01Hi10P92F4B36A.mkv_snapshot_10.31_2014.05.14_21.00.28<\/span><\/a><\/div><div class=\"su-custom-gallery-slide\" style=\"width:135px;height:135px\"><a href=\"https:\/\/yamayurikai-subs.eu\/wp-content\/uploads\/2015\/10\/YKSMajin_Bone_-_01Hi10P92F4B36A.mkv_snapshot_13.00_2014.05.14_21.00.42.png\" title=\"YKSMajin_Bone_-_01Hi10P92F4B36A.mkv_snapshot_13.00_2014.05.14_21.00.42\"><img loading=\"lazy\" decoding=\"async\" src=\"https:\/\/yamayurikai-subs.eu\/wp-content\/uploads\/2015\/10\/YKSMajin_Bone_-_01Hi10P92F4B36A.mkv_snapshot_13.00_2014.05.14_21.00.42-135x135.png\" alt=\"YKSMajin_Bone_-_01Hi10P92F4B36A.mkv_snapshot_13.00_2014.05.14_21.00.42\" width=\"135\" height=\"135\" \/><span class=\"su-custom-gallery-title\">YKSMajin_Bone_-_01Hi10P92F4B36A.mkv_snapshot_13.00_2014.05.14_21.00.42<\/span><\/a><\/div><div class=\"su-custom-gallery-slide\" style=\"width:135px;height:135px\"><a href=\"https:\/\/yamayurikai-subs.eu\/wp-content\/uploads\/2015\/10\/YKSMajin_Bone_-_01Hi10P92F4B36A.mkv_snapshot_19.56_2014.05.14_21.01.28.png\" title=\"YKSMajin_Bone_-_01Hi10P92F4B36A.mkv_snapshot_19.56_2014.05.14_21.01.28\"><img loading=\"lazy\" decoding=\"async\" src=\"https:\/\/yamayurikai-subs.eu\/wp-content\/uploads\/2015\/10\/YKSMajin_Bone_-_01Hi10P92F4B36A.mkv_snapshot_19.56_2014.05.14_21.01.28-135x135.png\" alt=\"YKSMajin_Bone_-_01Hi10P92F4B36A.mkv_snapshot_19.56_2014.05.14_21.01.28\" width=\"135\" height=\"135\" \/><span class=\"su-custom-gallery-title\">YKSMajin_Bone_-_01Hi10P92F4B36A.mkv_snapshot_19.56_2014.05.14_21.01.28<\/span><\/a><\/div><div class=\"su-custom-gallery-slide\" style=\"width:135px;height:135px\"><a href=\"https:\/\/yamayurikai-subs.eu\/wp-content\/uploads\/2015\/10\/YKSMajin_Bone_-_01Hi10P92F4B36A.mkv_snapshot_21.08_2014.05.14_21.01.34.png\" title=\"YKSMajin_Bone_-_01Hi10P92F4B36A.mkv_snapshot_21.08_2014.05.14_21.01.34\"><img loading=\"lazy\" decoding=\"async\" src=\"https:\/\/yamayurikai-subs.eu\/wp-content\/uploads\/2015\/10\/YKSMajin_Bone_-_01Hi10P92F4B36A.mkv_snapshot_21.08_2014.05.14_21.01.34-135x135.png\" alt=\"YKSMajin_Bone_-_01Hi10P92F4B36A.mkv_snapshot_21.08_2014.05.14_21.01.34\" width=\"135\" height=\"135\" \/><span class=\"su-custom-gallery-title\">YKSMajin_Bone_-_01Hi10P92F4B36A.mkv_snapshot_21.08_2014.05.14_21.01.34<\/span><\/a><\/div><div class=\"su-clear\"><\/div><\/div>\n","protected":false},"excerpt":{"rendered":"<p>Majin Bone Originaltitel: \u30de\u30b8\u30f3\u30dc\u30fc\u30f3 Episoden: 52 Erscheinungsjahr: 2014 Releaseinfos Video: mkv Container: x264, Hi10P Aufl\u00f6sung: 1280&#215;720 Audio: AAC Download Beschreibung<\/p>\n","protected":false},"author":11,"featured_media":0,"parent":0,"menu_order":0,"comment_status":"open","ping_status":"open","template":"","meta":{"colormag_page_container_layout":"default_layout","colormag_page_sidebar_layout":"default_layout","ngg_post_thumbnail":0,"footnotes":""},"class_list":["post-3650","page","type-page","status-publish","hentry"],"_links":{"self":[{"href":"https:\/\/yamayurikai-subs.eu\/index.php?rest_route=\/wp\/v2\/pages\/3650","targetHints":{"allow":["GET"]}}],"collection":[{"href":"https:\/\/yamayurikai-subs.eu\/index.php?rest_route=\/wp\/v2\/pages"}],"about":[{"href":"https:\/\/yamayurikai-subs.eu\/index.php?rest_route=\/wp\/v2\/types\/page"}],"author":[{"embeddable":true,"href":"https:\/\/yamayurikai-subs.eu\/index.php?rest_route=\/wp\/v2\/users\/11"}],"replies":[{"embeddable":true,"href":"https:\/\/yamayurikai-subs.eu\/index.php?rest_route=%2Fwp%2Fv2%2Fcomments&post=3650"}],"version-history":[{"count":9,"href":"https:\/\/yamayurikai-subs.eu\/index.php?rest_route=\/wp\/v2\/pages\/3650\/revisions"}],"predecessor-version":[{"id":13069,"href":"https:\/\/yamayurikai-subs.eu\/index.php?rest_route=\/wp\/v2\/pages\/3650\/revisions\/13069"}],"wp:attachment":[{"href":"https:\/\/yamayurikai-subs.eu\/index.php?rest_route=%2Fwp%2Fv2%2Fmedia&parent=3650"}],"curies":[{"name":"wp","href":"https:\/\/api.w.org\/{rel}","templated":true}]}}