{"id":3289,"date":"2014-01-01T22:58:34","date_gmt":"2014-01-01T20:58:34","guid":{"rendered":"https:\/\/yks.brb.re\/?page_id=3289"},"modified":"2014-01-01T22:58:34","modified_gmt":"2014-01-01T20:58:34","slug":"saint-onii-san-ovas","status":"publish","type":"page","link":"https:\/\/yamayurikai-subs.eu\/?page_id=3289","title":{"rendered":"Saint Onii-san OVAs"},"content":{"rendered":"\n<table id=\"wp-table-reloaded-id-179-no-1\" class=\"wp-table-reloaded wp-table-reloaded-id-179\">\n<thead>\n\t<tr class=\"row-1 odd\">\n\t\t<th class=\"column-1\"><center><a href=\"http:\/\/yamayurikai-subs.eu\/?attachment_id=3291\" rel=\"attachment wp-att-3291\"><img loading=\"lazy\" decoding=\"async\" src=\"http:\/\/yamayurikai-subs.eu\/wp-content\/uploads\/2013\/12\/Onii-san_Projekt.png\" alt=\"\" width=\"252\" height=\"375\" class=\"aligncenter size-full wp-image-3291\" \/><\/a><\/th><th class=\"column-2\"><b>Originaltitel:<\/b>\u8056\u2606\u304a\u306b\u3044\u3055\u3093<br \/>\r\n<b>Episoden:<\/b> 02<br \/>\r\n<b>Erscheinungsjahr:<\/b> 2012<br \/>\r\n<b>Genre:<\/b> Kom\u00f6die<br \/><br \/>\r\n<u><b>Team:<\/u><\/b><br \/>\r\n<b>\u00dcbersetzung:<\/b> Blackiris<br \/>\r\n<b>Zeitsetzung:<\/b> Kasseopaya<br \/>\r\n<b>Schriftgestaltung:<\/b> KamiKarin<br \/>\r\n<b>Logo:<\/b> Ghost<br \/>\r\n<b>Fehlerkorrektur:<\/b> KamiKarin<br \/>\r\n<b>QC:<\/b> mia, Flarestar<br \/>\r\n<b>Medienerstellung:<\/b> Kasseopaya <br><br \/>\r\n<u><b>Releaseinfos<\/u><\/b><br \/>\r\nVideo: mkv<br \/>\r\nContainer: x264, Hi10P<br \/>\r\nAufl\u00f6sung: 848x480<br \/>\r\nAudio: AAC<\/th>\n\t<\/tr>\n<\/thead>\n<tbody>\n\t<tr class=\"row-2 even\">\n\t\t<td colspan=\"2\" class=\"column-1 colspan-2\">Auch himmlische Wesen brauchen mal Urlaub. So entscheiden sich Jesus und Buddha in Japan, fern von ihren t\u00e4glichen Aufgaben, zu entspannen und ihren Alltag zu genie\u00dfen. Doch das Leben unter Sterblichen, in einer kleinen Wohnung in Tokio, erweist sich als ungeahnt schwierige Herausforderung und h\u00e4lt ein Fettn\u00e4pfchen nach dem n\u00e4chsten f\u00fcr die beiden bereit...<br \/>\r\nQuelle: aniSearch<br \/>\r\n<b><font color=\"purple\">In Kooperation mit:<\/font><\/b><br \/>\r\n <a href=\"http:\/\/cookie-subs.org\/\"><img loading=\"lazy\" decoding=\"async\" src=\"http:\/\/yamayurikai-subs.eu\/wp-content\/uploads\/2012\/05\/cookie_link.png\" alt=\"\" title=\"cookie_link\" width=\"190\" height=\"60\" class=\"aligncenter size-full wp-image-1681\" \/><\/a><\/td>\n\t<\/tr>\n<\/tbody>\n<\/table>\n\nScreenshots:<br \/>\nngg_shortcode_0_placeholder\nReleaseinfos:<br \/>\n\n<table id=\"wp-table-reloaded-id-180-no-1\" class=\"wp-table-reloaded wp-table-reloaded-id-180\">\n<thead>\n\t<tr class=\"row-1 odd\">\n\t\t<th class=\"column-1\"><font  \tcolor=\"purple\">#<\/font><\/th><th class=\"column-2\"><font  \tcolor=\"purple\">Episodentitel<\/font><\/th><th class=\"column-3\"><font  \tcolor=\"purple\">Release<\/font><\/th><th class=\"column-4\"><font  \tcolor=\"purple\">Torrent<\/font><\/th>\n\t<\/tr>\n<\/thead>\n<tbody>\n\t<tr class=\"row-2 even\">\n\t\t<td class=\"column-1\">01<\/td><td class=\"column-2\">OVA 1<\/td><td class=\"column-3\">24.12.2013<\/td><td class=\"column-4\"><\/td>\n\t<\/tr>\n\t<tr class=\"row-3 odd\">\n\t\t<td class=\"column-1\">02<\/td><td class=\"column-2\">OVA 2<\/td><td class=\"column-3\">24.12.2013<\/td><td class=\"column-4\"><\/td>\n\t<\/tr>\n\t<tr class=\"row-4 even\">\n\t\t<td class=\"column-1\"><\/td><td class=\"column-2\">Batchtorrent OVA 1 &amp; 2<\/td><td class=\"column-3\"><\/td><td class=\"column-4\"><center><a href=\"http:\/\/ani-tsuzuki.net:6969\/torrents\/7c7611fb9b2e6ec874b424c9cab1e525e89fe662.torrent\"><img loading=\"lazy\" decoding=\"async\" src=\"http:\/\/yamayurikai-subs.eu\/wp-content\/uploads\/2010\/07\/torrent.png\" alt=\"\" title=\"torrent\" width=\"50\" height=\"15\" class=\"aligncenter size-full wp-image-365\" \/><\/a><\/td>\n\t<\/tr>\n<\/tbody>\n<\/table>\n\n","protected":false},"excerpt":{"rendered":"<p>Screenshots: Releaseinfos:<\/p>\n","protected":false},"author":11,"featured_media":0,"parent":0,"menu_order":0,"comment_status":"open","ping_status":"open","template":"","meta":{"colormag_page_container_layout":"default_layout","colormag_page_sidebar_layout":"default_layout","ngg_post_thumbnail":0,"footnotes":""},"class_list":["post-3289","page","type-page","status-publish","hentry"],"_links":{"self":[{"href":"https:\/\/yamayurikai-subs.eu\/index.php?rest_route=\/wp\/v2\/pages\/3289","targetHints":{"allow":["GET"]}}],"collection":[{"href":"https:\/\/yamayurikai-subs.eu\/index.php?rest_route=\/wp\/v2\/pages"}],"about":[{"href":"https:\/\/yamayurikai-subs.eu\/index.php?rest_route=\/wp\/v2\/types\/page"}],"author":[{"embeddable":true,"href":"https:\/\/yamayurikai-subs.eu\/index.php?rest_route=\/wp\/v2\/users\/11"}],"replies":[{"embeddable":true,"href":"https:\/\/yamayurikai-subs.eu\/index.php?rest_route=%2Fwp%2Fv2%2Fcomments&post=3289"}],"version-history":[{"count":1,"href":"https:\/\/yamayurikai-subs.eu\/index.php?rest_route=\/wp\/v2\/pages\/3289\/revisions"}],"predecessor-version":[{"id":3290,"href":"https:\/\/yamayurikai-subs.eu\/index.php?rest_route=\/wp\/v2\/pages\/3289\/revisions\/3290"}],"wp:attachment":[{"href":"https:\/\/yamayurikai-subs.eu\/index.php?rest_route=%2Fwp%2Fv2%2Fmedia&parent=3289"}],"curies":[{"name":"wp","href":"https:\/\/api.w.org\/{rel}","templated":true}]}}