{"id":326,"date":"2010-07-09T01:01:34","date_gmt":"2010-07-09T01:01:34","guid":{"rendered":"https:\/\/yks.brb.re\/?page_id=326"},"modified":"2011-09-10T19:19:03","modified_gmt":"2011-09-10T19:19:03","slug":"kininaru-roommate","status":"publish","type":"page","link":"https:\/\/yamayurikai-subs.eu\/?page_id=326","title":{"rendered":"Kininaru Roommate"},"content":{"rendered":"\n<table id=\"wp-table-reloaded-id-40-no-1\" class=\"wp-table-reloaded wp-table-reloaded-id-40\">\n<thead>\n\t<tr class=\"row-1 odd\">\n\t\t<th class=\"column-1\"><center><a href=\"http:\/\/yamayurikai-subs.eu\/wp-content\/uploads\/2010\/07\/Roomi-Projektbeschreibung.png\"><img loading=\"lazy\" decoding=\"async\" src=\"http:\/\/yamayurikai-subs.eu\/wp-content\/uploads\/2010\/07\/Roomi-Projektbeschreibung-201x300.png\" alt=\"\" title=\"Roomi-Projektbeschreibung\" width=\"201\" height=\"300\" class=\"aligncenter size-medium wp-image-325\" srcset=\"https:\/\/yamayurikai-subs.eu\/wp-content\/uploads\/2010\/07\/Roomi-Projektbeschreibung-201x300.png 201w, https:\/\/yamayurikai-subs.eu\/wp-content\/uploads\/2010\/07\/Roomi-Projektbeschreibung.png 252w\" sizes=\"auto, (max-width: 201px) 100vw, 201px\" \/><\/a><\/th><th class=\"column-2\"><b>Originaltitel:<\/b> \u6c17\u306b\u306a\u308b\u30eb\u30fc\u30e0\u30e1\u30a4\u30c8<br \/>\r\n<b>Episoden:<\/b> 2<br \/>\r\n<b>Erscheinungsjahr:<\/b> 2005<br \/>\r\n<b>Genre\t:<\/b> Adult, Hentai<br \/><br \/>\r\n<u><b>Team:<\/u><\/b><br \/>\r\n<b>\u00dcbersetzung:<\/b> Kasseopaya<br \/>\r\n<b>Zeitsetzung:<\/b> Kasseopaya<br \/>\r\n<b>Schriftgestaltung:<\/b> Kasseopaya<br \/>\r\n<b>Fehlerkorrektur:<\/b> Stalker<br \/>\r\n<b>QC:<\/b> Akropolis, Chikane<br \/>\r\n<b>Karaoke-FX:<\/b> -<br \/>\r\n<b>Karaoke-Zeiten:<\/b> -<br \/>\r\n<b>Medienerstellung:<\/b> hendi <br><br \/>\r\n<u><b>Releaseinfos<\/u><\/b><br \/>\r\nVideo: AVI<br \/>\r\nContainer: XviD<br \/>\r\nAufl\u00f6sung: 640x480<br \/>\r\nAudio: mp3<\/th>\n\t<\/tr>\n<\/thead>\n<tbody>\n\t<tr class=\"row-2 even\">\n\t\t<td colspan=\"2\" class=\"column-1 colspan-2\">Suguru hat sich mit einer Notl\u00fcge gegen\u00fcber seiner Freundin ganz sch\u00f6nen \u00c4rger eingehandelt - er hat ihr vorgeschwindelt die Aufnahmepr\u00fcfung zum College bestanden zu haben, weil sie ihn mit einem Sch\u00e4ferst\u00fcndchen belohnen wollte. Als sie den Betrug heraus findet, macht sie Schluss mit ihm.<br \/>\r\nEr nimmt sich vor Tag und Nacht zu lernen, um doch noch die Pr\u00fcfung zu schaffen. Schon bald hat er aber v\u00f6llig unerwartet eine neue Mitbewohnerin und ist hin und her gerissen zwischen seinen Studien, um seine Freundin zur\u00fcck zu gewinnen und der neuen hei\u00dfen Mitbewohnerin...<br \/>\r\nQuelle: aniSearch<\/td>\n\t<\/tr>\n<\/tbody>\n<\/table>\n\n<span style=\"font-size: large;\"><span style=\"color: purple;\">Screenshots:<\/span><\/span><br \/>\nngg_shortcode_0_placeholder\n<span style=\"font-size: large;\"><span style=\"color: purple;\">Releaseinfos:<\/span><\/span><br \/>\n\n<table id=\"wp-table-reloaded-id-41-no-1\" class=\"wp-table-reloaded wp-table-reloaded-id-41\">\n<thead>\n\t<tr class=\"row-1 odd\">\n\t\t<th class=\"column-1\"><font  \tcolor=\"purple\">#<\/font><\/th><th class=\"column-2\"><font  \tcolor=\"purple\">Episodentitel<\/font><\/th><th class=\"column-3\"><font  \tcolor=\"purple\">Release<\/font><\/th><th class=\"column-4\"><font  \tcolor=\"purple\">Torrent<\/font><\/th>\n\t<\/tr>\n<\/thead>\n<tbody>\n\t<tr class=\"row-2 even\">\n\t\t<td class=\"column-1\">01<\/td><td class=\"column-2\">Room 1<\/td><td class=\"column-3\">02.02.2009<\/td><td class=\"column-4\"><\/td>\n\t<\/tr>\n\t<tr class=\"row-3 odd\">\n\t\t<td class=\"column-1\">02<\/td><td class=\"column-2\">Room 2<\/td><td class=\"column-3\">05.02.2009<\/td><td class=\"column-4\"><center><a href=\"http:\/\/ani-tsuzuki.net:6969\/torrents\/47f37eb8248b44ebeb9536ebf453025eee3d01b7.torrent\"><img loading=\"lazy\" decoding=\"async\" src=\"http:\/\/yamayurikai-subs.eu\/wp-content\/uploads\/2010\/07\/torrent.png\" alt=\"\" title=\"torrent\" width=\"50\" height=\"15\" class=\"aligncenter size-full wp-image-365\" \/><\/a> Batch<\/td>\n\t<\/tr>\n<\/tbody>\n<\/table>\n\n<span style=\"font-size: large;\"><span style=\"color: purple;\">Dieser Hentai ist f\u00fcr Kinder und Jugendliche unter 18 Jahren nicht geeignet. Wenn ihr euch das Passwort anzeigen lasst, best\u00e4tigt ihr, dass ihr das 18. Lebensjahr erreicht habt.<br \/>\n<\/span><br \/>\n\n<div class='easySpoilerWrapper' style='border-color:#FFFFFF;'>\n<table class='easySpoilerTable' border='0' style='text-align:center;' align='center' bgcolor='FFFFFF' >\n\n<tr style='white-space:normal;'>\n<th class='easySpoilerTitleA' style='white-space:normal;font-weight:normal;text-align:left;vertical-align:middle;font-size:80%;background-color:#FADCFA;background-image:none;border-color:#FFFFFF;color:#B029A7;'>Ich habe das 18. Lebensjahr vollendet?<\/th>\n<th class='easySpoilerTitleB'style='text-align:right;vertical-align:middle;font-size:100%;background-color:#FADCFA;background-image:none;border-color:#FFFFFF; white-space:nowrap;'><a href='' onclick='wpSpoilerSelect(\"spoilerDiv4a818001\"); return false;' class='easySpoilerButtonOther' style='font-size:100%;color:#black;background-color:#FFFFFF;background-image:none;border: 1px inset;border-style:solid;border-color:#A6289E; margin: 3px 0px 3px; padding: 4px; ' align='right'>x<\/a><a href='' onclick='wpSpoilerToggle(\"spoilerDiv4a818001\",true,\"Na klar!\",\"Verstecken\",\"slow\",false); return false;' id='spoilerDiv4a818001_action' class='easySpoilerButton' value=\"Na klar!\" align='right' style='font-size:100%;color:#black;background-color:#FFFFFF;background-image:none;border: 1px inset;border-style:solid;border-color:#A6289E; margin: 3px 0px 3px 5px; padding: 4px;'>Na klar!<\/><\/th>\n<\/tr>\n<tr><td class='easySpoilerRow' colspan='2' style='border-color:#FFFFFF;'><div id='spoilerDiv4a818001' class='easySpoilerSpoils'  style='display:none; white-space:wrap; overflow:auto; vertical-align:middle;background-color:#black;background-image:none;color:#000000;border-color:#FFFFFF;'>\nrattig18\n<\/div><\/td><\/tr>\n<\/table>\n<div class='easySpoilerConclude' style='border-color:#FFFFFF;'><table class='easySpoilerTable' border='0' style='text-align:center;' frame='box' align='center' bgcolor='FFFFFF'><tr><th class='easySpoilerEnd' style='width:100%;background-color:#FADCFA;background-image:none;border-color:#FFFFFF;'><\/th><td class='easySpoilerEnd' style='white-space:nowrap;background-color:#FADCFA;background-image:none;border-color:#FFFFFF;' colspan='2'><\/td><\/tr><tr><td class='easySpoilerGroupWrapperLastRow' colspan='2' style='background-color:#FADCFA;background-image:none;border-color:#FFFFFF;'><\/td><\/tr><\/table><\/div>\n<\/div>\n<\/span><\/p>\n","protected":false},"excerpt":{"rendered":"<p>Screenshots: Releaseinfos: Dieser Hentai ist f\u00fcr Kinder und Jugendliche unter 18 Jahren nicht geeignet. Wenn ihr euch das Passwort anzeigen<\/p>\n","protected":false},"author":11,"featured_media":0,"parent":0,"menu_order":0,"comment_status":"open","ping_status":"open","template":"","meta":{"colormag_page_container_layout":"default_layout","colormag_page_sidebar_layout":"default_layout","ngg_post_thumbnail":0,"footnotes":""},"class_list":["post-326","page","type-page","status-publish","hentry"],"_links":{"self":[{"href":"https:\/\/yamayurikai-subs.eu\/index.php?rest_route=\/wp\/v2\/pages\/326","targetHints":{"allow":["GET"]}}],"collection":[{"href":"https:\/\/yamayurikai-subs.eu\/index.php?rest_route=\/wp\/v2\/pages"}],"about":[{"href":"https:\/\/yamayurikai-subs.eu\/index.php?rest_route=\/wp\/v2\/types\/page"}],"author":[{"embeddable":true,"href":"https:\/\/yamayurikai-subs.eu\/index.php?rest_route=\/wp\/v2\/users\/11"}],"replies":[{"embeddable":true,"href":"https:\/\/yamayurikai-subs.eu\/index.php?rest_route=%2Fwp%2Fv2%2Fcomments&post=326"}],"version-history":[{"count":4,"href":"https:\/\/yamayurikai-subs.eu\/index.php?rest_route=\/wp\/v2\/pages\/326\/revisions"}],"predecessor-version":[{"id":1267,"href":"https:\/\/yamayurikai-subs.eu\/index.php?rest_route=\/wp\/v2\/pages\/326\/revisions\/1267"}],"wp:attachment":[{"href":"https:\/\/yamayurikai-subs.eu\/index.php?rest_route=%2Fwp%2Fv2%2Fmedia&parent=326"}],"curies":[{"name":"wp","href":"https:\/\/api.w.org\/{rel}","templated":true}]}}