{"id":3231,"date":"2013-12-06T21:01:46","date_gmt":"2013-12-06T19:01:46","guid":{"rendered":"https:\/\/yks.brb.re\/?page_id=3231"},"modified":"2013-12-06T21:01:46","modified_gmt":"2013-12-06T19:01:46","slug":"queen-millennia-movie","status":"publish","type":"page","link":"https:\/\/yamayurikai-subs.eu\/?page_id=3231","title":{"rendered":"Queen Millennia Movie"},"content":{"rendered":"\n<table id=\"wp-table-reloaded-id-177-no-1\" class=\"wp-table-reloaded wp-table-reloaded-id-177\">\n<thead>\n\t<tr class=\"row-1 odd\">\n\t\t<th class=\"column-1\"><center><a href=\"http:\/\/yamayurikai-subs.eu\/?attachment_id=3235\" rel=\"attachment wp-att-3235\"><img loading=\"lazy\" decoding=\"async\" src=\"http:\/\/yamayurikai-subs.eu\/wp-content\/uploads\/2013\/12\/milleniaMovie-Projekt.png\" alt=\"\" width=\"201\" height=\"300\" class=\"aligncenter size-full wp-image-3235\" \/><\/a><\/th><th class=\"column-2\"><b>Originaltitel:<\/b>\u65b0\u7af9\u53d6\u7269\u8a9e\u30fb1000\u5e74\u5973\u738b<br \/>\r\n<b>Episoden:<\/b> 01<br \/>\r\n<b>Erscheinungsjahr:<\/b> 1982<br \/>\r\n<b>Genre:<\/b> Drama, Sci-Fi, Weltuntergang<br \/><br \/>\r\n<u><b>Team:<\/u><\/b><br \/>\r\n<b>\u00dcbersetzung:<\/b> mia<br \/>\r\n<b>Zeitsetzung:<\/b> Kasseopaya<br \/>\r\n<b>Karaoke-Zeiten:<\/b> mia<br \/>\r\n<b>Karaoke-FX:<\/b> Kasseopaya<br \/>\r\n<b>Schriftgestaltung:<\/b> mia<br \/>\r\n<b>Logo:<\/b> KamiKarin<br \/>\r\n<b>Fehlerkorrektur:<\/b> Kasseopaya<br \/>\r\n<b>QC:<\/b> nemui, KamiKarin, Calvino<br \/>\r\n<b>Medienerstellung:<\/b> Sola <br><br \/>\r\n<u><b>Releaseinfos<\/u><\/b><br \/>\r\nVideo: mkv<br \/>\r\nContainer: x264, Hi10P<br \/>\r\nAufl\u00f6sung: 864x480<br \/>\r\nAudio: AAC<\/th>\n\t<\/tr>\n<\/thead>\n<tbody>\n\t<tr class=\"row-2 even\">\n\t\t<td colspan=\"2\" class=\"column-1 colspan-2\">Alle 1000 Jahre kommt der Planet La Metal der Erde sehr nahe und wird im Jahre 1999 mit ihr kollidieren. La Metal ist der Heimatplanet von Yayoi Yukino, der K\u00f6nigin der tausend Jahre. Sie arbeitet tags\u00fcber als Lehrerin an einer Schule und jobbt halbtags in der Sternwarte. Als K\u00f6nigin der tausend Jahre soll sie, ohne R\u00fccksicht auf die Erdbev\u00f6lkerung, die Ankunft ihres Heimatplaneten vorbereiten, der erst durch die Ann\u00e4herung an die Sonne auftaut und die Bewohner aus ihrem \u201eWinterschlaf\u201c erweckt. W\u00e4hrend ihrer tausendj\u00e4hrigen Herrschaft, wachsen ihr aber die Erdlinge ans Herz und als sie erf\u00e4hrt, dass La Metal die Erdbev\u00f6lkerung von der Erde vertreiben will, versucht sie zusammen mit Hajime, Professor Amamori, Yamori und vielen Verb\u00fcndeten dies zu verhindern. Eine gro\u00dfe Schlacht gegen die Streitmacht La Metals steht bevor. Wo sich Yayoi gegen ihre Heimat f\u00fcr die Erde entscheidet\u2026 Die Zukunft der Erde steht auf dem Spiel\u2026<br \/>\r\n<br \/>\r\nEin Anime-Klassiker aus dem Jahre 1982, der in Deutschland noch nicht ver\u00f6ffentlicht wurde. Die Rahmenhandlung lehnt sich an die TV-Serie an, aber die Geschichte wird komplett neu und anders erz\u00e4hlt.<br \/>\r\nQuelle: aniSearch<br \/>\r\n<b><font color=\"purple\">In Kooperation mit:<\/font><\/b><br \/>\r\n<a href=\"http:\/\/www.nanaone.net\/\"><img loading=\"lazy\" decoding=\"async\" src=\"http:\/\/yamayurikai-subs.eu\/wp-content\/uploads\/2010\/08\/nanaone_link.png\" alt=\"\" title=\"nanaone_link\" width=\"190\" height=\"60\" class=\"aligncenter size-full wp-image-400\" \/><\/a> <\/td>\n\t<\/tr>\n<\/tbody>\n<\/table>\n\nScreenshots:<br \/>\nngg_shortcode_0_placeholder\nReleaseinfos:<br \/>\n\n<table id=\"wp-table-reloaded-id-178-no-1\" class=\"wp-table-reloaded wp-table-reloaded-id-178\">\n<thead>\n\t<tr class=\"row-1 odd\">\n\t\t<th class=\"column-1\"><font  \tcolor=\"purple\">#<\/font><\/th><th class=\"column-2\"><font  \tcolor=\"purple\">Episodentitel<\/font><\/th><th class=\"column-3\"><font  \tcolor=\"purple\">Release<\/font><\/th><th class=\"column-4\"><font  \tcolor=\"purple\">Torrent<\/font><\/th>\n\t<\/tr>\n<\/thead>\n<tbody>\n\t<tr class=\"row-2 even\">\n\t\t<td class=\"column-1\">01<\/td><td class=\"column-2\">Queen Millennia Movie<\/td><td class=\"column-3\">06.12.2013<\/td><td class=\"column-4\"><center><a href=\"http:\/\/ani-tsuzuki.net:6969\/torrents\/ef811d8ee28cfb0f2647cb4b43863b23ea96f471.torrent\"><img loading=\"lazy\" decoding=\"async\" src=\"http:\/\/yamayurikai-subs.eu\/wp-content\/uploads\/2010\/07\/torrent.png\" alt=\"\" title=\"torrent\" width=\"50\" height=\"15\" class=\"aligncenter size-full wp-image-365\" \/><\/a><\/td>\n\t<\/tr>\n<\/tbody>\n<\/table>\n\n","protected":false},"excerpt":{"rendered":"<p>Screenshots: Releaseinfos:<\/p>\n","protected":false},"author":11,"featured_media":0,"parent":0,"menu_order":0,"comment_status":"open","ping_status":"open","template":"","meta":{"colormag_page_container_layout":"default_layout","colormag_page_sidebar_layout":"default_layout","ngg_post_thumbnail":0,"footnotes":""},"class_list":["post-3231","page","type-page","status-publish","hentry"],"_links":{"self":[{"href":"https:\/\/yamayurikai-subs.eu\/index.php?rest_route=\/wp\/v2\/pages\/3231","targetHints":{"allow":["GET"]}}],"collection":[{"href":"https:\/\/yamayurikai-subs.eu\/index.php?rest_route=\/wp\/v2\/pages"}],"about":[{"href":"https:\/\/yamayurikai-subs.eu\/index.php?rest_route=\/wp\/v2\/types\/page"}],"author":[{"embeddable":true,"href":"https:\/\/yamayurikai-subs.eu\/index.php?rest_route=\/wp\/v2\/users\/11"}],"replies":[{"embeddable":true,"href":"https:\/\/yamayurikai-subs.eu\/index.php?rest_route=%2Fwp%2Fv2%2Fcomments&post=3231"}],"version-history":[{"count":1,"href":"https:\/\/yamayurikai-subs.eu\/index.php?rest_route=\/wp\/v2\/pages\/3231\/revisions"}],"predecessor-version":[{"id":3233,"href":"https:\/\/yamayurikai-subs.eu\/index.php?rest_route=\/wp\/v2\/pages\/3231\/revisions\/3233"}],"wp:attachment":[{"href":"https:\/\/yamayurikai-subs.eu\/index.php?rest_route=%2Fwp%2Fv2%2Fmedia&parent=3231"}],"curies":[{"name":"wp","href":"https:\/\/api.w.org\/{rel}","templated":true}]}}