{"id":316,"date":"2010-07-09T00:28:43","date_gmt":"2010-07-09T00:28:43","guid":{"rendered":"https:\/\/yks.brb.re\/?page_id=316"},"modified":"2019-11-11T23:11:55","modified_gmt":"2019-11-11T22:11:55","slug":"ai-wa-kagi-no-kazu-dake","status":"publish","type":"page","link":"https:\/\/yamayurikai-subs.eu\/?page_id=316","title":{"rendered":"Ai wa Kagi no Kazu Dake"},"content":{"rendered":"<span class=\"su-frame su-frame-align-left su-frame-style-default\"><span class=\"su-frame-inner\"><img loading=\"lazy\" decoding=\"async\" class=\" size-full wp-image-3758 alignleft\" src=\"https:\/\/yks.brb.re\/wp-content\/uploads\/2016\/03\/Keys-Projektbeschreibung-201x300.png\" alt=\"Keys-Projektbeschreibung-201x300\" width=\"201\" height=\"300\"><\/span><\/span>\n<h4>Ai wa Kagi no Kazu Dake<\/h4>\n<span class=\"su-label su-label-type-warning\">Adult<\/span><span class=\"su-label su-label-type-warning\">Hentai<\/span>\n<p><b>Originaltitel:<\/b> \u611b\u306f\u9375\u306e\u6570\u3060\u3051<br \/>\n<b>Episoden:<\/b> 1<br \/>\n<b>Erscheinungsjahr:<\/b> 2002<\/p>\n<h5>Releaseinfos<\/h5>\n<p><strong>Video:<\/strong> AVI<br \/>\n<strong>Container:<\/strong> XviD<br \/>\n<strong>Aufl\u00f6sung:<\/strong> 640&#215;480<br \/>\n<strong>Audio:<\/strong> mp3<\/p>\n<h5>Download<\/h5>\n<a href=\"https:\/\/yks.brb.re\/?p=8211\" class=\"su-button su-button-style-soft\" style=\"color:#FFFFFF;background-color:#59C16E;border-color:#489b58;border-radius:5px\" target=\"_blank\" rel=\"noopener noreferrer\"><span style=\"color:#FFFFFF;padding:6px 16px;font-size:13px;line-height:20px;border-color:#8bd49a;border-radius:5px;text-shadow:none\"><img decoding=\"async\" src=\"https:\/\/yks.brb.re\/wp-content\/uploads\/2015\/06\/download21.png\" alt=\"&lt;b&gt;Torrent&lt;\/b&gt;\" style=\"width:20px;height:20px\" \/> <b>Torrent<\/b><\/span><\/a> <a href=\"https:\/\/yks.brb.re\/ddl\/\" class=\"su-button su-button-style-soft\" style=\"color:#FFFFFF;background-color:#EE484D;border-color:#bf3a3e;border-radius:5px\" target=\"_blank\" rel=\"noopener noreferrer\"><span style=\"color:#FFFFFF;padding:6px 16px;font-size:13px;line-height:20px;border-color:#f47f83;border-radius:5px;text-shadow:none\"><img decoding=\"async\" src=\"https:\/\/yks.brb.re\/wp-content\/uploads\/2015\/06\/download11.png\" alt=\"&lt;b&gt;DDL&lt;\/b&gt;\" style=\"width:20px;height:20px\" \/> <b>DDL<\/b><\/span><\/a>\n<div class=\"su-divider su-divider-style-dashed\" style=\"margin:15px 0;border-width:1px;border-color:#999999\"><\/div>\n<h5>Beschreibung<\/h5>\n<blockquote><p>Jyun lebt zum ersten Mal alleine in einer eigenen Wohnung und arbeitet in dem Geb\u00e4ude als stellvertretender Hausmeister. Schon bald l\u00fcftet er beim Spannen das Geheimnis dieses Mehrfamilienhauses: Hier werden erotische Dienstleistungen angeboten. Die Damen machen das allerdings nicht gegen Geld, sondern aus reinem Vergn\u00fcgen. Sumire, die Hausmeisterin und das gr\u00f6\u00dfte Luder weit und breit, weiht ihn in dieses Geheimnis mit Haut und Haaren ein.<\/p><\/blockquote>\n<p><b>Dieser Hentai ist f\u00fcr Kinder und Jugendliche unter 18 Jahren nicht geeignet. Wenn ihr euch das Passwort anzeigen lasst, best\u00e4tigt ihr, dass ihr das 18. Lebensjahr erreicht habt.<\/b><br \/>\n\n<div class='easySpoilerWrapper' style='border-color:#FFFFFF;'>\n<table class='easySpoilerTable' border='0' style='text-align:center;' align='center' bgcolor='FFFFFF' >\n\n<tr style='white-space:normal;'>\n<th class='easySpoilerTitleA' style='white-space:normal;font-weight:normal;text-align:left;vertical-align:middle;font-size:80%;background-color:#FADCFA;background-image:none;border-color:#FFFFFF;color:#B029A7;'>Ich habe das 18. Lebensjahr vollendet?<\/th>\n<th class='easySpoilerTitleB'style='text-align:right;vertical-align:middle;font-size:100%;background-color:#FADCFA;background-image:none;border-color:#FFFFFF; white-space:nowrap;'><a href='' onclick='wpSpoilerSelect(\"spoilerDiv553e8001\"); return false;' class='easySpoilerButtonOther' style='font-size:100%;color:#black;background-color:#FFFFFF;background-image:none;border: 1px inset;border-style:solid;border-color:#A6289E; margin: 3px 0px 3px; padding: 4px; ' align='right'>x<\/a><a href='' onclick='wpSpoilerToggle(\"spoilerDiv553e8001\",true,\"Na klar!\",\"Verstecken\",\"slow\",false); return false;' id='spoilerDiv553e8001_action' class='easySpoilerButton' value=\"Na klar!\" align='right' style='font-size:100%;color:#black;background-color:#FFFFFF;background-image:none;border: 1px inset;border-style:solid;border-color:#A6289E; margin: 3px 0px 3px 5px; padding: 4px;'>Na klar!<\/><\/th>\n<\/tr>\n<tr><td class='easySpoilerRow' colspan='2' style='border-color:#FFFFFF;'><div id='spoilerDiv553e8001' class='easySpoilerSpoils'  style='display:none; white-space:wrap; overflow:auto; vertical-align:middle;background-color:#black;background-image:none;color:#000000;border-color:#FFFFFF;'>\neropaya16\n<\/div><\/td><\/tr>\n<\/table>\n<div class='easySpoilerConclude' style='border-color:#FFFFFF;'><table class='easySpoilerTable' border='0' style='text-align:center;' frame='box' align='center' bgcolor='FFFFFF'><tr><th class='easySpoilerEnd' style='width:100%;background-color:#FADCFA;background-image:none;border-color:#FFFFFF;'><\/th><td class='easySpoilerEnd' style='white-space:nowrap;background-color:#FADCFA;background-image:none;border-color:#FFFFFF;' colspan='2'><\/td><\/tr><tr><td class='easySpoilerGroupWrapperLastRow' colspan='2' style='background-color:#FADCFA;background-image:none;border-color:#FFFFFF;'><\/td><\/tr><\/table><\/div>\n<\/div>\n\n<div class=\"su-divider su-divider-style-dashed\" style=\"margin:15px 0;border-width:1px;border-color:#999999\"><\/div>\n<h5>Screenshots<\/h5>\n<div class=\"su-custom-gallery su-custom-gallery-align-left su-custom-gallery-title-never su-lightbox-gallery\"><div class=\"su-custom-gallery-slide\" style=\"width:135px;height:135px\"><a href=\"https:\/\/yamayurikai-subs.eu\/wp-content\/uploads\/2016\/03\/ykslove_is_the_number_of_keys_e127a90c-avi_snapshot_08-58_2010-07-09_02-39-31.png\" title=\"ykslove_is_the_number_of_keys_e127a90c-avi_snapshot_08-58_2010-07-09_02-39-31\"><img loading=\"lazy\" decoding=\"async\" src=\"https:\/\/yamayurikai-subs.eu\/wp-content\/uploads\/2016\/03\/ykslove_is_the_number_of_keys_e127a90c-avi_snapshot_08-58_2010-07-09_02-39-31-135x135.png\" alt=\"ykslove_is_the_number_of_keys_e127a90c-avi_snapshot_08-58_2010-07-09_02-39-31\" width=\"135\" height=\"135\" \/><span class=\"su-custom-gallery-title\">ykslove_is_the_number_of_keys_e127a90c-avi_snapshot_08-58_2010-07-09_02-39-31<\/span><\/a><\/div><div class=\"su-custom-gallery-slide\" style=\"width:135px;height:135px\"><a href=\"https:\/\/yamayurikai-subs.eu\/wp-content\/uploads\/2016\/03\/ykslove_is_the_number_of_keys_e127a90c-avi_snapshot_11-40_2010-07-09_02-39-25.png\" title=\"ykslove_is_the_number_of_keys_e127a90c-avi_snapshot_11-40_2010-07-09_02-39-25\"><img loading=\"lazy\" decoding=\"async\" src=\"https:\/\/yamayurikai-subs.eu\/wp-content\/uploads\/2016\/03\/ykslove_is_the_number_of_keys_e127a90c-avi_snapshot_11-40_2010-07-09_02-39-25-135x135.png\" alt=\"ykslove_is_the_number_of_keys_e127a90c-avi_snapshot_11-40_2010-07-09_02-39-25\" width=\"135\" height=\"135\" \/><span class=\"su-custom-gallery-title\">ykslove_is_the_number_of_keys_e127a90c-avi_snapshot_11-40_2010-07-09_02-39-25<\/span><\/a><\/div><div class=\"su-custom-gallery-slide\" style=\"width:135px;height:135px\"><a href=\"https:\/\/yamayurikai-subs.eu\/wp-content\/uploads\/2016\/03\/ykslove_is_the_number_of_keys_e127a90c-avi_snapshot_15-07_2010-07-09_02-39-10.png\" title=\"ykslove_is_the_number_of_keys_e127a90c-avi_snapshot_15-07_2010-07-09_02-39-10\"><img loading=\"lazy\" decoding=\"async\" src=\"https:\/\/yamayurikai-subs.eu\/wp-content\/uploads\/2016\/03\/ykslove_is_the_number_of_keys_e127a90c-avi_snapshot_15-07_2010-07-09_02-39-10-135x135.png\" alt=\"ykslove_is_the_number_of_keys_e127a90c-avi_snapshot_15-07_2010-07-09_02-39-10\" width=\"135\" height=\"135\" \/><span class=\"su-custom-gallery-title\">ykslove_is_the_number_of_keys_e127a90c-avi_snapshot_15-07_2010-07-09_02-39-10<\/span><\/a><\/div><div class=\"su-custom-gallery-slide\" style=\"width:135px;height:135px\"><a href=\"https:\/\/yamayurikai-subs.eu\/wp-content\/uploads\/2016\/03\/ykslove_is_the_number_of_keys_e127a90c-avi_snapshot_15-52_2010-07-09_02-39-07.png\" title=\"ykslove_is_the_number_of_keys_e127a90c-avi_snapshot_15-52_2010-07-09_02-39-07\"><img loading=\"lazy\" decoding=\"async\" src=\"https:\/\/yamayurikai-subs.eu\/wp-content\/uploads\/2016\/03\/ykslove_is_the_number_of_keys_e127a90c-avi_snapshot_15-52_2010-07-09_02-39-07-135x135.png\" alt=\"ykslove_is_the_number_of_keys_e127a90c-avi_snapshot_15-52_2010-07-09_02-39-07\" width=\"135\" height=\"135\" \/><span class=\"su-custom-gallery-title\">ykslove_is_the_number_of_keys_e127a90c-avi_snapshot_15-52_2010-07-09_02-39-07<\/span><\/a><\/div><div class=\"su-custom-gallery-slide\" style=\"width:135px;height:135px\"><a href=\"https:\/\/yamayurikai-subs.eu\/wp-content\/uploads\/2016\/03\/ykslove_is_the_number_of_keys_e127a90c-avi_snapshot_01-22_2010-07-09_02-39-53.png\" title=\"ykslove_is_the_number_of_keys_e127a90c-avi_snapshot_01-22_2010-07-09_02-39-53\"><img loading=\"lazy\" decoding=\"async\" src=\"https:\/\/yamayurikai-subs.eu\/wp-content\/uploads\/2016\/03\/ykslove_is_the_number_of_keys_e127a90c-avi_snapshot_01-22_2010-07-09_02-39-53-135x135.png\" alt=\"ykslove_is_the_number_of_keys_e127a90c-avi_snapshot_01-22_2010-07-09_02-39-53\" width=\"135\" height=\"135\" \/><span class=\"su-custom-gallery-title\">ykslove_is_the_number_of_keys_e127a90c-avi_snapshot_01-22_2010-07-09_02-39-53<\/span><\/a><\/div><div class=\"su-custom-gallery-slide\" style=\"width:135px;height:135px\"><a href=\"https:\/\/yamayurikai-subs.eu\/wp-content\/uploads\/2016\/03\/ykslove_is_the_number_of_keys_e127a90c-avi_snapshot_22-12_2010-07-09_02-39-00.png\" title=\"ykslove_is_the_number_of_keys_e127a90c-avi_snapshot_22-12_2010-07-09_02-39-00\"><img loading=\"lazy\" decoding=\"async\" src=\"https:\/\/yamayurikai-subs.eu\/wp-content\/uploads\/2016\/03\/ykslove_is_the_number_of_keys_e127a90c-avi_snapshot_22-12_2010-07-09_02-39-00-135x135.png\" alt=\"ykslove_is_the_number_of_keys_e127a90c-avi_snapshot_22-12_2010-07-09_02-39-00\" width=\"135\" height=\"135\" \/><span class=\"su-custom-gallery-title\">ykslove_is_the_number_of_keys_e127a90c-avi_snapshot_22-12_2010-07-09_02-39-00<\/span><\/a><\/div><div class=\"su-custom-gallery-slide\" style=\"width:135px;height:135px\"><a href=\"https:\/\/yamayurikai-subs.eu\/wp-content\/uploads\/2016\/03\/ykslove_is_the_number_of_keys_e127a90c-avi_snapshot_27-41_2010-07-09_02-38-54.png\" title=\"ykslove_is_the_number_of_keys_e127a90c-avi_snapshot_27-41_2010-07-09_02-38-54\"><img loading=\"lazy\" decoding=\"async\" src=\"https:\/\/yamayurikai-subs.eu\/wp-content\/uploads\/2016\/03\/ykslove_is_the_number_of_keys_e127a90c-avi_snapshot_27-41_2010-07-09_02-38-54-135x135.png\" alt=\"ykslove_is_the_number_of_keys_e127a90c-avi_snapshot_27-41_2010-07-09_02-38-54\" width=\"135\" height=\"135\" \/><span class=\"su-custom-gallery-title\">ykslove_is_the_number_of_keys_e127a90c-avi_snapshot_27-41_2010-07-09_02-38-54<\/span><\/a><\/div><div class=\"su-custom-gallery-slide\" style=\"width:135px;height:135px\"><a href=\"https:\/\/yamayurikai-subs.eu\/wp-content\/uploads\/2016\/03\/ykslove_is_the_number_of_keys_e127a90c-avi_snapshot_07-18_2010-07-09_02-39-35.png\" title=\"ykslove_is_the_number_of_keys_e127a90c-avi_snapshot_07-18_2010-07-09_02-39-35\"><img loading=\"lazy\" decoding=\"async\" src=\"https:\/\/yamayurikai-subs.eu\/wp-content\/uploads\/2016\/03\/ykslove_is_the_number_of_keys_e127a90c-avi_snapshot_07-18_2010-07-09_02-39-35-135x135.png\" alt=\"ykslove_is_the_number_of_keys_e127a90c-avi_snapshot_07-18_2010-07-09_02-39-35\" width=\"135\" height=\"135\" \/><span class=\"su-custom-gallery-title\">ykslove_is_the_number_of_keys_e127a90c-avi_snapshot_07-18_2010-07-09_02-39-35<\/span><\/a><\/div><div class=\"su-clear\"><\/div><\/div>\n","protected":false},"excerpt":{"rendered":"<p>Ai wa Kagi no Kazu Dake Originaltitel: \u611b\u306f\u9375\u306e\u6570\u3060\u3051 Episoden: 1 Erscheinungsjahr: 2002 Releaseinfos Video: AVI Container: XviD Aufl\u00f6sung: 640&#215;480 Audio:<\/p>\n","protected":false},"author":11,"featured_media":0,"parent":0,"menu_order":0,"comment_status":"open","ping_status":"open","template":"","meta":{"colormag_page_container_layout":"default_layout","colormag_page_sidebar_layout":"default_layout","ngg_post_thumbnail":0,"footnotes":""},"class_list":["post-316","page","type-page","status-publish","hentry"],"_links":{"self":[{"href":"https:\/\/yamayurikai-subs.eu\/index.php?rest_route=\/wp\/v2\/pages\/316","targetHints":{"allow":["GET"]}}],"collection":[{"href":"https:\/\/yamayurikai-subs.eu\/index.php?rest_route=\/wp\/v2\/pages"}],"about":[{"href":"https:\/\/yamayurikai-subs.eu\/index.php?rest_route=\/wp\/v2\/types\/page"}],"author":[{"embeddable":true,"href":"https:\/\/yamayurikai-subs.eu\/index.php?rest_route=\/wp\/v2\/users\/11"}],"replies":[{"embeddable":true,"href":"https:\/\/yamayurikai-subs.eu\/index.php?rest_route=%2Fwp%2Fv2%2Fcomments&post=316"}],"version-history":[{"count":18,"href":"https:\/\/yamayurikai-subs.eu\/index.php?rest_route=\/wp\/v2\/pages\/316\/revisions"}],"predecessor-version":[{"id":12844,"href":"https:\/\/yamayurikai-subs.eu\/index.php?rest_route=\/wp\/v2\/pages\/316\/revisions\/12844"}],"wp:attachment":[{"href":"https:\/\/yamayurikai-subs.eu\/index.php?rest_route=%2Fwp%2Fv2%2Fmedia&parent=316"}],"curies":[{"name":"wp","href":"https:\/\/api.w.org\/{rel}","templated":true}]}}