{"id":313,"date":"2010-07-09T00:11:56","date_gmt":"2010-07-09T00:11:56","guid":{"rendered":"https:\/\/yks.brb.re\/?page_id=313"},"modified":"2010-08-09T17:13:33","modified_gmt":"2010-08-09T17:13:33","slug":"yakushiji-ryoko-no-kaiki-jikenbo","status":"publish","type":"page","link":"https:\/\/yamayurikai-subs.eu\/?page_id=313","title":{"rendered":"Yakushiji Ryoko no Kaiki Jikenbo"},"content":{"rendered":"\n<table id=\"wp-table-reloaded-id-34-no-1\" class=\"wp-table-reloaded wp-table-reloaded-id-34\">\n<thead>\n\t<tr class=\"row-1 odd\">\n\t\t<th class=\"column-1\"><center><a href=\"http:\/\/yamayurikai-subs.eu\/wp-content\/uploads\/2010\/07\/Ryoko-Projektbeschreibung.png\"><img loading=\"lazy\" decoding=\"async\" src=\"http:\/\/yamayurikai-subs.eu\/wp-content\/uploads\/2010\/07\/Ryoko-Projektbeschreibung-201x300.png\" alt=\"\" title=\"Ryoko-Projektbeschreibung\" width=\"201\" height=\"300\" class=\"aligncenter size-medium wp-image-312\" srcset=\"https:\/\/yamayurikai-subs.eu\/wp-content\/uploads\/2010\/07\/Ryoko-Projektbeschreibung-201x300.png 201w, https:\/\/yamayurikai-subs.eu\/wp-content\/uploads\/2010\/07\/Ryoko-Projektbeschreibung.png 252w\" sizes=\"auto, (max-width: 201px) 100vw, 201px\" \/><\/a><\/th><th class=\"column-2\"><b>Originaltitel:<\/b> \u85ac\u5e2b\u5bfa\u6dbc\u5b50\u306e\u602a\u5947\u4e8b\u4ef6\u7c3f<br \/>\r\n<b>Episoden:<\/b> 13<br \/>\r\n<b>Erscheinungsjahr:<\/b> 2008<br \/>\r\n<b>Genre\t:<\/b> Action, Detective, Mystery<br \/><br \/>\r\n<u><b>Team:<\/u><\/b><br \/>\r\n<b>\u00dcbersetzung:<\/b> mia<br \/>\r\n<b>Zeitsetzung:<\/b> Kasseopaya<br \/>\r\n<b>Schriftgestaltung:<\/b> Kasseopaya<br \/>\r\n<b>Fehlerkorrektur:<\/b> Kasseopaya<br \/>\r\n<b>QC:<\/b> Fr\u00fcchtechorb, Gebbi<br \/>\r\n<b>Karaoke-FX:<\/b> -<br \/>\r\n<b>Karaoke-Zeiten:<\/b> -<br \/>\r\n<b>Medienerstellung:<\/b> mia <br><br \/>\r\n<u><b>Releaseinfos<\/u><\/b><br \/>\r\nVideo: MKV<br \/>\r\nContainer: x264<br \/>\r\nAufl\u00f6sung: 864x480<br \/>\r\nAudio: Ogg<\/th>\n\t<\/tr>\n<\/thead>\n<tbody>\n\t<tr class=\"row-2 even\">\n\t\t<td colspan=\"2\" class=\"column-1 colspan-2\">Die Geschichte dreht sich um Ry\u014dko Yakushiji, einer brillianten 27-j\u00e4hrigen Ermittlerin der Tokio Metropolitan Police. Zusammen mit ihrer Untergebenen Junichir\u014d Izumida untersucht sie h\u00e4ufig F\u00e4lle, in denen das \u00dcbernat\u00fcrliche eine Rolle spielt. Au\u00dfer ihrer Besch\u00e4ftigung mit dem Paranormalen hat Ry\u014dko eine langj\u00e4hrige Rivalit\u00e4t mit Yukiko Muromachi, einem weiteren talentierten Ermittler.<br \/>\r\nQuelle: aniSearch<br \/>\r\n<b><font color=\"purple\">In Kooperation mit:<\/font><\/b><br \/>\r\n<a href=\"http:\/\/www.nanaone.net\/\"><img loading=\"lazy\" decoding=\"async\" src=\"http:\/\/yamayurikai-subs.eu\/wp-content\/uploads\/2010\/08\/nanaone_link.png\" alt=\"\" title=\"nanaone_link\" width=\"190\" height=\"60\" class=\"aligncenter size-full wp-image-400\" \/><\/a><\/td>\n\t<\/tr>\n<\/tbody>\n<\/table>\n\n<span style=\"font-size: large;\"><font color=\"purple\">Screenshots:<\/font><\/span><br \/>\nngg_shortcode_0_placeholder\n<span style=\"font-size: large;\"><font color=\"purple\">Releaseinfos:<\/font><\/span><br \/>\n\n<table id=\"wp-table-reloaded-id-35-no-1\" class=\"wp-table-reloaded wp-table-reloaded-id-35\">\n<thead>\n\t<tr class=\"row-1 odd\">\n\t\t<th class=\"column-1\"><font  \tcolor=\"purple\">#<\/font><\/th><th class=\"column-2\"><font  \tcolor=\"purple\">Episodentitel<\/font><\/th><th class=\"column-3\"><font  \tcolor=\"purple\">Release<\/font><\/th><th class=\"column-4\"><font  \tcolor=\"purple\">Torrent<\/font><\/th>\n\t<\/tr>\n<\/thead>\n<tbody>\n\t<tr class=\"row-2 even\">\n\t\t<td class=\"column-1\">01<\/td><td class=\"column-2\">Ginzas Verbrechensturm (1. Teil)<\/td><td class=\"column-3\">24.12.2009<\/td><td class=\"column-4\"><\/td>\n\t<\/tr>\n\t<tr class=\"row-3 odd\">\n\t\t<td class=\"column-1\">02<\/td><td class=\"column-2\">Ginzas Verbrechensturm (2. Teil)<\/td><td class=\"column-3\">24.12.2009<\/td><td class=\"column-4\"><\/td>\n\t<\/tr>\n\t<tr class=\"row-4 even\">\n\t\t<td class=\"column-1\">03<\/td><td class=\"column-2\">Sakuradamon-Fall<\/td><td class=\"column-3\">24.12.2009<\/td><td class=\"column-4\"><\/td>\n\t<\/tr>\n\t<tr class=\"row-5 odd\">\n\t\t<td class=\"column-1\">04<\/td><td class=\"column-2\">Musashino-Zwielicht<\/td><td class=\"column-3\">24.12.2009<\/td><td class=\"column-4\"><\/td>\n\t<\/tr>\n\t<tr class=\"row-6 even\">\n\t\t<td class=\"column-1\">05<\/td><td class=\"column-2\">Der K\u00e4fer, der die Omotesandou entlangkrabbelt<\/td><td class=\"column-3\">24.12.2009<\/td><td class=\"column-4\"><\/td>\n\t<\/tr>\n\t<tr class=\"row-7 odd\">\n\t\t<td class=\"column-1\">06<\/td><td class=\"column-2\">Hausm\u00e4dchen in Kasumigaseki<\/td><td class=\"column-3\">24.12.2009<\/td><td class=\"column-4\"><\/td>\n\t<\/tr>\n\t<tr class=\"row-8 even\">\n\t\t<td class=\"column-1\">07<\/td><td class=\"column-2\">Okinawa, Gottes Insel<\/td><td class=\"column-3\">24.12.2009<\/td><td class=\"column-4\"><\/td>\n\t<\/tr>\n\t<tr class=\"row-9 odd\">\n\t\t<td class=\"column-1\">08<\/td><td class=\"column-2\">Selbstmord in Tamagawa<\/td><td class=\"column-3\">24.12.2009<\/td><td class=\"column-4\"><\/td>\n\t<\/tr>\n\t<tr class=\"row-10 even\">\n\t\t<td class=\"column-1\">09<\/td><td class=\"column-2\">Die K\u00f6nigin von Shiba<\/td><td class=\"column-3\">24.12.2009<\/td><td class=\"column-4\"><\/td>\n\t<\/tr>\n\t<tr class=\"row-11 odd\">\n\t\t<td class=\"column-1\">10<\/td><td class=\"column-2\">Eine Falle in Azabu<\/td><td class=\"column-3\">24.12.2009<\/td><td class=\"column-4\"><\/td>\n\t<\/tr>\n\t<tr class=\"row-12 even\">\n\t\t<td class=\"column-1\">11<\/td><td class=\"column-2\">Die Prinzessin von Takanawa<\/td><td class=\"column-3\">24.12.2009<\/td><td class=\"column-4\"><\/td>\n\t<\/tr>\n\t<tr class=\"row-13 odd\">\n\t\t<td class=\"column-1\">12<\/td><td class=\"column-2\">Tokyo; Tod oder Liebe (1. Teil)<\/td><td class=\"column-3\">24.12.2009<\/td><td class=\"column-4\"><\/td>\n\t<\/tr>\n\t<tr class=\"row-14 even\">\n\t\t<td class=\"column-1\">13<\/td><td class=\"column-2\">Tokyo; Tod oder Liebe (2. Teil)<\/td><td class=\"column-3\">24.12.2009<\/td><td class=\"column-4\"><a href=\"http:\/\/ani-tsuzuki.net:6969\/torrents\/0eb1317c81a73af49f0f1b61e5c2eb8f6a1e4a08.torrent\"><img loading=\"lazy\" decoding=\"async\" src=\"http:\/\/kamina.ath.cx\/yks\/wp-content\/uploads\/2010\/08\/torrent50x15.png\" alt=\"\" title=\"torrent50x15\" width=\"50\" height=\"15\" class=\"aligncenter size-full wp-image-403\" \/><\/a> *<\/td>\n\t<\/tr>\n<\/tbody>\n<\/table>\n\n*Batchtorrent enh\u00e4lt die komplette Serie.<\/p>\n","protected":false},"excerpt":{"rendered":"<p>Screenshots: Releaseinfos: *Batchtorrent enh\u00e4lt die komplette Serie.<\/p>\n","protected":false},"author":11,"featured_media":0,"parent":0,"menu_order":0,"comment_status":"open","ping_status":"open","template":"","meta":{"colormag_page_container_layout":"default_layout","colormag_page_sidebar_layout":"default_layout","ngg_post_thumbnail":0,"footnotes":""},"class_list":["post-313","page","type-page","status-publish","hentry"],"_links":{"self":[{"href":"https:\/\/yamayurikai-subs.eu\/index.php?rest_route=\/wp\/v2\/pages\/313","targetHints":{"allow":["GET"]}}],"collection":[{"href":"https:\/\/yamayurikai-subs.eu\/index.php?rest_route=\/wp\/v2\/pages"}],"about":[{"href":"https:\/\/yamayurikai-subs.eu\/index.php?rest_route=\/wp\/v2\/types\/page"}],"author":[{"embeddable":true,"href":"https:\/\/yamayurikai-subs.eu\/index.php?rest_route=\/wp\/v2\/users\/11"}],"replies":[{"embeddable":true,"href":"https:\/\/yamayurikai-subs.eu\/index.php?rest_route=%2Fwp%2Fv2%2Fcomments&post=313"}],"version-history":[{"count":2,"href":"https:\/\/yamayurikai-subs.eu\/index.php?rest_route=\/wp\/v2\/pages\/313\/revisions"}],"predecessor-version":[{"id":492,"href":"https:\/\/yamayurikai-subs.eu\/index.php?rest_route=\/wp\/v2\/pages\/313\/revisions\/492"}],"wp:attachment":[{"href":"https:\/\/yamayurikai-subs.eu\/index.php?rest_route=%2Fwp%2Fv2%2Fmedia&parent=313"}],"curies":[{"name":"wp","href":"https:\/\/api.w.org\/{rel}","templated":true}]}}