{"id":3101,"date":"2013-10-25T20:46:18","date_gmt":"2013-10-25T18:46:18","guid":{"rendered":"https:\/\/yks.brb.re\/?page_id=3101"},"modified":"2022-01-06T23:07:12","modified_gmt":"2022-01-06T22:07:12","slug":"hakuouki-reimei-roku-staffel-3","status":"publish","type":"page","link":"https:\/\/yamayurikai-subs.eu\/?page_id=3101","title":{"rendered":"Hakuouki: Reimei-roku (Staffel 3)"},"content":{"rendered":"<span class=\"su-frame su-frame-align-left su-frame-style-default\"><span class=\"su-frame-inner\"><img loading=\"lazy\" decoding=\"async\" class=\"aligncenter size-full wp-image-6800\" src=\"https:\/\/yks.brb.re\/wp-content\/uploads\/2013\/08\/haku1_projekt.png\" alt=\"\" width=\"252\" height=\"375\"><\/span><\/span>\n<h4>Hakuouki: Shinsengumi Kitan<\/h4>\n<span class=\"su-label su-label-type-warning\">Historisch<\/span><span class=\"su-label su-label-type-warning\">Romance<\/span><span class=\"su-label su-label-type-warning\">Fantasy<\/span>\n<p><b>Originaltitel:<\/b> \u8584\u685c\u9b3c \u9ece\u660e\u9332<br \/>\n<b>Episoden:<\/b> 12<br \/>\n<b>Erscheinungsjahr:<\/b> 2012<\/p>\n<h5>Releaseinfos<\/h5>\n<p><strong>Video:<\/strong> mkv<br \/>\n<strong>Container:<\/strong> x264, Hi10P<br \/>\n<strong>Aufl\u00f6sung:<\/strong> 1280*720<br \/>\n<strong>Audio:<\/strong> AAC<\/p>\n<h5>Download<\/h5>\n<a href=\"https:\/\/nyaa.si\/download\/1474487.torrent\" class=\"su-button su-button-style-soft\" style=\"color:#FFFFFF;background-color:#59C16E;border-color:#489b58;border-radius:5px\" target=\"_blank\" rel=\"noopener noreferrer\"><span style=\"color:#FFFFFF;padding:6px 16px;font-size:13px;line-height:20px;border-color:#8bd49a;border-radius:5px;text-shadow:none\"><img decoding=\"async\" src=\"https:\/\/yks.brb.re\/wp-content\/uploads\/2015\/06\/download21.png\" alt=\"&lt;b&gt;Torrent&lt;\/b&gt;\" style=\"width:20px;height:20px\" \/> <b>Torrent<\/b><\/span><\/a> <a href=\"https:\/\/yks.brb.re\/ddl\/\" class=\"su-button su-button-style-soft\" style=\"color:#FFFFFF;background-color:#EE484D;border-color:#bf3a3e;border-radius:5px\" target=\"_blank\" rel=\"noopener noreferrer\"><span style=\"color:#FFFFFF;padding:6px 16px;font-size:13px;line-height:20px;border-color:#f47f83;border-radius:5px;text-shadow:none\"><img decoding=\"async\" src=\"https:\/\/yks.brb.re\/wp-content\/uploads\/2015\/06\/download11.png\" alt=\"&lt;b&gt;DDL&lt;\/b&gt;\" style=\"width:20px;height:20px\" \/> <b>DDL<\/b><\/span><\/a>\n<div class=\"su-divider su-divider-style-dashed\" style=\"margin:15px 0;border-width:1px;border-color:#999999\"><\/div>\n<h5>Beschreibung<\/h5>\n<blockquote><p><span id=\"desc-de\" class=\"desc-zz textblock\" lang=\"de\">Ibuki Ryunosuke verachtet alle Samurai und das, wof\u00fcr sie stehen. Dennoch ger\u00e4t er an die neu gegr\u00fcndete Shinsengumi &#8211; einen Verbund herrenloser Samurai, die f\u00fcr das Shogunat k\u00e4mpfen. Serizawa Kamo und Kondo Isami sind bem\u00fcht trotz unterschiedlicher Ziele und Ansichten die Shinsengumi zu einer schlagfertigen und einflussreichen Organisation aufzubauen. Doch die Anf\u00e4nge sind holperig&#8230;<\/span><\/p><\/blockquote>\n<div class=\"su-divider su-divider-style-dashed\" style=\"margin:15px 0;border-width:1px;border-color:#999999\"><\/div>\n<h5>Alles zu Hakuouki bei YKS:<\/h5>\n<p><a title=\"Staffel 1\" href=\"https:\/\/yks.brb.re\/?page_id=2826\">Hakuouki: Shinsengumi Kitan<\/a> (Staffel 1)<br \/>\n<a title=\"Staffel 2\" href=\"https:\/\/yks.brb.re\/?page_id=3099\">Hakuouki: Hekketsu-roku<\/a> (Staffel 2)<br \/>\n<a title=\"OVAs\" href=\"https:\/\/yks.brb.re\/?page_id=3100\">Hakuouki: Sekka-roku<\/a> (OVAs)<br \/>\n<a title=\"Staffel 3\" href=\"https:\/\/yks.brb.re\/?page_id=3101\">Hakuouki: Reimei-roku<\/a> (Staffel 3)<\/p>\n<h5>Entstanden in Kooperation mit Cookie-Subs.<\/h5>\n<h5>Screenshots<\/h5>\n<div class=\"su-custom-gallery su-custom-gallery-align-left su-custom-gallery-title-never su-lightbox-gallery\"><div class=\"su-custom-gallery-slide\" style=\"width:135px;height:135px\"><a href=\"https:\/\/yamayurikai-subs.eu\/wp-content\/uploads\/2022\/01\/c-subsykshakuouki_-_reimei-roku_-_01hi10pcda90bb8-mkv_snapshot_02-37_2013-12-23_23-34-43.png\" title=\"c-subsykshakuouki_-_reimei-roku_-_01hi10pcda90bb8-mkv_snapshot_02-37_2013-12-23_23-34-43\"><img loading=\"lazy\" decoding=\"async\" src=\"https:\/\/yamayurikai-subs.eu\/wp-content\/uploads\/2022\/01\/c-subsykshakuouki_-_reimei-roku_-_01hi10pcda90bb8-mkv_snapshot_02-37_2013-12-23_23-34-43-135x135.png\" alt=\"c-subsykshakuouki_-_reimei-roku_-_01hi10pcda90bb8-mkv_snapshot_02-37_2013-12-23_23-34-43\" width=\"135\" height=\"135\" \/><span class=\"su-custom-gallery-title\">c-subsykshakuouki_-_reimei-roku_-_01hi10pcda90bb8-mkv_snapshot_02-37_2013-12-23_23-34-43<\/span><\/a><\/div><div class=\"su-custom-gallery-slide\" style=\"width:135px;height:135px\"><a href=\"https:\/\/yamayurikai-subs.eu\/wp-content\/uploads\/2022\/01\/c-subsykshakuouki_-_reimei-roku_-_01hi10pcda90bb8-mkv_snapshot_02-26_2013-12-23_23-35-01.png\" title=\"c-subsykshakuouki_-_reimei-roku_-_01hi10pcda90bb8-mkv_snapshot_02-26_2013-12-23_23-35-01\"><img loading=\"lazy\" decoding=\"async\" src=\"https:\/\/yamayurikai-subs.eu\/wp-content\/uploads\/2022\/01\/c-subsykshakuouki_-_reimei-roku_-_01hi10pcda90bb8-mkv_snapshot_02-26_2013-12-23_23-35-01-135x135.png\" alt=\"c-subsykshakuouki_-_reimei-roku_-_01hi10pcda90bb8-mkv_snapshot_02-26_2013-12-23_23-35-01\" width=\"135\" height=\"135\" \/><span class=\"su-custom-gallery-title\">c-subsykshakuouki_-_reimei-roku_-_01hi10pcda90bb8-mkv_snapshot_02-26_2013-12-23_23-35-01<\/span><\/a><\/div><div class=\"su-custom-gallery-slide\" style=\"width:135px;height:135px\"><a href=\"https:\/\/yamayurikai-subs.eu\/wp-content\/uploads\/2022\/01\/c-subsykshakuouki_-_reimei-roku_-_01hi10pcda90bb8-mkv_snapshot_10-01_2013-12-23_23-35-34.png\" title=\"c-subsykshakuouki_-_reimei-roku_-_01hi10pcda90bb8-mkv_snapshot_10-01_2013-12-23_23-35-34\"><img loading=\"lazy\" decoding=\"async\" src=\"https:\/\/yamayurikai-subs.eu\/wp-content\/uploads\/2022\/01\/c-subsykshakuouki_-_reimei-roku_-_01hi10pcda90bb8-mkv_snapshot_10-01_2013-12-23_23-35-34-135x135.png\" alt=\"c-subsykshakuouki_-_reimei-roku_-_01hi10pcda90bb8-mkv_snapshot_10-01_2013-12-23_23-35-34\" width=\"135\" height=\"135\" \/><span class=\"su-custom-gallery-title\">c-subsykshakuouki_-_reimei-roku_-_01hi10pcda90bb8-mkv_snapshot_10-01_2013-12-23_23-35-34<\/span><\/a><\/div><div class=\"su-custom-gallery-slide\" style=\"width:135px;height:135px\"><a href=\"https:\/\/yamayurikai-subs.eu\/wp-content\/uploads\/2022\/01\/c-subsykshakuouki_-_reimei-roku_-_01hi10pcda90bb8-mkv_snapshot_10-10_2013-12-23_23-35-45.png\" title=\"c-subsykshakuouki_-_reimei-roku_-_01hi10pcda90bb8-mkv_snapshot_10-10_2013-12-23_23-35-45\"><img loading=\"lazy\" decoding=\"async\" src=\"https:\/\/yamayurikai-subs.eu\/wp-content\/uploads\/2022\/01\/c-subsykshakuouki_-_reimei-roku_-_01hi10pcda90bb8-mkv_snapshot_10-10_2013-12-23_23-35-45-135x135.png\" alt=\"c-subsykshakuouki_-_reimei-roku_-_01hi10pcda90bb8-mkv_snapshot_10-10_2013-12-23_23-35-45\" width=\"135\" height=\"135\" \/><span class=\"su-custom-gallery-title\">c-subsykshakuouki_-_reimei-roku_-_01hi10pcda90bb8-mkv_snapshot_10-10_2013-12-23_23-35-45<\/span><\/a><\/div><div class=\"su-custom-gallery-slide\" style=\"width:135px;height:135px\"><a href=\"https:\/\/yamayurikai-subs.eu\/wp-content\/uploads\/2022\/01\/c-subsykshakuouki_-_reimei-roku_-_02hi10pa30c505b-mkv_snapshot_02-44_2013-12-23_23-36-41.png\" title=\"c-subsykshakuouki_-_reimei-roku_-_02hi10pa30c505b-mkv_snapshot_02-44_2013-12-23_23-36-41\"><img loading=\"lazy\" decoding=\"async\" src=\"https:\/\/yamayurikai-subs.eu\/wp-content\/uploads\/2022\/01\/c-subsykshakuouki_-_reimei-roku_-_02hi10pa30c505b-mkv_snapshot_02-44_2013-12-23_23-36-41-135x135.png\" alt=\"c-subsykshakuouki_-_reimei-roku_-_02hi10pa30c505b-mkv_snapshot_02-44_2013-12-23_23-36-41\" width=\"135\" height=\"135\" \/><span class=\"su-custom-gallery-title\">c-subsykshakuouki_-_reimei-roku_-_02hi10pa30c505b-mkv_snapshot_02-44_2013-12-23_23-36-41<\/span><\/a><\/div><div class=\"su-custom-gallery-slide\" style=\"width:135px;height:135px\"><a href=\"https:\/\/yamayurikai-subs.eu\/wp-content\/uploads\/2022\/01\/c-subsykshakuouki_-_reimei-roku_-_04hi10pe6af94b1-mkv_snapshot_22-54_2013-12-24_00-13-04.png\" title=\"c-subsykshakuouki_-_reimei-roku_-_04hi10pe6af94b1-mkv_snapshot_22-54_2013-12-24_00-13-04\"><img loading=\"lazy\" decoding=\"async\" src=\"https:\/\/yamayurikai-subs.eu\/wp-content\/uploads\/2022\/01\/c-subsykshakuouki_-_reimei-roku_-_04hi10pe6af94b1-mkv_snapshot_22-54_2013-12-24_00-13-04-135x135.png\" alt=\"c-subsykshakuouki_-_reimei-roku_-_04hi10pe6af94b1-mkv_snapshot_22-54_2013-12-24_00-13-04\" width=\"135\" height=\"135\" \/><span class=\"su-custom-gallery-title\">c-subsykshakuouki_-_reimei-roku_-_04hi10pe6af94b1-mkv_snapshot_22-54_2013-12-24_00-13-04<\/span><\/a><\/div><div class=\"su-custom-gallery-slide\" style=\"width:135px;height:135px\"><a href=\"https:\/\/yamayurikai-subs.eu\/wp-content\/uploads\/2022\/01\/c-subsykshakuouki_-_reimei-roku_-_04hi10pe6af94b1-mkv_snapshot_12-01_2013-12-24_00-13-19.png\" title=\"c-subsykshakuouki_-_reimei-roku_-_04hi10pe6af94b1-mkv_snapshot_12-01_2013-12-24_00-13-19\"><img loading=\"lazy\" decoding=\"async\" src=\"https:\/\/yamayurikai-subs.eu\/wp-content\/uploads\/2022\/01\/c-subsykshakuouki_-_reimei-roku_-_04hi10pe6af94b1-mkv_snapshot_12-01_2013-12-24_00-13-19-135x135.png\" alt=\"c-subsykshakuouki_-_reimei-roku_-_04hi10pe6af94b1-mkv_snapshot_12-01_2013-12-24_00-13-19\" width=\"135\" height=\"135\" \/><span class=\"su-custom-gallery-title\">c-subsykshakuouki_-_reimei-roku_-_04hi10pe6af94b1-mkv_snapshot_12-01_2013-12-24_00-13-19<\/span><\/a><\/div><div class=\"su-custom-gallery-slide\" style=\"width:135px;height:135px\"><a href=\"https:\/\/yamayurikai-subs.eu\/wp-content\/uploads\/2022\/01\/c-subsykshakuouki_-_reimei-roku_-_04hi10pe6af94b1-mkv_snapshot_10-25_2013-12-24_00-13-51.png\" title=\"c-subsykshakuouki_-_reimei-roku_-_04hi10pe6af94b1-mkv_snapshot_10-25_2013-12-24_00-13-51\"><img loading=\"lazy\" decoding=\"async\" src=\"https:\/\/yamayurikai-subs.eu\/wp-content\/uploads\/2022\/01\/c-subsykshakuouki_-_reimei-roku_-_04hi10pe6af94b1-mkv_snapshot_10-25_2013-12-24_00-13-51-135x135.png\" alt=\"c-subsykshakuouki_-_reimei-roku_-_04hi10pe6af94b1-mkv_snapshot_10-25_2013-12-24_00-13-51\" width=\"135\" height=\"135\" \/><span class=\"su-custom-gallery-title\">c-subsykshakuouki_-_reimei-roku_-_04hi10pe6af94b1-mkv_snapshot_10-25_2013-12-24_00-13-51<\/span><\/a><\/div><div class=\"su-clear\"><\/div><\/div>\n","protected":false},"excerpt":{"rendered":"<p>Hakuouki: Shinsengumi Kitan Originaltitel: \u8584\u685c\u9b3c \u9ece\u660e\u9332 Episoden: 12 Erscheinungsjahr: 2012 Releaseinfos Video: mkv Container: x264, Hi10P Aufl\u00f6sung: 1280*720 Audio: AAC<\/p>\n","protected":false},"author":11,"featured_media":0,"parent":0,"menu_order":0,"comment_status":"open","ping_status":"open","template":"","meta":{"colormag_page_container_layout":"default_layout","colormag_page_sidebar_layout":"default_layout","ngg_post_thumbnail":0,"footnotes":""},"class_list":["post-3101","page","type-page","status-publish","hentry"],"_links":{"self":[{"href":"https:\/\/yamayurikai-subs.eu\/index.php?rest_route=\/wp\/v2\/pages\/3101","targetHints":{"allow":["GET"]}}],"collection":[{"href":"https:\/\/yamayurikai-subs.eu\/index.php?rest_route=\/wp\/v2\/pages"}],"about":[{"href":"https:\/\/yamayurikai-subs.eu\/index.php?rest_route=\/wp\/v2\/types\/page"}],"author":[{"embeddable":true,"href":"https:\/\/yamayurikai-subs.eu\/index.php?rest_route=\/wp\/v2\/users\/11"}],"replies":[{"embeddable":true,"href":"https:\/\/yamayurikai-subs.eu\/index.php?rest_route=%2Fwp%2Fv2%2Fcomments&post=3101"}],"version-history":[{"count":6,"href":"https:\/\/yamayurikai-subs.eu\/index.php?rest_route=\/wp\/v2\/pages\/3101\/revisions"}],"predecessor-version":[{"id":13711,"href":"https:\/\/yamayurikai-subs.eu\/index.php?rest_route=\/wp\/v2\/pages\/3101\/revisions\/13711"}],"wp:attachment":[{"href":"https:\/\/yamayurikai-subs.eu\/index.php?rest_route=%2Fwp%2Fv2%2Fmedia&parent=3101"}],"curies":[{"name":"wp","href":"https:\/\/api.w.org\/{rel}","templated":true}]}}