{"id":2965,"date":"2013-09-08T10:17:21","date_gmt":"2013-09-08T10:17:21","guid":{"rendered":"https:\/\/yks.brb.re\/?page_id=2965"},"modified":"2016-04-02T20:35:38","modified_gmt":"2016-04-02T18:35:38","slug":"chocotan","status":"publish","type":"page","link":"https:\/\/yamayurikai-subs.eu\/?page_id=2965","title":{"rendered":"Chocotan!"},"content":{"rendered":"<span class=\"su-frame su-frame-align-left su-frame-style-default\"><span class=\"su-frame-inner\"><img loading=\"lazy\" decoding=\"async\" class=\" size-full wp-image-3758 alignleft\" src=\"https:\/\/yks.brb.re\/wp-content\/uploads\/2016\/03\/Chocotan-Projekt.png\" alt=\"Chocotan-Projekt\" width=\"252\" height=\"375\" \/><\/span><\/span>\n<h4>Chocotan!<\/h4>\n<span class=\"su-label su-label-type-warning\">Shoujo<\/span>\n<p><b>Originaltitel:<\/b> \u30c1\u30e7\u30b3\u30bf\u30f3!<br \/>\n<b>Episoden:<\/b> 1<br \/>\n<b>Erscheinungsjahr:<\/b> 2013<\/p>\n<h5>Releaseinfos<\/h5>\n<p><strong>Video:<\/strong> mkv<br \/>\n<strong>Container:<\/strong> x264, Hi10P<br \/>\n<strong>Aufl\u00f6sung:<\/strong> 1280&#215;720<br \/>\n<strong>Audio:<\/strong> AAC<\/p>\n<p><strong>In Kooperation mit <a href=\"http:\/\/www.himitsu-subs.de\/\" target=\"_blank\">Himitsu-Subs<\/a>!<\/strong><\/p>\n<h5>Download<\/h5>\n<a href=\"http:\/\/ani-tsuzuki.net:6969\/torrents\/730638c7ad8126726936e519bb770dec9d492674.torrent\" class=\"su-button su-button-style-soft\" style=\"color:#FFFFFF;background-color:#59C16E;border-color:#489b58;border-radius:5px\" target=\"_blank\" rel=\"noopener noreferrer\"><span style=\"color:#FFFFFF;padding:6px 16px;font-size:13px;line-height:20px;border-color:#8bd49a;border-radius:5px;text-shadow:none\"><img decoding=\"async\" src=\"https:\/\/yks.brb.re\/wp-content\/uploads\/2015\/06\/download21.png\" alt=\"&lt;b&gt;Torrent&lt;\/b&gt;\" style=\"width:20px;height:20px\" \/> <b>Torrent<\/b><\/span><\/a> <a href=\"https:\/\/yks.brb.re\/ddl\/\" class=\"su-button su-button-style-soft\" style=\"color:#FFFFFF;background-color:#EE484D;border-color:#bf3a3e;border-radius:5px\" target=\"_blank\" rel=\"noopener noreferrer\"><span style=\"color:#FFFFFF;padding:6px 16px;font-size:13px;line-height:20px;border-color:#f47f83;border-radius:5px;text-shadow:none\"><img decoding=\"async\" src=\"https:\/\/yks.brb.re\/wp-content\/uploads\/2015\/06\/download11.png\" alt=\"&lt;b&gt;DDL&lt;\/b&gt;\" style=\"width:20px;height:20px\" \/> <b>DDL<\/b><\/span><\/a> <a href=\"https:\/\/yks.brb.re\/xdcc\/\" class=\"su-button su-button-style-soft\" style=\"color:#FFFFFF;background-color:#5B79C1;border-color:#49619b;border-radius:5px\" target=\"_blank\" rel=\"noopener noreferrer\"><span style=\"color:#FFFFFF;padding:6px 16px;font-size:13px;line-height:20px;border-color:#8da2d4;border-radius:5px;text-shadow:none\"><img decoding=\"async\" src=\"https:\/\/yks.brb.re\/wp-content\/uploads\/2015\/06\/download31.png\" alt=\"&lt;b&gt;XDCC&lt;\/b&gt;\" style=\"width:20px;height:20px\" \/> <b>XDCC<\/b><\/span><\/a>\n<div class=\"su-divider su-divider-style-dashed\" style=\"margin:15px 0;border-width:1px;border-color:#999999\"><\/div>\n<h5>Beschreibung<\/h5>\n<blockquote><p>Dackelh\u00fcndin Chocotan beherrscht die Sprache der Menschen. Ihr Frauchen Nao ist in ihren Mitsch\u00fcler Arima verschossen und als dessen Hund, Happy, Geburtstag hat, backt Nao Biscuits, die sowohl f\u00fcr Hunde, als auch f\u00fcr Menschen essbar sind. Doch bei einer Begegnung mit Arima verl\u00e4sst sie ihr Mut und sie l\u00e4uft davon, bevor sie das Geb\u00e4ck \u00fcberreichen kann. Chocotan will ihrem Frauchen Mut machen, damit sie einen erneuten Versuch startet.<br \/>\nWird es ihr gelingen? Und was ist mit Chocotans Geheimnis?<\/p><\/blockquote>\n<p>Quelle: aniSearch<\/p>\n<div class=\"su-divider su-divider-style-dashed\" style=\"margin:15px 0;border-width:1px;border-color:#999999\"><\/div>\n<h5>Screenshots<\/h5>\n<div class=\"su-custom-gallery su-custom-gallery-align-left su-custom-gallery-title-never su-lightbox-gallery\"><div class=\"su-custom-gallery-slide\" style=\"width:135px;height:135px\"><a href=\"https:\/\/yamayurikai-subs.eu\/wp-content\/uploads\/2016\/03\/himiykschocotan_-_ovahi10p223cd8ac-mkv_snapshot_09-02_2013-09-08_12-20-42.png\" title=\"himiykschocotan_-_ovahi10p223cd8ac-mkv_snapshot_09-02_2013-09-08_12-20-42\"><img loading=\"lazy\" decoding=\"async\" src=\"https:\/\/yamayurikai-subs.eu\/wp-content\/uploads\/2016\/03\/himiykschocotan_-_ovahi10p223cd8ac-mkv_snapshot_09-02_2013-09-08_12-20-42-135x135.png\" alt=\"himiykschocotan_-_ovahi10p223cd8ac-mkv_snapshot_09-02_2013-09-08_12-20-42\" width=\"135\" height=\"135\" \/><span class=\"su-custom-gallery-title\">himiykschocotan_-_ovahi10p223cd8ac-mkv_snapshot_09-02_2013-09-08_12-20-42<\/span><\/a><\/div><div class=\"su-custom-gallery-slide\" style=\"width:135px;height:135px\"><a href=\"https:\/\/yamayurikai-subs.eu\/wp-content\/uploads\/2016\/03\/himiykschocotan_-_ovahi10p223cd8ac-mkv_snapshot_08-36_2013-09-08_12-21-03.png\" title=\"himiykschocotan_-_ovahi10p223cd8ac-mkv_snapshot_08-36_2013-09-08_12-21-03\"><img loading=\"lazy\" decoding=\"async\" src=\"https:\/\/yamayurikai-subs.eu\/wp-content\/uploads\/2016\/03\/himiykschocotan_-_ovahi10p223cd8ac-mkv_snapshot_08-36_2013-09-08_12-21-03-135x135.png\" alt=\"himiykschocotan_-_ovahi10p223cd8ac-mkv_snapshot_08-36_2013-09-08_12-21-03\" width=\"135\" height=\"135\" \/><span class=\"su-custom-gallery-title\">himiykschocotan_-_ovahi10p223cd8ac-mkv_snapshot_08-36_2013-09-08_12-21-03<\/span><\/a><\/div><div class=\"su-custom-gallery-slide\" style=\"width:135px;height:135px\"><a href=\"https:\/\/yamayurikai-subs.eu\/wp-content\/uploads\/2016\/03\/himiykschocotan_-_ovahi10p223cd8ac-mkv_snapshot_09-54_2013-09-08_12-20-36.png\" title=\"himiykschocotan_-_ovahi10p223cd8ac-mkv_snapshot_09-54_2013-09-08_12-20-36\"><img loading=\"lazy\" decoding=\"async\" src=\"https:\/\/yamayurikai-subs.eu\/wp-content\/uploads\/2016\/03\/himiykschocotan_-_ovahi10p223cd8ac-mkv_snapshot_09-54_2013-09-08_12-20-36-135x135.png\" alt=\"himiykschocotan_-_ovahi10p223cd8ac-mkv_snapshot_09-54_2013-09-08_12-20-36\" width=\"135\" height=\"135\" \/><span class=\"su-custom-gallery-title\">himiykschocotan_-_ovahi10p223cd8ac-mkv_snapshot_09-54_2013-09-08_12-20-36<\/span><\/a><\/div><div class=\"su-custom-gallery-slide\" style=\"width:135px;height:135px\"><a href=\"https:\/\/yamayurikai-subs.eu\/wp-content\/uploads\/2016\/03\/himiykschocotan_-_ovahi10p223cd8ac-mkv_snapshot_00-05_2013-09-08_12-20-00.png\" title=\"himiykschocotan_-_ovahi10p223cd8ac-mkv_snapshot_00-05_2013-09-08_12-20-00\"><img loading=\"lazy\" decoding=\"async\" src=\"https:\/\/yamayurikai-subs.eu\/wp-content\/uploads\/2016\/03\/himiykschocotan_-_ovahi10p223cd8ac-mkv_snapshot_00-05_2013-09-08_12-20-00-135x135.png\" alt=\"himiykschocotan_-_ovahi10p223cd8ac-mkv_snapshot_00-05_2013-09-08_12-20-00\" width=\"135\" height=\"135\" \/><span class=\"su-custom-gallery-title\">himiykschocotan_-_ovahi10p223cd8ac-mkv_snapshot_00-05_2013-09-08_12-20-00<\/span><\/a><\/div><div class=\"su-custom-gallery-slide\" style=\"width:135px;height:135px\"><a href=\"https:\/\/yamayurikai-subs.eu\/wp-content\/uploads\/2016\/03\/himiykschocotan_-_ovahi10p223cd8ac-mkv_snapshot_01-25_2013-09-08_12-20-12.png\" title=\"himiykschocotan_-_ovahi10p223cd8ac-mkv_snapshot_01-25_2013-09-08_12-20-12\"><img loading=\"lazy\" decoding=\"async\" src=\"https:\/\/yamayurikai-subs.eu\/wp-content\/uploads\/2016\/03\/himiykschocotan_-_ovahi10p223cd8ac-mkv_snapshot_01-25_2013-09-08_12-20-12-135x135.png\" alt=\"himiykschocotan_-_ovahi10p223cd8ac-mkv_snapshot_01-25_2013-09-08_12-20-12\" width=\"135\" height=\"135\" \/><span class=\"su-custom-gallery-title\">himiykschocotan_-_ovahi10p223cd8ac-mkv_snapshot_01-25_2013-09-08_12-20-12<\/span><\/a><\/div><div class=\"su-custom-gallery-slide\" style=\"width:135px;height:135px\"><a href=\"https:\/\/yamayurikai-subs.eu\/wp-content\/uploads\/2016\/03\/himiykschocotan_-_ovahi10p223cd8ac-mkv_snapshot_02-21_2013-09-08_12-20-16.png\" title=\"himiykschocotan_-_ovahi10p223cd8ac-mkv_snapshot_02-21_2013-09-08_12-20-16\"><img loading=\"lazy\" decoding=\"async\" src=\"https:\/\/yamayurikai-subs.eu\/wp-content\/uploads\/2016\/03\/himiykschocotan_-_ovahi10p223cd8ac-mkv_snapshot_02-21_2013-09-08_12-20-16-135x135.png\" alt=\"himiykschocotan_-_ovahi10p223cd8ac-mkv_snapshot_02-21_2013-09-08_12-20-16\" width=\"135\" height=\"135\" \/><span class=\"su-custom-gallery-title\">himiykschocotan_-_ovahi10p223cd8ac-mkv_snapshot_02-21_2013-09-08_12-20-16<\/span><\/a><\/div><div class=\"su-custom-gallery-slide\" style=\"width:135px;height:135px\"><a href=\"https:\/\/yamayurikai-subs.eu\/wp-content\/uploads\/2016\/03\/himiykschocotan_-_ovahi10p223cd8ac-mkv_snapshot_08-39_2013-09-08_12-21-08.png\" title=\"himiykschocotan_-_ovahi10p223cd8ac-mkv_snapshot_08-39_2013-09-08_12-21-08\"><img loading=\"lazy\" decoding=\"async\" src=\"https:\/\/yamayurikai-subs.eu\/wp-content\/uploads\/2016\/03\/himiykschocotan_-_ovahi10p223cd8ac-mkv_snapshot_08-39_2013-09-08_12-21-08-135x135.png\" alt=\"himiykschocotan_-_ovahi10p223cd8ac-mkv_snapshot_08-39_2013-09-08_12-21-08\" width=\"135\" height=\"135\" \/><span class=\"su-custom-gallery-title\">himiykschocotan_-_ovahi10p223cd8ac-mkv_snapshot_08-39_2013-09-08_12-21-08<\/span><\/a><\/div><div class=\"su-custom-gallery-slide\" style=\"width:135px;height:135px\"><a href=\"https:\/\/yamayurikai-subs.eu\/wp-content\/uploads\/2016\/03\/himiykschocotan_-_ovahi10p223cd8ac-mkv_snapshot_08-55_2013-09-08_12-21-32.png\" title=\"himiykschocotan_-_ovahi10p223cd8ac-mkv_snapshot_08-55_2013-09-08_12-21-32\"><img loading=\"lazy\" decoding=\"async\" src=\"https:\/\/yamayurikai-subs.eu\/wp-content\/uploads\/2016\/03\/himiykschocotan_-_ovahi10p223cd8ac-mkv_snapshot_08-55_2013-09-08_12-21-32-135x135.png\" alt=\"himiykschocotan_-_ovahi10p223cd8ac-mkv_snapshot_08-55_2013-09-08_12-21-32\" width=\"135\" height=\"135\" \/><span class=\"su-custom-gallery-title\">himiykschocotan_-_ovahi10p223cd8ac-mkv_snapshot_08-55_2013-09-08_12-21-32<\/span><\/a><\/div><div class=\"su-clear\"><\/div><\/div>\n","protected":false},"excerpt":{"rendered":"<p>Chocotan! Originaltitel: \u30c1\u30e7\u30b3\u30bf\u30f3! Episoden: 1 Erscheinungsjahr: 2013 Releaseinfos Video: mkv Container: x264, Hi10P Aufl\u00f6sung: 1280&#215;720 Audio: AAC In Kooperation mit<\/p>\n","protected":false},"author":11,"featured_media":0,"parent":0,"menu_order":0,"comment_status":"open","ping_status":"open","template":"","meta":{"colormag_page_container_layout":"default_layout","colormag_page_sidebar_layout":"default_layout","ngg_post_thumbnail":0,"footnotes":""},"class_list":["post-2965","page","type-page","status-publish","hentry"],"_links":{"self":[{"href":"https:\/\/yamayurikai-subs.eu\/index.php?rest_route=\/wp\/v2\/pages\/2965","targetHints":{"allow":["GET"]}}],"collection":[{"href":"https:\/\/yamayurikai-subs.eu\/index.php?rest_route=\/wp\/v2\/pages"}],"about":[{"href":"https:\/\/yamayurikai-subs.eu\/index.php?rest_route=\/wp\/v2\/types\/page"}],"author":[{"embeddable":true,"href":"https:\/\/yamayurikai-subs.eu\/index.php?rest_route=\/wp\/v2\/users\/11"}],"replies":[{"embeddable":true,"href":"https:\/\/yamayurikai-subs.eu\/index.php?rest_route=%2Fwp%2Fv2%2Fcomments&post=2965"}],"version-history":[{"count":5,"href":"https:\/\/yamayurikai-subs.eu\/index.php?rest_route=\/wp\/v2\/pages\/2965\/revisions"}],"predecessor-version":[{"id":5087,"href":"https:\/\/yamayurikai-subs.eu\/index.php?rest_route=\/wp\/v2\/pages\/2965\/revisions\/5087"}],"wp:attachment":[{"href":"https:\/\/yamayurikai-subs.eu\/index.php?rest_route=%2Fwp%2Fv2%2Fmedia&parent=2965"}],"curies":[{"name":"wp","href":"https:\/\/api.w.org\/{rel}","templated":true}]}}