{"id":270,"date":"2010-07-08T23:24:21","date_gmt":"2010-07-08T23:24:21","guid":{"rendered":"https:\/\/yks.brb.re\/?page_id=270"},"modified":"2019-05-22T19:45:45","modified_gmt":"2019-05-22T18:45:45","slug":"ace-wo-nerae","status":"publish","type":"page","link":"https:\/\/yamayurikai-subs.eu\/?page_id=270","title":{"rendered":"Ace wo Nerae!"},"content":{"rendered":"<span class=\"su-frame su-frame-align-left su-frame-style-default\"><span class=\"su-frame-inner\"><img loading=\"lazy\" decoding=\"async\" class=\" size-full wp-image-3758 alignleft\" src=\"https:\/\/yks.brb.re\/wp-content\/uploads\/2016\/03\/Ace-Projektbeschreibung-201x300.png\" alt=\"Ace-Projektbeschreibung-201x300\" width=\"201\" height=\"300\"><\/span><\/span>\n<h4>Ace wo Nerae!<\/h4>\n<span class=\"su-label su-label-type-warning\">Sport<\/span><span class=\"su-label su-label-type-warning\">Drama<\/span>\n<p><b>Originaltitel:<\/b> \u30a8\u30fc\u30b9\u3092\u306d\u3089\u3048!<br \/>\n<b>Episoden:<\/b> 1<br \/>\n<b>Erscheinungsjahr:<\/b> 1979<\/p>\n<h5>Releaseinfos<\/h5>\n<p><strong>Video:<\/strong> mkv<br \/>\n<strong>Container:<\/strong> x264, Hi10P<br \/>\n<strong>Aufl\u00f6sung:<\/strong> 960&#215;720<br \/>\n<strong>Audio:<\/strong> AAC<\/p>\n<h5>Download<\/h5>\n<a href=\"http:\/\/ani-tsuzuki.net:6969\/torrents\/6df364866d04bb5ad3410276192f937cb0c108e6.torrent\" class=\"su-button su-button-style-soft\" style=\"color:#FFFFFF;background-color:#59C16E;border-color:#489b58;border-radius:5px\" target=\"_blank\" rel=\"noopener noreferrer\"><span style=\"color:#FFFFFF;padding:6px 16px;font-size:13px;line-height:20px;border-color:#8bd49a;border-radius:5px;text-shadow:none\"><img decoding=\"async\" src=\"https:\/\/yks.brb.re\/wp-content\/uploads\/2015\/06\/download21.png\" alt=\"&lt;b&gt;Torrent&lt;\/b&gt;\" style=\"width:20px;height:20px\" \/> <b>Torrent<\/b><\/span><\/a> <a href=\"https:\/\/yks.brb.re\/ddl\/\" class=\"su-button su-button-style-soft\" style=\"color:#FFFFFF;background-color:#EE484D;border-color:#bf3a3e;border-radius:5px\" target=\"_blank\" rel=\"noopener noreferrer\"><span style=\"color:#FFFFFF;padding:6px 16px;font-size:13px;line-height:20px;border-color:#f47f83;border-radius:5px;text-shadow:none\"><img decoding=\"async\" src=\"https:\/\/yks.brb.re\/wp-content\/uploads\/2015\/06\/download11.png\" alt=\"&lt;b&gt;DDL&lt;\/b&gt;\" style=\"width:20px;height:20px\" \/> <b>DDL<\/b><\/span><\/a> <a href=\"https:\/\/yks.brb.re\/xdcc\/\" class=\"su-button su-button-style-soft\" style=\"color:#FFFFFF;background-color:#5B79C1;border-color:#49619b;border-radius:5px\" target=\"_blank\" rel=\"noopener noreferrer\"><span style=\"color:#FFFFFF;padding:6px 16px;font-size:13px;line-height:20px;border-color:#8da2d4;border-radius:5px;text-shadow:none\"><img decoding=\"async\" src=\"https:\/\/yks.brb.re\/wp-content\/uploads\/2015\/06\/download31.png\" alt=\"&lt;b&gt;XDCC&lt;\/b&gt;\" style=\"width:20px;height:20px\" \/> <b>XDCC<\/b><\/span><\/a>\n<div class=\"su-divider su-divider-style-dashed\" style=\"margin:15px 0;border-width:1px;border-color:#999999\"><\/div>\n<h5>Beschreibung<\/h5>\n<blockquote><p>Oka ist 15 Jahre alt und besucht die Nishi-Oberschule. Sie ist gerade erst mit ihrer Freundin dem ber\u00fchmten Tennisklub beigetreten und himmelt ihr Tennisidol Ochoufujin, Reika Ryuzaki, an.<br \/>\nDoch mit auftauen des neuen Trainers \u00e4ndert sich Okas Leben rasch und sie findet sich in einem m\u00f6rderischen Training wieder, um zu zeigen, dass sie unter die Topspieler der Schule geh\u00f6rt!<\/p><\/blockquote>\n<div class=\"su-divider su-divider-style-dashed\" style=\"margin:15px 0;border-width:1px;border-color:#999999\"><\/div>\n<h5>Screenshots<\/h5>\n<div class=\"su-custom-gallery su-custom-gallery-align-left su-custom-gallery-title-never su-lightbox-gallery\"><div class=\"su-custom-gallery-slide\" style=\"width:135px;height:135px\"><a href=\"https:\/\/yamayurikai-subs.eu\/wp-content\/uploads\/2016\/03\/yksace-wo-neraec12a8b5c-avi_snapshot_00-18-33_2010-07-05_17-39-49.png\" title=\"yksace-wo-neraec12a8b5c-avi_snapshot_00-18-33_2010-07-05_17-39-49\"><img loading=\"lazy\" decoding=\"async\" src=\"https:\/\/yamayurikai-subs.eu\/wp-content\/uploads\/2016\/03\/yksace-wo-neraec12a8b5c-avi_snapshot_00-18-33_2010-07-05_17-39-49-135x135.png\" alt=\"yksace-wo-neraec12a8b5c-avi_snapshot_00-18-33_2010-07-05_17-39-49\" width=\"135\" height=\"135\" \/><span class=\"su-custom-gallery-title\">yksace-wo-neraec12a8b5c-avi_snapshot_00-18-33_2010-07-05_17-39-49<\/span><\/a><\/div><div class=\"su-custom-gallery-slide\" style=\"width:135px;height:135px\"><a href=\"https:\/\/yamayurikai-subs.eu\/wp-content\/uploads\/2016\/03\/yksace-wo-neraec12a8b5c-avi_snapshot_01-19-24_2010-07-05_17-40-02.png\" title=\"yksace-wo-neraec12a8b5c-avi_snapshot_01-19-24_2010-07-05_17-40-02\"><img loading=\"lazy\" decoding=\"async\" src=\"https:\/\/yamayurikai-subs.eu\/wp-content\/uploads\/2016\/03\/yksace-wo-neraec12a8b5c-avi_snapshot_01-19-24_2010-07-05_17-40-02-135x135.png\" alt=\"yksace-wo-neraec12a8b5c-avi_snapshot_01-19-24_2010-07-05_17-40-02\" width=\"135\" height=\"135\" \/><span class=\"su-custom-gallery-title\">yksace-wo-neraec12a8b5c-avi_snapshot_01-19-24_2010-07-05_17-40-02<\/span><\/a><\/div><div class=\"su-custom-gallery-slide\" style=\"width:135px;height:135px\"><a href=\"https:\/\/yamayurikai-subs.eu\/wp-content\/uploads\/2016\/03\/yksace-wo-neraec12a8b5c-avi_snapshot_01-25-50_2010-07-05_17-40-13.png\" title=\"yksace-wo-neraec12a8b5c-avi_snapshot_01-25-50_2010-07-05_17-40-13\"><img loading=\"lazy\" decoding=\"async\" src=\"https:\/\/yamayurikai-subs.eu\/wp-content\/uploads\/2016\/03\/yksace-wo-neraec12a8b5c-avi_snapshot_01-25-50_2010-07-05_17-40-13-135x135.png\" alt=\"yksace-wo-neraec12a8b5c-avi_snapshot_01-25-50_2010-07-05_17-40-13\" width=\"135\" height=\"135\" \/><span class=\"su-custom-gallery-title\">yksace-wo-neraec12a8b5c-avi_snapshot_01-25-50_2010-07-05_17-40-13<\/span><\/a><\/div><div class=\"su-custom-gallery-slide\" style=\"width:135px;height:135px\"><a href=\"https:\/\/yamayurikai-subs.eu\/wp-content\/uploads\/2016\/03\/yksace-wo-neraec12a8b5c-avi_snapshot_01-26-43_2010-07-05_17-40-18.png\" title=\"yksace-wo-neraec12a8b5c-avi_snapshot_01-26-43_2010-07-05_17-40-18\"><img loading=\"lazy\" decoding=\"async\" src=\"https:\/\/yamayurikai-subs.eu\/wp-content\/uploads\/2016\/03\/yksace-wo-neraec12a8b5c-avi_snapshot_01-26-43_2010-07-05_17-40-18-135x135.png\" alt=\"yksace-wo-neraec12a8b5c-avi_snapshot_01-26-43_2010-07-05_17-40-18\" width=\"135\" height=\"135\" \/><span class=\"su-custom-gallery-title\">yksace-wo-neraec12a8b5c-avi_snapshot_01-26-43_2010-07-05_17-40-18<\/span><\/a><\/div><div class=\"su-custom-gallery-slide\" style=\"width:135px;height:135px\"><a href=\"https:\/\/yamayurikai-subs.eu\/wp-content\/uploads\/2016\/03\/yksace-wo-neraec12a8b5c-avi_snapshot_00-00-53_2010-07-05_17-38-59.png\" title=\"yksace-wo-neraec12a8b5c-avi_snapshot_00-00-53_2010-07-05_17-38-59\"><img loading=\"lazy\" decoding=\"async\" src=\"https:\/\/yamayurikai-subs.eu\/wp-content\/uploads\/2016\/03\/yksace-wo-neraec12a8b5c-avi_snapshot_00-00-53_2010-07-05_17-38-59-135x135.png\" alt=\"yksace-wo-neraec12a8b5c-avi_snapshot_00-00-53_2010-07-05_17-38-59\" width=\"135\" height=\"135\" \/><span class=\"su-custom-gallery-title\">yksace-wo-neraec12a8b5c-avi_snapshot_00-00-53_2010-07-05_17-38-59<\/span><\/a><\/div><div class=\"su-custom-gallery-slide\" style=\"width:135px;height:135px\"><a href=\"https:\/\/yamayurikai-subs.eu\/wp-content\/uploads\/2016\/03\/yksace-wo-neraec12a8b5c-avi_snapshot_00-01-46_2010-07-05_17-39-18.png\" title=\"yksace-wo-neraec12a8b5c-avi_snapshot_00-01-46_2010-07-05_17-39-18\"><img loading=\"lazy\" decoding=\"async\" src=\"https:\/\/yamayurikai-subs.eu\/wp-content\/uploads\/2016\/03\/yksace-wo-neraec12a8b5c-avi_snapshot_00-01-46_2010-07-05_17-39-18-135x135.png\" alt=\"yksace-wo-neraec12a8b5c-avi_snapshot_00-01-46_2010-07-05_17-39-18\" width=\"135\" height=\"135\" \/><span class=\"su-custom-gallery-title\">yksace-wo-neraec12a8b5c-avi_snapshot_00-01-46_2010-07-05_17-39-18<\/span><\/a><\/div><div class=\"su-custom-gallery-slide\" style=\"width:135px;height:135px\"><a href=\"https:\/\/yamayurikai-subs.eu\/wp-content\/uploads\/2016\/03\/yksace-wo-neraec12a8b5c-avi_snapshot_00-12-22_2010-07-05_17-39-37.png\" title=\"yksace-wo-neraec12a8b5c-avi_snapshot_00-12-22_2010-07-05_17-39-37\"><img loading=\"lazy\" decoding=\"async\" src=\"https:\/\/yamayurikai-subs.eu\/wp-content\/uploads\/2016\/03\/yksace-wo-neraec12a8b5c-avi_snapshot_00-12-22_2010-07-05_17-39-37-135x135.png\" alt=\"yksace-wo-neraec12a8b5c-avi_snapshot_00-12-22_2010-07-05_17-39-37\" width=\"135\" height=\"135\" \/><span class=\"su-custom-gallery-title\">yksace-wo-neraec12a8b5c-avi_snapshot_00-12-22_2010-07-05_17-39-37<\/span><\/a><\/div><div class=\"su-custom-gallery-slide\" style=\"width:135px;height:135px\"><a href=\"https:\/\/yamayurikai-subs.eu\/wp-content\/uploads\/2016\/03\/yksace-wo-neraec12a8b5c-avi_snapshot_00-12-37_2010-07-05_17-39-40.png\" title=\"yksace-wo-neraec12a8b5c-avi_snapshot_00-12-37_2010-07-05_17-39-40\"><img loading=\"lazy\" decoding=\"async\" src=\"https:\/\/yamayurikai-subs.eu\/wp-content\/uploads\/2016\/03\/yksace-wo-neraec12a8b5c-avi_snapshot_00-12-37_2010-07-05_17-39-40-135x135.png\" alt=\"yksace-wo-neraec12a8b5c-avi_snapshot_00-12-37_2010-07-05_17-39-40\" width=\"135\" height=\"135\" \/><span class=\"su-custom-gallery-title\">yksace-wo-neraec12a8b5c-avi_snapshot_00-12-37_2010-07-05_17-39-40<\/span><\/a><\/div><div class=\"su-clear\"><\/div><\/div>\n","protected":false},"excerpt":{"rendered":"<p>Ace wo Nerae! Originaltitel: \u30a8\u30fc\u30b9\u3092\u306d\u3089\u3048! Episoden: 1 Erscheinungsjahr: 1979 Releaseinfos Video: mkv Container: x264, Hi10P Aufl\u00f6sung: 960&#215;720 Audio: AAC Download<\/p>\n","protected":false},"author":11,"featured_media":0,"parent":0,"menu_order":0,"comment_status":"open","ping_status":"open","template":"","meta":{"colormag_page_container_layout":"default_layout","colormag_page_sidebar_layout":"default_layout","ngg_post_thumbnail":0,"footnotes":""},"class_list":["post-270","page","type-page","status-publish","hentry"],"_links":{"self":[{"href":"https:\/\/yamayurikai-subs.eu\/index.php?rest_route=\/wp\/v2\/pages\/270","targetHints":{"allow":["GET"]}}],"collection":[{"href":"https:\/\/yamayurikai-subs.eu\/index.php?rest_route=\/wp\/v2\/pages"}],"about":[{"href":"https:\/\/yamayurikai-subs.eu\/index.php?rest_route=\/wp\/v2\/types\/page"}],"author":[{"embeddable":true,"href":"https:\/\/yamayurikai-subs.eu\/index.php?rest_route=\/wp\/v2\/users\/11"}],"replies":[{"embeddable":true,"href":"https:\/\/yamayurikai-subs.eu\/index.php?rest_route=%2Fwp%2Fv2%2Fcomments&post=270"}],"version-history":[{"count":6,"href":"https:\/\/yamayurikai-subs.eu\/index.php?rest_route=\/wp\/v2\/pages\/270\/revisions"}],"predecessor-version":[{"id":12510,"href":"https:\/\/yamayurikai-subs.eu\/index.php?rest_route=\/wp\/v2\/pages\/270\/revisions\/12510"}],"wp:attachment":[{"href":"https:\/\/yamayurikai-subs.eu\/index.php?rest_route=%2Fwp%2Fv2%2Fmedia&parent=270"}],"curies":[{"name":"wp","href":"https:\/\/api.w.org\/{rel}","templated":true}]}}