{"id":2018,"date":"2012-12-23T12:47:23","date_gmt":"2012-12-23T12:47:23","guid":{"rendered":"https:\/\/yks.brb.re\/?page_id=2018"},"modified":"2016-04-02T20:34:32","modified_gmt":"2016-04-02T18:34:32","slug":"arata-kangatari","status":"publish","type":"page","link":"https:\/\/yamayurikai-subs.eu\/?page_id=2018","title":{"rendered":"Arata Kangatari"},"content":{"rendered":"<span class=\"su-frame su-frame-align-left su-frame-style-default\"><span class=\"su-frame-inner\"><img loading=\"lazy\" decoding=\"async\" class=\" size-full wp-image-3758 alignleft\" src=\"https:\/\/yks.brb.re\/wp-content\/uploads\/2016\/03\/Arata-Projekt.png\" alt=\"Arata-Projekt\" width=\"252\" height=\"375\" \/><\/span><\/span>\n<h4>Arata Kangatari<\/h4>\n<span class=\"su-label su-label-type-warning\">Fantasy<\/span><span class=\"su-label su-label-type-warning\">Drama<\/span>\n<p><b>Originaltitel:<\/b> \u30a2\u30e9\u30bf \u30ab\u30f3\u30ac\u30bf\u30ea ~\u9769\u795e<br \/>\n<b>Episoden:<\/b> 12<br \/>\n<b>Erscheinungsjahr:<\/b> 2013<\/p>\n<h5>Releaseinfos<\/h5>\n<p><strong>Video:<\/strong> mkv<br \/>\n<strong>Container:<\/strong> x264, Hi10P<br \/>\n<strong>Aufl\u00f6sung:<\/strong> 1280&#215;720<br \/>\n<strong>Audio:<\/strong> AAC<\/p>\n<p><strong>In Kooperation mit <a href=\"http:\/\/cookie-subs.org\/\" target=\"_blank\">Cookie-Subs<\/a>!<\/strong><\/p>\n<h5>Download<\/h5>\n<a href=\"http:\/\/ani-tsuzuki.net:6969\/torrents\/50c576d859a991a0da22ff74884f002483e63abf.torrent\" class=\"su-button su-button-style-soft\" style=\"color:#FFFFFF;background-color:#59C16E;border-color:#489b58;border-radius:5px\" target=\"_blank\" rel=\"noopener noreferrer\"><span style=\"color:#FFFFFF;padding:6px 16px;font-size:13px;line-height:20px;border-color:#8bd49a;border-radius:5px;text-shadow:none\"><img decoding=\"async\" src=\"https:\/\/yks.brb.re\/wp-content\/uploads\/2015\/06\/download21.png\" alt=\"&lt;b&gt;Torrent&lt;\/b&gt;\" style=\"width:20px;height:20px\" \/> <b>Torrent<\/b><\/span><\/a> <a href=\"https:\/\/yks.brb.re\/ddl\/\" class=\"su-button su-button-style-soft\" style=\"color:#FFFFFF;background-color:#EE484D;border-color:#bf3a3e;border-radius:5px\" target=\"_blank\" rel=\"noopener noreferrer\"><span style=\"color:#FFFFFF;padding:6px 16px;font-size:13px;line-height:20px;border-color:#f47f83;border-radius:5px;text-shadow:none\"><img decoding=\"async\" src=\"https:\/\/yks.brb.re\/wp-content\/uploads\/2015\/06\/download11.png\" alt=\"&lt;b&gt;DDL&lt;\/b&gt;\" style=\"width:20px;height:20px\" \/> <b>DDL<\/b><\/span><\/a> <a href=\"https:\/\/yks.brb.re\/xdcc\/\" class=\"su-button su-button-style-soft\" style=\"color:#FFFFFF;background-color:#5B79C1;border-color:#49619b;border-radius:5px\" target=\"_blank\" rel=\"noopener noreferrer\"><span style=\"color:#FFFFFF;padding:6px 16px;font-size:13px;line-height:20px;border-color:#8da2d4;border-radius:5px;text-shadow:none\"><img decoding=\"async\" src=\"https:\/\/yks.brb.re\/wp-content\/uploads\/2015\/06\/download31.png\" alt=\"&lt;b&gt;XDCC&lt;\/b&gt;\" style=\"width:20px;height:20px\" \/> <b>XDCC<\/b><\/span><\/a>\n<div class=\"su-divider su-divider-style-dashed\" style=\"margin:15px 0;border-width:1px;border-color:#999999\"><\/div>\n<h5>Beschreibung<\/h5>\n<blockquote><p>Alle 30 Jahre wird von der Hime-Familie eine neue Prinzessin ausgesucht, um der Hayagami-Familie zu dienen. Diese Zeit ist wieder gekommen, nur wurde leider in den letzten Jahren kein einziges M\u00e4dchen geboren, bis auf die 15-J\u00e4hrige Arata. Das einzige Problem daran ist, dass Arata in Wirklichkeit ein Junge ist. Gezwungenerma\u00dfen spielt er seine Rolle als M\u00e4dchen, damit er den Platz der Prinzessin einnehmen kann, bis eine richtige Prinzessin gefunden wird. Arata besucht zuf\u00e4lligerweise ein Fest, bei dem er zusehen muss, wie die aktuelle Prinzessin Kokuri-hime von jemandem ermordet wird und auch er wird beinahe von den 12 Leibw\u00e4chtern der Prinzessin ermordet. Nachdem Arata nur knapp entkommen kann, erz\u00e4hlen die Wachen, dass Arata der wahre M\u00f6rder der Prinzessin ist und wird dadurch ab sofort vom gesamten kaiserlichen Reich gejagt.<\/p><\/blockquote>\n<p>Quelle: aniSearch<\/p>\n<div class=\"su-divider su-divider-style-dashed\" style=\"margin:15px 0;border-width:1px;border-color:#999999\"><\/div>\n<h5>Screenshots<\/h5>\n<div class=\"su-custom-gallery su-custom-gallery-align-left su-custom-gallery-title-never su-lightbox-gallery\"><div class=\"su-custom-gallery-slide\" style=\"width:135px;height:135px\"><a href=\"https:\/\/yamayurikai-subs.eu\/wp-content\/uploads\/2016\/03\/c-subsyksarata_kangatari_-_01_hi10p3670c359-mkv_snapshot_00-33_2013-04-16_17-51-44.png\" title=\"c-subsyksarata_kangatari_-_01_hi10p3670c359-mkv_snapshot_00-33_2013-04-16_17-51-44\"><img loading=\"lazy\" decoding=\"async\" src=\"https:\/\/yamayurikai-subs.eu\/wp-content\/uploads\/2016\/03\/c-subsyksarata_kangatari_-_01_hi10p3670c359-mkv_snapshot_00-33_2013-04-16_17-51-44-135x135.png\" alt=\"c-subsyksarata_kangatari_-_01_hi10p3670c359-mkv_snapshot_00-33_2013-04-16_17-51-44\" width=\"135\" height=\"135\" \/><span class=\"su-custom-gallery-title\">c-subsyksarata_kangatari_-_01_hi10p3670c359-mkv_snapshot_00-33_2013-04-16_17-51-44<\/span><\/a><\/div><div class=\"su-custom-gallery-slide\" style=\"width:135px;height:135px\"><a href=\"https:\/\/yamayurikai-subs.eu\/wp-content\/uploads\/2016\/03\/c-subsyksarata_kangatari_-_01_hi10p3670c359-mkv_snapshot_01-10_2013-04-16_17-51-10.png\" title=\"c-subsyksarata_kangatari_-_01_hi10p3670c359-mkv_snapshot_01-10_2013-04-16_17-51-10\"><img loading=\"lazy\" decoding=\"async\" src=\"https:\/\/yamayurikai-subs.eu\/wp-content\/uploads\/2016\/03\/c-subsyksarata_kangatari_-_01_hi10p3670c359-mkv_snapshot_01-10_2013-04-16_17-51-10-135x135.png\" alt=\"c-subsyksarata_kangatari_-_01_hi10p3670c359-mkv_snapshot_01-10_2013-04-16_17-51-10\" width=\"135\" height=\"135\" \/><span class=\"su-custom-gallery-title\">c-subsyksarata_kangatari_-_01_hi10p3670c359-mkv_snapshot_01-10_2013-04-16_17-51-10<\/span><\/a><\/div><div class=\"su-custom-gallery-slide\" style=\"width:135px;height:135px\"><a href=\"https:\/\/yamayurikai-subs.eu\/wp-content\/uploads\/2016\/03\/c-subsyksarata_kangatari_-_01_hi10p3670c359-mkv_snapshot_02-39_2013-04-16_17-53-25.png\" title=\"c-subsyksarata_kangatari_-_01_hi10p3670c359-mkv_snapshot_02-39_2013-04-16_17-53-25\"><img loading=\"lazy\" decoding=\"async\" src=\"https:\/\/yamayurikai-subs.eu\/wp-content\/uploads\/2016\/03\/c-subsyksarata_kangatari_-_01_hi10p3670c359-mkv_snapshot_02-39_2013-04-16_17-53-25-135x135.png\" alt=\"c-subsyksarata_kangatari_-_01_hi10p3670c359-mkv_snapshot_02-39_2013-04-16_17-53-25\" width=\"135\" height=\"135\" \/><span class=\"su-custom-gallery-title\">c-subsyksarata_kangatari_-_01_hi10p3670c359-mkv_snapshot_02-39_2013-04-16_17-53-25<\/span><\/a><\/div><div class=\"su-custom-gallery-slide\" style=\"width:135px;height:135px\"><a href=\"https:\/\/yamayurikai-subs.eu\/wp-content\/uploads\/2016\/03\/c-subsyksarata_kangatari_-_01_hi10p3670c359-mkv_snapshot_04-35_2013-04-16_17-52-32.png\" title=\"c-subsyksarata_kangatari_-_01_hi10p3670c359-mkv_snapshot_04-35_2013-04-16_17-52-32\"><img loading=\"lazy\" decoding=\"async\" src=\"https:\/\/yamayurikai-subs.eu\/wp-content\/uploads\/2016\/03\/c-subsyksarata_kangatari_-_01_hi10p3670c359-mkv_snapshot_04-35_2013-04-16_17-52-32-135x135.png\" alt=\"c-subsyksarata_kangatari_-_01_hi10p3670c359-mkv_snapshot_04-35_2013-04-16_17-52-32\" width=\"135\" height=\"135\" \/><span class=\"su-custom-gallery-title\">c-subsyksarata_kangatari_-_01_hi10p3670c359-mkv_snapshot_04-35_2013-04-16_17-52-32<\/span><\/a><\/div><div class=\"su-custom-gallery-slide\" style=\"width:135px;height:135px\"><a href=\"https:\/\/yamayurikai-subs.eu\/wp-content\/uploads\/2016\/03\/c-subsyksarata_kangatari_-_01_hi10p3670c359-mkv_snapshot_04-36_2013-04-16_17-53-11.png\" title=\"c-subsyksarata_kangatari_-_01_hi10p3670c359-mkv_snapshot_04-36_2013-04-16_17-53-11\"><img loading=\"lazy\" decoding=\"async\" src=\"https:\/\/yamayurikai-subs.eu\/wp-content\/uploads\/2016\/03\/c-subsyksarata_kangatari_-_01_hi10p3670c359-mkv_snapshot_04-36_2013-04-16_17-53-11-135x135.png\" alt=\"c-subsyksarata_kangatari_-_01_hi10p3670c359-mkv_snapshot_04-36_2013-04-16_17-53-11\" width=\"135\" height=\"135\" \/><span class=\"su-custom-gallery-title\">c-subsyksarata_kangatari_-_01_hi10p3670c359-mkv_snapshot_04-36_2013-04-16_17-53-11<\/span><\/a><\/div><div class=\"su-custom-gallery-slide\" style=\"width:135px;height:135px\"><a href=\"https:\/\/yamayurikai-subs.eu\/wp-content\/uploads\/2016\/03\/c-subsyksarata_kangatari_-_01_hi10p3670c359-mkv_snapshot_05-24_2013-04-16_17-51-50.png\" title=\"c-subsyksarata_kangatari_-_01_hi10p3670c359-mkv_snapshot_05-24_2013-04-16_17-51-50\"><img loading=\"lazy\" decoding=\"async\" src=\"https:\/\/yamayurikai-subs.eu\/wp-content\/uploads\/2016\/03\/c-subsyksarata_kangatari_-_01_hi10p3670c359-mkv_snapshot_05-24_2013-04-16_17-51-50-135x135.png\" alt=\"c-subsyksarata_kangatari_-_01_hi10p3670c359-mkv_snapshot_05-24_2013-04-16_17-51-50\" width=\"135\" height=\"135\" \/><span class=\"su-custom-gallery-title\">c-subsyksarata_kangatari_-_01_hi10p3670c359-mkv_snapshot_05-24_2013-04-16_17-51-50<\/span><\/a><\/div><div class=\"su-custom-gallery-slide\" style=\"width:135px;height:135px\"><a href=\"https:\/\/yamayurikai-subs.eu\/wp-content\/uploads\/2016\/03\/c-subsyksarata_kangatari_-_01_hi10p3670c359-mkv_snapshot_23-01_2013-04-16_17-52-10.png\" title=\"c-subsyksarata_kangatari_-_01_hi10p3670c359-mkv_snapshot_23-01_2013-04-16_17-52-10\"><img loading=\"lazy\" decoding=\"async\" src=\"https:\/\/yamayurikai-subs.eu\/wp-content\/uploads\/2016\/03\/c-subsyksarata_kangatari_-_01_hi10p3670c359-mkv_snapshot_23-01_2013-04-16_17-52-10-135x135.png\" alt=\"c-subsyksarata_kangatari_-_01_hi10p3670c359-mkv_snapshot_23-01_2013-04-16_17-52-10\" width=\"135\" height=\"135\" \/><span class=\"su-custom-gallery-title\">c-subsyksarata_kangatari_-_01_hi10p3670c359-mkv_snapshot_23-01_2013-04-16_17-52-10<\/span><\/a><\/div><div class=\"su-custom-gallery-slide\" style=\"width:135px;height:135px\"><a href=\"https:\/\/yamayurikai-subs.eu\/wp-content\/uploads\/2016\/03\/c-subsyksarata_kangatari_-_01_hi10p3670c359-mkv_snapshot_23-41_2013-04-16_17-52-19.png\" title=\"c-subsyksarata_kangatari_-_01_hi10p3670c359-mkv_snapshot_23-41_2013-04-16_17-52-19\"><img loading=\"lazy\" decoding=\"async\" src=\"https:\/\/yamayurikai-subs.eu\/wp-content\/uploads\/2016\/03\/c-subsyksarata_kangatari_-_01_hi10p3670c359-mkv_snapshot_23-41_2013-04-16_17-52-19-135x135.png\" alt=\"c-subsyksarata_kangatari_-_01_hi10p3670c359-mkv_snapshot_23-41_2013-04-16_17-52-19\" width=\"135\" height=\"135\" \/><span class=\"su-custom-gallery-title\">c-subsyksarata_kangatari_-_01_hi10p3670c359-mkv_snapshot_23-41_2013-04-16_17-52-19<\/span><\/a><\/div><div class=\"su-clear\"><\/div><\/div>\n","protected":false},"excerpt":{"rendered":"<p>Arata Kangatari Originaltitel: \u30a2\u30e9\u30bf \u30ab\u30f3\u30ac\u30bf\u30ea ~\u9769\u795e Episoden: 12 Erscheinungsjahr: 2013 Releaseinfos Video: mkv Container: x264, Hi10P Aufl\u00f6sung: 1280&#215;720 Audio: AAC<\/p>\n","protected":false},"author":11,"featured_media":0,"parent":0,"menu_order":0,"comment_status":"open","ping_status":"open","template":"","meta":{"colormag_page_container_layout":"default_layout","colormag_page_sidebar_layout":"default_layout","ngg_post_thumbnail":0,"footnotes":""},"class_list":["post-2018","page","type-page","status-publish","hentry"],"_links":{"self":[{"href":"https:\/\/yamayurikai-subs.eu\/index.php?rest_route=\/wp\/v2\/pages\/2018","targetHints":{"allow":["GET"]}}],"collection":[{"href":"https:\/\/yamayurikai-subs.eu\/index.php?rest_route=\/wp\/v2\/pages"}],"about":[{"href":"https:\/\/yamayurikai-subs.eu\/index.php?rest_route=\/wp\/v2\/types\/page"}],"author":[{"embeddable":true,"href":"https:\/\/yamayurikai-subs.eu\/index.php?rest_route=\/wp\/v2\/users\/11"}],"replies":[{"embeddable":true,"href":"https:\/\/yamayurikai-subs.eu\/index.php?rest_route=%2Fwp%2Fv2%2Fcomments&post=2018"}],"version-history":[{"count":8,"href":"https:\/\/yamayurikai-subs.eu\/index.php?rest_route=\/wp\/v2\/pages\/2018\/revisions"}],"predecessor-version":[{"id":5083,"href":"https:\/\/yamayurikai-subs.eu\/index.php?rest_route=\/wp\/v2\/pages\/2018\/revisions\/5083"}],"wp:attachment":[{"href":"https:\/\/yamayurikai-subs.eu\/index.php?rest_route=%2Fwp%2Fv2%2Fmedia&parent=2018"}],"curies":[{"name":"wp","href":"https:\/\/api.w.org\/{rel}","templated":true}]}}