{"id":2013,"date":"2012-12-23T12:35:07","date_gmt":"2012-12-23T12:35:07","guid":{"rendered":"https:\/\/yks.brb.re\/?page_id=2013"},"modified":"2019-07-30T18:05:21","modified_gmt":"2019-07-30T17:05:21","slug":"ayashi-no-ceres","status":"publish","type":"page","link":"https:\/\/yamayurikai-subs.eu\/?page_id=2013","title":{"rendered":"Ayashi no Ceres"},"content":{"rendered":"<span class=\"su-frame su-frame-align-left su-frame-style-default\"><span class=\"su-frame-inner\"><img loading=\"lazy\" decoding=\"async\" class=\" size-full wp-image-3758 alignleft\" src=\"https:\/\/yks.brb.re\/wp-content\/uploads\/2016\/03\/Ayashi-no-Ceres-Projekt.png\" alt=\"Ayashi-no-Ceres-Projekt\" width=\"252\" height=\"375\"><\/span><\/span>\n<h4>Ayashi no Ceres<\/h4>\n<span class=\"su-label su-label-type-warning\">Romance<\/span><span class=\"su-label su-label-type-warning\">Drama<\/span>\n<p><b>Originaltitel:<\/b> \u5996\u3057\u306e\u30bb\u30ec\u30b9<br \/>\n<b>Episoden:<\/b> 24<br \/>\n<b>Erscheinungsjahr:<\/b> 2000<\/p>\n<h5>Releaseinfos<\/h5>\n<p><strong>Video:<\/strong> mkv<br \/>\n<strong>Container:<\/strong> x264, Hi10P<br \/>\n<strong>Aufl\u00f6sung:<\/strong> 640&#215;480<br \/>\n<strong>Audio:<\/strong> AAC<\/p>\n<h5>Download<\/h5>\n<a href=\"https:\/\/nyaa.si\/view\/445619\" class=\"su-button su-button-style-soft\" style=\"color:#FFFFFF;background-color:#59C16E;border-color:#489b58;border-radius:5px\" target=\"_blank\" rel=\"noopener noreferrer\"><span style=\"color:#FFFFFF;padding:6px 16px;font-size:13px;line-height:20px;border-color:#8bd49a;border-radius:5px;text-shadow:none\"><img decoding=\"async\" src=\"https:\/\/yks.brb.re\/wp-content\/uploads\/2015\/06\/download21.png\" alt=\"&lt;b&gt;Torrent&lt;\/b&gt;\" style=\"width:20px;height:20px\" \/> <b>Torrent<\/b><\/span><\/a> <a href=\"https:\/\/yks.brb.re\/ddl\/\" class=\"su-button su-button-style-soft\" style=\"color:#FFFFFF;background-color:#EE484D;border-color:#bf3a3e;border-radius:5px\" target=\"_blank\" rel=\"noopener noreferrer\"><span style=\"color:#FFFFFF;padding:6px 16px;font-size:13px;line-height:20px;border-color:#f47f83;border-radius:5px;text-shadow:none\"><img decoding=\"async\" src=\"https:\/\/yks.brb.re\/wp-content\/uploads\/2015\/06\/download11.png\" alt=\"&lt;b&gt;DDL&lt;\/b&gt;\" style=\"width:20px;height:20px\" \/> <b>DDL<\/b><\/span><\/a>\n<div class=\"su-divider su-divider-style-dashed\" style=\"margin:15px 0;border-width:1px;border-color:#999999\"><\/div>\n<h5>Beschreibung<\/h5>\n<blockquote><p>Aya und ihr Zwillingsbruder Aki werden bald durch das Schicksal auseinandergetrieben&#8230; An ihrem 16. Geburtstag soll den Zwillingen von ihrer Familie ein besonderes Geschenk \u00fcberreicht werden. Doch in Wahrheit ist die Geburtstagsfeier nur ein Test und Aya hat ihn nicht bestanden. In ihr wohnt eine Tennyo inne, eine wiedergeborene himmlische Jungfrau, deren Ziel es ist, die Familie Mikage auszul\u00f6schen und ihr verlorenes Himmelsgewand wieder zu bekommen. Aya muss fliehen, denn ihr Gro\u00dfvater m\u00f6chte sie umbringen, damit die Tennyo ihr Ziel nicht erreichen kann.<\/p><\/blockquote>\n<div class=\"su-divider su-divider-style-dashed\" style=\"margin:15px 0;border-width:1px;border-color:#999999\"><\/div>\n<h5>Screenshots<\/h5>\n<div class=\"su-custom-gallery su-custom-gallery-align-left su-custom-gallery-title-never su-lightbox-gallery\"><div class=\"su-custom-gallery-slide\" style=\"width:135px;height:135px\"><a href=\"https:\/\/yamayurikai-subs.eu\/wp-content\/uploads\/2016\/03\/yksayashi_no_ceres_01hi10ped876fd0-mkv_snapshot_07-07_2013-02-12_22-35-49.png\" title=\"yksayashi_no_ceres_01hi10ped876fd0-mkv_snapshot_07-07_2013-02-12_22-35-49\"><img loading=\"lazy\" decoding=\"async\" src=\"https:\/\/yamayurikai-subs.eu\/wp-content\/uploads\/2016\/03\/yksayashi_no_ceres_01hi10ped876fd0-mkv_snapshot_07-07_2013-02-12_22-35-49-135x135.png\" alt=\"yksayashi_no_ceres_01hi10ped876fd0-mkv_snapshot_07-07_2013-02-12_22-35-49\" width=\"135\" height=\"135\" \/><span class=\"su-custom-gallery-title\">yksayashi_no_ceres_01hi10ped876fd0-mkv_snapshot_07-07_2013-02-12_22-35-49<\/span><\/a><\/div><div class=\"su-custom-gallery-slide\" style=\"width:135px;height:135px\"><a href=\"https:\/\/yamayurikai-subs.eu\/wp-content\/uploads\/2016\/03\/yksayashi_no_ceres_01hi10ped876fd0-mkv_snapshot_14-21_2013-02-12_22-36-49.png\" title=\"yksayashi_no_ceres_01hi10ped876fd0-mkv_snapshot_14-21_2013-02-12_22-36-49\"><img loading=\"lazy\" decoding=\"async\" src=\"https:\/\/yamayurikai-subs.eu\/wp-content\/uploads\/2016\/03\/yksayashi_no_ceres_01hi10ped876fd0-mkv_snapshot_14-21_2013-02-12_22-36-49-135x135.png\" alt=\"yksayashi_no_ceres_01hi10ped876fd0-mkv_snapshot_14-21_2013-02-12_22-36-49\" width=\"135\" height=\"135\" \/><span class=\"su-custom-gallery-title\">yksayashi_no_ceres_01hi10ped876fd0-mkv_snapshot_14-21_2013-02-12_22-36-49<\/span><\/a><\/div><div class=\"su-custom-gallery-slide\" style=\"width:135px;height:135px\"><a href=\"https:\/\/yamayurikai-subs.eu\/wp-content\/uploads\/2016\/03\/yksayashi_no_ceres_01hi10ped876fd0-mkv_snapshot_19-22_2013-02-12_22-38-00.png\" title=\"yksayashi_no_ceres_01hi10ped876fd0-mkv_snapshot_19-22_2013-02-12_22-38-00\"><img loading=\"lazy\" decoding=\"async\" src=\"https:\/\/yamayurikai-subs.eu\/wp-content\/uploads\/2016\/03\/yksayashi_no_ceres_01hi10ped876fd0-mkv_snapshot_19-22_2013-02-12_22-38-00-135x135.png\" alt=\"yksayashi_no_ceres_01hi10ped876fd0-mkv_snapshot_19-22_2013-02-12_22-38-00\" width=\"135\" height=\"135\" \/><span class=\"su-custom-gallery-title\">yksayashi_no_ceres_01hi10ped876fd0-mkv_snapshot_19-22_2013-02-12_22-38-00<\/span><\/a><\/div><div class=\"su-custom-gallery-slide\" style=\"width:135px;height:135px\"><a href=\"https:\/\/yamayurikai-subs.eu\/wp-content\/uploads\/2016\/03\/yksayashi_no_ceres_01hi10ped876fd0-mkv_snapshot_21-30_2013-02-12_22-36-35.png\" title=\"yksayashi_no_ceres_01hi10ped876fd0-mkv_snapshot_21-30_2013-02-12_22-36-35\"><img loading=\"lazy\" decoding=\"async\" src=\"https:\/\/yamayurikai-subs.eu\/wp-content\/uploads\/2016\/03\/yksayashi_no_ceres_01hi10ped876fd0-mkv_snapshot_21-30_2013-02-12_22-36-35-135x135.png\" alt=\"yksayashi_no_ceres_01hi10ped876fd0-mkv_snapshot_21-30_2013-02-12_22-36-35\" width=\"135\" height=\"135\" \/><span class=\"su-custom-gallery-title\">yksayashi_no_ceres_01hi10ped876fd0-mkv_snapshot_21-30_2013-02-12_22-36-35<\/span><\/a><\/div><div class=\"su-custom-gallery-slide\" style=\"width:135px;height:135px\"><a href=\"https:\/\/yamayurikai-subs.eu\/wp-content\/uploads\/2016\/03\/yksayashi_no_ceres_01hi10ped876fd0-mkv_snapshot_01-35_2013-02-12_22-37-28.png\" title=\"yksayashi_no_ceres_01hi10ped876fd0-mkv_snapshot_01-35_2013-02-12_22-37-28\"><img loading=\"lazy\" decoding=\"async\" src=\"https:\/\/yamayurikai-subs.eu\/wp-content\/uploads\/2016\/03\/yksayashi_no_ceres_01hi10ped876fd0-mkv_snapshot_01-35_2013-02-12_22-37-28-135x135.png\" alt=\"yksayashi_no_ceres_01hi10ped876fd0-mkv_snapshot_01-35_2013-02-12_22-37-28\" width=\"135\" height=\"135\" \/><span class=\"su-custom-gallery-title\">yksayashi_no_ceres_01hi10ped876fd0-mkv_snapshot_01-35_2013-02-12_22-37-28<\/span><\/a><\/div><div class=\"su-custom-gallery-slide\" style=\"width:135px;height:135px\"><a href=\"https:\/\/yamayurikai-subs.eu\/wp-content\/uploads\/2016\/03\/yksayashi_no_ceres_01hi10ped876fd0-mkv_snapshot_03-30_2013-02-12_22-35-39.png\" title=\"yksayashi_no_ceres_01hi10ped876fd0-mkv_snapshot_03-30_2013-02-12_22-35-39\"><img loading=\"lazy\" decoding=\"async\" src=\"https:\/\/yamayurikai-subs.eu\/wp-content\/uploads\/2016\/03\/yksayashi_no_ceres_01hi10ped876fd0-mkv_snapshot_03-30_2013-02-12_22-35-39-135x135.png\" alt=\"yksayashi_no_ceres_01hi10ped876fd0-mkv_snapshot_03-30_2013-02-12_22-35-39\" width=\"135\" height=\"135\" \/><span class=\"su-custom-gallery-title\">yksayashi_no_ceres_01hi10ped876fd0-mkv_snapshot_03-30_2013-02-12_22-35-39<\/span><\/a><\/div><div class=\"su-custom-gallery-slide\" style=\"width:135px;height:135px\"><a href=\"https:\/\/yamayurikai-subs.eu\/wp-content\/uploads\/2016\/03\/yksayashi_no_ceres_01hi10ped876fd0-mkv_snapshot_04-53_2013-02-12_22-37-18.png\" title=\"yksayashi_no_ceres_01hi10ped876fd0-mkv_snapshot_04-53_2013-02-12_22-37-18\"><img loading=\"lazy\" decoding=\"async\" src=\"https:\/\/yamayurikai-subs.eu\/wp-content\/uploads\/2016\/03\/yksayashi_no_ceres_01hi10ped876fd0-mkv_snapshot_04-53_2013-02-12_22-37-18-135x135.png\" alt=\"yksayashi_no_ceres_01hi10ped876fd0-mkv_snapshot_04-53_2013-02-12_22-37-18\" width=\"135\" height=\"135\" \/><span class=\"su-custom-gallery-title\">yksayashi_no_ceres_01hi10ped876fd0-mkv_snapshot_04-53_2013-02-12_22-37-18<\/span><\/a><\/div><div class=\"su-custom-gallery-slide\" style=\"width:135px;height:135px\"><a href=\"https:\/\/yamayurikai-subs.eu\/wp-content\/uploads\/2016\/03\/yksayashi_no_ceres_01hi10ped876fd0-mkv_snapshot_19-50_2013-02-12_22-36-01.png\" title=\"yksayashi_no_ceres_01hi10ped876fd0-mkv_snapshot_19-50_2013-02-12_22-36-01\"><img loading=\"lazy\" decoding=\"async\" src=\"https:\/\/yamayurikai-subs.eu\/wp-content\/uploads\/2016\/03\/yksayashi_no_ceres_01hi10ped876fd0-mkv_snapshot_19-50_2013-02-12_22-36-01-135x135.png\" alt=\"yksayashi_no_ceres_01hi10ped876fd0-mkv_snapshot_19-50_2013-02-12_22-36-01\" width=\"135\" height=\"135\" \/><span class=\"su-custom-gallery-title\">yksayashi_no_ceres_01hi10ped876fd0-mkv_snapshot_19-50_2013-02-12_22-36-01<\/span><\/a><\/div><div class=\"su-clear\"><\/div><\/div>\n","protected":false},"excerpt":{"rendered":"<p>Ayashi no Ceres Originaltitel: \u5996\u3057\u306e\u30bb\u30ec\u30b9 Episoden: 24 Erscheinungsjahr: 2000 Releaseinfos Video: mkv Container: x264, Hi10P Aufl\u00f6sung: 640&#215;480 Audio: AAC Download<\/p>\n","protected":false},"author":11,"featured_media":0,"parent":0,"menu_order":0,"comment_status":"open","ping_status":"open","template":"","meta":{"colormag_page_container_layout":"default_layout","colormag_page_sidebar_layout":"default_layout","ngg_post_thumbnail":0,"footnotes":""},"class_list":["post-2013","page","type-page","status-publish","hentry"],"_links":{"self":[{"href":"https:\/\/yamayurikai-subs.eu\/index.php?rest_route=\/wp\/v2\/pages\/2013","targetHints":{"allow":["GET"]}}],"collection":[{"href":"https:\/\/yamayurikai-subs.eu\/index.php?rest_route=\/wp\/v2\/pages"}],"about":[{"href":"https:\/\/yamayurikai-subs.eu\/index.php?rest_route=\/wp\/v2\/types\/page"}],"author":[{"embeddable":true,"href":"https:\/\/yamayurikai-subs.eu\/index.php?rest_route=\/wp\/v2\/users\/11"}],"replies":[{"embeddable":true,"href":"https:\/\/yamayurikai-subs.eu\/index.php?rest_route=%2Fwp%2Fv2%2Fcomments&post=2013"}],"version-history":[{"count":7,"href":"https:\/\/yamayurikai-subs.eu\/index.php?rest_route=\/wp\/v2\/pages\/2013\/revisions"}],"predecessor-version":[{"id":12549,"href":"https:\/\/yamayurikai-subs.eu\/index.php?rest_route=\/wp\/v2\/pages\/2013\/revisions\/12549"}],"wp:attachment":[{"href":"https:\/\/yamayurikai-subs.eu\/index.php?rest_route=%2Fwp%2Fv2%2Fmedia&parent=2013"}],"curies":[{"name":"wp","href":"https:\/\/api.w.org\/{rel}","templated":true}]}}