{"id":1871,"date":"2012-10-12T19:26:40","date_gmt":"2012-10-12T19:26:40","guid":{"rendered":"https:\/\/yks.brb.re\/?page_id=1871"},"modified":"2016-04-02T20:32:52","modified_gmt":"2016-04-02T18:32:52","slug":"a-channel-smile","status":"publish","type":"page","link":"https:\/\/yamayurikai-subs.eu\/?page_id=1871","title":{"rendered":"A Channel +smile"},"content":{"rendered":"<span class=\"su-frame su-frame-align-left su-frame-style-default\"><span class=\"su-frame-inner\"><img loading=\"lazy\" decoding=\"async\" class=\" size-full wp-image-3758 alignleft\" src=\"https:\/\/yks.brb.re\/wp-content\/uploads\/2016\/03\/A-Channel_smile_Projektbeschreibung.png\" alt=\"A-Channel_smile_Projektbeschreibung\" width=\"252\" height=\"375\" \/><\/span><\/span>\n<h4>A Channel +smile<\/h4>\n<span class=\"su-label su-label-type-warning\">Schoolkids<\/span><span class=\"su-label su-label-type-warning\">Comedy<\/span>\n<p><b>Originaltitel:<\/b> A\u30c1\u30e3\u30f3\u30cd\u30eb<br \/>\n<b>Episoden:<\/b> 2<br \/>\n<b>Erscheinungsjahr:<\/b> 2012<\/p>\n<h5>Releaseinfos<\/h5>\n<p><strong>Video:<\/strong> mkv<br \/>\n<strong>Container:<\/strong> x264, Hi10P<br \/>\n<strong>Aufl\u00f6sung:<\/strong> 1280&#215;720<br \/>\n<strong>Audio:<\/strong> AAC<\/p>\n<p><strong>In Kooperation mit <a href=\"http:\/\/nanaone.net\/\" target=\"_blank\">NanaOne<\/a>!<\/strong><\/p>\n<h5>Download<\/h5>\n<a href=\"http:\/\/ani-tsuzuki.net:6969\/torrents\/cfcd2812097f669c13433879e69a29e1fe444ada.torrent\" class=\"su-button su-button-style-soft\" style=\"color:#FFFFFF;background-color:#59C16E;border-color:#489b58;border-radius:5px\" target=\"_blank\" rel=\"noopener noreferrer\"><span style=\"color:#FFFFFF;padding:6px 16px;font-size:13px;line-height:20px;border-color:#8bd49a;border-radius:5px;text-shadow:none\"><img decoding=\"async\" src=\"https:\/\/yks.brb.re\/wp-content\/uploads\/2015\/06\/download21.png\" alt=\"&lt;b&gt;Torrent&lt;\/b&gt;\" style=\"width:20px;height:20px\" \/> <b>Torrent<\/b><\/span><\/a> <a href=\"https:\/\/yks.brb.re\/ddl\/\" class=\"su-button su-button-style-soft\" style=\"color:#FFFFFF;background-color:#EE484D;border-color:#bf3a3e;border-radius:5px\" target=\"_blank\" rel=\"noopener noreferrer\"><span style=\"color:#FFFFFF;padding:6px 16px;font-size:13px;line-height:20px;border-color:#f47f83;border-radius:5px;text-shadow:none\"><img decoding=\"async\" src=\"https:\/\/yks.brb.re\/wp-content\/uploads\/2015\/06\/download11.png\" alt=\"&lt;b&gt;DDL&lt;\/b&gt;\" style=\"width:20px;height:20px\" \/> <b>DDL<\/b><\/span><\/a> <a href=\"https:\/\/yks.brb.re\/xdcc\/\" class=\"su-button su-button-style-soft\" style=\"color:#FFFFFF;background-color:#5B79C1;border-color:#49619b;border-radius:5px\" target=\"_blank\" rel=\"noopener noreferrer\"><span style=\"color:#FFFFFF;padding:6px 16px;font-size:13px;line-height:20px;border-color:#8da2d4;border-radius:5px;text-shadow:none\"><img decoding=\"async\" src=\"https:\/\/yks.brb.re\/wp-content\/uploads\/2015\/06\/download31.png\" alt=\"&lt;b&gt;XDCC&lt;\/b&gt;\" style=\"width:20px;height:20px\" \/> <b>XDCC<\/b><\/span><\/a>\n<div class=\"su-divider su-divider-style-dashed\" style=\"margin:15px 0;border-width:1px;border-color:#999999\"><\/div>\n<h5>Beschreibung<\/h5>\n<blockquote><p>War der Schulalltag von Yuuko, Nagi und Run schon bisher nicht immer so einfach, weil Letztere durch ihre Naivit\u00e4t und den Umstand, dass sie mit ihren Gedanken oft in den Wolken h\u00e4ngt, den anderen laufend Sorgen bereitet, wird die Situation noch einmal komplizierter als Runs Freundin Tooru ebenfalls an ihre Schule wechselt. Diese ist zwar klein gewachsen, wird daf\u00fcr aber umso schneller eifers\u00fcchtig, wenn jemand Run zu nahe kommt und schreckt auch nicht davor zur\u00fcck, ihren Emotionen mit etwas rabiateren Mitteln Ausdruck zu verleihen.<\/p><\/blockquote>\n<p>Quelle: aniSearch<\/p>\n<div class=\"su-divider su-divider-style-dashed\" style=\"margin:15px 0;border-width:1px;border-color:#999999\"><\/div>\n<h5>Screenshots<\/h5>\n<div class=\"su-custom-gallery su-custom-gallery-align-left su-custom-gallery-title-never su-lightbox-gallery\"><div class=\"su-custom-gallery-slide\" style=\"width:135px;height:135px\"><a href=\"https:\/\/yamayurikai-subs.eu\/wp-content\/uploads\/2016\/03\/yksnoa-channel_01_h264112fad8e-mkv_snapshot_02-06_2011-04-13_21-50-52.png\" title=\"yksnoa-channel_01_h264112fad8e-mkv_snapshot_02-06_2011-04-13_21-50-52\"><img loading=\"lazy\" decoding=\"async\" src=\"https:\/\/yamayurikai-subs.eu\/wp-content\/uploads\/2016\/03\/yksnoa-channel_01_h264112fad8e-mkv_snapshot_02-06_2011-04-13_21-50-52-135x135.png\" alt=\"yksnoa-channel_01_h264112fad8e-mkv_snapshot_02-06_2011-04-13_21-50-52\" width=\"135\" height=\"135\" \/><span class=\"su-custom-gallery-title\">yksnoa-channel_01_h264112fad8e-mkv_snapshot_02-06_2011-04-13_21-50-52<\/span><\/a><\/div><div class=\"su-custom-gallery-slide\" style=\"width:135px;height:135px\"><a href=\"https:\/\/yamayurikai-subs.eu\/wp-content\/uploads\/2016\/03\/yksnoa-channel_01_h264112fad8e-mkv_snapshot_03-21_2011-04-13_21-51-38.png\" title=\"yksnoa-channel_01_h264112fad8e-mkv_snapshot_03-21_2011-04-13_21-51-38\"><img loading=\"lazy\" decoding=\"async\" src=\"https:\/\/yamayurikai-subs.eu\/wp-content\/uploads\/2016\/03\/yksnoa-channel_01_h264112fad8e-mkv_snapshot_03-21_2011-04-13_21-51-38-135x135.png\" alt=\"yksnoa-channel_01_h264112fad8e-mkv_snapshot_03-21_2011-04-13_21-51-38\" width=\"135\" height=\"135\" \/><span class=\"su-custom-gallery-title\">yksnoa-channel_01_h264112fad8e-mkv_snapshot_03-21_2011-04-13_21-51-38<\/span><\/a><\/div><div class=\"su-custom-gallery-slide\" style=\"width:135px;height:135px\"><a href=\"https:\/\/yamayurikai-subs.eu\/wp-content\/uploads\/2016\/03\/yksnoa-channel_01_h264112fad8e-mkv_snapshot_05-06_2011-04-13_21-51-44.png\" title=\"yksnoa-channel_01_h264112fad8e-mkv_snapshot_05-06_2011-04-13_21-51-44\"><img loading=\"lazy\" decoding=\"async\" src=\"https:\/\/yamayurikai-subs.eu\/wp-content\/uploads\/2016\/03\/yksnoa-channel_01_h264112fad8e-mkv_snapshot_05-06_2011-04-13_21-51-44-135x135.png\" alt=\"yksnoa-channel_01_h264112fad8e-mkv_snapshot_05-06_2011-04-13_21-51-44\" width=\"135\" height=\"135\" \/><span class=\"su-custom-gallery-title\">yksnoa-channel_01_h264112fad8e-mkv_snapshot_05-06_2011-04-13_21-51-44<\/span><\/a><\/div><div class=\"su-custom-gallery-slide\" style=\"width:135px;height:135px\"><a href=\"https:\/\/yamayurikai-subs.eu\/wp-content\/uploads\/2016\/03\/yksnoa-channel_01_h264112fad8e-mkv_snapshot_06-26_2011-04-13_21-25-34.png\" title=\"yksnoa-channel_01_h264112fad8e-mkv_snapshot_06-26_2011-04-13_21-25-34\"><img loading=\"lazy\" decoding=\"async\" src=\"https:\/\/yamayurikai-subs.eu\/wp-content\/uploads\/2016\/03\/yksnoa-channel_01_h264112fad8e-mkv_snapshot_06-26_2011-04-13_21-25-34-135x135.png\" alt=\"yksnoa-channel_01_h264112fad8e-mkv_snapshot_06-26_2011-04-13_21-25-34\" width=\"135\" height=\"135\" \/><span class=\"su-custom-gallery-title\">yksnoa-channel_01_h264112fad8e-mkv_snapshot_06-26_2011-04-13_21-25-34<\/span><\/a><\/div><div class=\"su-custom-gallery-slide\" style=\"width:135px;height:135px\"><a href=\"https:\/\/yamayurikai-subs.eu\/wp-content\/uploads\/2016\/03\/yksnoa-channel_01_h264112fad8e-mkv_snapshot_06-36_2011-04-13_21-55-10.png\" title=\"yksnoa-channel_01_h264112fad8e-mkv_snapshot_06-36_2011-04-13_21-55-10\"><img loading=\"lazy\" decoding=\"async\" src=\"https:\/\/yamayurikai-subs.eu\/wp-content\/uploads\/2016\/03\/yksnoa-channel_01_h264112fad8e-mkv_snapshot_06-36_2011-04-13_21-55-10-135x135.png\" alt=\"yksnoa-channel_01_h264112fad8e-mkv_snapshot_06-36_2011-04-13_21-55-10\" width=\"135\" height=\"135\" \/><span class=\"su-custom-gallery-title\">yksnoa-channel_01_h264112fad8e-mkv_snapshot_06-36_2011-04-13_21-55-10<\/span><\/a><\/div><div class=\"su-custom-gallery-slide\" style=\"width:135px;height:135px\"><a href=\"https:\/\/yamayurikai-subs.eu\/wp-content\/uploads\/2016\/03\/yksnoa-channel_01_h264112fad8e-mkv_snapshot_06-52_2011-04-13_21-53-06.png\" title=\"yksnoa-channel_01_h264112fad8e-mkv_snapshot_06-52_2011-04-13_21-53-06\"><img loading=\"lazy\" decoding=\"async\" src=\"https:\/\/yamayurikai-subs.eu\/wp-content\/uploads\/2016\/03\/yksnoa-channel_01_h264112fad8e-mkv_snapshot_06-52_2011-04-13_21-53-06-135x135.png\" alt=\"yksnoa-channel_01_h264112fad8e-mkv_snapshot_06-52_2011-04-13_21-53-06\" width=\"135\" height=\"135\" \/><span class=\"su-custom-gallery-title\">yksnoa-channel_01_h264112fad8e-mkv_snapshot_06-52_2011-04-13_21-53-06<\/span><\/a><\/div><div class=\"su-custom-gallery-slide\" style=\"width:135px;height:135px\"><a href=\"https:\/\/yamayurikai-subs.eu\/wp-content\/uploads\/2016\/03\/yksnoa-channel_01_h264112fad8e-mkv_snapshot_13-47_2011-04-13_21-55-29.png\" title=\"yksnoa-channel_01_h264112fad8e-mkv_snapshot_13-47_2011-04-13_21-55-29\"><img loading=\"lazy\" decoding=\"async\" src=\"https:\/\/yamayurikai-subs.eu\/wp-content\/uploads\/2016\/03\/yksnoa-channel_01_h264112fad8e-mkv_snapshot_13-47_2011-04-13_21-55-29-135x135.png\" alt=\"yksnoa-channel_01_h264112fad8e-mkv_snapshot_13-47_2011-04-13_21-55-29\" width=\"135\" height=\"135\" \/><span class=\"su-custom-gallery-title\">yksnoa-channel_01_h264112fad8e-mkv_snapshot_13-47_2011-04-13_21-55-29<\/span><\/a><\/div><div class=\"su-custom-gallery-slide\" style=\"width:135px;height:135px\"><a href=\"https:\/\/yamayurikai-subs.eu\/wp-content\/uploads\/2016\/03\/yksnoa-channel_01_h264112fad8e-mkv_snapshot_01-37_2011-04-13_21-53-48.png\" title=\"yksnoa-channel_01_h264112fad8e-mkv_snapshot_01-37_2011-04-13_21-53-48\"><img loading=\"lazy\" decoding=\"async\" src=\"https:\/\/yamayurikai-subs.eu\/wp-content\/uploads\/2016\/03\/yksnoa-channel_01_h264112fad8e-mkv_snapshot_01-37_2011-04-13_21-53-48-135x135.png\" alt=\"yksnoa-channel_01_h264112fad8e-mkv_snapshot_01-37_2011-04-13_21-53-48\" width=\"135\" height=\"135\" \/><span class=\"su-custom-gallery-title\">yksnoa-channel_01_h264112fad8e-mkv_snapshot_01-37_2011-04-13_21-53-48<\/span><\/a><\/div><div class=\"su-clear\"><\/div><\/div>\n","protected":false},"excerpt":{"rendered":"<p>A Channel +smile Originaltitel: A\u30c1\u30e3\u30f3\u30cd\u30eb Episoden: 2 Erscheinungsjahr: 2012 Releaseinfos Video: mkv Container: x264, Hi10P Aufl\u00f6sung: 1280&#215;720 Audio: AAC In<\/p>\n","protected":false},"author":11,"featured_media":0,"parent":0,"menu_order":0,"comment_status":"open","ping_status":"open","template":"","meta":{"colormag_page_container_layout":"default_layout","colormag_page_sidebar_layout":"default_layout","ngg_post_thumbnail":0,"footnotes":""},"class_list":["post-1871","page","type-page","status-publish","hentry"],"_links":{"self":[{"href":"https:\/\/yamayurikai-subs.eu\/index.php?rest_route=\/wp\/v2\/pages\/1871","targetHints":{"allow":["GET"]}}],"collection":[{"href":"https:\/\/yamayurikai-subs.eu\/index.php?rest_route=\/wp\/v2\/pages"}],"about":[{"href":"https:\/\/yamayurikai-subs.eu\/index.php?rest_route=\/wp\/v2\/types\/page"}],"author":[{"embeddable":true,"href":"https:\/\/yamayurikai-subs.eu\/index.php?rest_route=\/wp\/v2\/users\/11"}],"replies":[{"embeddable":true,"href":"https:\/\/yamayurikai-subs.eu\/index.php?rest_route=%2Fwp%2Fv2%2Fcomments&post=1871"}],"version-history":[{"count":6,"href":"https:\/\/yamayurikai-subs.eu\/index.php?rest_route=\/wp\/v2\/pages\/1871\/revisions"}],"predecessor-version":[{"id":5076,"href":"https:\/\/yamayurikai-subs.eu\/index.php?rest_route=\/wp\/v2\/pages\/1871\/revisions\/5076"}],"wp:attachment":[{"href":"https:\/\/yamayurikai-subs.eu\/index.php?rest_route=%2Fwp%2Fv2%2Fmedia&parent=1871"}],"curies":[{"name":"wp","href":"https:\/\/api.w.org\/{rel}","templated":true}]}}