{"id":13990,"date":"2022-12-11T07:50:23","date_gmt":"2022-12-11T06:50:23","guid":{"rendered":"https:\/\/yks.brb.re\/?page_id=13990"},"modified":"2022-12-11T07:50:24","modified_gmt":"2022-12-11T06:50:24","slug":"harem-camp","status":"publish","type":"page","link":"https:\/\/yamayurikai-subs.eu\/?page_id=13990","title":{"rendered":"Harem Camp"},"content":{"rendered":"<span class=\"su-frame su-frame-align-left su-frame-style-default\"><span class=\"su-frame-inner\"><img decoding=\"async\" src=\"https:\/\/yks.brb.re\/wp-content\/uploads\/2022\/12\/276004.jpg\" width=\"250\"><\/span><\/span>\n<span class=\"su-label su-label-type-warning\">Romance<\/span><span class=\"su-label su-label-type-warning\">Isekai<\/span><span class=\"su-label su-label-type-warning\">Hentai<\/span>\n<p><b>Originaltitel:<\/b> \u30cf\u30fc\u30ec\u30e0\u304d\u3083\u3093\u3077\u3063!<br \/>\n<b>Episoden:<\/b> 8<br \/>\n<b>Erscheinungsjahr:<\/b> 2022<\/p>\n<h5>Releaseinfos<\/h5>\n<p><strong>Video:<\/strong> mkv<br \/>\n<strong>Container:<\/strong> x264, Hi10P<br \/>\n<strong>Aufl\u00f6sung:<\/strong> 1920&#215;1080<br \/>\n<strong>Audio:<\/strong> AAC<\/p>\n<h5>Download<\/h5>\n<a href=\"https:\/\/sukebei.nyaa.si\/?f=0&#038;c=0_0&#038;q=%5BYamayurikai%5D\" class=\"su-button su-button-style-soft\" style=\"color:#FFFFFF;background-color:#59C16E;border-color:#489b58;border-radius:5px\" target=\"_blank\" rel=\"noopener noreferrer\"><span style=\"color:#FFFFFF;padding:6px 16px;font-size:13px;line-height:20px;border-color:#8bd49a;border-radius:5px;text-shadow:none\"><img decoding=\"async\" src=\"https:\/\/yks.brb.re\/wp-content\/uploads\/2015\/06\/download21.png\" alt=\"&lt;b&gt;Torrent&lt;\/b&gt;\" style=\"width:20px;height:20px\" \/> <b>Torrent<\/b><\/span><\/a> <a href=\"https:\/\/yks.brb.re\/ddl\/\" class=\"su-button su-button-style-soft\" style=\"color:#FFFFFF;background-color:#EE484D;border-color:#bf3a3e;border-radius:5px\" target=\"_blank\" rel=\"noopener noreferrer\"><span style=\"color:#FFFFFF;padding:6px 16px;font-size:13px;line-height:20px;border-color:#f47f83;border-radius:5px;text-shadow:none\"><img decoding=\"async\" src=\"https:\/\/yks.brb.re\/wp-content\/uploads\/2015\/06\/download11.png\" alt=\"&lt;b&gt;DDL&lt;\/b&gt;\" style=\"width:20px;height:20px\" \/> <b>DDL<\/b><\/span><\/a>\n<br class=\"clear\"><br class=\"clear\"><\/p>\n<h5>Hinweis:<\/h5>\n<p>Im DDL-Center unter &#8222;Hentai Shorts&#8220; zu finden.<\/p>\n<div class=\"su-divider su-divider-style-dashed\" style=\"margin:15px 0;border-width:1px;border-color:#999999\"><\/div>\n<h5>Beschreibung<\/h5>\n<blockquote><p><span id=\"desc-de\" class=\"desc-zz textblock\" lang=\"de\">Wie w\u00e4re es mit einem Camping-Klub? Gegen Langweweile? Gute Idee, machen wir das doch! Und so gr\u00fcnden vier Oberschulm\u00e4dchen einen Camping-Klub ohne \u00fcberhaupt auch nur Ansatzweise Ahnung dar\u00fcber zu haben. Wie gut, dass ihr neuer Klassenlehrer wei\u00df wo der Hase langl\u00e4uft.<\/span><\/p>\n\n<div class='easySpoilerWrapper' style='border-color:#FFFFFF;'>\n<table class='easySpoilerTable' border='0' style='text-align:center;' align='center' bgcolor='FFFFFF' >\n\n<tr style='white-space:normal;'>\n<th class='easySpoilerTitleA' style='white-space:normal;font-weight:normal;text-align:left;vertical-align:middle;font-size:80%;background-color:#FADCFA;background-image:none;border-color:#FFFFFF;color:#B029A7;'>Ich habe das 18. Lebensjahr vollendet?<\/th>\n<th class='easySpoilerTitleB'style='text-align:right;vertical-align:middle;font-size:100%;background-color:#FADCFA;background-image:none;border-color:#FFFFFF; white-space:nowrap;'><a href='' onclick='wpSpoilerSelect(\"spoilerDiv222a8001\"); return false;' class='easySpoilerButtonOther' style='font-size:100%;color:#black;background-color:#FFFFFF;background-image:none;border: 1px inset;border-style:solid;border-color:#A6289E; margin: 3px 0px 3px; padding: 4px; ' align='right'>x<\/a><a href='' onclick='wpSpoilerToggle(\"spoilerDiv222a8001\",true,\"Na klar!\",\"Verstecken\",\"slow\",false); return false;' id='spoilerDiv222a8001_action' class='easySpoilerButton' value=\"Na klar!\" align='right' style='font-size:100%;color:#black;background-color:#FFFFFF;background-image:none;border: 1px inset;border-style:solid;border-color:#A6289E; margin: 3px 0px 3px 5px; padding: 4px;'>Na klar!<\/><\/th>\n<\/tr>\n<tr><td class='easySpoilerRow' colspan='2' style='border-color:#FFFFFF;'><div id='spoilerDiv222a8001' class='easySpoilerSpoils'  style='display:none; white-space:wrap; overflow:auto; vertical-align:middle;background-color:#black;background-image:none;color:#000000;border-color:#FFFFFF;'>\nGibt kein Passwort.\n<\/div><\/td><\/tr>\n<\/table>\n<div class='easySpoilerConclude' style='border-color:#FFFFFF;'><table class='easySpoilerTable' border='0' style='text-align:center;' frame='box' align='center' bgcolor='FFFFFF'><tr><th class='easySpoilerEnd' style='width:100%;background-color:#FADCFA;background-image:none;border-color:#FFFFFF;'><\/th><td class='easySpoilerEnd' style='white-space:nowrap;background-color:#FADCFA;background-image:none;border-color:#FFFFFF;' colspan='2'><\/td><\/tr><tr><td class='easySpoilerGroupWrapperLastRow' colspan='2' style='background-color:#FADCFA;background-image:none;border-color:#FFFFFF;'><\/td><\/tr><\/table><\/div>\n<\/div>\n\n<div class=\"su-divider su-divider-style-dashed\" style=\"margin:15px 0;border-width:1px;border-color:#999999\"><\/div>\n<h5>Screenshots<\/h5>\n<div class=\"su-custom-gallery su-custom-gallery-align-left su-custom-gallery-title-never su-lightbox-gallery\"><div class=\"su-custom-gallery-slide\" style=\"width:135px;height:135px\"><a href=\"https:\/\/yamayurikai-subs.eu\/wp-content\/uploads\/2022\/12\/YKSHarem_Camp_-_01Hi10P057A2828.mkv_snapshot_01.10_2022.12.11_07.32.59.png\" title=\"[YKS]Harem_Camp_-_01[Hi10P][057A2828].mkv_snapshot_01.10_[2022.12.11_07.32.59]\"><img loading=\"lazy\" decoding=\"async\" src=\"https:\/\/yamayurikai-subs.eu\/wp-content\/uploads\/2022\/12\/YKSHarem_Camp_-_01Hi10P057A2828.mkv_snapshot_01.10_2022.12.11_07.32.59-135x135.png\" alt=\"[YKS]Harem_Camp_-_01[Hi10P][057A2828].mkv_snapshot_01.10_[2022.12.11_07.32.59]\" width=\"135\" height=\"135\" \/><span class=\"su-custom-gallery-title\">[YKS]Harem_Camp_-_01[Hi10P][057A2828].mkv_snapshot_01.10_[2022.12.11_07.32.59]<\/span><\/a><\/div><div class=\"su-custom-gallery-slide\" style=\"width:135px;height:135px\"><a href=\"https:\/\/yamayurikai-subs.eu\/wp-content\/uploads\/2022\/12\/YKSHarem_Camp_-_01Hi10P057A2828.mkv_snapshot_05.05_2022.12.11_07.33.10.png\" title=\"[YKS]Harem_Camp_-_01[Hi10P][057A2828].mkv_snapshot_05.05_[2022.12.11_07.33.10]\"><img loading=\"lazy\" decoding=\"async\" src=\"https:\/\/yamayurikai-subs.eu\/wp-content\/uploads\/2022\/12\/YKSHarem_Camp_-_01Hi10P057A2828.mkv_snapshot_05.05_2022.12.11_07.33.10-135x135.png\" alt=\"[YKS]Harem_Camp_-_01[Hi10P][057A2828].mkv_snapshot_05.05_[2022.12.11_07.33.10]\" width=\"135\" height=\"135\" \/><span class=\"su-custom-gallery-title\">[YKS]Harem_Camp_-_01[Hi10P][057A2828].mkv_snapshot_05.05_[2022.12.11_07.33.10]<\/span><\/a><\/div><div class=\"su-custom-gallery-slide\" style=\"width:135px;height:135px\"><a href=\"https:\/\/yamayurikai-subs.eu\/wp-content\/uploads\/2022\/12\/YKSHarem_Camp_-_01Hi10P057A2828.mkv_snapshot_04.05_2022.12.11_07.33.23.png\" title=\"[YKS]Harem_Camp_-_01[Hi10P][057A2828].mkv_snapshot_04.05_[2022.12.11_07.33.23]\"><img loading=\"lazy\" decoding=\"async\" src=\"https:\/\/yamayurikai-subs.eu\/wp-content\/uploads\/2022\/12\/YKSHarem_Camp_-_01Hi10P057A2828.mkv_snapshot_04.05_2022.12.11_07.33.23-135x135.png\" alt=\"[YKS]Harem_Camp_-_01[Hi10P][057A2828].mkv_snapshot_04.05_[2022.12.11_07.33.23]\" width=\"135\" height=\"135\" \/><span class=\"su-custom-gallery-title\">[YKS]Harem_Camp_-_01[Hi10P][057A2828].mkv_snapshot_04.05_[2022.12.11_07.33.23]<\/span><\/a><\/div><div class=\"su-custom-gallery-slide\" style=\"width:135px;height:135px\"><a href=\"https:\/\/yamayurikai-subs.eu\/wp-content\/uploads\/2022\/12\/YKSHarem_Camp_-_02Hi10PDC50ECA5.mkv_snapshot_01.55_2022.12.11_07.33.39.png\" title=\"[YKS]Harem_Camp_-_02[Hi10P][DC50ECA5].mkv_snapshot_01.55_[2022.12.11_07.33.39]\"><img loading=\"lazy\" decoding=\"async\" src=\"https:\/\/yamayurikai-subs.eu\/wp-content\/uploads\/2022\/12\/YKSHarem_Camp_-_02Hi10PDC50ECA5.mkv_snapshot_01.55_2022.12.11_07.33.39-135x135.png\" alt=\"[YKS]Harem_Camp_-_02[Hi10P][DC50ECA5].mkv_snapshot_01.55_[2022.12.11_07.33.39]\" width=\"135\" height=\"135\" \/><span class=\"su-custom-gallery-title\">[YKS]Harem_Camp_-_02[Hi10P][DC50ECA5].mkv_snapshot_01.55_[2022.12.11_07.33.39]<\/span><\/a><\/div><div class=\"su-custom-gallery-slide\" style=\"width:135px;height:135px\"><a href=\"https:\/\/yamayurikai-subs.eu\/wp-content\/uploads\/2022\/12\/YKSHarem_Camp_-_02Hi10PDC50ECA5.mkv_snapshot_02.53_2022.12.11_07.33.47.png\" title=\"[YKS]Harem_Camp_-_02[Hi10P][DC50ECA5].mkv_snapshot_02.53_[2022.12.11_07.33.47]\"><img loading=\"lazy\" decoding=\"async\" src=\"https:\/\/yamayurikai-subs.eu\/wp-content\/uploads\/2022\/12\/YKSHarem_Camp_-_02Hi10PDC50ECA5.mkv_snapshot_02.53_2022.12.11_07.33.47-135x135.png\" alt=\"[YKS]Harem_Camp_-_02[Hi10P][DC50ECA5].mkv_snapshot_02.53_[2022.12.11_07.33.47]\" width=\"135\" height=\"135\" \/><span class=\"su-custom-gallery-title\">[YKS]Harem_Camp_-_02[Hi10P][DC50ECA5].mkv_snapshot_02.53_[2022.12.11_07.33.47]<\/span><\/a><\/div><div class=\"su-custom-gallery-slide\" style=\"width:135px;height:135px\"><a href=\"https:\/\/yamayurikai-subs.eu\/wp-content\/uploads\/2022\/12\/YKSHarem_Camp_-_02Hi10PDC50ECA5.mkv_snapshot_03.53_2022.12.11_07.34.06.png\" title=\"[YKS]Harem_Camp_-_02[Hi10P][DC50ECA5].mkv_snapshot_03.53_[2022.12.11_07.34.06]\"><img loading=\"lazy\" decoding=\"async\" src=\"https:\/\/yamayurikai-subs.eu\/wp-content\/uploads\/2022\/12\/YKSHarem_Camp_-_02Hi10PDC50ECA5.mkv_snapshot_03.53_2022.12.11_07.34.06-135x135.png\" alt=\"[YKS]Harem_Camp_-_02[Hi10P][DC50ECA5].mkv_snapshot_03.53_[2022.12.11_07.34.06]\" width=\"135\" height=\"135\" \/><span class=\"su-custom-gallery-title\">[YKS]Harem_Camp_-_02[Hi10P][DC50ECA5].mkv_snapshot_03.53_[2022.12.11_07.34.06]<\/span><\/a><\/div><div class=\"su-custom-gallery-slide\" style=\"width:135px;height:135px\"><a href=\"https:\/\/yamayurikai-subs.eu\/wp-content\/uploads\/2022\/12\/YKSHarem_Camp_-_02Hi10PDC50ECA5.mkv_snapshot_04.50_2022.12.11_07.34.17.png\" title=\"[YKS]Harem_Camp_-_02[Hi10P][DC50ECA5].mkv_snapshot_04.50_[2022.12.11_07.34.17]\"><img loading=\"lazy\" decoding=\"async\" src=\"https:\/\/yamayurikai-subs.eu\/wp-content\/uploads\/2022\/12\/YKSHarem_Camp_-_02Hi10PDC50ECA5.mkv_snapshot_04.50_2022.12.11_07.34.17-135x135.png\" alt=\"[YKS]Harem_Camp_-_02[Hi10P][DC50ECA5].mkv_snapshot_04.50_[2022.12.11_07.34.17]\" width=\"135\" height=\"135\" \/><span class=\"su-custom-gallery-title\">[YKS]Harem_Camp_-_02[Hi10P][DC50ECA5].mkv_snapshot_04.50_[2022.12.11_07.34.17]<\/span><\/a><\/div><div class=\"su-custom-gallery-slide\" style=\"width:135px;height:135px\"><a href=\"https:\/\/yamayurikai-subs.eu\/wp-content\/uploads\/2022\/12\/YKSHarem_Camp_-_02Hi10PDC50ECA5.mkv_snapshot_05.17_2022.12.11_07.34.31.png\" title=\"[YKS]Harem_Camp_-_02[Hi10P][DC50ECA5].mkv_snapshot_05.17_[2022.12.11_07.34.31]\"><img loading=\"lazy\" decoding=\"async\" src=\"https:\/\/yamayurikai-subs.eu\/wp-content\/uploads\/2022\/12\/YKSHarem_Camp_-_02Hi10PDC50ECA5.mkv_snapshot_05.17_2022.12.11_07.34.31-135x135.png\" alt=\"[YKS]Harem_Camp_-_02[Hi10P][DC50ECA5].mkv_snapshot_05.17_[2022.12.11_07.34.31]\" width=\"135\" height=\"135\" \/><span class=\"su-custom-gallery-title\">[YKS]Harem_Camp_-_02[Hi10P][DC50ECA5].mkv_snapshot_05.17_[2022.12.11_07.34.31]<\/span><\/a><\/div><div class=\"su-clear\"><\/div><\/div><\/blockquote>\n","protected":false},"excerpt":{"rendered":"<p>Originaltitel: \u30cf\u30fc\u30ec\u30e0\u304d\u3083\u3093\u3077\u3063! Episoden: 8 Erscheinungsjahr: 2022 Releaseinfos Video: mkv Container: x264, Hi10P Aufl\u00f6sung: 1920&#215;1080 Audio: AAC Download Hinweis: Im DDL-Center<\/p>\n","protected":false},"author":11,"featured_media":0,"parent":0,"menu_order":0,"comment_status":"closed","ping_status":"closed","template":"","meta":{"colormag_page_container_layout":"default_layout","colormag_page_sidebar_layout":"default_layout","ngg_post_thumbnail":0,"footnotes":""},"class_list":["post-13990","page","type-page","status-publish","hentry"],"_links":{"self":[{"href":"https:\/\/yamayurikai-subs.eu\/index.php?rest_route=\/wp\/v2\/pages\/13990","targetHints":{"allow":["GET"]}}],"collection":[{"href":"https:\/\/yamayurikai-subs.eu\/index.php?rest_route=\/wp\/v2\/pages"}],"about":[{"href":"https:\/\/yamayurikai-subs.eu\/index.php?rest_route=\/wp\/v2\/types\/page"}],"author":[{"embeddable":true,"href":"https:\/\/yamayurikai-subs.eu\/index.php?rest_route=\/wp\/v2\/users\/11"}],"replies":[{"embeddable":true,"href":"https:\/\/yamayurikai-subs.eu\/index.php?rest_route=%2Fwp%2Fv2%2Fcomments&post=13990"}],"version-history":[{"count":3,"href":"https:\/\/yamayurikai-subs.eu\/index.php?rest_route=\/wp\/v2\/pages\/13990\/revisions"}],"predecessor-version":[{"id":14002,"href":"https:\/\/yamayurikai-subs.eu\/index.php?rest_route=\/wp\/v2\/pages\/13990\/revisions\/14002"}],"wp:attachment":[{"href":"https:\/\/yamayurikai-subs.eu\/index.php?rest_route=%2Fwp%2Fv2%2Fmedia&parent=13990"}],"curies":[{"name":"wp","href":"https:\/\/api.w.org\/{rel}","templated":true}]}}