{"id":13882,"date":"2022-12-01T19:53:54","date_gmt":"2022-12-01T18:53:54","guid":{"rendered":"https:\/\/yks.brb.re\/?page_id=13882"},"modified":"2022-12-01T20:25:30","modified_gmt":"2022-12-01T19:25:30","slug":"ouji-no-honmei-wa-akuyaku-reijou","status":"publish","type":"page","link":"https:\/\/yamayurikai-subs.eu\/?page_id=13882","title":{"rendered":"Ouji no Honmei wa Akuyaku Reijou"},"content":{"rendered":"<span class=\"su-frame su-frame-align-left su-frame-style-default\"><span class=\"su-frame-inner\"><img decoding=\"async\" src=\"https:\/\/yks.brb.re\/wp-content\/uploads\/2022\/12\/ouji_no_honmei.jpg\" width=\"250\"><\/span><\/span>\n<span class=\"su-label su-label-type-warning\">Romance<\/span><span class=\"su-label su-label-type-warning\">Isekai<\/span><span class=\"su-label su-label-type-warning\">Hentai<\/span>\n<p><b>Originaltitel:<\/b> \u738b\u5b50\u306e\u672c\u547d\u306f\u60aa\u5f79\u4ee4\u5b22<br \/>\n<b>Episoden:<\/b> 8<br \/>\n<b>Erscheinungsjahr:<\/b> 2022<\/p>\n<h5>Releaseinfos<\/h5>\n<p><strong>Video:<\/strong> mkv<br \/>\n<strong>Container:<\/strong> x264, Hi10P<br \/>\n<strong>Aufl\u00f6sung:<\/strong> 1920&#215;1080<br \/>\n<strong>Audio:<\/strong> AAC<\/p>\n<h5>Download<\/h5>\n<a href=\"https:\/\/sukebei.nyaa.si\/?f=0&#038;c=0_0&#038;q=%5BYamayurikai%5D\" class=\"su-button su-button-style-soft\" style=\"color:#FFFFFF;background-color:#59C16E;border-color:#489b58;border-radius:5px\" target=\"_blank\" rel=\"noopener noreferrer\"><span style=\"color:#FFFFFF;padding:6px 16px;font-size:13px;line-height:20px;border-color:#8bd49a;border-radius:5px;text-shadow:none\"><img decoding=\"async\" src=\"https:\/\/yks.brb.re\/wp-content\/uploads\/2015\/06\/download21.png\" alt=\"&lt;b&gt;Torrent&lt;\/b&gt;\" style=\"width:20px;height:20px\" \/> <b>Torrent<\/b><\/span><\/a> <a href=\"https:\/\/yks.brb.re\/ddl\/\" class=\"su-button su-button-style-soft\" style=\"color:#FFFFFF;background-color:#EE484D;border-color:#bf3a3e;border-radius:5px\" target=\"_blank\" rel=\"noopener noreferrer\"><span style=\"color:#FFFFFF;padding:6px 16px;font-size:13px;line-height:20px;border-color:#f47f83;border-radius:5px;text-shadow:none\"><img decoding=\"async\" src=\"https:\/\/yks.brb.re\/wp-content\/uploads\/2015\/06\/download11.png\" alt=\"&lt;b&gt;DDL&lt;\/b&gt;\" style=\"width:20px;height:20px\" \/> <b>DDL<\/b><\/span><\/a>\n<br class=\"clear\"><br class=\"clear\"><\/p>\n<h5>Hinweis:<\/h5>\n<p>Im DDL-Center unter &#8222;Hentai Shorts&#8220; zu finden.<\/p>\n<div class=\"su-divider su-divider-style-dashed\" style=\"margin:15px 0;border-width:1px;border-color:#999999\"><\/div>\n<h5>Beschreibung<\/h5>\n<blockquote><p><span id=\"desc-de\" class=\"desc-zz textblock\" lang=\"de\">Eine namenlose B\u00fcroangestellte stirbt an \u00dcberarbeitung und landet in der Welt ihres liebsten Otome-Games. Dort schl\u00fcpft sie allerdings nicht in die Rolle der Heldin Chris, der es bestimmt ist, das Herzen des Prinzen im Sturm zu erobern, sondern sie erwacht als Diana \u2013 die Verlobte des Prinzen und ihres Zeichens b\u00f6se Widersacherin der Heldin. Da aber &#8222;Diana&#8220; nur das Beste f\u00fcr ihren Prinzen m\u00f6chte, ist sie (vergeblich) bem\u00fcht, ihn in Chris&#8216; Arme zu bugsieren. Jede Bem\u00fchung endet kl\u00e4glich darin, dass der Prinz nur noch mehr in sie selbst vernarrt ist.<\/span><\/p>\n\n<div class='easySpoilerWrapper' style='border-color:#FFFFFF;'>\n<table class='easySpoilerTable' border='0' style='text-align:center;' align='center' bgcolor='FFFFFF' >\n\n<tr style='white-space:normal;'>\n<th class='easySpoilerTitleA' style='white-space:normal;font-weight:normal;text-align:left;vertical-align:middle;font-size:80%;background-color:#FADCFA;background-image:none;border-color:#FFFFFF;color:#B029A7;'>Ich habe das 18. Lebensjahr vollendet?<\/th>\n<th class='easySpoilerTitleB'style='text-align:right;vertical-align:middle;font-size:100%;background-color:#FADCFA;background-image:none;border-color:#FFFFFF; white-space:nowrap;'><a href='' onclick='wpSpoilerSelect(\"spoilerDiv6a8d8001\"); return false;' class='easySpoilerButtonOther' style='font-size:100%;color:#black;background-color:#FFFFFF;background-image:none;border: 1px inset;border-style:solid;border-color:#A6289E; margin: 3px 0px 3px; padding: 4px; ' align='right'>x<\/a><a href='' onclick='wpSpoilerToggle(\"spoilerDiv6a8d8001\",true,\"Na klar!\",\"Verstecken\",\"slow\",false); return false;' id='spoilerDiv6a8d8001_action' class='easySpoilerButton' value=\"Na klar!\" align='right' style='font-size:100%;color:#black;background-color:#FFFFFF;background-image:none;border: 1px inset;border-style:solid;border-color:#A6289E; margin: 3px 0px 3px 5px; padding: 4px;'>Na klar!<\/><\/th>\n<\/tr>\n<tr><td class='easySpoilerRow' colspan='2' style='border-color:#FFFFFF;'><div id='spoilerDiv6a8d8001' class='easySpoilerSpoils'  style='display:none; white-space:wrap; overflow:auto; vertical-align:middle;background-color:#black;background-image:none;color:#000000;border-color:#FFFFFF;'>\nGibt kein Passwort.\n<\/div><\/td><\/tr>\n<\/table>\n<div class='easySpoilerConclude' style='border-color:#FFFFFF;'><table class='easySpoilerTable' border='0' style='text-align:center;' frame='box' align='center' bgcolor='FFFFFF'><tr><th class='easySpoilerEnd' style='width:100%;background-color:#FADCFA;background-image:none;border-color:#FFFFFF;'><\/th><td class='easySpoilerEnd' style='white-space:nowrap;background-color:#FADCFA;background-image:none;border-color:#FFFFFF;' colspan='2'><\/td><\/tr><tr><td class='easySpoilerGroupWrapperLastRow' colspan='2' style='background-color:#FADCFA;background-image:none;border-color:#FFFFFF;'><\/td><\/tr><\/table><\/div>\n<\/div>\n\n<div class=\"su-divider su-divider-style-dashed\" style=\"margin:15px 0;border-width:1px;border-color:#999999\"><\/div>\n<h5>Screenshots<\/h5>\n<div class=\"su-custom-gallery su-custom-gallery-align-left su-custom-gallery-title-never su-lightbox-gallery\"><div class=\"su-custom-gallery-slide\" style=\"width:135px;height:135px\"><a href=\"https:\/\/yamayurikai-subs.eu\/wp-content\/uploads\/2022\/12\/ouji_01.jpg\" title=\"ouji_01\"><img loading=\"lazy\" decoding=\"async\" src=\"https:\/\/yamayurikai-subs.eu\/wp-content\/uploads\/2022\/12\/ouji_01-135x135.jpg\" alt=\"ouji_01\" width=\"135\" height=\"135\" \/><span class=\"su-custom-gallery-title\">ouji_01<\/span><\/a><\/div><div class=\"su-custom-gallery-slide\" style=\"width:135px;height:135px\"><a href=\"https:\/\/yamayurikai-subs.eu\/wp-content\/uploads\/2022\/12\/ouji_02.jpg\" title=\"ouji_02\"><img loading=\"lazy\" decoding=\"async\" src=\"https:\/\/yamayurikai-subs.eu\/wp-content\/uploads\/2022\/12\/ouji_02-135x135.jpg\" alt=\"ouji_02\" width=\"135\" height=\"135\" \/><span class=\"su-custom-gallery-title\">ouji_02<\/span><\/a><\/div><div class=\"su-custom-gallery-slide\" style=\"width:135px;height:135px\"><a href=\"https:\/\/yamayurikai-subs.eu\/wp-content\/uploads\/2022\/12\/ouji_03.jpg\" title=\"ouji_03\"><img loading=\"lazy\" decoding=\"async\" src=\"https:\/\/yamayurikai-subs.eu\/wp-content\/uploads\/2022\/12\/ouji_03-135x135.jpg\" alt=\"ouji_03\" width=\"135\" height=\"135\" \/><span class=\"su-custom-gallery-title\">ouji_03<\/span><\/a><\/div><div class=\"su-custom-gallery-slide\" style=\"width:135px;height:135px\"><a href=\"https:\/\/yamayurikai-subs.eu\/wp-content\/uploads\/2022\/12\/ouji_04.jpg\" title=\"ouji_04\"><img loading=\"lazy\" decoding=\"async\" src=\"https:\/\/yamayurikai-subs.eu\/wp-content\/uploads\/2022\/12\/ouji_04-135x135.jpg\" alt=\"ouji_04\" width=\"135\" height=\"135\" \/><span class=\"su-custom-gallery-title\">ouji_04<\/span><\/a><\/div><div class=\"su-custom-gallery-slide\" style=\"width:135px;height:135px\"><a href=\"https:\/\/yamayurikai-subs.eu\/wp-content\/uploads\/2022\/12\/ouji_05.jpg\" title=\"ouji_05\"><img loading=\"lazy\" decoding=\"async\" src=\"https:\/\/yamayurikai-subs.eu\/wp-content\/uploads\/2022\/12\/ouji_05-135x135.jpg\" alt=\"ouji_05\" width=\"135\" height=\"135\" \/><span class=\"su-custom-gallery-title\">ouji_05<\/span><\/a><\/div><div class=\"su-custom-gallery-slide\" style=\"width:135px;height:135px\"><a href=\"https:\/\/yamayurikai-subs.eu\/wp-content\/uploads\/2022\/12\/ouji_06.jpg\" title=\"ouji_06\"><img loading=\"lazy\" decoding=\"async\" src=\"https:\/\/yamayurikai-subs.eu\/wp-content\/uploads\/2022\/12\/ouji_06-135x135.jpg\" alt=\"ouji_06\" width=\"135\" height=\"135\" \/><span class=\"su-custom-gallery-title\">ouji_06<\/span><\/a><\/div><div class=\"su-custom-gallery-slide\" style=\"width:135px;height:135px\"><a href=\"https:\/\/yamayurikai-subs.eu\/wp-content\/uploads\/2022\/12\/ouji_07.jpg\" title=\"ouji_07\"><img loading=\"lazy\" decoding=\"async\" src=\"https:\/\/yamayurikai-subs.eu\/wp-content\/uploads\/2022\/12\/ouji_07-135x135.jpg\" alt=\"ouji_07\" width=\"135\" height=\"135\" \/><span class=\"su-custom-gallery-title\">ouji_07<\/span><\/a><\/div><div class=\"su-custom-gallery-slide\" style=\"width:135px;height:135px\"><a href=\"https:\/\/yamayurikai-subs.eu\/wp-content\/uploads\/2022\/12\/ouji_08.jpg\" title=\"ouji_08\"><img loading=\"lazy\" decoding=\"async\" src=\"https:\/\/yamayurikai-subs.eu\/wp-content\/uploads\/2022\/12\/ouji_08-135x135.jpg\" alt=\"ouji_08\" width=\"135\" height=\"135\" \/><span class=\"su-custom-gallery-title\">ouji_08<\/span><\/a><\/div><div class=\"su-clear\"><\/div><\/div><\/blockquote>\n","protected":false},"excerpt":{"rendered":"<p>Originaltitel: \u738b\u5b50\u306e\u672c\u547d\u306f\u60aa\u5f79\u4ee4\u5b22 Episoden: 8 Erscheinungsjahr: 2022 Releaseinfos Video: mkv Container: x264, Hi10P Aufl\u00f6sung: 1920&#215;1080 Audio: AAC Download Hinweis: Im DDL-Center<\/p>\n","protected":false},"author":4,"featured_media":0,"parent":0,"menu_order":0,"comment_status":"closed","ping_status":"closed","template":"","meta":{"colormag_page_container_layout":"default_layout","colormag_page_sidebar_layout":"default_layout","ngg_post_thumbnail":0,"footnotes":""},"class_list":["post-13882","page","type-page","status-publish","hentry"],"_links":{"self":[{"href":"https:\/\/yamayurikai-subs.eu\/index.php?rest_route=\/wp\/v2\/pages\/13882","targetHints":{"allow":["GET"]}}],"collection":[{"href":"https:\/\/yamayurikai-subs.eu\/index.php?rest_route=\/wp\/v2\/pages"}],"about":[{"href":"https:\/\/yamayurikai-subs.eu\/index.php?rest_route=\/wp\/v2\/types\/page"}],"author":[{"embeddable":true,"href":"https:\/\/yamayurikai-subs.eu\/index.php?rest_route=\/wp\/v2\/users\/4"}],"replies":[{"embeddable":true,"href":"https:\/\/yamayurikai-subs.eu\/index.php?rest_route=%2Fwp%2Fv2%2Fcomments&post=13882"}],"version-history":[{"count":4,"href":"https:\/\/yamayurikai-subs.eu\/index.php?rest_route=\/wp\/v2\/pages\/13882\/revisions"}],"predecessor-version":[{"id":13912,"href":"https:\/\/yamayurikai-subs.eu\/index.php?rest_route=\/wp\/v2\/pages\/13882\/revisions\/13912"}],"wp:attachment":[{"href":"https:\/\/yamayurikai-subs.eu\/index.php?rest_route=%2Fwp%2Fv2%2Fmedia&parent=13882"}],"curies":[{"name":"wp","href":"https:\/\/api.w.org\/{rel}","templated":true}]}}