{"id":13619,"date":"2021-12-24T12:33:49","date_gmt":"2021-12-24T11:33:49","guid":{"rendered":"https:\/\/yks.brb.re\/?page_id=13619"},"modified":"2021-12-24T13:17:23","modified_gmt":"2021-12-24T12:17:23","slug":"jimihen-jimiko-o-kae-chau-jun-isei-kouyuu","status":"publish","type":"page","link":"https:\/\/yamayurikai-subs.eu\/?page_id=13619","title":{"rendered":"Jimihen!! Jimiko o Kae Chau Jun Isei Kouyuu"},"content":{"rendered":"<span class=\"su-frame su-frame-align-left su-frame-style-default\"><span class=\"su-frame-inner\"><img decoding=\"async\" src=\"https:\/\/yks.brb.re\/wp-content\/uploads\/2021\/12\/110273l-1.jpg\" width=\"250\"><\/span><\/span>\n<span class=\"su-label su-label-type-warning\">Romanze<\/span><span class=\"su-label su-label-type-warning\">Hentai<\/span>\n<p><b>Originaltitel:<\/b> \u3058\u307f\u3078\u3093\u3063!!~\u5730\u5473\u5b50\u3092\u5909\u3048\u3061\u3083\u3046\u7d14\u7570\u6027\u4ea4\u904a~<br \/>\n<b>Episoden:<\/b> 8<br \/>\n<b>Erscheinungsjahr:<\/b> 2021<\/p>\n<h5>Releaseinfos<\/h5>\n<p><strong>Video:<\/strong> mkv<br \/>\n<strong>Container:<\/strong> x264, Hi10P<br \/>\n<strong>Aufl\u00f6sung:<\/strong> 1280&#215;720<br \/>\n<strong>Audio:<\/strong> AAC<\/p>\n<h5>Download<\/h5>\n<a href=\"https:\/\/sukebei.nyaa.si\/download\/3544760.torrent\" class=\"su-button su-button-style-soft\" style=\"color:#FFFFFF;background-color:#59C16E;border-color:#489b58;border-radius:5px\" target=\"_blank\" rel=\"noopener noreferrer\"><span style=\"color:#FFFFFF;padding:6px 16px;font-size:13px;line-height:20px;border-color:#8bd49a;border-radius:5px;text-shadow:none\"><img decoding=\"async\" src=\"https:\/\/yks.brb.re\/wp-content\/uploads\/2015\/06\/download21.png\" alt=\"&lt;b&gt;Torrent&lt;\/b&gt;\" style=\"width:20px;height:20px\" \/> <b>Torrent<\/b><\/span><\/a> <a href=\"https:\/\/yks.brb.re\/ddl\/\" class=\"su-button su-button-style-soft\" style=\"color:#FFFFFF;background-color:#EE484D;border-color:#bf3a3e;border-radius:5px\" target=\"_blank\" rel=\"noopener noreferrer\"><span style=\"color:#FFFFFF;padding:6px 16px;font-size:13px;line-height:20px;border-color:#f47f83;border-radius:5px;text-shadow:none\"><img decoding=\"async\" src=\"https:\/\/yks.brb.re\/wp-content\/uploads\/2015\/06\/download11.png\" alt=\"&lt;b&gt;DDL&lt;\/b&gt;\" style=\"width:20px;height:20px\" \/> <b>DDL<\/b><\/span><\/a>\n<p><br class=\"clear\"><br class=\"clear\"><\/p>\n<h5>Hinweis:<\/h5>\n<p>Im DDL-Center unter &#8222;Hentai Shorts&#8220; zu finden.<\/p>\n<div class=\"su-divider su-divider-style-dashed\" style=\"margin:15px 0;border-width:1px;border-color:#999999\"><\/div>\n<h5>Beschreibung<\/h5>\n<blockquote><p><span id=\"desc-de\" class=\"desc-zz textblock\" lang=\"de\">Der Chef von Hachiya zwingt ihn seine Kollegin Yukuhashi auf einen Drink einzuladen. Da dieser unbedingt wissen will, ob die graue Maus des B\u00fcros noch Jungfrau ist. Doch als die beiden sich am Abend treffen, kann Hachiya seinen Augen kaum trauen! Aus der grauen Maus ist eine \u00fcberw\u00e4ltigende Sch\u00f6nheit geworden. Eigentlich verl\u00e4uft der Abend ganz gut, doch dann rutsch ihm raus, warum er sich mit ihr getroffen hat\u2026<\/span><br \/>\n\n<div class='easySpoilerWrapper' style='border-color:#FFFFFF;'>\n<table class='easySpoilerTable' border='0' style='text-align:center;' align='center' bgcolor='FFFFFF' >\n\n<tr style='white-space:normal;'>\n<th class='easySpoilerTitleA' style='white-space:normal;font-weight:normal;text-align:left;vertical-align:middle;font-size:80%;background-color:#FADCFA;background-image:none;border-color:#FFFFFF;color:#B029A7;'>Ich habe das 18. Lebensjahr vollendet?<\/th>\n<th class='easySpoilerTitleB'style='text-align:right;vertical-align:middle;font-size:100%;background-color:#FADCFA;background-image:none;border-color:#FFFFFF; white-space:nowrap;'><a href='' onclick='wpSpoilerSelect(\"spoilerDiv1698001\"); return false;' class='easySpoilerButtonOther' style='font-size:100%;color:#black;background-color:#FFFFFF;background-image:none;border: 1px inset;border-style:solid;border-color:#A6289E; margin: 3px 0px 3px; padding: 4px; ' align='right'>x<\/a><a href='' onclick='wpSpoilerToggle(\"spoilerDiv1698001\",true,\"Na klar!\",\"Verstecken\",\"slow\",false); return false;' id='spoilerDiv1698001_action' class='easySpoilerButton' value=\"Na klar!\" align='right' style='font-size:100%;color:#black;background-color:#FFFFFF;background-image:none;border: 1px inset;border-style:solid;border-color:#A6289E; margin: 3px 0px 3px 5px; padding: 4px;'>Na klar!<\/><\/th>\n<\/tr>\n<tr><td class='easySpoilerRow' colspan='2' style='border-color:#FFFFFF;'><div id='spoilerDiv1698001' class='easySpoilerSpoils'  style='display:none; white-space:wrap; overflow:auto; vertical-align:middle;background-color:#black;background-image:none;color:#000000;border-color:#FFFFFF;'>\nH\u00f6, h\u00f6! Gibt keins \ud83d\ude1b\n<\/div><\/td><\/tr>\n<\/table>\n<div class='easySpoilerConclude' style='border-color:#FFFFFF;'><table class='easySpoilerTable' border='0' style='text-align:center;' frame='box' align='center' bgcolor='FFFFFF'><tr><th class='easySpoilerEnd' style='width:100%;background-color:#FADCFA;background-image:none;border-color:#FFFFFF;'><\/th><td class='easySpoilerEnd' style='white-space:nowrap;background-color:#FADCFA;background-image:none;border-color:#FFFFFF;' colspan='2'><\/td><\/tr><tr><td class='easySpoilerGroupWrapperLastRow' colspan='2' style='background-color:#FADCFA;background-image:none;border-color:#FFFFFF;'><\/td><\/tr><\/table><\/div>\n<\/div>\n\n<div class=\"su-divider su-divider-style-dashed\" style=\"margin:15px 0;border-width:1px;border-color:#999999\"><\/div>\n<h5>Screenshots<\/h5>\n<div class=\"su-custom-gallery su-custom-gallery-align-left su-custom-gallery-title-never su-lightbox-gallery\"><div class=\"su-custom-gallery-slide\" style=\"width:135px;height:135px\"><a href=\"https:\/\/yamayurikai-subs.eu\/wp-content\/uploads\/2021\/12\/YKSJimihen_Jimiko_o_Kae_Chau_Jun_Isei_Kouyuu_-_01Hi10P15418A0C.mkv_snapshot_04.14_2021.12.24_11.43.05.png\" title=\"[YKS]Jimihen!!_Jimiko_o_Kae_Chau_Jun_Isei_Kouyuu_-_01[Hi10P][15418A0C].mkv_snapshot_04.14_[2021.12.24_11.43.05]\"><img loading=\"lazy\" decoding=\"async\" src=\"https:\/\/yamayurikai-subs.eu\/wp-content\/uploads\/2021\/12\/YKSJimihen_Jimiko_o_Kae_Chau_Jun_Isei_Kouyuu_-_01Hi10P15418A0C.mkv_snapshot_04.14_2021.12.24_11.43.05-135x135.png\" alt=\"[YKS]Jimihen!!_Jimiko_o_Kae_Chau_Jun_Isei_Kouyuu_-_01[Hi10P][15418A0C].mkv_snapshot_04.14_[2021.12.24_11.43.05]\" width=\"135\" height=\"135\" \/><span class=\"su-custom-gallery-title\">[YKS]Jimihen!!_Jimiko_o_Kae_Chau_Jun_Isei_Kouyuu_-_01[Hi10P][15418A0C].mkv_snapshot_04.14_[2021.12.24_11.43.05]<\/span><\/a><\/div><div class=\"su-custom-gallery-slide\" style=\"width:135px;height:135px\"><a href=\"https:\/\/yamayurikai-subs.eu\/wp-content\/uploads\/2021\/12\/YKSJimihen_Jimiko_o_Kae_Chau_Jun_Isei_Kouyuu_-_01Hi10P15418A0C.mkv_snapshot_05.26_2021.12.24_11.43.15.png\" title=\"[YKS]Jimihen!!_Jimiko_o_Kae_Chau_Jun_Isei_Kouyuu_-_01[Hi10P][15418A0C].mkv_snapshot_05.26_[2021.12.24_11.43.15]\"><img loading=\"lazy\" decoding=\"async\" src=\"https:\/\/yamayurikai-subs.eu\/wp-content\/uploads\/2021\/12\/YKSJimihen_Jimiko_o_Kae_Chau_Jun_Isei_Kouyuu_-_01Hi10P15418A0C.mkv_snapshot_05.26_2021.12.24_11.43.15-135x135.png\" alt=\"[YKS]Jimihen!!_Jimiko_o_Kae_Chau_Jun_Isei_Kouyuu_-_01[Hi10P][15418A0C].mkv_snapshot_05.26_[2021.12.24_11.43.15]\" width=\"135\" height=\"135\" \/><span class=\"su-custom-gallery-title\">[YKS]Jimihen!!_Jimiko_o_Kae_Chau_Jun_Isei_Kouyuu_-_01[Hi10P][15418A0C].mkv_snapshot_05.26_[2021.12.24_11.43.15]<\/span><\/a><\/div><div class=\"su-custom-gallery-slide\" style=\"width:135px;height:135px\"><a href=\"https:\/\/yamayurikai-subs.eu\/wp-content\/uploads\/2021\/12\/YKSJimihen_Jimiko_o_Kae_Chau_Jun_Isei_Kouyuu_-_01Hi10P15418A0C.mkv_snapshot_06.10_2021.12.24_11.43.22.png\" title=\"[YKS]Jimihen!!_Jimiko_o_Kae_Chau_Jun_Isei_Kouyuu_-_01[Hi10P][15418A0C].mkv_snapshot_06.10_[2021.12.24_11.43.22]\"><img loading=\"lazy\" decoding=\"async\" src=\"https:\/\/yamayurikai-subs.eu\/wp-content\/uploads\/2021\/12\/YKSJimihen_Jimiko_o_Kae_Chau_Jun_Isei_Kouyuu_-_01Hi10P15418A0C.mkv_snapshot_06.10_2021.12.24_11.43.22-135x135.png\" alt=\"[YKS]Jimihen!!_Jimiko_o_Kae_Chau_Jun_Isei_Kouyuu_-_01[Hi10P][15418A0C].mkv_snapshot_06.10_[2021.12.24_11.43.22]\" width=\"135\" height=\"135\" \/><span class=\"su-custom-gallery-title\">[YKS]Jimihen!!_Jimiko_o_Kae_Chau_Jun_Isei_Kouyuu_-_01[Hi10P][15418A0C].mkv_snapshot_06.10_[2021.12.24_11.43.22]<\/span><\/a><\/div><div class=\"su-custom-gallery-slide\" style=\"width:135px;height:135px\"><a href=\"https:\/\/yamayurikai-subs.eu\/wp-content\/uploads\/2021\/12\/YKSJimihen_Jimiko_o_Kae_Chau_Jun_Isei_Kouyuu_-_01Hi10P15418A0C.mkv_snapshot_07.10_2021.12.24_11.43.28.png\" title=\"[YKS]Jimihen!!_Jimiko_o_Kae_Chau_Jun_Isei_Kouyuu_-_01[Hi10P][15418A0C].mkv_snapshot_07.10_[2021.12.24_11.43.28]\"><img loading=\"lazy\" decoding=\"async\" src=\"https:\/\/yamayurikai-subs.eu\/wp-content\/uploads\/2021\/12\/YKSJimihen_Jimiko_o_Kae_Chau_Jun_Isei_Kouyuu_-_01Hi10P15418A0C.mkv_snapshot_07.10_2021.12.24_11.43.28-135x135.png\" alt=\"[YKS]Jimihen!!_Jimiko_o_Kae_Chau_Jun_Isei_Kouyuu_-_01[Hi10P][15418A0C].mkv_snapshot_07.10_[2021.12.24_11.43.28]\" width=\"135\" height=\"135\" \/><span class=\"su-custom-gallery-title\">[YKS]Jimihen!!_Jimiko_o_Kae_Chau_Jun_Isei_Kouyuu_-_01[Hi10P][15418A0C].mkv_snapshot_07.10_[2021.12.24_11.43.28]<\/span><\/a><\/div><div class=\"su-custom-gallery-slide\" style=\"width:135px;height:135px\"><a href=\"https:\/\/yamayurikai-subs.eu\/wp-content\/uploads\/2021\/12\/YKSJimihen_Jimiko_o_Kae_Chau_Jun_Isei_Kouyuu_-_02Hi10P18F0BAE7.mkv_snapshot_00.11_2021.12.24_12.08.04.png\" title=\"[YKS]Jimihen!!_Jimiko_o_Kae_Chau_Jun_Isei_Kouyuu_-_02[Hi10P][18F0BAE7].mkv_snapshot_00.11_[2021.12.24_12.08.04]\"><img loading=\"lazy\" decoding=\"async\" src=\"https:\/\/yamayurikai-subs.eu\/wp-content\/uploads\/2021\/12\/YKSJimihen_Jimiko_o_Kae_Chau_Jun_Isei_Kouyuu_-_02Hi10P18F0BAE7.mkv_snapshot_00.11_2021.12.24_12.08.04-135x135.png\" alt=\"[YKS]Jimihen!!_Jimiko_o_Kae_Chau_Jun_Isei_Kouyuu_-_02[Hi10P][18F0BAE7].mkv_snapshot_00.11_[2021.12.24_12.08.04]\" width=\"135\" height=\"135\" \/><span class=\"su-custom-gallery-title\">[YKS]Jimihen!!_Jimiko_o_Kae_Chau_Jun_Isei_Kouyuu_-_02[Hi10P][18F0BAE7].mkv_snapshot_00.11_[2021.12.24_12.08.04]<\/span><\/a><\/div><div class=\"su-custom-gallery-slide\" style=\"width:135px;height:135px\"><a href=\"https:\/\/yamayurikai-subs.eu\/wp-content\/uploads\/2021\/12\/YKSJimihen_Jimiko_o_Kae_Chau_Jun_Isei_Kouyuu_-_01Hi10P15418A0C.mkv_snapshot_00.05_2021.12.24_11.42.27.png\" title=\"[YKS]Jimihen!!_Jimiko_o_Kae_Chau_Jun_Isei_Kouyuu_-_01[Hi10P][15418A0C].mkv_snapshot_00.05_[2021.12.24_11.42.27]\"><img loading=\"lazy\" decoding=\"async\" src=\"https:\/\/yamayurikai-subs.eu\/wp-content\/uploads\/2021\/12\/YKSJimihen_Jimiko_o_Kae_Chau_Jun_Isei_Kouyuu_-_01Hi10P15418A0C.mkv_snapshot_00.05_2021.12.24_11.42.27-135x135.png\" alt=\"[YKS]Jimihen!!_Jimiko_o_Kae_Chau_Jun_Isei_Kouyuu_-_01[Hi10P][15418A0C].mkv_snapshot_00.05_[2021.12.24_11.42.27]\" width=\"135\" height=\"135\" \/><span class=\"su-custom-gallery-title\">[YKS]Jimihen!!_Jimiko_o_Kae_Chau_Jun_Isei_Kouyuu_-_01[Hi10P][15418A0C].mkv_snapshot_00.05_[2021.12.24_11.42.27]<\/span><\/a><\/div><div class=\"su-custom-gallery-slide\" style=\"width:135px;height:135px\"><a href=\"https:\/\/yamayurikai-subs.eu\/wp-content\/uploads\/2021\/12\/YKSJimihen_Jimiko_o_Kae_Chau_Jun_Isei_Kouyuu_-_01Hi10P15418A0C.mkv_snapshot_00.56_2021.12.24_11.42.45.png\" title=\"[YKS]Jimihen!!_Jimiko_o_Kae_Chau_Jun_Isei_Kouyuu_-_01[Hi10P][15418A0C].mkv_snapshot_00.56_[2021.12.24_11.42.45]\"><img loading=\"lazy\" decoding=\"async\" src=\"https:\/\/yamayurikai-subs.eu\/wp-content\/uploads\/2021\/12\/YKSJimihen_Jimiko_o_Kae_Chau_Jun_Isei_Kouyuu_-_01Hi10P15418A0C.mkv_snapshot_00.56_2021.12.24_11.42.45-135x135.png\" alt=\"[YKS]Jimihen!!_Jimiko_o_Kae_Chau_Jun_Isei_Kouyuu_-_01[Hi10P][15418A0C].mkv_snapshot_00.56_[2021.12.24_11.42.45]\" width=\"135\" height=\"135\" \/><span class=\"su-custom-gallery-title\">[YKS]Jimihen!!_Jimiko_o_Kae_Chau_Jun_Isei_Kouyuu_-_01[Hi10P][15418A0C].mkv_snapshot_00.56_[2021.12.24_11.42.45]<\/span><\/a><\/div><div class=\"su-custom-gallery-slide\" style=\"width:135px;height:135px\"><a href=\"https:\/\/yamayurikai-subs.eu\/wp-content\/uploads\/2021\/12\/YKSJimihen_Jimiko_o_Kae_Chau_Jun_Isei_Kouyuu_-_01Hi10P15418A0C.mkv_snapshot_01.10_2021.12.24_11.42.55.png\" title=\"[YKS]Jimihen!!_Jimiko_o_Kae_Chau_Jun_Isei_Kouyuu_-_01[Hi10P][15418A0C].mkv_snapshot_01.10_[2021.12.24_11.42.55]\"><img loading=\"lazy\" decoding=\"async\" src=\"https:\/\/yamayurikai-subs.eu\/wp-content\/uploads\/2021\/12\/YKSJimihen_Jimiko_o_Kae_Chau_Jun_Isei_Kouyuu_-_01Hi10P15418A0C.mkv_snapshot_01.10_2021.12.24_11.42.55-135x135.png\" alt=\"[YKS]Jimihen!!_Jimiko_o_Kae_Chau_Jun_Isei_Kouyuu_-_01[Hi10P][15418A0C].mkv_snapshot_01.10_[2021.12.24_11.42.55]\" width=\"135\" height=\"135\" \/><span class=\"su-custom-gallery-title\">[YKS]Jimihen!!_Jimiko_o_Kae_Chau_Jun_Isei_Kouyuu_-_01[Hi10P][15418A0C].mkv_snapshot_01.10_[2021.12.24_11.42.55]<\/span><\/a><\/div><div class=\"su-clear\"><\/div><\/div><\/blockquote>\n","protected":false},"excerpt":{"rendered":"<p>Originaltitel: \u3058\u307f\u3078\u3093\u3063!!~\u5730\u5473\u5b50\u3092\u5909\u3048\u3061\u3083\u3046\u7d14\u7570\u6027\u4ea4\u904a~ Episoden: 8 Erscheinungsjahr: 2021 Releaseinfos Video: mkv Container: x264, Hi10P Aufl\u00f6sung: 1280&#215;720 Audio: AAC Download Hinweis: Im DDL-Center<\/p>\n","protected":false},"author":11,"featured_media":0,"parent":0,"menu_order":0,"comment_status":"closed","ping_status":"closed","template":"","meta":{"colormag_page_container_layout":"default_layout","colormag_page_sidebar_layout":"default_layout","ngg_post_thumbnail":0,"footnotes":""},"class_list":["post-13619","page","type-page","status-publish","hentry"],"_links":{"self":[{"href":"https:\/\/yamayurikai-subs.eu\/index.php?rest_route=\/wp\/v2\/pages\/13619","targetHints":{"allow":["GET"]}}],"collection":[{"href":"https:\/\/yamayurikai-subs.eu\/index.php?rest_route=\/wp\/v2\/pages"}],"about":[{"href":"https:\/\/yamayurikai-subs.eu\/index.php?rest_route=\/wp\/v2\/types\/page"}],"author":[{"embeddable":true,"href":"https:\/\/yamayurikai-subs.eu\/index.php?rest_route=\/wp\/v2\/users\/11"}],"replies":[{"embeddable":true,"href":"https:\/\/yamayurikai-subs.eu\/index.php?rest_route=%2Fwp%2Fv2%2Fcomments&post=13619"}],"version-history":[{"count":5,"href":"https:\/\/yamayurikai-subs.eu\/index.php?rest_route=\/wp\/v2\/pages\/13619\/revisions"}],"predecessor-version":[{"id":13652,"href":"https:\/\/yamayurikai-subs.eu\/index.php?rest_route=\/wp\/v2\/pages\/13619\/revisions\/13652"}],"wp:attachment":[{"href":"https:\/\/yamayurikai-subs.eu\/index.php?rest_route=%2Fwp%2Fv2%2Fmedia&parent=13619"}],"curies":[{"name":"wp","href":"https:\/\/api.w.org\/{rel}","templated":true}]}}