{"id":13566,"date":"2021-12-05T15:03:40","date_gmt":"2021-12-05T14:03:40","guid":{"rendered":"https:\/\/yks.brb.re\/?page_id=13566"},"modified":"2021-12-06T17:17:38","modified_gmt":"2021-12-06T16:17:38","slug":"otona-nya-koi-no-shikata-ga-wakaranee","status":"publish","type":"page","link":"https:\/\/yamayurikai-subs.eu\/?page_id=13566","title":{"rendered":"Otona Nya Koi no Shikata ga Wakaranee"},"content":{"rendered":"<span class=\"su-frame su-frame-align-left su-frame-style-default\"><span class=\"su-frame-inner\"><img decoding=\"async\" src=\"https:\/\/yks.brb.re\/wp-content\/uploads\/2021\/12\/257683.jpg\" width=\"300\"><\/span><\/span>\n<span class=\"su-label su-label-type-warning\">Romanze<\/span><span class=\"su-label su-label-type-warning\">Hentai<\/span><span class=\"su-label su-label-type-warning\">Zensiert<\/span>\n<p><b>Originaltitel:<\/b> \u5927\u4eba\u306b\u3083\u604b\u306e\u4ed5\u65b9\u304c\u308f\u304b\u3089\u306d\u3047!<br \/>\n<b>Episoden:<\/b> 8<br \/>\n<b>Erscheinungsjahr:<\/b> 2020<\/p>\n<h5>Releaseinfos<\/h5>\n<p><strong>Video:<\/strong> mkv<br \/>\n<strong>Container:<\/strong> x264, Hi10P<br \/>\n<strong>Aufl\u00f6sung:<\/strong> 1280,720<br \/>\n<strong>Audio:<\/strong> AAC<\/p>\n<h5>Download<\/h5>\n<a href=\"https:\/\/sukebei.nyaa.si\/download\/3530859.torrent\" class=\"su-button su-button-style-soft\" style=\"color:#FFFFFF;background-color:#59C16E;border-color:#489b58;border-radius:5px\" target=\"_blank\" rel=\"noopener noreferrer\"><span style=\"color:#FFFFFF;padding:6px 16px;font-size:13px;line-height:20px;border-color:#8bd49a;border-radius:5px;text-shadow:none\"><img decoding=\"async\" src=\"https:\/\/yks.brb.re\/wp-content\/uploads\/2015\/06\/download21.png\" alt=\"&lt;b&gt;Torrent&lt;\/b&gt;\" style=\"width:20px;height:20px\" \/> <b>Torrent<\/b><\/span><\/a> <a href=\"https:\/\/yks.brb.re\/ddl\/\" class=\"su-button su-button-style-soft\" style=\"color:#FFFFFF;background-color:#EE484D;border-color:#bf3a3e;border-radius:5px\" target=\"_blank\" rel=\"noopener noreferrer\"><span style=\"color:#FFFFFF;padding:6px 16px;font-size:13px;line-height:20px;border-color:#f47f83;border-radius:5px;text-shadow:none\"><img decoding=\"async\" src=\"https:\/\/yks.brb.re\/wp-content\/uploads\/2015\/06\/download11.png\" alt=\"&lt;b&gt;DDL&lt;\/b&gt;\" style=\"width:20px;height:20px\" \/> <b>DDL<\/b><\/span><\/a>\n<br class=\"clear\"><br class=\"clear\"><\/p>\n<h5>Hinweis:<\/h5>\n<p>Im DDL-Center unter &#8222;Hentai Shorts&#8220; zu finden.<\/p>\n<div class=\"su-divider su-divider-style-dashed\" style=\"margin:15px 0;border-width:1px;border-color:#999999\"><\/div>\n<h5>Beschreibung<\/h5>\n<blockquote><p><span id=\"desc-de\" class=\"desc-zz textblock\" lang=\"de\">Sudou Mio wurde vor f\u00fcnf Jahren von einem Tag auf den anderen von ihrem Freund f\u00fcr eine andere Frau sitzen gelassen. Seitdem hat sie die Liebe aufgegeben und empfindet nichts mehr. Ihre Kolleginnen k\u00f6nnen das nicht mitansehen und laden sie auf ein Gruppen-Date ein, auf das sie nicht so recht Lust hat. Zu allem \u00dcberfluss begegnet sie dort einem eingebildeten Sch\u00f6nling, der s\u00e4mtliche Klischees eines Frauenhelds erf\u00fcllt. Aus lauter Frust fordert sie ihn heraus &#8230;<br \/>\n<\/span><\/p><\/blockquote>\n\n<div class='easySpoilerWrapper' style='border-color:#FFFFFF;'>\n<table class='easySpoilerTable' border='0' style='text-align:center;' align='center' bgcolor='FFFFFF' >\n\n<tr style='white-space:normal;'>\n<th class='easySpoilerTitleA' style='white-space:normal;font-weight:normal;text-align:left;vertical-align:middle;font-size:80%;background-color:#FADCFA;background-image:none;border-color:#FFFFFF;color:#B029A7;'>Ich habe das 18. Lebensjahr vollendet?<\/th>\n<th class='easySpoilerTitleB'style='text-align:right;vertical-align:middle;font-size:100%;background-color:#FADCFA;background-image:none;border-color:#FFFFFF; white-space:nowrap;'><a href='' onclick='wpSpoilerSelect(\"spoilerDiv406a8001\"); return false;' class='easySpoilerButtonOther' style='font-size:100%;color:#black;background-color:#FFFFFF;background-image:none;border: 1px inset;border-style:solid;border-color:#A6289E; margin: 3px 0px 3px; padding: 4px; ' align='right'>x<\/a><a href='' onclick='wpSpoilerToggle(\"spoilerDiv406a8001\",true,\"Na klar!\",\"Verstecken\",\"slow\",false); return false;' id='spoilerDiv406a8001_action' class='easySpoilerButton' value=\"Na klar!\" align='right' style='font-size:100%;color:#black;background-color:#FFFFFF;background-image:none;border: 1px inset;border-style:solid;border-color:#A6289E; margin: 3px 0px 3px 5px; padding: 4px;'>Na klar!<\/><\/th>\n<\/tr>\n<tr><td class='easySpoilerRow' colspan='2' style='border-color:#FFFFFF;'><div id='spoilerDiv406a8001' class='easySpoilerSpoils'  style='display:none; white-space:wrap; overflow:auto; vertical-align:middle;background-color:#black;background-image:none;color:#000000;border-color:#FFFFFF;'>\nSexyworkflow\n<\/div><\/td><\/tr>\n<\/table>\n<div class='easySpoilerConclude' style='border-color:#FFFFFF;'><table class='easySpoilerTable' border='0' style='text-align:center;' frame='box' align='center' bgcolor='FFFFFF'><tr><th class='easySpoilerEnd' style='width:100%;background-color:#FADCFA;background-image:none;border-color:#FFFFFF;'><\/th><td class='easySpoilerEnd' style='white-space:nowrap;background-color:#FADCFA;background-image:none;border-color:#FFFFFF;' colspan='2'><\/td><\/tr><tr><td class='easySpoilerGroupWrapperLastRow' colspan='2' style='background-color:#FADCFA;background-image:none;border-color:#FFFFFF;'><\/td><\/tr><\/table><\/div>\n<\/div>\n\n<div class=\"su-divider su-divider-style-dashed\" style=\"margin:15px 0;border-width:1px;border-color:#999999\"><\/div>\n<h5>Screenshots<\/h5>\n<div class=\"su-custom-gallery su-custom-gallery-align-left su-custom-gallery-title-never su-lightbox-gallery\"><div class=\"su-custom-gallery-slide\" style=\"width:135px;height:135px\"><a href=\"https:\/\/yamayurikai-subs.eu\/wp-content\/uploads\/2021\/12\/YKSOtona_Nya_Koi_no_Shikata_ga_Wakaranee_-_01Hi10P-1.mkv_snapshot_00.13_2021.12.05_14.44.41.png\" title=\"[YKS]Otona_Nya_Koi_no_Shikata_ga_Wakaranee_-_01[Hi10P] (1).mkv_snapshot_00.13_[2021.12.05_14.44.41]\"><img loading=\"lazy\" decoding=\"async\" src=\"https:\/\/yamayurikai-subs.eu\/wp-content\/uploads\/2021\/12\/YKSOtona_Nya_Koi_no_Shikata_ga_Wakaranee_-_01Hi10P-1.mkv_snapshot_00.13_2021.12.05_14.44.41-135x135.png\" alt=\"[YKS]Otona_Nya_Koi_no_Shikata_ga_Wakaranee_-_01[Hi10P] (1).mkv_snapshot_00.13_[2021.12.05_14.44.41]\" width=\"135\" height=\"135\" \/><span class=\"su-custom-gallery-title\">[YKS]Otona_Nya_Koi_no_Shikata_ga_Wakaranee_-_01[Hi10P] (1).mkv_snapshot_00.13_[2021.12.05_14.44.41]<\/span><\/a><\/div><div class=\"su-custom-gallery-slide\" style=\"width:135px;height:135px\"><a href=\"https:\/\/yamayurikai-subs.eu\/wp-content\/uploads\/2021\/12\/YKSOtona_Nya_Koi_no_Shikata_ga_Wakaranee_-_01Hi10P-1.mkv_snapshot_02.15_2021.12.05_14.42.55.png\" title=\"[YKS]Otona_Nya_Koi_no_Shikata_ga_Wakaranee_-_01[Hi10P] (1).mkv_snapshot_02.15_[2021.12.05_14.42.55]\"><img loading=\"lazy\" decoding=\"async\" src=\"https:\/\/yamayurikai-subs.eu\/wp-content\/uploads\/2021\/12\/YKSOtona_Nya_Koi_no_Shikata_ga_Wakaranee_-_01Hi10P-1.mkv_snapshot_02.15_2021.12.05_14.42.55-135x135.png\" alt=\"[YKS]Otona_Nya_Koi_no_Shikata_ga_Wakaranee_-_01[Hi10P] (1).mkv_snapshot_02.15_[2021.12.05_14.42.55]\" width=\"135\" height=\"135\" \/><span class=\"su-custom-gallery-title\">[YKS]Otona_Nya_Koi_no_Shikata_ga_Wakaranee_-_01[Hi10P] (1).mkv_snapshot_02.15_[2021.12.05_14.42.55]<\/span><\/a><\/div><div class=\"su-custom-gallery-slide\" style=\"width:135px;height:135px\"><a href=\"https:\/\/yamayurikai-subs.eu\/wp-content\/uploads\/2021\/12\/YKSOtona_Nya_Koi_no_Shikata_ga_Wakaranee_-_01Hi10P-1.mkv_snapshot_03.48_2021.12.05_14.43.29.png\" title=\"[YKS]Otona_Nya_Koi_no_Shikata_ga_Wakaranee_-_01[Hi10P] (1).mkv_snapshot_03.48_[2021.12.05_14.43.29]\"><img loading=\"lazy\" decoding=\"async\" src=\"https:\/\/yamayurikai-subs.eu\/wp-content\/uploads\/2021\/12\/YKSOtona_Nya_Koi_no_Shikata_ga_Wakaranee_-_01Hi10P-1.mkv_snapshot_03.48_2021.12.05_14.43.29-135x135.png\" alt=\"[YKS]Otona_Nya_Koi_no_Shikata_ga_Wakaranee_-_01[Hi10P] (1).mkv_snapshot_03.48_[2021.12.05_14.43.29]\" width=\"135\" height=\"135\" \/><span class=\"su-custom-gallery-title\">[YKS]Otona_Nya_Koi_no_Shikata_ga_Wakaranee_-_01[Hi10P] (1).mkv_snapshot_03.48_[2021.12.05_14.43.29]<\/span><\/a><\/div><div class=\"su-custom-gallery-slide\" style=\"width:135px;height:135px\"><a href=\"https:\/\/yamayurikai-subs.eu\/wp-content\/uploads\/2021\/12\/YKSOtona_Nya_Koi_no_Shikata_ga_Wakaranee_-_01Hi10P-1.mkv_snapshot_03.59_2021.12.05_14.43.34.png\" title=\"[YKS]Otona_Nya_Koi_no_Shikata_ga_Wakaranee_-_01[Hi10P] (1).mkv_snapshot_03.59_[2021.12.05_14.43.34]\"><img loading=\"lazy\" decoding=\"async\" src=\"https:\/\/yamayurikai-subs.eu\/wp-content\/uploads\/2021\/12\/YKSOtona_Nya_Koi_no_Shikata_ga_Wakaranee_-_01Hi10P-1.mkv_snapshot_03.59_2021.12.05_14.43.34-135x135.png\" alt=\"[YKS]Otona_Nya_Koi_no_Shikata_ga_Wakaranee_-_01[Hi10P] (1).mkv_snapshot_03.59_[2021.12.05_14.43.34]\" width=\"135\" height=\"135\" \/><span class=\"su-custom-gallery-title\">[YKS]Otona_Nya_Koi_no_Shikata_ga_Wakaranee_-_01[Hi10P] (1).mkv_snapshot_03.59_[2021.12.05_14.43.34]<\/span><\/a><\/div><div class=\"su-custom-gallery-slide\" style=\"width:135px;height:135px\"><a href=\"https:\/\/yamayurikai-subs.eu\/wp-content\/uploads\/2021\/12\/YKSOtona_Nya_Koi_no_Shikata_ga_Wakaranee_-_01Hi10P-1.mkv_snapshot_04.30_2021.12.05_14.43.45.png\" title=\"[YKS]Otona_Nya_Koi_no_Shikata_ga_Wakaranee_-_01[Hi10P] (1).mkv_snapshot_04.30_[2021.12.05_14.43.45]\"><img loading=\"lazy\" decoding=\"async\" src=\"https:\/\/yamayurikai-subs.eu\/wp-content\/uploads\/2021\/12\/YKSOtona_Nya_Koi_no_Shikata_ga_Wakaranee_-_01Hi10P-1.mkv_snapshot_04.30_2021.12.05_14.43.45-135x135.png\" alt=\"[YKS]Otona_Nya_Koi_no_Shikata_ga_Wakaranee_-_01[Hi10P] (1).mkv_snapshot_04.30_[2021.12.05_14.43.45]\" width=\"135\" height=\"135\" \/><span class=\"su-custom-gallery-title\">[YKS]Otona_Nya_Koi_no_Shikata_ga_Wakaranee_-_01[Hi10P] (1).mkv_snapshot_04.30_[2021.12.05_14.43.45]<\/span><\/a><\/div><div class=\"su-custom-gallery-slide\" style=\"width:135px;height:135px\"><a href=\"https:\/\/yamayurikai-subs.eu\/wp-content\/uploads\/2021\/12\/YKSOtona_Nya_Koi_no_Shikata_ga_Wakaranee_-_01Hi10P-1.mkv_snapshot_04.33_2021.12.05_14.43.50.png\" title=\"[YKS]Otona_Nya_Koi_no_Shikata_ga_Wakaranee_-_01[Hi10P] (1).mkv_snapshot_04.33_[2021.12.05_14.43.50]\"><img loading=\"lazy\" decoding=\"async\" src=\"https:\/\/yamayurikai-subs.eu\/wp-content\/uploads\/2021\/12\/YKSOtona_Nya_Koi_no_Shikata_ga_Wakaranee_-_01Hi10P-1.mkv_snapshot_04.33_2021.12.05_14.43.50-135x135.png\" alt=\"[YKS]Otona_Nya_Koi_no_Shikata_ga_Wakaranee_-_01[Hi10P] (1).mkv_snapshot_04.33_[2021.12.05_14.43.50]\" width=\"135\" height=\"135\" \/><span class=\"su-custom-gallery-title\">[YKS]Otona_Nya_Koi_no_Shikata_ga_Wakaranee_-_01[Hi10P] (1).mkv_snapshot_04.33_[2021.12.05_14.43.50]<\/span><\/a><\/div><div class=\"su-custom-gallery-slide\" style=\"width:135px;height:135px\"><a href=\"https:\/\/yamayurikai-subs.eu\/wp-content\/uploads\/2021\/12\/YKSOtona_Nya_Koi_no_Shikata_ga_Wakaranee_-_01Hi10P-1.mkv_snapshot_04.36_2021.12.05_14.44.01.png\" title=\"[YKS]Otona_Nya_Koi_no_Shikata_ga_Wakaranee_-_01[Hi10P] (1).mkv_snapshot_04.36_[2021.12.05_14.44.01]\"><img loading=\"lazy\" decoding=\"async\" src=\"https:\/\/yamayurikai-subs.eu\/wp-content\/uploads\/2021\/12\/YKSOtona_Nya_Koi_no_Shikata_ga_Wakaranee_-_01Hi10P-1.mkv_snapshot_04.36_2021.12.05_14.44.01-135x135.png\" alt=\"[YKS]Otona_Nya_Koi_no_Shikata_ga_Wakaranee_-_01[Hi10P] (1).mkv_snapshot_04.36_[2021.12.05_14.44.01]\" width=\"135\" height=\"135\" \/><span class=\"su-custom-gallery-title\">[YKS]Otona_Nya_Koi_no_Shikata_ga_Wakaranee_-_01[Hi10P] (1).mkv_snapshot_04.36_[2021.12.05_14.44.01]<\/span><\/a><\/div><div class=\"su-custom-gallery-slide\" style=\"width:135px;height:135px\"><a href=\"https:\/\/yamayurikai-subs.eu\/wp-content\/uploads\/2021\/12\/YKSOtona_Nya_Koi_no_Shikata_ga_Wakaranee_-_01Hi10P-1.mkv_snapshot_04.40_2021.12.05_14.44.27.png\" title=\"[YKS]Otona_Nya_Koi_no_Shikata_ga_Wakaranee_-_01[Hi10P] (1).mkv_snapshot_04.40_[2021.12.05_14.44.27]\"><img loading=\"lazy\" decoding=\"async\" src=\"https:\/\/yamayurikai-subs.eu\/wp-content\/uploads\/2021\/12\/YKSOtona_Nya_Koi_no_Shikata_ga_Wakaranee_-_01Hi10P-1.mkv_snapshot_04.40_2021.12.05_14.44.27-135x135.png\" alt=\"[YKS]Otona_Nya_Koi_no_Shikata_ga_Wakaranee_-_01[Hi10P] (1).mkv_snapshot_04.40_[2021.12.05_14.44.27]\" width=\"135\" height=\"135\" \/><span class=\"su-custom-gallery-title\">[YKS]Otona_Nya_Koi_no_Shikata_ga_Wakaranee_-_01[Hi10P] (1).mkv_snapshot_04.40_[2021.12.05_14.44.27]<\/span><\/a><\/div><div class=\"su-clear\"><\/div><\/div>\n","protected":false},"excerpt":{"rendered":"<p>Originaltitel: \u5927\u4eba\u306b\u3083\u604b\u306e\u4ed5\u65b9\u304c\u308f\u304b\u3089\u306d\u3047! Episoden: 8 Erscheinungsjahr: 2020 Releaseinfos Video: mkv Container: x264, Hi10P Aufl\u00f6sung: 1280,720 Audio: AAC Download Hinweis: Im DDL-Center<\/p>\n","protected":false},"author":11,"featured_media":0,"parent":0,"menu_order":0,"comment_status":"closed","ping_status":"closed","template":"","meta":{"colormag_page_container_layout":"default_layout","colormag_page_sidebar_layout":"default_layout","ngg_post_thumbnail":0,"footnotes":""},"class_list":["post-13566","page","type-page","status-publish","hentry"],"_links":{"self":[{"href":"https:\/\/yamayurikai-subs.eu\/index.php?rest_route=\/wp\/v2\/pages\/13566","targetHints":{"allow":["GET"]}}],"collection":[{"href":"https:\/\/yamayurikai-subs.eu\/index.php?rest_route=\/wp\/v2\/pages"}],"about":[{"href":"https:\/\/yamayurikai-subs.eu\/index.php?rest_route=\/wp\/v2\/types\/page"}],"author":[{"embeddable":true,"href":"https:\/\/yamayurikai-subs.eu\/index.php?rest_route=\/wp\/v2\/users\/11"}],"replies":[{"embeddable":true,"href":"https:\/\/yamayurikai-subs.eu\/index.php?rest_route=%2Fwp%2Fv2%2Fcomments&post=13566"}],"version-history":[{"count":4,"href":"https:\/\/yamayurikai-subs.eu\/index.php?rest_route=\/wp\/v2\/pages\/13566\/revisions"}],"predecessor-version":[{"id":13580,"href":"https:\/\/yamayurikai-subs.eu\/index.php?rest_route=\/wp\/v2\/pages\/13566\/revisions\/13580"}],"wp:attachment":[{"href":"https:\/\/yamayurikai-subs.eu\/index.php?rest_route=%2Fwp%2Fv2%2Fmedia&parent=13566"}],"curies":[{"name":"wp","href":"https:\/\/api.w.org\/{rel}","templated":true}]}}