{"id":1349,"date":"2011-10-23T11:24:43","date_gmt":"2011-10-23T11:24:43","guid":{"rendered":"https:\/\/yks.brb.re\/?page_id=1349"},"modified":"2012-07-16T15:02:11","modified_gmt":"2012-07-16T15:02:11","slug":"kimi-no-iru-machi","status":"publish","type":"page","link":"https:\/\/yamayurikai-subs.eu\/?page_id=1349","title":{"rendered":"Kimi no Iru Machi"},"content":{"rendered":"\n<table id=\"wp-table-reloaded-id-123-no-1\" class=\"wp-table-reloaded wp-table-reloaded-id-123\">\n<thead>\n\t<tr class=\"row-1 odd\">\n\t\t<th class=\"column-1\"><center><a href=\"http:\/\/yamayurikai-subs.eu\/wp-content\/uploads\/2011\/10\/51t1GM2EPLL._SS500_.jpg\"><img loading=\"lazy\" decoding=\"async\" src=\"http:\/\/yamayurikai-subs.eu\/wp-content\/uploads\/2011\/10\/51t1GM2EPLL._SS500_-300x300.jpg\" alt=\"\" title=\"51t1GM2EPLL._SS500_\" width=\"300\" height=\"300\" class=\"aligncenter size-medium wp-image-1356\" srcset=\"https:\/\/yamayurikai-subs.eu\/wp-content\/uploads\/2011\/10\/51t1GM2EPLL._SS500_-300x300.jpg 300w, https:\/\/yamayurikai-subs.eu\/wp-content\/uploads\/2011\/10\/51t1GM2EPLL._SS500_-150x150.jpg 150w, https:\/\/yamayurikai-subs.eu\/wp-content\/uploads\/2011\/10\/51t1GM2EPLL._SS500_.jpg 500w\" sizes=\"auto, (max-width: 300px) 100vw, 300px\" \/><\/a><\/th><th class=\"column-2\"><b>Originaltitel:<\/b>\u541b\u306e\u3044\u308b\u753a<br \/>\r\n<b>Episoden:<\/b> 02<br \/>\r\n<b>Erscheinungsjahr:<\/b> 2012<br \/>\r\n<b>Genre:<\/b> \tAbenteuer, Drama<br \/><br \/>\r\n<u><b>Team:<\/u><\/b><br \/>\r\n<b>\u00dcbersetzung:<\/b> mia<br \/>\r\n<b>Zeitsetzung:<\/b> Kasseopaya<br \/>\r\n<b>Schriftgestaltung:<\/b> Kasseopaya<br \/>\r\n<b>Fehlerkorrektur:<\/b> Akropolis<br \/>\r\n<b>QC:<\/b> nano, Methusalix<br \/>\r\n<b>Medienerstellung:<\/b> Kasseopaya <br><br \/>\r\n<u><b>Releaseinfos<\/u><\/b><br \/>\r\nVideo: mkv<br \/>\r\nContainer: x264, Hi10P<br \/>\r\nAufl\u00f6sung: 848x480<br \/>\r\nAudio: AAC<\/th>\n\t<\/tr>\n<\/thead>\n<tbody>\n\t<tr class=\"row-2 even\">\n\t\t<td colspan=\"2\" class=\"column-1 colspan-2\">Yuzuki Eba zieht von Tokio nach Hiroshima, der Heimatstadt ihres Vaters. Sie kommt bei Haruto Kirishima unter, dessen Vater ein alter Bekannter von Yuzukis Vater ist. Haruto ist von dieser Idee nicht besonders begeistert, da Yuzuki eine Fremde f\u00fcr ihn ist und er der Meinung ist, dass ein M\u00e4dchen im selben Alter, das keine Verwandte ist, nicht im selben Haus wie er leben sollte. Ein Missverst\u00e4ndnis, das er auf keinen Fall aufkommen lassen will, ist, dass sie und er ein Paar sind, denn er ist schon in seine Mitsch\u00fclerin Nanami Kanzaki verliebt. Das Problem ist nur, dass es nicht lange dauert bis Yuzuki beginnt etwas f\u00fcr Haruto zu empfinden und sie scheut sich auch nicht das zu zeigen.<br \/>\r\nQuelle: aniSearch<br \/>\r\nDie erste OAD erscheint im M\u00e4rz, die zweite im Juni 2012.<\/td>\n\t<\/tr>\n<\/tbody>\n<\/table>\n\n<span style=\"font-size: large;\"><font color=\"purple\">Screenshots:<\/font><\/span><br \/>\nngg_shortcode_0_placeholder\n<span style=\"font-size: large;\"><font color=\"purple\">Releaseinfos:<\/font><\/span><br \/>\n\n<table id=\"wp-table-reloaded-id-124-no-1\" class=\"wp-table-reloaded wp-table-reloaded-id-124\">\n<thead>\n\t<tr class=\"row-1 odd\">\n\t\t<th class=\"column-1\"><font  \tcolor=\"purple\">#<\/font><\/th><th class=\"column-2\"><font  \tcolor=\"purple\">Episodentitel<\/font><\/th><th class=\"column-3\"><font  \tcolor=\"purple\">Release<\/font><\/th><th class=\"column-4\"><font  \tcolor=\"purple\">Torrent<\/font><\/th>\n\t<\/tr>\n<\/thead>\n<tbody>\n\t<tr class=\"row-2 even\">\n\t\t<td class=\"column-1\">01<\/td><td class=\"column-2\">Kreuzung zur Abendd\u00e4mmerung 1<\/td><td class=\"column-3\">16.07.2012<\/td><td class=\"column-4\"><\/td>\n\t<\/tr>\n\t<tr class=\"row-3 odd\">\n\t\t<td class=\"column-1\">02<\/td><td class=\"column-2\">Kreuzung zur Abendd\u00e4mmerung 2<\/td><td class=\"column-3\">16.07.2012<\/td><td class=\"column-4\"><center><a href=\"http:\/\/ani-tsuzuki.net:6969\/torrents\/a941bd58d14a1dcf3464e6aec5ab7a355dc2eaaa.torrent\"><img loading=\"lazy\" decoding=\"async\" src=\"http:\/\/yamayurikai-subs.eu\/wp-content\/uploads\/2010\/07\/torrent.png\" alt=\"\" title=\"torrent\" width=\"50\" height=\"15\" class=\"aligncenter size-full wp-image-365\" \/><\/a><\/td>\n\t<\/tr>\n<\/tbody>\n<\/table>\n\n","protected":false},"excerpt":{"rendered":"<p>Screenshots: Releaseinfos:<\/p>\n","protected":false},"author":11,"featured_media":0,"parent":0,"menu_order":0,"comment_status":"open","ping_status":"open","template":"","meta":{"colormag_page_container_layout":"default_layout","colormag_page_sidebar_layout":"default_layout","ngg_post_thumbnail":0,"footnotes":""},"class_list":["post-1349","page","type-page","status-publish","hentry"],"_links":{"self":[{"href":"https:\/\/yamayurikai-subs.eu\/index.php?rest_route=\/wp\/v2\/pages\/1349","targetHints":{"allow":["GET"]}}],"collection":[{"href":"https:\/\/yamayurikai-subs.eu\/index.php?rest_route=\/wp\/v2\/pages"}],"about":[{"href":"https:\/\/yamayurikai-subs.eu\/index.php?rest_route=\/wp\/v2\/types\/page"}],"author":[{"embeddable":true,"href":"https:\/\/yamayurikai-subs.eu\/index.php?rest_route=\/wp\/v2\/users\/11"}],"replies":[{"embeddable":true,"href":"https:\/\/yamayurikai-subs.eu\/index.php?rest_route=%2Fwp%2Fv2%2Fcomments&post=1349"}],"version-history":[{"count":2,"href":"https:\/\/yamayurikai-subs.eu\/index.php?rest_route=\/wp\/v2\/pages\/1349\/revisions"}],"predecessor-version":[{"id":1775,"href":"https:\/\/yamayurikai-subs.eu\/index.php?rest_route=\/wp\/v2\/pages\/1349\/revisions\/1775"}],"wp:attachment":[{"href":"https:\/\/yamayurikai-subs.eu\/index.php?rest_route=%2Fwp%2Fv2%2Fmedia&parent=1349"}],"curies":[{"name":"wp","href":"https:\/\/api.w.org\/{rel}","templated":true}]}}