{"id":13278,"date":"2020-12-02T19:09:59","date_gmt":"2020-12-02T18:09:59","guid":{"rendered":"https:\/\/yks.brb.re\/?page_id=13278"},"modified":"2022-12-01T20:03:21","modified_gmt":"2022-12-01T19:03:21","slug":"galaxy-angel-staffel-1","status":"publish","type":"page","link":"https:\/\/yamayurikai-subs.eu\/?page_id=13278","title":{"rendered":"Galaxy Angel (Staffel 1)"},"content":{"rendered":"<span class=\"su-frame su-frame-align-left su-frame-style-default\"><span class=\"su-frame-inner\"><img decoding=\"async\" class=\" size-full wp-image-3758 alignleft\" src=\"https:\/\/yks.brb.re\/wp-content\/uploads\/2020\/12\/GaS1_Projekt.png\" alt=\"Galaxy-Projekt\" width=\"250\"><\/span><\/span>\n<span class=\"su-label su-label-type-warning\">Sci-Fi<\/span><span class=\"su-label su-label-type-warning\">Comedy<\/span><span class=\"su-label su-label-type-warning\">Adventure<\/span>\n<p><b>Originaltitel:<\/b> \u30ae\u30e3\u30e9\u30af\u30b7\u30fc\u30a8\u30f3\u30b8\u30a7\u30eb<br \/>\n<b>Episoden:<\/b> 26<br \/>\n<b>Erscheinungsjahr:<\/b> 2001<\/p>\n<h5>Releaseinfos<\/h5>\n<p><strong>Video:<\/strong> mkv<br \/>\n<strong>Container:<\/strong> x264, Hi10P<br \/>\n<strong>Aufl\u00f6sung:<\/strong> 1280,960<br \/>\n<strong>Audio:<\/strong> AAC<\/p>\n<h5>Download<\/h5>\n<a href=\"https:\/\/nyaa.si\/download\/1485660.torrent\" class=\"su-button su-button-style-soft\" style=\"color:#FFFFFF;background-color:#59C16E;border-color:#489b58;border-radius:5px\" target=\"_blank\" rel=\"noopener noreferrer\"><span style=\"color:#FFFFFF;padding:6px 16px;font-size:13px;line-height:20px;border-color:#8bd49a;border-radius:5px;text-shadow:none\"><img decoding=\"async\" src=\"https:\/\/yks.brb.re\/wp-content\/uploads\/2015\/06\/download21.png\" alt=\"&lt;b&gt;Torrent&lt;\/b&gt;\" style=\"width:20px;height:20px\" \/> <b>Torrent<\/b><\/span><\/a> <a href=\"https:\/\/yks.brb.re\/ddl\/\" class=\"su-button su-button-style-soft\" style=\"color:#FFFFFF;background-color:#EE484D;border-color:#bf3a3e;border-radius:5px\" target=\"_blank\" rel=\"noopener noreferrer\"><span style=\"color:#FFFFFF;padding:6px 16px;font-size:13px;line-height:20px;border-color:#f47f83;border-radius:5px;text-shadow:none\"><img decoding=\"async\" src=\"https:\/\/yks.brb.re\/wp-content\/uploads\/2015\/06\/download11.png\" alt=\"&lt;b&gt;DDL&lt;\/b&gt;\" style=\"width:20px;height:20px\" \/> <b>DDL<\/b><\/span><\/a>\n<div class=\"su-divider su-divider-style-dashed\" style=\"margin:15px 0;border-width:1px;border-color:#999999\"><\/div>\n<h5>Beschreibung<\/h5>\n<blockquote><p>Bei der Angel-Brigade handelt es sich um ein Unternehmen, dass sich verschiedener Auftr\u00e4ge und Eins\u00e4tze annimmt und diese gewissenhaft bearbeitet. \u00c4hm, oder auch nicht. Der chaotische Haufen um Volcott O\u2019Huey zeichnet sich durch Schlamassel und den seltsamsten Vorkommnisse aus.<br \/>\nForte und Ranpha geh\u00f6ren zur Angel-Brigade. Gemeinsam sollen sie bei ihrem neuen Auftrag Baron Fitzgerald lll finden. Dieser ist eine Katze und gar nicht so leicht aufzutreiben. W\u00e4hrend sie von zwielichtigen Gestalten gejagt werden, finden sie die kleine Katze ausgerechnet bei Mifeulle wieder, die eine ganz andere \u00dcberraschung f\u00fcr die beiden parat hat!<\/p><\/blockquote>\n<div class=\"su-divider su-divider-style-dashed\" style=\"margin:15px 0;border-width:1px;border-color:#999999\"><\/div>\n<h5>Screenshots<\/h5>\n<div class=\"su-custom-gallery su-custom-gallery-align-left su-custom-gallery-title-never su-lightbox-gallery\"><div class=\"su-custom-gallery-slide\" style=\"width:135px;height:135px\"><a href=\"https:\/\/yamayurikai-subs.eu\/wp-content\/uploads\/2020\/12\/YKSGalaxy_Angel_-_01Hi10PF642D741.mkv_snapshot_01.20_2020.12.02_18.19.42.png\" title=\"[YKS]Galaxy_Angel_-_01[Hi10P][F642D741].mkv_snapshot_01.20_[2020.12.02_18.19.42]\"><img loading=\"lazy\" decoding=\"async\" src=\"https:\/\/yamayurikai-subs.eu\/wp-content\/uploads\/2020\/12\/YKSGalaxy_Angel_-_01Hi10PF642D741.mkv_snapshot_01.20_2020.12.02_18.19.42-135x135.png\" alt=\"[YKS]Galaxy_Angel_-_01[Hi10P][F642D741].mkv_snapshot_01.20_[2020.12.02_18.19.42]\" width=\"135\" height=\"135\" \/><span class=\"su-custom-gallery-title\">[YKS]Galaxy_Angel_-_01[Hi10P][F642D741].mkv_snapshot_01.20_[2020.12.02_18.19.42]<\/span><\/a><\/div><div class=\"su-custom-gallery-slide\" style=\"width:135px;height:135px\"><a href=\"https:\/\/yamayurikai-subs.eu\/wp-content\/uploads\/2020\/12\/YKSGalaxy_Angel_-_01Hi10PF642D741.mkv_snapshot_02.19_2020.12.02_18.19.58.png\" title=\"[YKS]Galaxy_Angel_-_01[Hi10P][F642D741].mkv_snapshot_02.19_[2020.12.02_18.19.58]\"><img loading=\"lazy\" decoding=\"async\" src=\"https:\/\/yamayurikai-subs.eu\/wp-content\/uploads\/2020\/12\/YKSGalaxy_Angel_-_01Hi10PF642D741.mkv_snapshot_02.19_2020.12.02_18.19.58-135x135.png\" alt=\"[YKS]Galaxy_Angel_-_01[Hi10P][F642D741].mkv_snapshot_02.19_[2020.12.02_18.19.58]\" width=\"135\" height=\"135\" \/><span class=\"su-custom-gallery-title\">[YKS]Galaxy_Angel_-_01[Hi10P][F642D741].mkv_snapshot_02.19_[2020.12.02_18.19.58]<\/span><\/a><\/div><div class=\"su-custom-gallery-slide\" style=\"width:135px;height:135px\"><a href=\"https:\/\/yamayurikai-subs.eu\/wp-content\/uploads\/2020\/12\/YKSGalaxy_Angel_-_01Hi10PF642D741.mkv_snapshot_03.42_2020.12.02_18.20.03.png\" title=\"[YKS]Galaxy_Angel_-_01[Hi10P][F642D741].mkv_snapshot_03.42_[2020.12.02_18.20.03]\"><img loading=\"lazy\" decoding=\"async\" src=\"https:\/\/yamayurikai-subs.eu\/wp-content\/uploads\/2020\/12\/YKSGalaxy_Angel_-_01Hi10PF642D741.mkv_snapshot_03.42_2020.12.02_18.20.03-135x135.png\" alt=\"[YKS]Galaxy_Angel_-_01[Hi10P][F642D741].mkv_snapshot_03.42_[2020.12.02_18.20.03]\" width=\"135\" height=\"135\" \/><span class=\"su-custom-gallery-title\">[YKS]Galaxy_Angel_-_01[Hi10P][F642D741].mkv_snapshot_03.42_[2020.12.02_18.20.03]<\/span><\/a><\/div><div class=\"su-custom-gallery-slide\" style=\"width:135px;height:135px\"><a href=\"https:\/\/yamayurikai-subs.eu\/wp-content\/uploads\/2020\/12\/YKSGalaxy_Angel_-_01Hi10PF642D741.mkv_snapshot_04.04_2020.12.02_18.20.07.png\" title=\"[YKS]Galaxy_Angel_-_01[Hi10P][F642D741].mkv_snapshot_04.04_[2020.12.02_18.20.07]\"><img loading=\"lazy\" decoding=\"async\" src=\"https:\/\/yamayurikai-subs.eu\/wp-content\/uploads\/2020\/12\/YKSGalaxy_Angel_-_01Hi10PF642D741.mkv_snapshot_04.04_2020.12.02_18.20.07-135x135.png\" alt=\"[YKS]Galaxy_Angel_-_01[Hi10P][F642D741].mkv_snapshot_04.04_[2020.12.02_18.20.07]\" width=\"135\" height=\"135\" \/><span class=\"su-custom-gallery-title\">[YKS]Galaxy_Angel_-_01[Hi10P][F642D741].mkv_snapshot_04.04_[2020.12.02_18.20.07]<\/span><\/a><\/div><div class=\"su-custom-gallery-slide\" style=\"width:135px;height:135px\"><a href=\"https:\/\/yamayurikai-subs.eu\/wp-content\/uploads\/2020\/12\/YKSGalaxy_Angel_-_01Hi10PF642D741.mkv_snapshot_09.32_2020.12.02_18.20.39.png\" title=\"[YKS]Galaxy_Angel_-_01[Hi10P][F642D741].mkv_snapshot_09.32_[2020.12.02_18.20.39]\"><img loading=\"lazy\" decoding=\"async\" src=\"https:\/\/yamayurikai-subs.eu\/wp-content\/uploads\/2020\/12\/YKSGalaxy_Angel_-_01Hi10PF642D741.mkv_snapshot_09.32_2020.12.02_18.20.39-135x135.png\" alt=\"[YKS]Galaxy_Angel_-_01[Hi10P][F642D741].mkv_snapshot_09.32_[2020.12.02_18.20.39]\" width=\"135\" height=\"135\" \/><span class=\"su-custom-gallery-title\">[YKS]Galaxy_Angel_-_01[Hi10P][F642D741].mkv_snapshot_09.32_[2020.12.02_18.20.39]<\/span><\/a><\/div><div class=\"su-custom-gallery-slide\" style=\"width:135px;height:135px\"><a href=\"https:\/\/yamayurikai-subs.eu\/wp-content\/uploads\/2020\/12\/YKSGalaxy_Angel_-_01Hi10PF642D741.mkv_snapshot_11.46_2020.12.02_18.20.46.png\" title=\"[YKS]Galaxy_Angel_-_01[Hi10P][F642D741].mkv_snapshot_11.46_[2020.12.02_18.20.46]\"><img loading=\"lazy\" decoding=\"async\" src=\"https:\/\/yamayurikai-subs.eu\/wp-content\/uploads\/2020\/12\/YKSGalaxy_Angel_-_01Hi10PF642D741.mkv_snapshot_11.46_2020.12.02_18.20.46-135x135.png\" alt=\"[YKS]Galaxy_Angel_-_01[Hi10P][F642D741].mkv_snapshot_11.46_[2020.12.02_18.20.46]\" width=\"135\" height=\"135\" \/><span class=\"su-custom-gallery-title\">[YKS]Galaxy_Angel_-_01[Hi10P][F642D741].mkv_snapshot_11.46_[2020.12.02_18.20.46]<\/span><\/a><\/div><div class=\"su-custom-gallery-slide\" style=\"width:135px;height:135px\"><a href=\"https:\/\/yamayurikai-subs.eu\/wp-content\/uploads\/2020\/12\/YKSGalaxy_Angel_-_01Hi10PF642D741.mkv_snapshot_02.53_2020.12.02_18.20.55.png\" title=\"[YKS]Galaxy_Angel_-_01[Hi10P][F642D741].mkv_snapshot_02.53_[2020.12.02_18.20.55]\"><img loading=\"lazy\" decoding=\"async\" src=\"https:\/\/yamayurikai-subs.eu\/wp-content\/uploads\/2020\/12\/YKSGalaxy_Angel_-_01Hi10PF642D741.mkv_snapshot_02.53_2020.12.02_18.20.55-135x135.png\" alt=\"[YKS]Galaxy_Angel_-_01[Hi10P][F642D741].mkv_snapshot_02.53_[2020.12.02_18.20.55]\" width=\"135\" height=\"135\" \/><span class=\"su-custom-gallery-title\">[YKS]Galaxy_Angel_-_01[Hi10P][F642D741].mkv_snapshot_02.53_[2020.12.02_18.20.55]<\/span><\/a><\/div><div class=\"su-custom-gallery-slide\" style=\"width:135px;height:135px\"><a href=\"https:\/\/yamayurikai-subs.eu\/wp-content\/uploads\/2020\/12\/YKSGalaxy_Angel_-_01Hi10PF642D741.mkv_snapshot_12.37_2020.12.02_18.21.20.png\" title=\"[YKS]Galaxy_Angel_-_01[Hi10P][F642D741].mkv_snapshot_12.37_[2020.12.02_18.21.20]\"><img loading=\"lazy\" decoding=\"async\" src=\"https:\/\/yamayurikai-subs.eu\/wp-content\/uploads\/2020\/12\/YKSGalaxy_Angel_-_01Hi10PF642D741.mkv_snapshot_12.37_2020.12.02_18.21.20-135x135.png\" alt=\"[YKS]Galaxy_Angel_-_01[Hi10P][F642D741].mkv_snapshot_12.37_[2020.12.02_18.21.20]\" width=\"135\" height=\"135\" \/><span class=\"su-custom-gallery-title\">[YKS]Galaxy_Angel_-_01[Hi10P][F642D741].mkv_snapshot_12.37_[2020.12.02_18.21.20]<\/span><\/a><\/div><div class=\"su-clear\"><\/div><\/div>\n","protected":false},"excerpt":{"rendered":"<p>Originaltitel: \u30ae\u30e3\u30e9\u30af\u30b7\u30fc\u30a8\u30f3\u30b8\u30a7\u30eb Episoden: 26 Erscheinungsjahr: 2001 Releaseinfos Video: mkv Container: x264, Hi10P Aufl\u00f6sung: 1280,960 Audio: AAC Download Beschreibung Bei der<\/p>\n","protected":false},"author":11,"featured_media":0,"parent":0,"menu_order":0,"comment_status":"closed","ping_status":"closed","template":"","meta":{"colormag_page_container_layout":"default_layout","colormag_page_sidebar_layout":"default_layout","ngg_post_thumbnail":0,"footnotes":""},"class_list":["post-13278","page","type-page","status-publish","hentry"],"_links":{"self":[{"href":"https:\/\/yamayurikai-subs.eu\/index.php?rest_route=\/wp\/v2\/pages\/13278","targetHints":{"allow":["GET"]}}],"collection":[{"href":"https:\/\/yamayurikai-subs.eu\/index.php?rest_route=\/wp\/v2\/pages"}],"about":[{"href":"https:\/\/yamayurikai-subs.eu\/index.php?rest_route=\/wp\/v2\/types\/page"}],"author":[{"embeddable":true,"href":"https:\/\/yamayurikai-subs.eu\/index.php?rest_route=\/wp\/v2\/users\/11"}],"replies":[{"embeddable":true,"href":"https:\/\/yamayurikai-subs.eu\/index.php?rest_route=%2Fwp%2Fv2%2Fcomments&post=13278"}],"version-history":[{"count":5,"href":"https:\/\/yamayurikai-subs.eu\/index.php?rest_route=\/wp\/v2\/pages\/13278\/revisions"}],"predecessor-version":[{"id":13892,"href":"https:\/\/yamayurikai-subs.eu\/index.php?rest_route=\/wp\/v2\/pages\/13278\/revisions\/13892"}],"wp:attachment":[{"href":"https:\/\/yamayurikai-subs.eu\/index.php?rest_route=%2Fwp%2Fv2%2Fmedia&parent=13278"}],"curies":[{"name":"wp","href":"https:\/\/api.w.org\/{rel}","templated":true}]}}