{"id":13203,"date":"2020-11-29T08:23:51","date_gmt":"2020-11-29T07:23:51","guid":{"rendered":"https:\/\/yks.brb.re\/?page_id=13203"},"modified":"2020-11-29T09:08:37","modified_gmt":"2020-11-29T08:08:37","slug":"xl-joushi","status":"publish","type":"page","link":"https:\/\/yamayurikai-subs.eu\/?page_id=13203","title":{"rendered":"XL Joushi."},"content":{"rendered":"<span class=\"su-frame su-frame-align-left su-frame-style-default\"><span class=\"su-frame-inner\"><img decoding=\"async\" src=\"https:\/\/yks.brb.re\/wp-content\/uploads\/2020\/11\/xl_joushi.jpg\" width=\"300\"><\/span><\/span>\n<span class=\"su-label su-label-type-warning\">Romanze<\/span><span class=\"su-label su-label-type-warning\">Hentai<\/span>\n<p><b>Originaltitel:<\/b> XL\u4e0a\u53f8.<br \/>\n<b>Episoden:<\/b> 8<br \/>\n<b>Erscheinungsjahr:<\/b> 2019<\/p>\n<h5>Releaseinfos<\/h5>\n<p><strong>Video:<\/strong> mkv<br \/>\n<strong>Container:<\/strong> x264, Hi10P<br \/>\n<strong>Aufl\u00f6sung:<\/strong> 1280&#215;720<br \/>\n<strong>Audio:<\/strong> AAC<\/p>\n<h5>Download<\/h5>\n<a href=\"https:\/\/sukebei.nyaa.si\/view\/3182299\" class=\"su-button su-button-style-soft\" style=\"color:#FFFFFF;background-color:#59C16E;border-color:#489b58;border-radius:5px\" target=\"_blank\" rel=\"noopener noreferrer\"><span style=\"color:#FFFFFF;padding:6px 16px;font-size:13px;line-height:20px;border-color:#8bd49a;border-radius:5px;text-shadow:none\"><img decoding=\"async\" src=\"https:\/\/yks.brb.re\/wp-content\/uploads\/2015\/06\/download21.png\" alt=\"&lt;b&gt;Torrent&lt;\/b&gt;\" style=\"width:20px;height:20px\" \/> <b>Torrent<\/b><\/span><\/a> <a href=\"https:\/\/yks.brb.re\/ddl\/\" class=\"su-button su-button-style-soft\" style=\"color:#FFFFFF;background-color:#EE484D;border-color:#bf3a3e;border-radius:5px\" target=\"_blank\" rel=\"noopener noreferrer\"><span style=\"color:#FFFFFF;padding:6px 16px;font-size:13px;line-height:20px;border-color:#f47f83;border-radius:5px;text-shadow:none\"><img decoding=\"async\" src=\"https:\/\/yks.brb.re\/wp-content\/uploads\/2015\/06\/download11.png\" alt=\"&lt;b&gt;DDL&lt;\/b&gt;\" style=\"width:20px;height:20px\" \/> <b>DDL<\/b><\/span><\/a>\n<br class=\"clear\"><br class=\"clear\"><\/p>\n<h5>Hinweis:<\/h5>\n<p>Im DDL-Center unter &#8222;Hentai Shorts&#8220; zu finden.<\/p>\n<div class=\"su-divider su-divider-style-dashed\" style=\"margin:15px 0;border-width:1px;border-color:#999999\"><\/div>\n<h5>Beschreibung<\/h5>\n<blockquote><p><span id=\"desc-de\" class=\"desc-zz textblock\" lang=\"de\">Saki verdient sich neben ihrem B\u00fcrojob etwas als Produkttesterin dazu. Dieses Mal erh\u00e4lt sie ein Paket voller Kondome &#8211; ausgerechnet in XL. Da sie das Geld braucht, schickt sie die Kondome nicht sofort zur\u00fcck und schlie\u00dflich findet ihr Chef nach einem Saufgelage die Kondome bei ihr in der Wohnung. Was f\u00fcr ein Zufall, dass er rein zuf\u00e4llig XL behangen ist.<\/span><\/p>\n\n<div class='easySpoilerWrapper' style='border-color:#FFFFFF;'>\n<table class='easySpoilerTable' border='0' style='text-align:center;' align='center' bgcolor='FFFFFF' >\n\n<tr style='white-space:normal;'>\n<th class='easySpoilerTitleA' style='white-space:normal;font-weight:normal;text-align:left;vertical-align:middle;font-size:80%;background-color:#FADCFA;background-image:none;border-color:#FFFFFF;color:#B029A7;'>Ich habe das 18. Lebensjahr vollendet?<\/th>\n<th class='easySpoilerTitleB'style='text-align:right;vertical-align:middle;font-size:100%;background-color:#FADCFA;background-image:none;border-color:#FFFFFF; white-space:nowrap;'><a href='' onclick='wpSpoilerSelect(\"spoilerDiv74398001\"); return false;' class='easySpoilerButtonOther' style='font-size:100%;color:#black;background-color:#FFFFFF;background-image:none;border: 1px inset;border-style:solid;border-color:#A6289E; margin: 3px 0px 3px; padding: 4px; ' align='right'>x<\/a><a href='' onclick='wpSpoilerToggle(\"spoilerDiv74398001\",true,\"Na klar!\",\"Verstecken\",\"slow\",false); return false;' id='spoilerDiv74398001_action' class='easySpoilerButton' value=\"Na klar!\" align='right' style='font-size:100%;color:#black;background-color:#FFFFFF;background-image:none;border: 1px inset;border-style:solid;border-color:#A6289E; margin: 3px 0px 3px 5px; padding: 4px;'>Na klar!<\/><\/th>\n<\/tr>\n<tr><td class='easySpoilerRow' colspan='2' style='border-color:#FFFFFF;'><div id='spoilerDiv74398001' class='easySpoilerSpoils'  style='display:none; white-space:wrap; overflow:auto; vertical-align:middle;background-color:#black;background-image:none;color:#000000;border-color:#FFFFFF;'>\nSexyinlarge\n<\/div><\/td><\/tr>\n<\/table>\n<div class='easySpoilerConclude' style='border-color:#FFFFFF;'><table class='easySpoilerTable' border='0' style='text-align:center;' frame='box' align='center' bgcolor='FFFFFF'><tr><th class='easySpoilerEnd' style='width:100%;background-color:#FADCFA;background-image:none;border-color:#FFFFFF;'><\/th><td class='easySpoilerEnd' style='white-space:nowrap;background-color:#FADCFA;background-image:none;border-color:#FFFFFF;' colspan='2'><\/td><\/tr><tr><td class='easySpoilerGroupWrapperLastRow' colspan='2' style='background-color:#FADCFA;background-image:none;border-color:#FFFFFF;'><\/td><\/tr><\/table><\/div>\n<\/div>\n\n<div class=\"su-divider su-divider-style-dashed\" style=\"margin:15px 0;border-width:1px;border-color:#999999\"><\/div>\n<h5>Screenshots<\/h5>\n<div class=\"su-custom-gallery su-custom-gallery-align-left su-custom-gallery-title-never su-lightbox-gallery\"><div class=\"su-custom-gallery-slide\" style=\"width:135px;height:135px\"><a href=\"https:\/\/yamayurikai-subs.eu\/wp-content\/uploads\/2020\/11\/xl_01.png\" title=\"xl_01\"><img loading=\"lazy\" decoding=\"async\" src=\"https:\/\/yamayurikai-subs.eu\/wp-content\/uploads\/2020\/11\/xl_01-135x135.png\" alt=\"xl_01\" width=\"135\" height=\"135\" \/><span class=\"su-custom-gallery-title\">xl_01<\/span><\/a><\/div><div class=\"su-custom-gallery-slide\" style=\"width:135px;height:135px\"><a href=\"https:\/\/yamayurikai-subs.eu\/wp-content\/uploads\/2020\/11\/xl_02.png\" title=\"xl_02\"><img loading=\"lazy\" decoding=\"async\" src=\"https:\/\/yamayurikai-subs.eu\/wp-content\/uploads\/2020\/11\/xl_02-135x135.png\" alt=\"xl_02\" width=\"135\" height=\"135\" \/><span class=\"su-custom-gallery-title\">xl_02<\/span><\/a><\/div><div class=\"su-custom-gallery-slide\" style=\"width:135px;height:135px\"><a href=\"https:\/\/yamayurikai-subs.eu\/wp-content\/uploads\/2020\/11\/xl_03.png\" title=\"xl_03\"><img loading=\"lazy\" decoding=\"async\" src=\"https:\/\/yamayurikai-subs.eu\/wp-content\/uploads\/2020\/11\/xl_03-135x135.png\" alt=\"xl_03\" width=\"135\" height=\"135\" \/><span class=\"su-custom-gallery-title\">xl_03<\/span><\/a><\/div><div class=\"su-custom-gallery-slide\" style=\"width:135px;height:135px\"><a href=\"https:\/\/yamayurikai-subs.eu\/wp-content\/uploads\/2020\/11\/xl_04.png\" title=\"xl_04\"><img loading=\"lazy\" decoding=\"async\" src=\"https:\/\/yamayurikai-subs.eu\/wp-content\/uploads\/2020\/11\/xl_04-135x135.png\" alt=\"xl_04\" width=\"135\" height=\"135\" \/><span class=\"su-custom-gallery-title\">xl_04<\/span><\/a><\/div><div class=\"su-custom-gallery-slide\" style=\"width:135px;height:135px\"><a href=\"https:\/\/yamayurikai-subs.eu\/wp-content\/uploads\/2020\/11\/xl_05.png\" title=\"xl_05\"><img loading=\"lazy\" decoding=\"async\" src=\"https:\/\/yamayurikai-subs.eu\/wp-content\/uploads\/2020\/11\/xl_05-135x135.png\" alt=\"xl_05\" width=\"135\" height=\"135\" \/><span class=\"su-custom-gallery-title\">xl_05<\/span><\/a><\/div><div class=\"su-custom-gallery-slide\" style=\"width:135px;height:135px\"><a href=\"https:\/\/yamayurikai-subs.eu\/wp-content\/uploads\/2020\/11\/xl_06.png\" title=\"xl_06\"><img loading=\"lazy\" decoding=\"async\" src=\"https:\/\/yamayurikai-subs.eu\/wp-content\/uploads\/2020\/11\/xl_06-135x135.png\" alt=\"xl_06\" width=\"135\" height=\"135\" \/><span class=\"su-custom-gallery-title\">xl_06<\/span><\/a><\/div><div class=\"su-custom-gallery-slide\" style=\"width:135px;height:135px\"><a href=\"https:\/\/yamayurikai-subs.eu\/wp-content\/uploads\/2020\/11\/xl_07.png\" title=\"xl_07\"><img loading=\"lazy\" decoding=\"async\" src=\"https:\/\/yamayurikai-subs.eu\/wp-content\/uploads\/2020\/11\/xl_07-135x135.png\" alt=\"xl_07\" width=\"135\" height=\"135\" \/><span class=\"su-custom-gallery-title\">xl_07<\/span><\/a><\/div><div class=\"su-custom-gallery-slide\" style=\"width:135px;height:135px\"><a href=\"https:\/\/yamayurikai-subs.eu\/wp-content\/uploads\/2020\/11\/xl_08.png\" title=\"xl_08\"><img loading=\"lazy\" decoding=\"async\" src=\"https:\/\/yamayurikai-subs.eu\/wp-content\/uploads\/2020\/11\/xl_08-135x135.png\" alt=\"xl_08\" width=\"135\" height=\"135\" \/><span class=\"su-custom-gallery-title\">xl_08<\/span><\/a><\/div><div class=\"su-clear\"><\/div><\/div><\/blockquote>\n","protected":false},"excerpt":{"rendered":"<p>Originaltitel: XL\u4e0a\u53f8. Episoden: 8 Erscheinungsjahr: 2019 Releaseinfos Video: mkv Container: x264, Hi10P Aufl\u00f6sung: 1280&#215;720 Audio: AAC Download Hinweis: Im DDL-Center<\/p>\n","protected":false},"author":4,"featured_media":0,"parent":0,"menu_order":0,"comment_status":"closed","ping_status":"closed","template":"","meta":{"colormag_page_container_layout":"default_layout","colormag_page_sidebar_layout":"default_layout","ngg_post_thumbnail":0,"footnotes":""},"class_list":["post-13203","page","type-page","status-publish","hentry"],"_links":{"self":[{"href":"https:\/\/yamayurikai-subs.eu\/index.php?rest_route=\/wp\/v2\/pages\/13203","targetHints":{"allow":["GET"]}}],"collection":[{"href":"https:\/\/yamayurikai-subs.eu\/index.php?rest_route=\/wp\/v2\/pages"}],"about":[{"href":"https:\/\/yamayurikai-subs.eu\/index.php?rest_route=\/wp\/v2\/types\/page"}],"author":[{"embeddable":true,"href":"https:\/\/yamayurikai-subs.eu\/index.php?rest_route=\/wp\/v2\/users\/4"}],"replies":[{"embeddable":true,"href":"https:\/\/yamayurikai-subs.eu\/index.php?rest_route=%2Fwp%2Fv2%2Fcomments&post=13203"}],"version-history":[{"count":4,"href":"https:\/\/yamayurikai-subs.eu\/index.php?rest_route=\/wp\/v2\/pages\/13203\/revisions"}],"predecessor-version":[{"id":13224,"href":"https:\/\/yamayurikai-subs.eu\/index.php?rest_route=\/wp\/v2\/pages\/13203\/revisions\/13224"}],"wp:attachment":[{"href":"https:\/\/yamayurikai-subs.eu\/index.php?rest_route=%2Fwp%2Fv2%2Fmedia&parent=13203"}],"curies":[{"name":"wp","href":"https:\/\/api.w.org\/{rel}","templated":true}]}}