{"id":12754,"date":"2019-11-04T21:35:55","date_gmt":"2019-11-04T20:35:55","guid":{"rendered":"https:\/\/yks.brb.re\/?page_id=12754"},"modified":"2019-11-04T21:36:25","modified_gmt":"2019-11-04T20:36:25","slug":"amai-choubatsu-watashi-wa-kanshu-senyou-pet","status":"publish","type":"page","link":"https:\/\/yamayurikai-subs.eu\/?page_id=12754","title":{"rendered":"Amai Choubatsu: Watashi wa Kanshu Sen&#8217;you Pet"},"content":{"rendered":"<span class=\"su-frame su-frame-align-left su-frame-style-default\"><span class=\"su-frame-inner\"><img decoding=\"async\" src=\"https:\/\/yks.brb.re\/wp-content\/uploads\/2019\/11\/amai.jpg\" width=\"250\"><\/span><\/span>\n<span class=\"su-label su-label-type-warning\">Drama<\/span><span class=\"su-label su-label-type-warning\">Hentai<\/span>\n<p><b>Originaltitel:<\/b> \u7518\u3044\u61f2\u7f70~\u79c1\u306f\u770b\u5b88\u5c02\u7528\u30da\u30c3\u30c8<br \/>\n<b>Episoden:<\/b> 12<br \/>\n<b>Erscheinungsjahr:<\/b> 2018<\/p>\n<h5>Releaseinfos<\/h5>\n<p><strong>Video:<\/strong> mkv<br \/>\n<strong>Container:<\/strong> x264, Hi10P<br \/>\n<strong>Aufl\u00f6sung:<\/strong> 1280&#215;720<br \/>\n<strong>Audio:<\/strong> AAC<\/p>\n<h5>Download<\/h5>\n<a href=\"https:\/\/sukebei.nyaa.si\/?f=0&#038;c=0_0&#038;q=%5BYamayurikai%5D\" class=\"su-button su-button-style-soft\" style=\"color:#FFFFFF;background-color:#59C16E;border-color:#489b58;border-radius:5px\" target=\"_blank\" rel=\"noopener noreferrer\"><span style=\"color:#FFFFFF;padding:6px 16px;font-size:13px;line-height:20px;border-color:#8bd49a;border-radius:5px;text-shadow:none\"><img decoding=\"async\" src=\"https:\/\/yks.brb.re\/wp-content\/uploads\/2015\/06\/download21.png\" alt=\"&lt;b&gt;Torrent&lt;\/b&gt;\" style=\"width:20px;height:20px\" \/> <b>Torrent<\/b><\/span><\/a> <a href=\"https:\/\/yks.brb.re\/ddl\/\" class=\"su-button su-button-style-soft\" style=\"color:#FFFFFF;background-color:#EE484D;border-color:#bf3a3e;border-radius:5px\" target=\"_blank\" rel=\"noopener noreferrer\"><span style=\"color:#FFFFFF;padding:6px 16px;font-size:13px;line-height:20px;border-color:#f47f83;border-radius:5px;text-shadow:none\"><img decoding=\"async\" src=\"https:\/\/yks.brb.re\/wp-content\/uploads\/2015\/06\/download11.png\" alt=\"&lt;b&gt;DDL&lt;\/b&gt;\" style=\"width:20px;height:20px\" \/> <b>DDL<\/b><\/span><\/a>\n<p><br class=\"clear\"><br class=\"clear\"><\/p>\n<h5>Hinweis:<\/h5>\n<p>Im DDL-Center unter &#8222;Hentai Shorts&#8220; zu finden.<\/p>\n<div class=\"su-divider su-divider-style-dashed\" style=\"margin:15px 0;border-width:1px;border-color:#999999\"><\/div>\n<h5>Beschreibung<\/h5>\n<blockquote><p><span id=\"desc-de\" class=\"desc-zz textblock\" lang=\"de\">In naher Zukunft wird die Buchhalterin Saotome Hina der Veruntreuung beschuldigt und unschuldig verurteilt. Ihre Haft soll sie in einem reinen M\u00e4nnergef\u00e4ngnis als erste Frau verb\u00fc\u00dfen. Dort hat der herzlose Myojin das Sagen, der sie zur seiner willenlosen Sexsklavin machen m\u00f6chte.<br \/>\n\n<div class='easySpoilerWrapper' style='border-color:#FFFFFF;'>\n<table class='easySpoilerTable' border='0' style='text-align:center;' align='center' bgcolor='FFFFFF' >\n\n<tr style='white-space:normal;'>\n<th class='easySpoilerTitleA' style='white-space:normal;font-weight:normal;text-align:left;vertical-align:middle;font-size:80%;background-color:#FADCFA;background-image:none;border-color:#FFFFFF;color:#B029A7;'>Ich habe das 18. Lebensjahr vollendet?<\/th>\n<th class='easySpoilerTitleB'style='text-align:right;vertical-align:middle;font-size:100%;background-color:#FADCFA;background-image:none;border-color:#FFFFFF; white-space:nowrap;'><a href='' onclick='wpSpoilerSelect(\"spoilerDiv1ce88001\"); return false;' class='easySpoilerButtonOther' style='font-size:100%;color:#black;background-color:#FFFFFF;background-image:none;border: 1px inset;border-style:solid;border-color:#A6289E; margin: 3px 0px 3px; padding: 4px; ' align='right'>x<\/a><a href='' onclick='wpSpoilerToggle(\"spoilerDiv1ce88001\",true,\"Na klar!\",\"Verstecken\",\"slow\",false); return false;' id='spoilerDiv1ce88001_action' class='easySpoilerButton' value=\"Na klar!\" align='right' style='font-size:100%;color:#black;background-color:#FFFFFF;background-image:none;border: 1px inset;border-style:solid;border-color:#A6289E; margin: 3px 0px 3px 5px; padding: 4px;'>Na klar!<\/><\/th>\n<\/tr>\n<tr><td class='easySpoilerRow' colspan='2' style='border-color:#FFFFFF;'><div id='spoilerDiv1ce88001' class='easySpoilerSpoils'  style='display:none; white-space:wrap; overflow:auto; vertical-align:middle;background-color:#black;background-image:none;color:#000000;border-color:#FFFFFF;'>\nSexpet\n<\/div><\/td><\/tr>\n<\/table>\n<div class='easySpoilerConclude' style='border-color:#FFFFFF;'><table class='easySpoilerTable' border='0' style='text-align:center;' frame='box' align='center' bgcolor='FFFFFF'><tr><th class='easySpoilerEnd' style='width:100%;background-color:#FADCFA;background-image:none;border-color:#FFFFFF;'><\/th><td class='easySpoilerEnd' style='white-space:nowrap;background-color:#FADCFA;background-image:none;border-color:#FFFFFF;' colspan='2'><\/td><\/tr><tr><td class='easySpoilerGroupWrapperLastRow' colspan='2' style='background-color:#FADCFA;background-image:none;border-color:#FFFFFF;'><\/td><\/tr><\/table><\/div>\n<\/div>\n<\/span><\/p>\n<div class=\"su-divider su-divider-style-dashed\" style=\"margin:15px 0;border-width:1px;border-color:#999999\"><\/div>\n<h5>Screenshots<\/h5>\n<div class=\"su-custom-gallery su-custom-gallery-align-left su-custom-gallery-title-never su-lightbox-gallery\"><div class=\"su-custom-gallery-slide\" style=\"width:135px;height:135px\"><a href=\"https:\/\/yamayurikai-subs.eu\/wp-content\/uploads\/2019\/11\/amai01.png\" title=\"amai01\"><img loading=\"lazy\" decoding=\"async\" src=\"https:\/\/yamayurikai-subs.eu\/wp-content\/uploads\/2019\/11\/amai01-135x135.png\" alt=\"amai01\" width=\"135\" height=\"135\" \/><span class=\"su-custom-gallery-title\">amai01<\/span><\/a><\/div><div class=\"su-custom-gallery-slide\" style=\"width:135px;height:135px\"><a href=\"https:\/\/yamayurikai-subs.eu\/wp-content\/uploads\/2019\/11\/amai02.png\" title=\"amai02\"><img loading=\"lazy\" decoding=\"async\" src=\"https:\/\/yamayurikai-subs.eu\/wp-content\/uploads\/2019\/11\/amai02-135x135.png\" alt=\"amai02\" width=\"135\" height=\"135\" \/><span class=\"su-custom-gallery-title\">amai02<\/span><\/a><\/div><div class=\"su-custom-gallery-slide\" style=\"width:135px;height:135px\"><a href=\"https:\/\/yamayurikai-subs.eu\/wp-content\/uploads\/2019\/11\/amai03.png\" title=\"amai03\"><img loading=\"lazy\" decoding=\"async\" src=\"https:\/\/yamayurikai-subs.eu\/wp-content\/uploads\/2019\/11\/amai03-135x135.png\" alt=\"amai03\" width=\"135\" height=\"135\" \/><span class=\"su-custom-gallery-title\">amai03<\/span><\/a><\/div><div class=\"su-custom-gallery-slide\" style=\"width:135px;height:135px\"><a href=\"https:\/\/yamayurikai-subs.eu\/wp-content\/uploads\/2019\/11\/amai04.png\" title=\"amai04\"><img loading=\"lazy\" decoding=\"async\" src=\"https:\/\/yamayurikai-subs.eu\/wp-content\/uploads\/2019\/11\/amai04-135x135.png\" alt=\"amai04\" width=\"135\" height=\"135\" \/><span class=\"su-custom-gallery-title\">amai04<\/span><\/a><\/div><div class=\"su-custom-gallery-slide\" style=\"width:135px;height:135px\"><a href=\"https:\/\/yamayurikai-subs.eu\/wp-content\/uploads\/2019\/11\/amai05.png\" title=\"amai05\"><img loading=\"lazy\" decoding=\"async\" src=\"https:\/\/yamayurikai-subs.eu\/wp-content\/uploads\/2019\/11\/amai05-135x135.png\" alt=\"amai05\" width=\"135\" height=\"135\" \/><span class=\"su-custom-gallery-title\">amai05<\/span><\/a><\/div><div class=\"su-custom-gallery-slide\" style=\"width:135px;height:135px\"><a href=\"https:\/\/yamayurikai-subs.eu\/wp-content\/uploads\/2019\/11\/amai06.png\" title=\"amai06\"><img loading=\"lazy\" decoding=\"async\" src=\"https:\/\/yamayurikai-subs.eu\/wp-content\/uploads\/2019\/11\/amai06-135x135.png\" alt=\"amai06\" width=\"135\" height=\"135\" \/><span class=\"su-custom-gallery-title\">amai06<\/span><\/a><\/div><div class=\"su-custom-gallery-slide\" style=\"width:135px;height:135px\"><a href=\"https:\/\/yamayurikai-subs.eu\/wp-content\/uploads\/2019\/11\/amai08.png\" title=\"amai08\"><img loading=\"lazy\" decoding=\"async\" src=\"https:\/\/yamayurikai-subs.eu\/wp-content\/uploads\/2019\/11\/amai08-135x135.png\" alt=\"amai08\" width=\"135\" height=\"135\" \/><span class=\"su-custom-gallery-title\">amai08<\/span><\/a><\/div><div class=\"su-custom-gallery-slide\" style=\"width:135px;height:135px\"><a href=\"https:\/\/yamayurikai-subs.eu\/wp-content\/uploads\/2019\/11\/amai07.png\" title=\"amai07\"><img loading=\"lazy\" decoding=\"async\" src=\"https:\/\/yamayurikai-subs.eu\/wp-content\/uploads\/2019\/11\/amai07-135x135.png\" alt=\"amai07\" width=\"135\" height=\"135\" \/><span class=\"su-custom-gallery-title\">amai07<\/span><\/a><\/div><div class=\"su-clear\"><\/div><\/div><\/blockquote>\n","protected":false},"excerpt":{"rendered":"<p>Originaltitel: \u7518\u3044\u61f2\u7f70~\u79c1\u306f\u770b\u5b88\u5c02\u7528\u30da\u30c3\u30c8 Episoden: 12 Erscheinungsjahr: 2018 Releaseinfos Video: mkv Container: x264, Hi10P Aufl\u00f6sung: 1280&#215;720 Audio: AAC Download Hinweis: Im DDL-Center<\/p>\n","protected":false},"author":4,"featured_media":0,"parent":0,"menu_order":0,"comment_status":"closed","ping_status":"closed","template":"","meta":{"colormag_page_container_layout":"default_layout","colormag_page_sidebar_layout":"default_layout","ngg_post_thumbnail":0,"footnotes":""},"class_list":["post-12754","page","type-page","status-publish","hentry"],"_links":{"self":[{"href":"https:\/\/yamayurikai-subs.eu\/index.php?rest_route=\/wp\/v2\/pages\/12754","targetHints":{"allow":["GET"]}}],"collection":[{"href":"https:\/\/yamayurikai-subs.eu\/index.php?rest_route=\/wp\/v2\/pages"}],"about":[{"href":"https:\/\/yamayurikai-subs.eu\/index.php?rest_route=\/wp\/v2\/types\/page"}],"author":[{"embeddable":true,"href":"https:\/\/yamayurikai-subs.eu\/index.php?rest_route=\/wp\/v2\/users\/4"}],"replies":[{"embeddable":true,"href":"https:\/\/yamayurikai-subs.eu\/index.php?rest_route=%2Fwp%2Fv2%2Fcomments&post=12754"}],"version-history":[{"count":3,"href":"https:\/\/yamayurikai-subs.eu\/index.php?rest_route=\/wp\/v2\/pages\/12754\/revisions"}],"predecessor-version":[{"id":12770,"href":"https:\/\/yamayurikai-subs.eu\/index.php?rest_route=\/wp\/v2\/pages\/12754\/revisions\/12770"}],"wp:attachment":[{"href":"https:\/\/yamayurikai-subs.eu\/index.php?rest_route=%2Fwp%2Fv2%2Fmedia&parent=12754"}],"curies":[{"name":"wp","href":"https:\/\/api.w.org\/{rel}","templated":true}]}}