{"id":12411,"date":"2018-12-23T16:46:11","date_gmt":"2018-12-23T15:46:11","guid":{"rendered":"https:\/\/yks.brb.re\/?page_id=12411"},"modified":"2018-12-23T21:32:51","modified_gmt":"2018-12-23T20:32:51","slug":"souryo-to-majiwaru-shikiyoku-no-yoru-ni","status":"publish","type":"page","link":"https:\/\/yamayurikai-subs.eu\/?page_id=12411","title":{"rendered":"Souryo to Majiwaru Shikiyoku no Yoru ni&#8230;"},"content":{"rendered":"<span class=\"su-frame su-frame-align-left su-frame-style-default\"><span class=\"su-frame-inner\"><img decoding=\"async\" src=\"https:\/\/yks.brb.re\/wp-content\/uploads\/2018\/12\/Sexmoench.png\"><\/span><\/span>\n<h4>Souryo to Majiwaru Shikiyoku no Yoru ni&#8230;<\/h4>\n<span class=\"su-label su-label-type-warning\">Kom\u00f6die<\/span><span class=\"su-label su-label-type-warning\">Drama<\/span><span class=\"su-label su-label-type-warning\">Hentai<\/span>\n<p><b>Originaltitel:<\/b> \u50e7\u4fb6\u3068\u4ea4\u308f\u308b\u8272\u6b32\u306e\u591c\u306b&#8230;<br \/>\n<b>Episoden:<\/b> 12<br \/>\n<b>Erscheinungsjahr:<\/b> 2017<\/p>\n<h5>Releaseinfos<\/h5>\n<p><strong>Video:<\/strong> mkv<br \/>\n<strong>Container:<\/strong> x264, Hi10P<br \/>\n<strong>Aufl\u00f6sung:<\/strong> 1280&#215;720<br \/>\n<strong>Audio:<\/strong> AAC<\/p>\n<h5>Download<\/h5>\n<a href=\"https:\/\/sukebei.nyaa.si\/?f=0&#038;c=0_0&#038;q=%5BYamayurikai%5D\" class=\"su-button su-button-style-soft\" style=\"color:#FFFFFF;background-color:#59C16E;border-color:#489b58;border-radius:5px\" target=\"_blank\" rel=\"noopener noreferrer\"><span style=\"color:#FFFFFF;padding:6px 16px;font-size:13px;line-height:20px;border-color:#8bd49a;border-radius:5px;text-shadow:none\"><img decoding=\"async\" src=\"https:\/\/yks.brb.re\/wp-content\/uploads\/2015\/06\/download21.png\" alt=\"&lt;b&gt;Torrent&lt;\/b&gt;\" style=\"width:20px;height:20px\" \/> <b>Torrent<\/b><\/span><\/a> <a href=\"https:\/\/yks.brb.re\/ddl\/\" class=\"su-button su-button-style-soft\" style=\"color:#FFFFFF;background-color:#EE484D;border-color:#bf3a3e;border-radius:5px\" target=\"_blank\" rel=\"noopener noreferrer\"><span style=\"color:#FFFFFF;padding:6px 16px;font-size:13px;line-height:20px;border-color:#f47f83;border-radius:5px;text-shadow:none\"><img decoding=\"async\" src=\"https:\/\/yks.brb.re\/wp-content\/uploads\/2015\/06\/download11.png\" alt=\"&lt;b&gt;DDL&lt;\/b&gt;\" style=\"width:20px;height:20px\" \/> <b>DDL<\/b><\/span><\/a> <a href=\"https:\/\/yks.brb.re\/xdcc\/\" class=\"su-button su-button-style-soft\" style=\"color:#FFFFFF;background-color:#5B79C1;border-color:#49619b;border-radius:5px\" target=\"_blank\" rel=\"noopener noreferrer\"><span style=\"color:#FFFFFF;padding:6px 16px;font-size:13px;line-height:20px;border-color:#8da2d4;border-radius:5px;text-shadow:none\"><img decoding=\"async\" src=\"https:\/\/yks.brb.re\/wp-content\/uploads\/2018\/12\/Sexmoench.png\" alt=\"&lt;b&gt;XDCC&lt;\/b&gt;\" style=\"width:20px;height:20px\" \/> <b>XDCC<\/b><\/span><\/a>\n<br class=\"clear\"><br class=\"clear\"><\/p>\n<h5>Hinweis:<\/h5>\n<p>Im DDL-Center unter &#8222;Hentai Shorts zu finden<\/p>\n<div class=\"su-divider su-divider-style-dashed\" style=\"margin:15px 0;border-width:1px;border-color:#999999\"><\/div>\n<h5>Beschreibung<\/h5>\n<blockquote><p><span id=\"desc-de\" class=\"desc-zz textblock\" lang=\"de\">Mio begegnet bei einem Klassentreffen ihrer Jugendliebe Takahide wieder, der sich dazu entschlossen hat, den Beruf des Priesters zu ergreifen, um den Tempel der Eltern weiterzuf\u00fchren. In Mio wallen nichtsdestotrotz die alten Gef\u00fchle wieder auf und diese beruhen zu ihrer \u00dcberraschung auf Gegenseitigkeit. So sehr sie sich eine leidenschaftliche Beziehung mit ihm w\u00fcnscht, nagt doch immer die Frage in ihrem Hinterkopf, ob sie etwas Verbotenes tun.&lt; <\/span><\/p><\/blockquote>\n<p>Quelle: anisearch<\/p>\n<p><b>Dieser Hentai ist f\u00fcr Kinder und Jugendliche unter 18 Jahren nicht geeignet. Wenn ihr euch das Passwort anzeigen lasst, best\u00e4tigt ihr, dass ihr das 18. Lebensjahr erreicht habt.<\/b><br \/>\n\n<div class='easySpoilerWrapper' style='border-color:#FFFFFF;'>\n<table class='easySpoilerTable' border='0' style='text-align:center;' align='center' bgcolor='FFFFFF' >\n\n<tr style='white-space:normal;'>\n<th class='easySpoilerTitleA' style='white-space:normal;font-weight:normal;text-align:left;vertical-align:middle;font-size:80%;background-color:#FADCFA;background-image:none;border-color:#FFFFFF;color:#B029A7;'>Ich habe das 18. Lebensjahr vollendet?<\/th>\n<th class='easySpoilerTitleB'style='text-align:right;vertical-align:middle;font-size:100%;background-color:#FADCFA;background-image:none;border-color:#FFFFFF; white-space:nowrap;'><a href='' onclick='wpSpoilerSelect(\"spoilerDiv71dc8001\"); return false;' class='easySpoilerButtonOther' style='font-size:100%;color:#black;background-color:#FFFFFF;background-image:none;border: 1px inset;border-style:solid;border-color:#A6289E; margin: 3px 0px 3px; padding: 4px; ' align='right'>x<\/a><a href='' onclick='wpSpoilerToggle(\"spoilerDiv71dc8001\",true,\"Na klar!\",\"Verstecken\",\"slow\",false); return false;' id='spoilerDiv71dc8001_action' class='easySpoilerButton' value=\"Na klar!\" align='right' style='font-size:100%;color:#black;background-color:#FFFFFF;background-image:none;border: 1px inset;border-style:solid;border-color:#A6289E; margin: 3px 0px 3px 5px; padding: 4px;'>Na klar!<\/><\/th>\n<\/tr>\n<tr><td class='easySpoilerRow' colspan='2' style='border-color:#FFFFFF;'><div id='spoilerDiv71dc8001' class='easySpoilerSpoils'  style='display:none; white-space:wrap; overflow:auto; vertical-align:middle;background-color:#black;background-image:none;color:#000000;border-color:#FFFFFF;'>\nSexmoench\n<\/div><\/td><\/tr>\n<\/table>\n<div class='easySpoilerConclude' style='border-color:#FFFFFF;'><table class='easySpoilerTable' border='0' style='text-align:center;' frame='box' align='center' bgcolor='FFFFFF'><tr><th class='easySpoilerEnd' style='width:100%;background-color:#FADCFA;background-image:none;border-color:#FFFFFF;'><\/th><td class='easySpoilerEnd' style='white-space:nowrap;background-color:#FADCFA;background-image:none;border-color:#FFFFFF;' colspan='2'><\/td><\/tr><tr><td class='easySpoilerGroupWrapperLastRow' colspan='2' style='background-color:#FADCFA;background-image:none;border-color:#FFFFFF;'><\/td><\/tr><\/table><\/div>\n<\/div>\n\n<div class=\"su-divider su-divider-style-dashed\" style=\"margin:15px 0;border-width:1px;border-color:#999999\"><\/div>\n<h5>Screenshots<\/h5>\n<div class=\"su-custom-gallery su-custom-gallery-align-left su-custom-gallery-title-never su-lightbox-gallery\"><div class=\"su-custom-gallery-slide\" style=\"width:135px;height:135px\"><a href=\"https:\/\/yamayurikai-subs.eu\/wp-content\/uploads\/2018\/12\/YKSSouryo-to-Majiwaru-Shikiyoku-no-Yoru-ni..._-_01Hi10P5EB2EF1B.mkv_snapshot_00.18_2018.12.16_08.25.45.png\" title=\"[YKS]Souryo to Majiwaru Shikiyoku no Yoru ni&#8230;_-_01[Hi10P][5EB2EF1B].mkv_snapshot_00.18_[2018.12.16_08.25.45]\"><img loading=\"lazy\" decoding=\"async\" src=\"https:\/\/yamayurikai-subs.eu\/wp-content\/uploads\/2018\/12\/YKSSouryo-to-Majiwaru-Shikiyoku-no-Yoru-ni..._-_01Hi10P5EB2EF1B.mkv_snapshot_00.18_2018.12.16_08.25.45-135x135.png\" alt=\"[YKS]Souryo to Majiwaru Shikiyoku no Yoru ni&#8230;_-_01[Hi10P][5EB2EF1B].mkv_snapshot_00.18_[2018.12.16_08.25.45]\" width=\"135\" height=\"135\" \/><span class=\"su-custom-gallery-title\">[YKS]Souryo to Majiwaru Shikiyoku no Yoru ni&#8230;_-_01[Hi10P][5EB2EF1B].mkv_snapshot_00.18_[2018.12.16_08.25.45]<\/span><\/a><\/div><div class=\"su-custom-gallery-slide\" style=\"width:135px;height:135px\"><a href=\"https:\/\/yamayurikai-subs.eu\/wp-content\/uploads\/2018\/12\/YKSSouryo-to-Majiwaru-Shikiyoku-no-Yoru-ni..._-_01Hi10P5EB2EF1B.mkv_snapshot_00.14_2018.12.16_08.25.56.png\" title=\"[YKS]Souryo to Majiwaru Shikiyoku no Yoru ni&#8230;_-_01[Hi10P][5EB2EF1B].mkv_snapshot_00.14_[2018.12.16_08.25.56]\"><img loading=\"lazy\" decoding=\"async\" src=\"https:\/\/yamayurikai-subs.eu\/wp-content\/uploads\/2018\/12\/YKSSouryo-to-Majiwaru-Shikiyoku-no-Yoru-ni..._-_01Hi10P5EB2EF1B.mkv_snapshot_00.14_2018.12.16_08.25.56-135x135.png\" alt=\"[YKS]Souryo to Majiwaru Shikiyoku no Yoru ni&#8230;_-_01[Hi10P][5EB2EF1B].mkv_snapshot_00.14_[2018.12.16_08.25.56]\" width=\"135\" height=\"135\" \/><span class=\"su-custom-gallery-title\">[YKS]Souryo to Majiwaru Shikiyoku no Yoru ni&#8230;_-_01[Hi10P][5EB2EF1B].mkv_snapshot_00.14_[2018.12.16_08.25.56]<\/span><\/a><\/div><div class=\"su-custom-gallery-slide\" style=\"width:135px;height:135px\"><a href=\"https:\/\/yamayurikai-subs.eu\/wp-content\/uploads\/2018\/12\/YKSSouryo-to-Majiwaru-Shikiyoku-no-Yoru-ni..._-_01Hi10P5EB2EF1B.mkv_snapshot_01.15_2018.12.16_08.26.09.png\" title=\"[YKS]Souryo to Majiwaru Shikiyoku no Yoru ni&#8230;_-_01[Hi10P][5EB2EF1B].mkv_snapshot_01.15_[2018.12.16_08.26.09]\"><img loading=\"lazy\" decoding=\"async\" src=\"https:\/\/yamayurikai-subs.eu\/wp-content\/uploads\/2018\/12\/YKSSouryo-to-Majiwaru-Shikiyoku-no-Yoru-ni..._-_01Hi10P5EB2EF1B.mkv_snapshot_01.15_2018.12.16_08.26.09-135x135.png\" alt=\"[YKS]Souryo to Majiwaru Shikiyoku no Yoru ni&#8230;_-_01[Hi10P][5EB2EF1B].mkv_snapshot_01.15_[2018.12.16_08.26.09]\" width=\"135\" height=\"135\" \/><span class=\"su-custom-gallery-title\">[YKS]Souryo to Majiwaru Shikiyoku no Yoru ni&#8230;_-_01[Hi10P][5EB2EF1B].mkv_snapshot_01.15_[2018.12.16_08.26.09]<\/span><\/a><\/div><div class=\"su-custom-gallery-slide\" style=\"width:135px;height:135px\"><a href=\"https:\/\/yamayurikai-subs.eu\/wp-content\/uploads\/2018\/12\/YKSSouryo-to-Majiwaru-Shikiyoku-no-Yoru-ni..._-_01Hi10P5EB2EF1B.mkv_snapshot_02.13_2018.12.16_08.26.16.png\" title=\"[YKS]Souryo to Majiwaru Shikiyoku no Yoru ni&#8230;_-_01[Hi10P][5EB2EF1B].mkv_snapshot_02.13_[2018.12.16_08.26.16]\"><img loading=\"lazy\" decoding=\"async\" src=\"https:\/\/yamayurikai-subs.eu\/wp-content\/uploads\/2018\/12\/YKSSouryo-to-Majiwaru-Shikiyoku-no-Yoru-ni..._-_01Hi10P5EB2EF1B.mkv_snapshot_02.13_2018.12.16_08.26.16-135x135.png\" alt=\"[YKS]Souryo to Majiwaru Shikiyoku no Yoru ni&#8230;_-_01[Hi10P][5EB2EF1B].mkv_snapshot_02.13_[2018.12.16_08.26.16]\" width=\"135\" height=\"135\" \/><span class=\"su-custom-gallery-title\">[YKS]Souryo to Majiwaru Shikiyoku no Yoru ni&#8230;_-_01[Hi10P][5EB2EF1B].mkv_snapshot_02.13_[2018.12.16_08.26.16]<\/span><\/a><\/div><div class=\"su-custom-gallery-slide\" style=\"width:135px;height:135px\"><a href=\"https:\/\/yamayurikai-subs.eu\/wp-content\/uploads\/2018\/12\/YKSSouryo-to-Majiwaru-Shikiyoku-no-Yoru-ni..._-_01Hi10P5EB2EF1B.mkv_snapshot_04.04_2018.12.16_08.26.47.png\" title=\"[YKS]Souryo to Majiwaru Shikiyoku no Yoru ni&#8230;_-_01[Hi10P][5EB2EF1B].mkv_snapshot_04.04_[2018.12.16_08.26.47]\"><img loading=\"lazy\" decoding=\"async\" src=\"https:\/\/yamayurikai-subs.eu\/wp-content\/uploads\/2018\/12\/YKSSouryo-to-Majiwaru-Shikiyoku-no-Yoru-ni..._-_01Hi10P5EB2EF1B.mkv_snapshot_04.04_2018.12.16_08.26.47-135x135.png\" alt=\"[YKS]Souryo to Majiwaru Shikiyoku no Yoru ni&#8230;_-_01[Hi10P][5EB2EF1B].mkv_snapshot_04.04_[2018.12.16_08.26.47]\" width=\"135\" height=\"135\" \/><span class=\"su-custom-gallery-title\">[YKS]Souryo to Majiwaru Shikiyoku no Yoru ni&#8230;_-_01[Hi10P][5EB2EF1B].mkv_snapshot_04.04_[2018.12.16_08.26.47]<\/span><\/a><\/div><div class=\"su-custom-gallery-slide\" style=\"width:135px;height:135px\"><a href=\"https:\/\/yamayurikai-subs.eu\/wp-content\/uploads\/2018\/12\/YKSSouryo-to-Majiwaru-Shikiyoku-no-Yoru-ni..._-_01Hi10P5EB2EF1B.mkv_snapshot_03.52_2018.12.16_08.26.33.png\" title=\"[YKS]Souryo to Majiwaru Shikiyoku no Yoru ni&#8230;_-_01[Hi10P][5EB2EF1B].mkv_snapshot_03.52_[2018.12.16_08.26.33]\"><img loading=\"lazy\" decoding=\"async\" src=\"https:\/\/yamayurikai-subs.eu\/wp-content\/uploads\/2018\/12\/YKSSouryo-to-Majiwaru-Shikiyoku-no-Yoru-ni..._-_01Hi10P5EB2EF1B.mkv_snapshot_03.52_2018.12.16_08.26.33-135x135.png\" alt=\"[YKS]Souryo to Majiwaru Shikiyoku no Yoru ni&#8230;_-_01[Hi10P][5EB2EF1B].mkv_snapshot_03.52_[2018.12.16_08.26.33]\" width=\"135\" height=\"135\" \/><span class=\"su-custom-gallery-title\">[YKS]Souryo to Majiwaru Shikiyoku no Yoru ni&#8230;_-_01[Hi10P][5EB2EF1B].mkv_snapshot_03.52_[2018.12.16_08.26.33]<\/span><\/a><\/div><div class=\"su-custom-gallery-slide\" style=\"width:135px;height:135px\"><a href=\"https:\/\/yamayurikai-subs.eu\/wp-content\/uploads\/2018\/12\/YKSSouryo-to-Majiwaru-Shikiyoku-no-Yoru-ni..._-_02Hi10P373E7D82.mkv_snapshot_00.56_2018.12.16_08.27.55.png\" title=\"[YKS]Souryo to Majiwaru Shikiyoku no Yoru ni&#8230;_-_02[Hi10P][373E7D82].mkv_snapshot_00.56_[2018.12.16_08.27.55]\"><img loading=\"lazy\" decoding=\"async\" src=\"https:\/\/yamayurikai-subs.eu\/wp-content\/uploads\/2018\/12\/YKSSouryo-to-Majiwaru-Shikiyoku-no-Yoru-ni..._-_02Hi10P373E7D82.mkv_snapshot_00.56_2018.12.16_08.27.55-135x135.png\" alt=\"[YKS]Souryo to Majiwaru Shikiyoku no Yoru ni&#8230;_-_02[Hi10P][373E7D82].mkv_snapshot_00.56_[2018.12.16_08.27.55]\" width=\"135\" height=\"135\" \/><span class=\"su-custom-gallery-title\">[YKS]Souryo to Majiwaru Shikiyoku no Yoru ni&#8230;_-_02[Hi10P][373E7D82].mkv_snapshot_00.56_[2018.12.16_08.27.55]<\/span><\/a><\/div><div class=\"su-custom-gallery-slide\" style=\"width:135px;height:135px\"><a href=\"https:\/\/yamayurikai-subs.eu\/wp-content\/uploads\/2018\/12\/YKSSouryo-to-Majiwaru-Shikiyoku-no-Yoru-ni..._-_02Hi10P373E7D82.mkv_snapshot_03.23_2018.12.16_08.27.05.png\" title=\"[YKS]Souryo to Majiwaru Shikiyoku no Yoru ni&#8230;_-_02[Hi10P][373E7D82].mkv_snapshot_03.23_[2018.12.16_08.27.05]\"><img loading=\"lazy\" decoding=\"async\" src=\"https:\/\/yamayurikai-subs.eu\/wp-content\/uploads\/2018\/12\/YKSSouryo-to-Majiwaru-Shikiyoku-no-Yoru-ni..._-_02Hi10P373E7D82.mkv_snapshot_03.23_2018.12.16_08.27.05-135x135.png\" alt=\"[YKS]Souryo to Majiwaru Shikiyoku no Yoru ni&#8230;_-_02[Hi10P][373E7D82].mkv_snapshot_03.23_[2018.12.16_08.27.05]\" width=\"135\" height=\"135\" \/><span class=\"su-custom-gallery-title\">[YKS]Souryo to Majiwaru Shikiyoku no Yoru ni&#8230;_-_02[Hi10P][373E7D82].mkv_snapshot_03.23_[2018.12.16_08.27.05]<\/span><\/a><\/div><div class=\"su-clear\"><\/div><\/div>\n","protected":false},"excerpt":{"rendered":"<p>Souryo to Majiwaru Shikiyoku no Yoru ni&#8230; Originaltitel: \u50e7\u4fb6\u3068\u4ea4\u308f\u308b\u8272\u6b32\u306e\u591c\u306b&#8230; Episoden: 12 Erscheinungsjahr: 2017 Releaseinfos Video: mkv Container: x264, Hi10P Aufl\u00f6sung:<\/p>\n","protected":false},"author":11,"featured_media":0,"parent":0,"menu_order":0,"comment_status":"closed","ping_status":"closed","template":"","meta":{"colormag_page_container_layout":"default_layout","colormag_page_sidebar_layout":"default_layout","ngg_post_thumbnail":0,"footnotes":""},"class_list":["post-12411","page","type-page","status-publish","hentry"],"_links":{"self":[{"href":"https:\/\/yamayurikai-subs.eu\/index.php?rest_route=\/wp\/v2\/pages\/12411","targetHints":{"allow":["GET"]}}],"collection":[{"href":"https:\/\/yamayurikai-subs.eu\/index.php?rest_route=\/wp\/v2\/pages"}],"about":[{"href":"https:\/\/yamayurikai-subs.eu\/index.php?rest_route=\/wp\/v2\/types\/page"}],"author":[{"embeddable":true,"href":"https:\/\/yamayurikai-subs.eu\/index.php?rest_route=\/wp\/v2\/users\/11"}],"replies":[{"embeddable":true,"href":"https:\/\/yamayurikai-subs.eu\/index.php?rest_route=%2Fwp%2Fv2%2Fcomments&post=12411"}],"version-history":[{"count":4,"href":"https:\/\/yamayurikai-subs.eu\/index.php?rest_route=\/wp\/v2\/pages\/12411\/revisions"}],"predecessor-version":[{"id":12440,"href":"https:\/\/yamayurikai-subs.eu\/index.php?rest_route=\/wp\/v2\/pages\/12411\/revisions\/12440"}],"wp:attachment":[{"href":"https:\/\/yamayurikai-subs.eu\/index.php?rest_route=%2Fwp%2Fv2%2Fmedia&parent=12411"}],"curies":[{"name":"wp","href":"https:\/\/api.w.org\/{rel}","templated":true}]}}