{"id":1173,"date":"2011-07-17T21:58:17","date_gmt":"2011-07-17T21:58:17","guid":{"rendered":"https:\/\/yks.brb.re\/?page_id=1173"},"modified":"2016-04-02T20:36:35","modified_gmt":"2016-04-02T18:36:35","slug":"dantalian-no-shoka","status":"publish","type":"page","link":"https:\/\/yamayurikai-subs.eu\/?page_id=1173","title":{"rendered":"Dantalian no Shoka"},"content":{"rendered":"<span class=\"su-frame su-frame-align-left su-frame-style-default\"><span class=\"su-frame-inner\"><img loading=\"lazy\" decoding=\"async\" class=\" size-full wp-image-3758 alignleft\" src=\"https:\/\/yks.brb.re\/wp-content\/uploads\/2016\/03\/29730l-211x300.jpg\" alt=\"29730l-211x300\" width=\"252\" height=\"375\" \/><\/span><\/span>\n<h4>Dantalian no Shoka<\/h4>\n<span class=\"su-label su-label-type-warning\">Action<\/span><span class=\"su-label su-label-type-warning\">Mystery<\/span><span class=\"su-label su-label-type-warning\">Demons<\/span>\n<p><b>Originaltitel:<\/b> \u30c0\u30f3\u30bf\u30ea\u30a2\u30f3\u306e\u66f8\u67b6<br \/>\n<b>Episoden:<\/b> 12 + OVA<br \/>\n<b>Erscheinungsjahr:<\/b> 2011<\/p>\n<h5>Releaseinfos<\/h5>\n<p><strong>Video:<\/strong> mkv<br \/>\n<strong>Container:<\/strong> x264<br \/>\n<strong>Aufl\u00f6sung:<\/strong> 1280&#215;720<br \/>\n<strong>Audio:<\/strong> AAC<\/p>\n<p><strong>In Kooperation mit <a href=\"http:\/\/nanaone.net\/\" target=\"_blank\">NanaOne<\/a>!<\/strong><\/p>\n<h5>Download<\/h5>\n<a href=\"http:\/\/ani-tsuzuki.net:6969\/torrents\/425bf73112d86b4cb2e7fb6cac43b898485255b3.torrent\" class=\"su-button su-button-style-soft\" style=\"color:#FFFFFF;background-color:#59C16E;border-color:#489b58;border-radius:5px\" target=\"_blank\" rel=\"noopener noreferrer\"><span style=\"color:#FFFFFF;padding:6px 16px;font-size:13px;line-height:20px;border-color:#8bd49a;border-radius:5px;text-shadow:none\"><img decoding=\"async\" src=\"https:\/\/yks.brb.re\/wp-content\/uploads\/2015\/06\/download21.png\" alt=\"&lt;b&gt;Torrent 480p&lt;\/b&gt;\" style=\"width:20px;height:20px\" \/> <b>Torrent 480p<\/b><\/span><\/a> <a href=\"http:\/\/ani-tsuzuki.net:6969\/torrents\/8d2982828fa6054f5e255586ecbaa7f6dfaf8796.torrent\" class=\"su-button su-button-style-soft\" style=\"color:#FFFFFF;background-color:#59C16E;border-color:#489b58;border-radius:5px\" target=\"_blank\" rel=\"noopener noreferrer\"><span style=\"color:#FFFFFF;padding:6px 16px;font-size:13px;line-height:20px;border-color:#8bd49a;border-radius:5px;text-shadow:none\"><img decoding=\"async\" src=\"https:\/\/yks.brb.re\/wp-content\/uploads\/2015\/06\/download21.png\" alt=\"&lt;b&gt;Torrent 720p&lt;\/b&gt;\" style=\"width:20px;height:20px\" \/> <b>Torrent 720p<\/b><\/span><\/a> <a href=\"http:\/\/ani-tsuzuki.net:6969\/torrents\/e2bd0d2d0e442e61d73c15f10d4f66d1db51479a.torrent\" class=\"su-button su-button-style-soft\" style=\"color:#FFFFFF;background-color:#59C16E;border-color:#489b58;border-radius:5px\" target=\"_blank\" rel=\"noopener noreferrer\"><span style=\"color:#FFFFFF;padding:6px 16px;font-size:13px;line-height:20px;border-color:#8bd49a;border-radius:5px;text-shadow:none\"><img decoding=\"async\" src=\"https:\/\/yks.brb.re\/wp-content\/uploads\/2015\/06\/download21.png\" alt=\"&lt;b&gt;Torrent OVA&lt;\/b&gt;\" style=\"width:20px;height:20px\" \/> <b>Torrent OVA<\/b><\/span><\/a> <a href=\"https:\/\/yks.brb.re\/ddl\/\" class=\"su-button su-button-style-soft\" style=\"color:#FFFFFF;background-color:#EE484D;border-color:#bf3a3e;border-radius:5px\" target=\"_blank\" rel=\"noopener noreferrer\"><span style=\"color:#FFFFFF;padding:6px 16px;font-size:13px;line-height:20px;border-color:#f47f83;border-radius:5px;text-shadow:none\"><img decoding=\"async\" src=\"https:\/\/yks.brb.re\/wp-content\/uploads\/2015\/06\/download11.png\" alt=\"&lt;b&gt;DDL&lt;\/b&gt;\" style=\"width:20px;height:20px\" \/> <b>DDL<\/b><\/span><\/a> <a href=\"https:\/\/yks.brb.re\/xdcc\/\" class=\"su-button su-button-style-soft\" style=\"color:#FFFFFF;background-color:#5B79C1;border-color:#49619b;border-radius:5px\" target=\"_blank\" rel=\"noopener noreferrer\"><span style=\"color:#FFFFFF;padding:6px 16px;font-size:13px;line-height:20px;border-color:#8da2d4;border-radius:5px;text-shadow:none\"><img decoding=\"async\" src=\"https:\/\/yks.brb.re\/wp-content\/uploads\/2015\/06\/download31.png\" alt=\"&lt;b&gt;XDCC&lt;\/b&gt;\" style=\"width:20px;height:20px\" \/> <b>XDCC<\/b><\/span><\/a>\n<div class=\"su-divider su-divider-style-dashed\" style=\"margin:15px 0;border-width:1px;border-color:#999999\"><\/div>\n<h5>Beschreibung<\/h5>\n<blockquote><p>Nach dem Tod seines Gro\u00dfvaters erbt Hugh Anthony Disward dessen altes Anwesen samt seiner Bibliothek. Im Keller des Hauses trifft er auf ein mysteri\u00f6ses M\u00e4dchen mit dem Namen Dalian. Sie ist ein Dantalian und ein Portal zu &#8222;Dantalians Bibliotheca&#8220;, in der verbotene B\u00fccher der D\u00e4monen zu finden sind. Diese verbotenen &#8222;Gensho&#8220; bedrohen das Gleichgewicht der Welt, doch werden die Leute durch dieses Tabu angezogen. Huey und Dalian l\u00f6sen nun gemeinsam die F\u00e4lle, indem sie sich das Wissens und die M\u00f6glichkeiten der Dantalians Bibliotheca aneignen. <\/p><\/blockquote>\n<p>Quelle: aniSearch<\/p>\n<div class=\"su-divider su-divider-style-dashed\" style=\"margin:15px 0;border-width:1px;border-color:#999999\"><\/div>\n<h5>Screenshots<\/h5>\n<div class=\"su-custom-gallery su-custom-gallery-align-left su-custom-gallery-title-never su-lightbox-gallery\"><div class=\"su-custom-gallery-slide\" style=\"width:135px;height:135px\"><a href=\"https:\/\/yamayurikai-subs.eu\/wp-content\/uploads\/2016\/03\/vlcsnap-2011-07-25-18h43m27s229.png\" title=\"vlcsnap-2011-07-25-18h43m27s229\"><img loading=\"lazy\" decoding=\"async\" src=\"https:\/\/yamayurikai-subs.eu\/wp-content\/uploads\/2016\/03\/vlcsnap-2011-07-25-18h43m27s229-135x135.png\" alt=\"vlcsnap-2011-07-25-18h43m27s229\" width=\"135\" height=\"135\" \/><span class=\"su-custom-gallery-title\">vlcsnap-2011-07-25-18h43m27s229<\/span><\/a><\/div><div class=\"su-custom-gallery-slide\" style=\"width:135px;height:135px\"><a href=\"https:\/\/yamayurikai-subs.eu\/wp-content\/uploads\/2016\/03\/vlcsnap-2011-07-25-18h44m38s215.png\" title=\"vlcsnap-2011-07-25-18h44m38s215\"><img loading=\"lazy\" decoding=\"async\" src=\"https:\/\/yamayurikai-subs.eu\/wp-content\/uploads\/2016\/03\/vlcsnap-2011-07-25-18h44m38s215-135x135.png\" alt=\"vlcsnap-2011-07-25-18h44m38s215\" width=\"135\" height=\"135\" \/><span class=\"su-custom-gallery-title\">vlcsnap-2011-07-25-18h44m38s215<\/span><\/a><\/div><div class=\"su-custom-gallery-slide\" style=\"width:135px;height:135px\"><a href=\"https:\/\/yamayurikai-subs.eu\/wp-content\/uploads\/2016\/03\/vlcsnap-2011-07-25-18h45m33s243.png\" title=\"vlcsnap-2011-07-25-18h45m33s243\"><img loading=\"lazy\" decoding=\"async\" src=\"https:\/\/yamayurikai-subs.eu\/wp-content\/uploads\/2016\/03\/vlcsnap-2011-07-25-18h45m33s243-135x135.png\" alt=\"vlcsnap-2011-07-25-18h45m33s243\" width=\"135\" height=\"135\" \/><span class=\"su-custom-gallery-title\">vlcsnap-2011-07-25-18h45m33s243<\/span><\/a><\/div><div class=\"su-custom-gallery-slide\" style=\"width:135px;height:135px\"><a href=\"https:\/\/yamayurikai-subs.eu\/wp-content\/uploads\/2016\/03\/vlcsnap-2011-07-25-18h47m01s88.png\" title=\"vlcsnap-2011-07-25-18h47m01s88\"><img loading=\"lazy\" decoding=\"async\" src=\"https:\/\/yamayurikai-subs.eu\/wp-content\/uploads\/2016\/03\/vlcsnap-2011-07-25-18h47m01s88-135x135.png\" alt=\"vlcsnap-2011-07-25-18h47m01s88\" width=\"135\" height=\"135\" \/><span class=\"su-custom-gallery-title\">vlcsnap-2011-07-25-18h47m01s88<\/span><\/a><\/div><div class=\"su-custom-gallery-slide\" style=\"width:135px;height:135px\"><a href=\"https:\/\/yamayurikai-subs.eu\/wp-content\/uploads\/2016\/03\/vlcsnap-2011-07-25-18h48m20s132.png\" title=\"vlcsnap-2011-07-25-18h48m20s132\"><img loading=\"lazy\" decoding=\"async\" src=\"https:\/\/yamayurikai-subs.eu\/wp-content\/uploads\/2016\/03\/vlcsnap-2011-07-25-18h48m20s132-135x135.png\" alt=\"vlcsnap-2011-07-25-18h48m20s132\" width=\"135\" height=\"135\" \/><span class=\"su-custom-gallery-title\">vlcsnap-2011-07-25-18h48m20s132<\/span><\/a><\/div><div class=\"su-custom-gallery-slide\" style=\"width:135px;height:135px\"><a href=\"https:\/\/yamayurikai-subs.eu\/wp-content\/uploads\/2016\/03\/vlcsnap-2011-07-25-18h54m49s182.png\" title=\"vlcsnap-2011-07-25-18h54m49s182\"><img loading=\"lazy\" decoding=\"async\" src=\"https:\/\/yamayurikai-subs.eu\/wp-content\/uploads\/2016\/03\/vlcsnap-2011-07-25-18h54m49s182-135x135.png\" alt=\"vlcsnap-2011-07-25-18h54m49s182\" width=\"135\" height=\"135\" \/><span class=\"su-custom-gallery-title\">vlcsnap-2011-07-25-18h54m49s182<\/span><\/a><\/div><div class=\"su-custom-gallery-slide\" style=\"width:135px;height:135px\"><a href=\"https:\/\/yamayurikai-subs.eu\/wp-content\/uploads\/2016\/03\/vlcsnap-2011-07-25-18h49m03s88.png\" title=\"vlcsnap-2011-07-25-18h49m03s88\"><img loading=\"lazy\" decoding=\"async\" src=\"https:\/\/yamayurikai-subs.eu\/wp-content\/uploads\/2016\/03\/vlcsnap-2011-07-25-18h49m03s88-135x135.png\" alt=\"vlcsnap-2011-07-25-18h49m03s88\" width=\"135\" height=\"135\" \/><span class=\"su-custom-gallery-title\">vlcsnap-2011-07-25-18h49m03s88<\/span><\/a><\/div><div class=\"su-custom-gallery-slide\" style=\"width:135px;height:135px\"><a href=\"https:\/\/yamayurikai-subs.eu\/wp-content\/uploads\/2016\/03\/vlcsnap-2011-07-25-18h53m51s143.png\" title=\"vlcsnap-2011-07-25-18h53m51s143\"><img loading=\"lazy\" decoding=\"async\" src=\"https:\/\/yamayurikai-subs.eu\/wp-content\/uploads\/2016\/03\/vlcsnap-2011-07-25-18h53m51s143-135x135.png\" alt=\"vlcsnap-2011-07-25-18h53m51s143\" width=\"135\" height=\"135\" \/><span class=\"su-custom-gallery-title\">vlcsnap-2011-07-25-18h53m51s143<\/span><\/a><\/div><div class=\"su-clear\"><\/div><\/div>\n","protected":false},"excerpt":{"rendered":"<p>Dantalian no Shoka Originaltitel: \u30c0\u30f3\u30bf\u30ea\u30a2\u30f3\u306e\u66f8\u67b6 Episoden: 12 + OVA Erscheinungsjahr: 2011 Releaseinfos Video: mkv Container: x264 Aufl\u00f6sung: 1280&#215;720 Audio: AAC<\/p>\n","protected":false},"author":11,"featured_media":0,"parent":0,"menu_order":0,"comment_status":"open","ping_status":"open","template":"","meta":{"colormag_page_container_layout":"default_layout","colormag_page_sidebar_layout":"default_layout","ngg_post_thumbnail":0,"footnotes":""},"class_list":["post-1173","page","type-page","status-publish","hentry"],"_links":{"self":[{"href":"https:\/\/yamayurikai-subs.eu\/index.php?rest_route=\/wp\/v2\/pages\/1173","targetHints":{"allow":["GET"]}}],"collection":[{"href":"https:\/\/yamayurikai-subs.eu\/index.php?rest_route=\/wp\/v2\/pages"}],"about":[{"href":"https:\/\/yamayurikai-subs.eu\/index.php?rest_route=\/wp\/v2\/types\/page"}],"author":[{"embeddable":true,"href":"https:\/\/yamayurikai-subs.eu\/index.php?rest_route=\/wp\/v2\/users\/11"}],"replies":[{"embeddable":true,"href":"https:\/\/yamayurikai-subs.eu\/index.php?rest_route=%2Fwp%2Fv2%2Fcomments&post=1173"}],"version-history":[{"count":5,"href":"https:\/\/yamayurikai-subs.eu\/index.php?rest_route=\/wp\/v2\/pages\/1173\/revisions"}],"predecessor-version":[{"id":5088,"href":"https:\/\/yamayurikai-subs.eu\/index.php?rest_route=\/wp\/v2\/pages\/1173\/revisions\/5088"}],"wp:attachment":[{"href":"https:\/\/yamayurikai-subs.eu\/index.php?rest_route=%2Fwp%2Fv2%2Fmedia&parent=1173"}],"curies":[{"name":"wp","href":"https:\/\/api.w.org\/{rel}","templated":true}]}}