{"id":1055,"date":"2011-04-09T14:46:38","date_gmt":"2011-04-09T14:46:38","guid":{"rendered":"https:\/\/yks.brb.re\/?page_id=1055"},"modified":"2011-04-09T17:30:26","modified_gmt":"2011-04-09T17:30:26","slug":"a-channel","status":"publish","type":"page","link":"https:\/\/yamayurikai-subs.eu\/?page_id=1055","title":{"rendered":"Moyashimon"},"content":{"rendered":"\n<table id=\"wp-table-reloaded-id-104-no-1\" class=\"wp-table-reloaded wp-table-reloaded-id-104\">\n<thead>\n\t<tr class=\"row-1 odd\">\n\t\t<th class=\"column-1\"><center><a href=\"http:\/\/yamayurikai-subs.eu\/wp-content\/uploads\/2011\/04\/moya.png\"><img loading=\"lazy\" decoding=\"async\" src=\"http:\/\/yamayurikai-subs.eu\/wp-content\/uploads\/2011\/04\/moya.png\" alt=\"\" title=\"moya\" width=\"201\" height=\"300\" class=\"aligncenter size-full wp-image-1057\" srcset=\"https:\/\/yamayurikai-subs.eu\/wp-content\/uploads\/2011\/04\/moya.png 252w, https:\/\/yamayurikai-subs.eu\/wp-content\/uploads\/2011\/04\/moya-201x300.png 201w\" sizes=\"auto, (max-width: 201px) 100vw, 201px\" \/><\/a><\/th><th class=\"column-2\"><b>Originaltitel:<\/b> \u3082\u3084\u3057\u3082\u3093<br \/>\r\n<b>Episoden:<\/b> 11<br \/>\r\n<b>Erscheinungsjahr:<\/b> 2007<br \/>\r\n<b>Genre\t:<\/b> \tComedy, Family, Fantasy<br \/><br \/>\r\n<u><b>Team:<\/u><\/b><br \/>\r\n<b>\u00dcbersetzung:<\/b> rakdos<br \/>\r\n<b>Zeitsetzung:<\/b> Akropolis<br \/>\r\n<b>Schriftgestaltung:<\/b> Kasseopaya<br \/>\r\n<b>Fehlerkorrektur:<\/b> mia<br \/>\r\n<b>QC:<\/b> Zwiebelchen, Akropolis, Steve The Tribble<br \/>\r\n<b>Karaoke-FX:<\/b> Loky, Kasseopaya<br \/>\r\n<b>Karaoke-Zeiten:<\/b> mia<br \/>\r\n<b>Medienerstellung:<\/b> hendi <br><br \/>\r\n<u><b>Releaseinfos<\/u><\/b><br \/>\r\nVideo: mkv<br \/>\r\nContainer: x264<br \/>\r\nAufl\u00f6sung: 848x480<br \/>\r\nAudio: AAC<\/th>\n\t<\/tr>\n<\/thead>\n<tbody>\n\t<tr class=\"row-2 even\">\n\t\t<td colspan=\"2\" class=\"column-1 colspan-2\">Moyashimon ist eine Kom\u00f6die, die sich um das Collegeleben eines jungen Agronomie-Studenten namens Tadayasu Sawaki dreht, der eine besondere Begabung hat: Sawaki kann Mikroorganismen wie Mikroben mit blossem Auge sehen. Er sieht diese aber nicht realistisch wie bei Aufnahmen eines Elektronenmikroskops, sondern als kleine knuddelige Kreaturen, die mit ihm kommunizieren k\u00f6nnen. <br \/>\r\nQuelle: aniSearch<\/td>\n\t<\/tr>\n<\/tbody>\n<\/table>\n\n<span style=\"font-size: large;\"><font color=\"purple\">Screenshots:<\/font><\/span><br \/>\nngg_shortcode_0_placeholder\n<span style=\"font-size: large;\"><font color=\"purple\">Releaseinfos:<\/font><\/span><br \/>\n\n<table id=\"wp-table-reloaded-id-105-no-1\" class=\"wp-table-reloaded wp-table-reloaded-id-105\">\n<thead>\n\t<tr class=\"row-1 odd\">\n\t\t<th class=\"column-1\"><font  \tcolor=\"purple\">#<\/font><\/th><th class=\"column-2\"><font  \tcolor=\"purple\">Episodentitel<\/font><\/th><th class=\"column-3\"><font  \tcolor=\"purple\">Release<\/font><\/th><th class=\"column-4\"><font  \tcolor=\"purple\">Torrent<\/font><\/th>\n\t<\/tr>\n<\/thead>\n<tbody>\n\t<tr class=\"row-2 even\">\n\t\t<td class=\"column-1\">01<\/td><td class=\"column-2\">Eine Geschichte \u00fcber Mikroben in der Agrikultur-Universit\u00e4t<\/td><td class=\"column-3\">13.05.2011<\/td><td class=\"column-4\"><\/td>\n\t<\/tr>\n\t<tr class=\"row-3 odd\">\n\t\t<td class=\"column-1\">02<\/td><td class=\"column-2\">Drei Millionen Dollar Student<\/td><td class=\"column-3\">20.05.2011<\/td><td class=\"column-4\"><\/td>\n\t<\/tr>\n\t<tr class=\"row-4 even\">\n\t\t<td class=\"column-1\">03<\/td><td class=\"column-2\">Wir brauen mit Mikroben!<\/td><td class=\"column-3\">27.06.2011<\/td><td class=\"column-4\"><\/td>\n\t<\/tr>\n\t<tr class=\"row-5 odd\">\n\t\t<td class=\"column-1\">04<\/td><td class=\"column-2\">\u00dcberall feiern die Mikroben<\/td><td class=\"column-3\">12.07.2011<\/td><td class=\"column-4\"><\/td>\n\t<\/tr>\n\t<tr class=\"row-6 even\">\n\t\t<td class=\"column-1\">05<\/td><td class=\"column-2\">Bizarr! Mikrobenmonster<\/td><td class=\"column-3\">02.09.2011<\/td><td class=\"column-4\"><\/td>\n\t<\/tr>\n\t<tr class=\"row-7 odd\">\n\t\t<td class=\"column-1\">06<\/td><td class=\"column-2\">Bet\u00f6rend! Miss Agrikultur<\/td><td class=\"column-3\">26.09.2011<\/td><td class=\"column-4\"><\/td>\n\t<\/tr>\n\t<tr class=\"row-8 even\">\n\t\t<td class=\"column-1\">07<\/td><td class=\"column-2\">Vorhang auf! Das Fr\u00fchlingsfest der Universit\u00e4t f\u00fcr Agrikultur<\/td><td class=\"column-3\">11.10.2011<\/td><td class=\"column-4\"><\/td>\n\t<\/tr>\n\t<tr class=\"row-9 odd\">\n\t\t<td class=\"column-1\">08<\/td><td class=\"column-2\">Kampf um die Eroberung des Haupttores der Universit\u00e4t f\u00fcr Agrikultur<\/td><td class=\"column-3\">17.10.2011<\/td><td class=\"column-4\"><\/td>\n\t<\/tr>\n\t<tr class=\"row-10 even\">\n\t\t<td class=\"column-1\">09<\/td><td class=\"column-2\">Springt auf die sensible Haut<\/td><td class=\"column-3\">08.11.2011<\/td><td class=\"column-4\"><\/td>\n\t<\/tr>\n\t<tr class=\"row-11 odd\">\n\t\t<td class=\"column-1\">10<\/td><td class=\"column-2\">Kuss der Gothic Lolita<\/td><td class=\"column-3\">10.12.2011<\/td><td class=\"column-4\"><\/td>\n\t<\/tr>\n\t<tr class=\"row-12 even\">\n\t\t<td class=\"column-1\">11<\/td><td class=\"column-2\">Die schillernde Zukunft der Mikroben<\/td><td class=\"column-3\">18.12.2011<\/td><td class=\"column-4\"><center><a href=\"http:\/\/ani-tsuzuki.net:6969\/torrents\/5e8e28929e39f42f5b0956f281ea9b0649493bfa.torrent\"><img loading=\"lazy\" decoding=\"async\" src=\"http:\/\/yamayurikai-subs.eu\/wp-content\/uploads\/2010\/07\/torrent.png\" alt=\"\" title=\"torrent\" width=\"50\" height=\"15\" class=\"aligncenter size-full wp-image-365\" \/><\/a><\/td>\n\t<\/tr>\n<\/tbody>\n<\/table>\n\n","protected":false},"excerpt":{"rendered":"<p>Screenshots: Releaseinfos:<\/p>\n","protected":false},"author":11,"featured_media":0,"parent":0,"menu_order":0,"comment_status":"open","ping_status":"open","template":"","meta":{"colormag_page_container_layout":"default_layout","colormag_page_sidebar_layout":"default_layout","ngg_post_thumbnail":0,"footnotes":""},"class_list":["post-1055","page","type-page","status-publish","hentry"],"_links":{"self":[{"href":"https:\/\/yamayurikai-subs.eu\/index.php?rest_route=\/wp\/v2\/pages\/1055","targetHints":{"allow":["GET"]}}],"collection":[{"href":"https:\/\/yamayurikai-subs.eu\/index.php?rest_route=\/wp\/v2\/pages"}],"about":[{"href":"https:\/\/yamayurikai-subs.eu\/index.php?rest_route=\/wp\/v2\/types\/page"}],"author":[{"embeddable":true,"href":"https:\/\/yamayurikai-subs.eu\/index.php?rest_route=\/wp\/v2\/users\/11"}],"replies":[{"embeddable":true,"href":"https:\/\/yamayurikai-subs.eu\/index.php?rest_route=%2Fwp%2Fv2%2Fcomments&post=1055"}],"version-history":[{"count":4,"href":"https:\/\/yamayurikai-subs.eu\/index.php?rest_route=\/wp\/v2\/pages\/1055\/revisions"}],"predecessor-version":[{"id":1067,"href":"https:\/\/yamayurikai-subs.eu\/index.php?rest_route=\/wp\/v2\/pages\/1055\/revisions\/1067"}],"wp:attachment":[{"href":"https:\/\/yamayurikai-subs.eu\/index.php?rest_route=%2Fwp%2Fv2%2Fmedia&parent=1055"}],"curies":[{"name":"wp","href":"https:\/\/api.w.org\/{rel}","templated":true}]}}